{"id":831,"date":"2017-11-30T19:04:13","date_gmt":"2017-11-30T19:04:13","guid":{"rendered":"http:\/\/szolnokimuvesztelep.com\/?page_id=831"},"modified":"2020-01-28T10:48:44","modified_gmt":"2020-01-28T10:48:44","slug":"esemenyek-2015","status":"publish","type":"page","link":"http:\/\/szolnokimuvesztelep.com\/en\/esemenyek-2015\/","title":{"rendered":"Esem\u00e9nyek 2015"},"content":{"rendered":"<h3>A K\u00e9pz\u0151m\u0171v\u00e9szet \u00dcnnepe Szolnokon a F\u00e9ny Nemzetk\u00f6zi \u00c9ve kapcs\u00e1n a Magyar Fest\u00e9szet Napja alkalm\u00e1b\u00f3l<\/h3>\n<p><span class=\"embed-youtube\" style=\"text-align:center; display: block;\"><iframe class='youtube-player' width='790' height='445' src='https:\/\/www.youtube.com\/embed\/Uwc4FiB6Lss?version=3&#038;rel=1&#038;fs=1&#038;autohide=2&#038;showsearch=0&#038;showinfo=1&#038;iv_load_policy=1&#038;wmode=transparent' allowfullscreen='true' style='border:0;'><\/iframe><\/span><\/p>\n<h3>REFLEX<span class=\"text-muted\"> &#8211; A Szolnoki K\u00e9pz\u0151m\u0171v\u00e9szeti T\u00e1rsas\u00e1g ki\u00e1ll\u00edt\u00e1sa 2015<br \/>\nSzolnoki Gal\u00e9ria, 2015. okt\u00f3ber 17 &#8211; december 13.<\/span><\/h3>\n<p class=\"blockquote\">Ha a f\u00e9ny r\u00e9szecske: kicsinys\u00e9g\u00e9ben a t\u00e9r \u00f6sszes dimenzi\u00f3j\u00e1t hordozza. Ha a f\u00e9ny hull\u00e1m: mozg\u00e1s\u00e1ban a m\u00e9lys\u00e9g nyugalm\u00e1t rejti. Ha a f\u00e9ny energia: minden cselekv\u00e9s lehet\u0151s\u00e9g\u00e9t birtokolja. Ha a f\u00e9ny id\u0151: benne a j\u00f6v\u0151 m\u00faltt\u00e1, a m\u00falt j\u00f6v\u0151v\u00e9 v\u00e1lik. Ha a f\u00e9ny sz\u00e1m, akkor megsz\u00e1ml\u00e1lhatatlan. Ha a f\u00e9ny t\u00e9r, a t\u00e1vols\u00e1g kaland. Ha a f\u00e9ny dolog, akkor a teremt\u00e9s helye. Ha a f\u00e9ny \u00e9let, akkor sz\u00fclet\u00e9s \u00e9s hal\u00e1l. Ha a f\u00e9ny test, akkor \u00e1tl\u00e1that\u00f3. Ha a f\u00e9ny \u00e9rz\u00e9s, akkor minden testet \u00e1tj\u00e1r. Ha a f\u00e9ny gondolat, akkor a tudat\u00e9. Ha a f\u00e9ny tudat, akkor az eny\u00e9m. Ha van vil\u00e1g, akkor az a f\u00e9ny reflexe.<\/p>\n<p>&nbsp;<\/p>\n<div data-url=\"https:\/\/issuu.com\/szolnokimuvesztelep\/docs\/reflex2015_katalogus_web\/2\" style=\"width: 790px; height: 329px;\" class=\"issuuembed\"><\/div>\n<p><script type=\"text\/javascript\" src=\"\/\/e.issuu.com\/embed.js\" async=\"true\"><\/script><\/p>\n<p><img data-attachment-id=\"880\" data-permalink=\"http:\/\/szolnokimuvesztelep.com\/en\/esemenyek-2015\/cropped-logo_3-png\/\" data-orig-file=\"https:\/\/i2.wp.com\/szolnokimuvesztelep.com\/wp-content\/uploads\/2017\/11\/cropped-logo_3.png?fit=43%2C41\" data-orig-size=\"43,41\" data-comments-opened=\"1\" data-image-meta=\"{&quot;aperture&quot;:&quot;0&quot;,&quot;credit&quot;:&quot;&quot;,&quot;camera&quot;:&quot;&quot;,&quot;caption&quot;:&quot;&quot;,&quot;created_timestamp&quot;:&quot;0&quot;,&quot;copyright&quot;:&quot;&quot;,&quot;focal_length&quot;:&quot;0&quot;,&quot;iso&quot;:&quot;0&quot;,&quot;shutter_speed&quot;:&quot;0&quot;,&quot;title&quot;:&quot;&quot;,&quot;orientation&quot;:&quot;0&quot;}\" data-image-title=\"cropped-logo_3.png\" data-image-description=\"&lt;p&gt;https:\/\/i2.wp.com\/szolnokimuvesztelep.com\/wp-content\/uploads\/2017\/11\/cropped-logo_3.png?resize=43%2C41&lt;\/p&gt;\" data-medium-file=\"https:\/\/i2.wp.com\/szolnokimuvesztelep.com\/wp-content\/uploads\/2017\/11\/cropped-logo_3.png?fit=43%2C41\" data-large-file=\"https:\/\/i2.wp.com\/szolnokimuvesztelep.com\/wp-content\/uploads\/2017\/11\/cropped-logo_3.png?fit=43%2C41\" loading=\"lazy\" class=\"size-full wp-image-880 aligncenter\" src=\"https:\/\/i2.wp.com\/szolnokimuvesztelep.com\/wp-content\/uploads\/2017\/11\/cropped-logo_3.png?resize=43%2C41\" alt=\"\" width=\"43\" height=\"41\" data-recalc-dims=\"1\" \/><\/p>\n<p>&nbsp;<\/p>\n<p>&nbsp;<\/p>","protected":false},"excerpt":{"rendered":"<p>A K\u00e9pz\u0151m\u0171v\u00e9szet \u00dcnnepe Szolnokon a F\u00e9ny Nemzetk\u00f6zi \u00c9ve kapcs\u00e1n a Magyar Fest\u00e9szet Napja alkalm\u00e1b\u00f3l REFLEX &#8211; A Szolnoki K\u00e9pz\u0151m\u0171v\u00e9szeti T\u00e1rsas\u00e1g ki\u00e1ll\u00edt\u00e1sa 2015 Szolnoki Gal\u00e9ria, 2015. okt\u00f3ber 17 &#8211; december 13. Ha a f\u00e9ny r\u00e9szecske: kicsinys\u00e9g\u00e9ben a t\u00e9r \u00f6sszes dimenzi\u00f3j\u00e1t hordozza. Ha a f\u00e9ny hull\u00e1m: mozg\u00e1s\u00e1ban a m\u00e9lys\u00e9g nyugalm\u00e1t rejti. Ha&hellip; <\/p>","protected":false},"author":2,"featured_media":0,"parent":0,"menu_order":0,"comment_status":"closed","ping_status":"closed","template":"","meta":{"spay_email":""},"categories":[],"tags":[],"yst_prominent_words":[],"yoast_head":"<!-- This site is optimized with the Yoast SEO Premium plugin v14.1 - https:\/\/yoast.com\/wordpress\/plugins\/seo\/ -->\n<title>Esem\u00e9nyek 2015 - SZOLNOKI M\u0170V\u00c9SZTELEP<\/title>\n<meta name=\"robots\" content=\"index, follow\" \/>\n<meta name=\"googlebot\" content=\"index, follow, max-snippet:-1, max-image-preview:large, max-video-preview:-1\" \/>\n<meta name=\"bingbot\" content=\"index, follow, max-snippet:-1, max-image-preview:large, max-video-preview:-1\" \/>\n<link rel=\"canonical\" href=\"http:\/\/szolnokimuvesztelep.com\/en\/esemenyek-2015\/\" \/>\n<meta property=\"og:locale\" content=\"en_US\" \/>\n<meta property=\"og:type\" content=\"article\" \/>\n<meta property=\"og:title\" content=\"Esem\u00e9nyek 2015 - SZOLNOKI M\u0170V\u00c9SZTELEP\" \/>\n<meta property=\"og:description\" content=\"A K\u00e9pz\u0151m\u0171v\u00e9szet \u00dcnnepe Szolnokon a F\u00e9ny Nemzetk\u00f6zi \u00c9ve kapcs\u00e1n a Magyar Fest\u00e9szet Napja alkalm\u00e1b\u00f3l REFLEX &#8211; A Szolnoki K\u00e9pz\u0151m\u0171v\u00e9szeti T\u00e1rsas\u00e1g ki\u00e1ll\u00edt\u00e1sa 2015 Szolnoki Gal\u00e9ria, 2015. okt\u00f3ber 17 &#8211; december 13. Ha a f\u00e9ny r\u00e9szecske: kicsinys\u00e9g\u00e9ben a t\u00e9r \u00f6sszes dimenzi\u00f3j\u00e1t hordozza. Ha a f\u00e9ny hull\u00e1m: mozg\u00e1s\u00e1ban a m\u00e9lys\u00e9g nyugalm\u00e1t rejti. Ha&hellip;\" \/>\n<meta property=\"og:url\" content=\"http:\/\/szolnokimuvesztelep.com\/en\/esemenyek-2015\/\" \/>\n<meta property=\"og:site_name\" content=\"SZOLNOKI M\u0170V\u00c9SZTELEP\" \/>\n<meta property=\"article:publisher\" content=\"https:\/\/www.facebook.com\/szolnokimuvesztelepofficial\/\" \/>\n<meta property=\"article:modified_time\" content=\"2020-01-28T10:48:44+00:00\" \/>\n<meta property=\"og:image\" content=\"http:\/\/szolnokimuvesztelep.com\/wp-content\/uploads\/2017\/11\/cropped-logo_3.png\" \/>\n<script type=\"application\/ld+json\" class=\"yoast-schema-graph\">{\"@context\":\"https:\/\/schema.org\",\"@graph\":[{\"@type\":\"Organization\",\"@id\":\"http:\/\/szolnokimuvesztelep.com\/en\/#organization\",\"name\":\"Szolnoki M\\u0171v\\u00e9sztelep\",\"url\":\"http:\/\/szolnokimuvesztelep.com\/en\/\",\"sameAs\":[\"https:\/\/www.facebook.com\/szolnokimuvesztelepofficial\/\",\"https:\/\/www.instagram.com\/szolnoki_muvesztelep\/\",\"https:\/\/www.youtube.com\/channel\/UCAYRF4A8FrslG3J__XEjEoA\",\"https:\/\/hu.wikipedia.org\/wiki\/Szolnoki_m\\u0171v\\u00e9sztelep\"],\"logo\":{\"@type\":\"ImageObject\",\"@id\":\"http:\/\/szolnokimuvesztelep.com\/en\/#logo\",\"inLanguage\":\"en-US\",\"url\":\"https:\/\/i0.wp.com\/szolnokimuvesztelep.com\/wp-content\/uploads\/2020\/05\/szmt_2019_szlogen_psz-01.png?fit=2242%2C863\",\"width\":2242,\"height\":863,\"caption\":\"Szolnoki M\\u0171v\\u00e9sztelep\"},\"image\":{\"@id\":\"http:\/\/szolnokimuvesztelep.com\/en\/#logo\"}},{\"@type\":\"WebSite\",\"@id\":\"http:\/\/szolnokimuvesztelep.com\/en\/#website\",\"url\":\"http:\/\/szolnokimuvesztelep.com\/en\/\",\"name\":\"SZOLNOKI M\\u0170V\\u00c9SZTELEP\",\"description\":\"Meg\\u00fajul\\u00f3 hagyom\\u00e1ny\",\"publisher\":{\"@id\":\"http:\/\/szolnokimuvesztelep.com\/en\/#organization\"},\"potentialAction\":[{\"@type\":\"SearchAction\",\"target\":\"http:\/\/szolnokimuvesztelep.com\/en\/?s={search_term_string}\",\"query-input\":\"required name=search_term_string\"}],\"inLanguage\":\"en-US\"},{\"@type\":\"ImageObject\",\"@id\":\"http:\/\/szolnokimuvesztelep.com\/esemenyek-2015\/#primaryimage\",\"inLanguage\":\"en-US\",\"url\":\"https:\/\/i2.wp.com\/szolnokimuvesztelep.com\/wp-content\/uploads\/2017\/11\/cropped-logo_3.png?fit=43%2C41\",\"width\":43,\"height\":41},{\"@type\":\"WebPage\",\"@id\":\"http:\/\/szolnokimuvesztelep.com\/esemenyek-2015\/#webpage\",\"url\":\"http:\/\/szolnokimuvesztelep.com\/esemenyek-2015\/\",\"name\":\"Esem\\u00e9nyek 2015 - SZOLNOKI M\\u0170V\\u00c9SZTELEP\",\"isPartOf\":{\"@id\":\"http:\/\/szolnokimuvesztelep.com\/en\/#website\"},\"primaryImageOfPage\":{\"@id\":\"http:\/\/szolnokimuvesztelep.com\/esemenyek-2015\/#primaryimage\"},\"datePublished\":\"2017-11-30T19:04:13+00:00\",\"dateModified\":\"2020-01-28T10:48:44+00:00\",\"inLanguage\":\"en-US\",\"potentialAction\":[{\"@type\":\"ReadAction\",\"target\":[\"http:\/\/szolnokimuvesztelep.com\/esemenyek-2015\/\"]}]}]}<\/script>\n<!-- \/ Yoast SEO Premium plugin. -->","jetpack_sharing_enabled":true,"jetpack_shortlink":"https:\/\/wp.me\/P9tpmR-dp","jetpack_likes_enabled":true,"jetpack-related-posts":[],"_links":{"self":[{"href":"http:\/\/szolnokimuvesztelep.com\/en\/wp-json\/wp\/v2\/pages\/831"}],"collection":[{"href":"http:\/\/szolnokimuvesztelep.com\/en\/wp-json\/wp\/v2\/pages"}],"about":[{"href":"http:\/\/szolnokimuvesztelep.com\/en\/wp-json\/wp\/v2\/types\/page"}],"author":[{"embeddable":true,"href":"http:\/\/szolnokimuvesztelep.com\/en\/wp-json\/wp\/v2\/users\/2"}],"replies":[{"embeddable":true,"href":"http:\/\/szolnokimuvesztelep.com\/en\/wp-json\/wp\/v2\/comments?post=831"}],"version-history":[{"count":3,"href":"http:\/\/szolnokimuvesztelep.com\/en\/wp-json\/wp\/v2\/pages\/831\/revisions"}],"predecessor-version":[{"id":5655,"href":"http:\/\/szolnokimuvesztelep.com\/en\/wp-json\/wp\/v2\/pages\/831\/revisions\/5655"}],"wp:attachment":[{"href":"http:\/\/szolnokimuvesztelep.com\/en\/wp-json\/wp\/v2\/media?parent=831"}],"wp:term":[{"taxonomy":"category","embeddable":true,"href":"http:\/\/szolnokimuvesztelep.com\/en\/wp-json\/wp\/v2\/categories?post=831"},{"taxonomy":"post_tag","embeddable":true,"href":"http:\/\/szolnokimuvesztelep.com\/en\/wp-json\/wp\/v2\/tags?post=831"},{"taxonomy":"yst_prominent_words","embeddable":true,"href":"http:\/\/szolnokimuvesztelep.com\/en\/wp-json\/wp\/v2\/yst_prominent_words?post=831"}],"curies":[{"name":"wp","href":"https:\/\/api.w.org\/{rel}","templated":true}]}}