{"id":7081,"date":"2021-11-23T12:11:41","date_gmt":"2021-11-23T12:11:41","guid":{"rendered":"http:\/\/szolnokimuvesztelep.com\/?page_id=7081"},"modified":"2021-12-09T20:24:30","modified_gmt":"2021-12-09T20:24:30","slug":"esemenyek-2021","status":"publish","type":"page","link":"http:\/\/szolnokimuvesztelep.com\/en\/esemenyek-2020-2\/esemenyek-2021\/","title":{"rendered":"Esem\u00e9nyek 2021"},"content":{"rendered":"<p>A ki\u00e1ll\u00edt\u00e1sr\u00f3l k\u00e9sz\u00fclt vide\u00f3<\/p>\n<p><span class=\"embed-youtube\" style=\"text-align:center; display: block;\"><iframe class='youtube-player' width='790' height='445' src='https:\/\/www.youtube.com\/embed\/RRLbaUKArNU?version=3&#038;rel=1&#038;fs=1&#038;autohide=2&#038;showsearch=0&#038;showinfo=1&#038;iv_load_policy=1&#038;start=3&#038;wmode=transparent' allowfullscreen='true' style='border:0;'><\/iframe><\/span><\/p>\n<p><strong>Wehner Tibor: A TRAD\u00cdCI\u00d3 \u00dcNNEPE<br \/>\n<\/strong><strong>A Szolnoki K\u00e9pz\u0151m\u0171v\u00e9szeti T\u00e1rsas\u00e1g ki\u00e1ll\u00edt\u00e1sa<\/strong><\/p>\n<p>A jelenkori m\u0171v\u00e9szet jelens\u00e9geinek megalapozott megk\u00f6zel\u00edt\u00e9se \u00e9s \u00e9rtelmez\u00e9se \u00e9rdek\u00e9ben a szakirodalmat faggatva az egyik m\u0171v\u00e9szeti lapunk friss sz\u00e1m\u00e1ban k\u00f6zreadott, <em>A kort\u00e1rs k\u00e9pz\u0151m\u0171v\u00e9szet spekulat\u00edv tendenci\u00e1ir\u00f3l<\/em> c\u00edm\u0171, \u00e9rtekez\u0151 sz\u00f6veggel szembes\u00fclhet az \u00e9rdekl\u0151d\u0151 olvas\u00f3. A napjaink m\u0171v\u00e9szet\u00e9ben meghat\u00e1roz\u00f3 jelent\u0151s\u00e9g\u0171nek \u00edt\u00e9lt k\u00e9t alkot\u00f3 munk\u00e1ss\u00e1g\u00e1r\u00f3l sz\u00f3lv\u00e1n a cikk szerz\u0151je a k\u00f6vetkez\u0151 meg\u00e1llap\u00edt\u00e1sra ragadtatta mag\u00e1t: \u201eM\u0171v\u00e9szet\u00fck alakul\u00e1st\u00f6rt\u00e9net\u00e9t tekintve felt\u0171nhet, hogy mik\u00e9nt mozdult el p\u00e1ly\u00e1juk a kezdeti t\u00e1rsadalomkritikus kritikai-konceptualista m\u0171v\u00e9szett\u0151l a l\u00edrai-alanyi konceptualizmusig, majd onnan mik\u00e9nt haladtak egyre ink\u00e1bb a pszeudo- \u00e9s\/vagy mag\u00e1nmitol\u00f3giai ihlet\u00e9s\u0171 spekulat\u00edv-po\u00e9tikus konceptualizmusig.\u201d Ilyenkor az ember felemeli a pillant\u00e1s\u00e1t a nyomtatott sz\u00f6vegr\u0151l \u00e9s a t\u00e1volba n\u00e9zve hosszan-hosszan elmereng. A szaklapon, a szerz\u0151 lelkivil\u00e1g\u00e1n, a furfangos sz\u00f6vegen \u00e9s a megid\u00e9zett \u00e9s kimagasl\u00f3nak min\u0151s\u00edtett alkot\u00f3i teljes\u00edtm\u00e9nyen medit\u00e1l, valamint a magyar m\u0171v\u00e9szeti szc\u00e9na \u2013 hogy finoman fogalmazzunk \u2013 k\u00fcl\u00f6n\u00f6s, k\u00fcl\u00f6nleges volt\u00e1n pr\u00f3b\u00e1l fog\u00e1st keresni. Mert nehezen vitathat\u00f3: itt tartunk \u2013 Tandori Dezs\u0151vel sz\u00f3lva itt artunk \u2013 ma, amikor \u00e9s ahol a pszeudo \u00e9s\/vagy mag\u00e1nmitol\u00f3giai ihlet\u00e9s\u0171 spekulat\u00edv-po\u00e9tikus konceptualizmus emeltetik gy\u0151zelmi emelv\u00e9nyre. E megid\u00e9zett textus \u00e9s st\u00edlusfordulata nem p\u00e9ld\u00e1tlan, nem egyedi, hanem egyre ink\u00e1bb \u00e1ltal\u00e1nosnak \u00edt\u00e9lhet\u0151 a nagyk\u00f6z\u00f6ns\u00e9gnek sz\u00f3l\u00f3 ismertet\u00e9sekben, vagyis egyre zavarosabb a m\u0171v\u00e9szeti helyzet, holott a figyelmes szeml\u00e9l\u0151 sz\u00e1m\u00e1ra mind tiszt\u00e1bb a m\u0171v\u00e9szeti \u00f6sszk\u00e9p: a s\u00falyos mondand\u00f3k \u00e9s a semmitmond\u00e1s, az \u00e9rt\u00e9kteremt\u00e9s helyett a j\u00f3l \u00e1lc\u00e1zott talmi \u00e9s a b\u00f3vli, a mesters\u00e9g becs\u00fclete helyett a snassz p\u00f3lusai krist\u00e1lyosodnak ki. Ahogy a Szolnokra mindig el\u0151szeretettel vissza-visszat\u00e9r\u0151, legend\u00e1k \u00f6vezte egykori m\u0171v\u00e9szett\u00f6rt\u00e9n\u00e9sz Supka Manna jellemezte a m\u0171v\u00e9szeti k\u00f6z\u00e1llapotokat: uralkodik a neoblabla. Az \u00e9rt\u00e9kes, a min\u0151s\u00e9gi, a j\u00f3 hely\u00e9be a m\u0171vi direktrossz l\u00e9pett. Ebben a v\u00e1ls\u00e1gosnak \u00edt\u00e9lhet\u0151 helyzetben, valamifajta elsz\u00e1nt, a klasszikus m\u0171v\u00e9szeti hagyom\u00e1nyokat tov\u00e1bb\u00e9ltet\u0151 \u00f6sszk\u00e9p-felmutat\u00e1si sz\u00e1nd\u00e9k jegy\u00e9ben nyitnak meg t\u00e1j\u00e9koz\u00f3d\u00e1si lehet\u0151s\u00e9geket, val\u00f3s \u00e9s pontos l\u00e1tlelet-t\u00fckr\u00f6ztet\u00e9si f\u00f3rumot Szolnok k\u00e9pz\u0151m\u0171v\u00e9szeti \u00fcnnepei: imm\u00e1r t\u00edz \u00e9ve a helyben \u00e9l\u0151 \u00e9s dolgoz\u00f3, \u00e9s az orsz\u00e1g m\u00e1s t\u00e1jair\u00f3l a v\u00e1rosba vonzott m\u0171v\u00e9szek csapat\u00e1nak \u00faj \u00e9s \u00faj, alapjaiban fegyelmezett alkot\u00f3i term\u00e9s\u00e9t a szakma \u00e9s a k\u00f6z\u00f6ns\u00e9g el\u00e9 t\u00e1rva. V\u00e9gs\u0151 soron zseni\u00e1lisnak, m\u00e9lt\u00e1n m\u0171v\u00e9szetpolitikai s\u00faly\u00fa meggondol\u00e1snak min\u0151s\u00edthet\u0151 a szolnoki t\u00e1rlatokat \u00e9ltet\u0151, a Szolnoki K\u00e9pz\u0151m\u0171v\u00e9szeti T\u00e1rsas\u00e1g \u00e1ltal koordin\u00e1lt gyakorlat: a hely \u00e9s az orsz\u00e1g, vagyis innen n\u00e9zve a centrum \u2013 Szolnok \u2013 \u00e9s a perif\u00e9ria \u2013 Budapest \u00e9s orsz\u00e1gos \u00f6vezete \u2013 alkot\u00f3inak teremt fell\u00e9p\u00e9si lehet\u0151s\u00e9get a Tisza-parti v\u00e1ros, sz\u00e9lesre t\u00e1rva a kapukat a m\u0171v\u00e9szeti p\u00e1rbesz\u00e9det v\u00e1llal\u00f3 szerepl\u0151k el\u0151tt.<\/p>\n<p>K\u00f6rbepillantva a Part c\u00edmmel, e sokatmond\u00f3, inspirat\u00edv, szerte\u00e1gaz\u00f3 szellemi kalandoz\u00e1sokra invit\u00e1l\u00f3 tematika jegy\u00e9ben a k\u00e9t helysz\u00ednen, az Ag\u00f3r\u00e1ban \u00e9s itt, a zsinag\u00f3g\u00e1ban bemutatott m\u0171vek k\u00f6z\u00f6tt \u2013 a kor\u00e1bbi esztend\u0151k m\u0171egy\u00fctteseihez hasonl\u00f3an \u2013 ebben az \u00e9vben is a trad\u00edci\u00f3 \u00fcnnep\u00e9t \u00fclik a szervez\u0151k \u00e9s a bemutatkoz\u00f3 alkot\u00f3k. A hagyom\u00e1nyos m\u0171v\u00e9szeti \u00e1gak hagyom\u00e1nyos m\u0171t\u00edpusaiba \u00e9s m\u0171form\u00e1iba illeszked\u0151, a hagyom\u00e1nyos m\u0171alak\u00edt\u00e1si eszk\u00f6z\u00f6kkel \u00e9s keretek k\u00f6z\u00f6tt megform\u00e1lt alkot\u00e1sok \u00e1llnak el\u0151tt\u00fcnk: festm\u00e9nyek, grafik\u00e1k, plasztik\u00e1k. K\u00fcl\u00f6n\u00f6sen a fest\u00e9szeti \u00e9s a grafikai mez\u0151ny hagyom\u00e1nytisztelete a felt\u0171n\u0151, nincs rendhagy\u00f3, formabont\u00f3 m\u0171: a n\u00e9h\u00e1ny t\u00e1jk\u00e9p \u00e9s csend\u00e9let mellett a f\u0151k\u00e9nt a figurativit\u00e1s eszk\u00f6zeivel \u00e9l\u0151, s azon bel\u00fcl is az emberalakra koncentr\u00e1l\u00f3 kompoz\u00edci\u00f3k, valamint a val\u00f3s\u00e1ghoz, a term\u00e9szethez \u00e1tt\u00e9teles kapcsolatokkal k\u00f6t\u0151d\u0151, elvont m\u0171vek sorakoznak egym\u00e1s mellett. A szobr\u00e1szat innovat\u00edvabb terepnek \u00edt\u00e9lhet\u0151, amelynek egy\u00fcttese a k\u00eds\u00e9rletez\u0151 kedv \u00e9s a formai meg\u00faj\u00edt\u00e1s, a t\u00e9ri kutat\u00e1s, a t\u00e9ri hat\u00e1srendszer \u00e9s az eszk\u00f6zrendszer megannyi lehet\u0151s\u00e9g\u00e9t k\u00f6rvonalazza \u00e9s bontakoztatja ki. Fontos tanuls\u00e1g lehet, hogy a pikt\u00fara kollekci\u00f3j\u00e1t ural\u00f3 emberk\u00f6zpont\u00fa figurat\u00edv m\u0171veket a mozgalmass\u00e1g, az akci\u00f3, a konfliktushelyzet \u00e9lteti: a heroikus id\u0151k terminol\u00f3gi\u00e1j\u00e1val \u00e9lve a k\u00fczdelem, vagy legal\u00e1bbis valamifajta felfokozott meg\u00fctk\u00f6z\u00e9s, a h\u00e1borg\u00e1s. A feloldatlan fesz\u00fclts\u00e9g. De a t\u00e1rlat \u00f6sszess\u00e9g\u00e9ben megvonhat\u00f3 az a tanuls\u00e1g, hogy kiegyens\u00falyozott, egyenletesen magas sz\u00ednvonal\u00fa m\u0171vek k\u00f6r\u00e9ben szeml\u00e9l\u0151dhet\u00fcnk. M\u00edg az Ag\u00f3r\u00e1ban falakra ker\u00fclt m\u0171vek egy\u00fcttese r\u00e9v\u00e9n megsz\u00fcletett a nagy csend, az elm\u00e9ly\u00fclt medit\u00e1ci\u00f3 terme, itt, a zsinag\u00f3ga csarnok\u00e1ban sokkal mozgalmasabb a m\u0171v\u00e9szeti sz\u00ednt\u00e9r, l\u00e1rm\u00e1sabbak a munk\u00e1k, \u00e9l\u00e9nkebb a m\u0171vek \u00e1ltal induk\u00e1lt k\u00f6zeg. Ott a l\u00edrai, a tart\u00f3zkod\u00f3, visszafogott sz\u00f3lamok, itt a j\u00f3 \u00e9rtelemben vett hars\u00e1nyabb, kem\u00e9nyebb hangok sz\u00f3lalnak meg.<\/p>\n<p>Ma m\u00e9g nem tudhat\u00f3, hogy ebb\u0151l a kollekci\u00f3b\u00f3l mely m\u0171veket fogja meg\u0151rizni \u00e9s korjelz\u0151 alkot\u00e1sokk\u00e9nt felmutatni a m\u0171v\u00e9szett\u00f6rt\u00e9net, hogy mondjuk 2121-ben, visszapillantva a aranykornak vagy zavaros peri\u00f3dusnak \u00edt\u00e9lt sz\u00e1z \u00e9vvel kor\u00e1bbi val\u00f3s\u00e1gra \u00e9s m\u0171v\u00e9szetre, napjaink val\u00f3s\u00e1g\u00e1ra \u00e9s m\u0171v\u00e9szet\u00e9re \u2013 mi lesz a hitelesnek \u00e9s pontosnak \u00edt\u00e9lt referencia. Mint amik\u00e9nt ma Szolnok kapcs\u00e1n Medny\u00e1szky L\u00e1szl\u00f3, F\u00e9nyes Adolf \u00e9s Aba-Nov\u00e1k Vilmos fest\u00e9szet\u00e9re \u2013 majd sz\u00e1z \u00e9v m\u00falt\u00e1n tal\u00e1n Ga\u00e1l J\u00f3zsef brut\u00e1lis sz\u00e9ps\u00e9g\u0171 v\u00e1sznaira, G\u00e1lhidy P\u00e9ter gy\u00f6ny\u00f6r\u0171, metaforikus t\u00f6ltet\u0171, k\u00f6lt\u0151i hev\u00fclet\u0171 K\u0151 P\u00e1l-id\u00e9z\u00e9s\u00e9re, vagy Posta M\u00e1t\u00e9 m\u0171v\u00e9szett\u00f6rt\u00e9neti nagys\u00e1gokat id\u00e9z\u0151 szellemes portr\u00e9-sorozat\u00e1ra, Bik\u00e1csi Daniela megrend\u00edt\u0151 fest\u0151i \u00f6sszegz\u00e9s\u00e9re hivatkoznak majd az auktorok \u2013, de abban biztosak lehet\u00fcnk, hogy lesz hivatkoz\u00e1si alap, lesznek l\u00e9nyegi mondand\u00f3kat s\u0171r\u00edt\u0151, p\u00e9ldak\u00e9nt sorolhat\u00f3 korszakjelz\u0151 m\u0171vek.<\/p>\n<p>Visszautalva a bevezet\u0151ben id\u00e9zett elm\u00e9leti interpret\u00e1ci\u00f3s csapd\u00e1ra, pokolba h\u00e1t az elm\u00e9letekkel, s ink\u00e1bb Orosz Istv\u00e1n, jelen korunk kit\u0171n\u0151, univerz\u00e1lis felk\u00e9sz\u00fclts\u00e9g\u0171, zseni\u00e1lis kompoz\u00edci\u00f3kat alkot\u00f3 m\u0171v\u00e9sz\u00e9t, nagyszer\u0171 k\u00f6lt\u0151j\u00e9t id\u00e9zz\u00fck meg, aki egy gy\u00f6ny\u00f6r\u0171 versben eml\u00e9keztetett minket \u2013 elm\u00e9let\u00edr\u00f3kat \u00e9s mezei m\u0171\u00e9lvez\u0151ket \u2013 a minden val\u00f3di m\u0171alkot\u00e1s m\u00e9ly\u00e9n ott rejl\u0151, m\u00e9g napjaink m\u0171v\u00e9szet\u00e9ben sem elvetend\u0151 aranymetsz\u00e9s-jelens\u00e9gre:<\/p>\n<p>Tulajdonk\u00e9ppen aranymetsz\u00e9s,<br \/>\nk\u00f6r\u00fclbel\u00fcl csak, majdnem pontos,<br \/>\nalighanem \u00e1t lett szabva<br \/>\na festm\u00e9ny, mindegy, nem is fontos.<\/p>\n<p>Az egyens\u00falyra figyelj ink\u00e1bb,<br \/>\nahogy megbomlik, n\u00e9zd, a l\u00e9nyeg<br \/>\nvalahonnan bentr\u0151l l\u00fcktet,<br \/>\nbel\u00fclr\u0151l \u00e9lteti a k\u00e9pet.<\/p>\n<p>Ne sz\u00e1molgass most Fibonaccit,<br \/>\nne szerkeszd ki a perspekt\u00edv\u00e1t,<br \/>\nha \u00e9szreveszed, se tedd sz\u00f3v\u00e1<br \/>\naz elt\u00e9r\u00e9st \u2013 majdnem hib\u00e1t.<\/p>\n<p>A l\u00e1t\u00f3sz\u00f6get bent keresd meg,<br \/>\ns a k\u00e9p ter\u00e9t is \u00f6nmagadban<br \/>\nkompon\u00e1lgasd tov\u00e1bb, tov\u00e1bb,<br \/>\n\u00e9s ne felejtsd, mindenhol ott van,<\/p>\n<p>sejtelmesen \u00e9s \u00e9szrev\u00e9tlen,<br \/>\na t\u00e9m\u00e1kt\u00f3l f\u00fcggetlen\u00fcl,<br \/>\nak\u00e1r akarod, ak\u00e1r nem,<br \/>\nott rostokol, v\u00e1r, lesben \u00fcl.<\/p>\n<p><em>(Elhangzott a Szolnoki K\u00e9pz\u0151m\u0171v\u00e9szeti T\u00e1rsas\u00e1g Part c\u00edm\u0171 ki\u00e1ll\u00edt\u00e1s\u00e1nak megnyit\u00f3j\u00e1n, 2021. november 20-\u00e1n a Szolnoki Gal\u00e9ri\u00e1ban.)<\/em><\/p>\n<p>&nbsp;<\/p>\n<p><img data-attachment-id=\"7065\" data-permalink=\"http:\/\/szolnokimuvesztelep.com\/en\/2021\/11\/09\/part-a-szolnoki-kepzomuveszeti-tarsasag-kiallitasa-2021-es-dijatado-unnepsege\/part_meghivo_szkt2021_11_9\/\" data-orig-file=\"https:\/\/i2.wp.com\/szolnokimuvesztelep.com\/wp-content\/uploads\/2021\/11\/Part_Meghivo_szkt2021_11_9.jpg?fit=1240%2C856\" data-orig-size=\"1240,856\" data-comments-opened=\"1\" data-image-meta=\"{&quot;aperture&quot;:&quot;0&quot;,&quot;credit&quot;:&quot;&quot;,&quot;camera&quot;:&quot;&quot;,&quot;caption&quot;:&quot;&quot;,&quot;created_timestamp&quot;:&quot;0&quot;,&quot;copyright&quot;:&quot;&quot;,&quot;focal_length&quot;:&quot;0&quot;,&quot;iso&quot;:&quot;0&quot;,&quot;shutter_speed&quot;:&quot;0&quot;,&quot;title&quot;:&quot;&quot;,&quot;orientation&quot;:&quot;0&quot;}\" data-image-title=\"Part_Meghivo_szkt2021_11_9\" data-image-description=\"\" data-medium-file=\"https:\/\/i2.wp.com\/szolnokimuvesztelep.com\/wp-content\/uploads\/2021\/11\/Part_Meghivo_szkt2021_11_9.jpg?fit=300%2C207\" data-large-file=\"https:\/\/i2.wp.com\/szolnokimuvesztelep.com\/wp-content\/uploads\/2021\/11\/Part_Meghivo_szkt2021_11_9.jpg?fit=790%2C545\" loading=\"lazy\" class=\"wp-image-7065 size-large aligncenter\" src=\"https:\/\/i2.wp.com\/szolnokimuvesztelep.com\/wp-content\/uploads\/2021\/11\/Part_Meghivo_szkt2021_11_9.jpg?resize=860%2C594\" alt=\"\" width=\"860\" height=\"594\" srcset=\"https:\/\/i2.wp.com\/szolnokimuvesztelep.com\/wp-content\/uploads\/2021\/11\/Part_Meghivo_szkt2021_11_9.jpg?resize=1024%2C707 1024w, https:\/\/i2.wp.com\/szolnokimuvesztelep.com\/wp-content\/uploads\/2021\/11\/Part_Meghivo_szkt2021_11_9.jpg?resize=300%2C207 300w, https:\/\/i2.wp.com\/szolnokimuvesztelep.com\/wp-content\/uploads\/2021\/11\/Part_Meghivo_szkt2021_11_9.jpg?resize=768%2C530 768w, https:\/\/i2.wp.com\/szolnokimuvesztelep.com\/wp-content\/uploads\/2021\/11\/Part_Meghivo_szkt2021_11_9.jpg?w=1240 1240w\" sizes=\"(max-width: 860px) 100vw, 860px\" data-recalc-dims=\"1\" \/><\/p>","protected":false},"excerpt":{"rendered":"<p>A ki\u00e1ll\u00edt\u00e1sr\u00f3l k\u00e9sz\u00fclt vide\u00f3 Wehner Tibor: A TRAD\u00cdCI\u00d3 \u00dcNNEPE A Szolnoki K\u00e9pz\u0151m\u0171v\u00e9szeti T\u00e1rsas\u00e1g ki\u00e1ll\u00edt\u00e1sa A jelenkori m\u0171v\u00e9szet jelens\u00e9geinek megalapozott megk\u00f6zel\u00edt\u00e9se \u00e9s \u00e9rtelmez\u00e9se \u00e9rdek\u00e9ben a szakirodalmat faggatva az egyik m\u0171v\u00e9szeti lapunk friss sz\u00e1m\u00e1ban k\u00f6zreadott, A kort\u00e1rs k\u00e9pz\u0151m\u0171v\u00e9szet spekulat\u00edv tendenci\u00e1ir\u00f3l c\u00edm\u0171, \u00e9rtekez\u0151 sz\u00f6veggel szembes\u00fclhet az \u00e9rdekl\u0151d\u0151 olvas\u00f3. A napjaink m\u0171v\u00e9szet\u00e9ben meghat\u00e1roz\u00f3 jelent\u0151s\u00e9g\u0171nek&hellip; <\/p>","protected":false},"author":6,"featured_media":0,"parent":6533,"menu_order":0,"comment_status":"closed","ping_status":"closed","template":"","meta":{"spay_email":""},"categories":[],"tags":[],"yst_prominent_words":[],"yoast_head":"<!-- This site is optimized with the Yoast SEO Premium plugin v14.1 - https:\/\/yoast.com\/wordpress\/plugins\/seo\/ -->\n<title>Esem\u00e9nyek 2021 - SZOLNOKI M\u0170V\u00c9SZTELEP<\/title>\n<meta name=\"robots\" content=\"index, follow\" \/>\n<meta name=\"googlebot\" content=\"index, follow, max-snippet:-1, max-image-preview:large, max-video-preview:-1\" \/>\n<meta name=\"bingbot\" content=\"index, follow, max-snippet:-1, max-image-preview:large, max-video-preview:-1\" \/>\n<link rel=\"canonical\" href=\"http:\/\/szolnokimuvesztelep.com\/en\/esemenyek-2020-2\/esemenyek-2021\/\" \/>\n<meta property=\"og:locale\" content=\"en_US\" \/>\n<meta property=\"og:type\" content=\"article\" \/>\n<meta property=\"og:title\" content=\"Esem\u00e9nyek 2021 - SZOLNOKI M\u0170V\u00c9SZTELEP\" \/>\n<meta property=\"og:description\" content=\"A ki\u00e1ll\u00edt\u00e1sr\u00f3l k\u00e9sz\u00fclt vide\u00f3 Wehner Tibor: A TRAD\u00cdCI\u00d3 \u00dcNNEPE A Szolnoki K\u00e9pz\u0151m\u0171v\u00e9szeti T\u00e1rsas\u00e1g ki\u00e1ll\u00edt\u00e1sa A jelenkori m\u0171v\u00e9szet jelens\u00e9geinek megalapozott megk\u00f6zel\u00edt\u00e9se \u00e9s \u00e9rtelmez\u00e9se \u00e9rdek\u00e9ben a szakirodalmat faggatva az egyik m\u0171v\u00e9szeti lapunk friss sz\u00e1m\u00e1ban k\u00f6zreadott, A kort\u00e1rs k\u00e9pz\u0151m\u0171v\u00e9szet spekulat\u00edv tendenci\u00e1ir\u00f3l c\u00edm\u0171, \u00e9rtekez\u0151 sz\u00f6veggel szembes\u00fclhet az \u00e9rdekl\u0151d\u0151 olvas\u00f3. A napjaink m\u0171v\u00e9szet\u00e9ben meghat\u00e1roz\u00f3 jelent\u0151s\u00e9g\u0171nek&hellip;\" \/>\n<meta property=\"og:url\" content=\"http:\/\/szolnokimuvesztelep.com\/en\/esemenyek-2020-2\/esemenyek-2021\/\" \/>\n<meta property=\"og:site_name\" content=\"SZOLNOKI M\u0170V\u00c9SZTELEP\" \/>\n<meta property=\"article:publisher\" content=\"https:\/\/www.facebook.com\/szolnokimuvesztelepofficial\/\" \/>\n<meta property=\"article:modified_time\" content=\"2021-12-09T20:24:30+00:00\" \/>\n<meta property=\"og:image\" content=\"http:\/\/szolnokimuvesztelep.com\/wp-content\/uploads\/2021\/11\/Part_Meghivo_szkt2021_11_9-1024x707.jpg\" \/>\n<script type=\"application\/ld+json\" class=\"yoast-schema-graph\">{\"@context\":\"https:\/\/schema.org\",\"@graph\":[{\"@type\":\"Organization\",\"@id\":\"http:\/\/szolnokimuvesztelep.com\/en\/#organization\",\"name\":\"Szolnoki M\\u0171v\\u00e9sztelep\",\"url\":\"http:\/\/szolnokimuvesztelep.com\/en\/\",\"sameAs\":[\"https:\/\/www.facebook.com\/szolnokimuvesztelepofficial\/\",\"https:\/\/www.instagram.com\/szolnoki_muvesztelep\/\",\"https:\/\/www.youtube.com\/channel\/UCAYRF4A8FrslG3J__XEjEoA\",\"https:\/\/hu.wikipedia.org\/wiki\/Szolnoki_m\\u0171v\\u00e9sztelep\"],\"logo\":{\"@type\":\"ImageObject\",\"@id\":\"http:\/\/szolnokimuvesztelep.com\/en\/#logo\",\"inLanguage\":\"en-US\",\"url\":\"https:\/\/i0.wp.com\/szolnokimuvesztelep.com\/wp-content\/uploads\/2020\/05\/szmt_2019_szlogen_psz-01.png?fit=2242%2C863\",\"width\":2242,\"height\":863,\"caption\":\"Szolnoki M\\u0171v\\u00e9sztelep\"},\"image\":{\"@id\":\"http:\/\/szolnokimuvesztelep.com\/en\/#logo\"}},{\"@type\":\"WebSite\",\"@id\":\"http:\/\/szolnokimuvesztelep.com\/en\/#website\",\"url\":\"http:\/\/szolnokimuvesztelep.com\/en\/\",\"name\":\"SZOLNOKI M\\u0170V\\u00c9SZTELEP\",\"description\":\"Meg\\u00fajul\\u00f3 hagyom\\u00e1ny\",\"publisher\":{\"@id\":\"http:\/\/szolnokimuvesztelep.com\/en\/#organization\"},\"potentialAction\":[{\"@type\":\"SearchAction\",\"target\":\"http:\/\/szolnokimuvesztelep.com\/en\/?s={search_term_string}\",\"query-input\":\"required name=search_term_string\"}],\"inLanguage\":\"en-US\"},{\"@type\":\"ImageObject\",\"@id\":\"http:\/\/szolnokimuvesztelep.com\/esemenyek-2020-2\/esemenyek-2021\/#primaryimage\",\"inLanguage\":\"en-US\",\"url\":\"https:\/\/i2.wp.com\/szolnokimuvesztelep.com\/wp-content\/uploads\/2021\/11\/Part_Meghivo_szkt2021_11_9.jpg?fit=1240%2C856\",\"width\":1240,\"height\":856},{\"@type\":\"WebPage\",\"@id\":\"http:\/\/szolnokimuvesztelep.com\/esemenyek-2020-2\/esemenyek-2021\/#webpage\",\"url\":\"http:\/\/szolnokimuvesztelep.com\/esemenyek-2020-2\/esemenyek-2021\/\",\"name\":\"Esem\\u00e9nyek 2021 - SZOLNOKI M\\u0170V\\u00c9SZTELEP\",\"isPartOf\":{\"@id\":\"http:\/\/szolnokimuvesztelep.com\/en\/#website\"},\"primaryImageOfPage\":{\"@id\":\"http:\/\/szolnokimuvesztelep.com\/esemenyek-2020-2\/esemenyek-2021\/#primaryimage\"},\"datePublished\":\"2021-11-23T12:11:41+00:00\",\"dateModified\":\"2021-12-09T20:24:30+00:00\",\"inLanguage\":\"en-US\",\"potentialAction\":[{\"@type\":\"ReadAction\",\"target\":[\"http:\/\/szolnokimuvesztelep.com\/esemenyek-2020-2\/esemenyek-2021\/\"]}]}]}<\/script>\n<!-- \/ Yoast SEO Premium plugin. -->","jetpack_sharing_enabled":true,"jetpack_shortlink":"https:\/\/wp.me\/P9tpmR-1Qd","jetpack_likes_enabled":true,"jetpack-related-posts":[],"_links":{"self":[{"href":"http:\/\/szolnokimuvesztelep.com\/en\/wp-json\/wp\/v2\/pages\/7081"}],"collection":[{"href":"http:\/\/szolnokimuvesztelep.com\/en\/wp-json\/wp\/v2\/pages"}],"about":[{"href":"http:\/\/szolnokimuvesztelep.com\/en\/wp-json\/wp\/v2\/types\/page"}],"author":[{"embeddable":true,"href":"http:\/\/szolnokimuvesztelep.com\/en\/wp-json\/wp\/v2\/users\/6"}],"replies":[{"embeddable":true,"href":"http:\/\/szolnokimuvesztelep.com\/en\/wp-json\/wp\/v2\/comments?post=7081"}],"version-history":[{"count":4,"href":"http:\/\/szolnokimuvesztelep.com\/en\/wp-json\/wp\/v2\/pages\/7081\/revisions"}],"predecessor-version":[{"id":7118,"href":"http:\/\/szolnokimuvesztelep.com\/en\/wp-json\/wp\/v2\/pages\/7081\/revisions\/7118"}],"up":[{"embeddable":true,"href":"http:\/\/szolnokimuvesztelep.com\/en\/wp-json\/wp\/v2\/pages\/6533"}],"wp:attachment":[{"href":"http:\/\/szolnokimuvesztelep.com\/en\/wp-json\/wp\/v2\/media?parent=7081"}],"wp:term":[{"taxonomy":"category","embeddable":true,"href":"http:\/\/szolnokimuvesztelep.com\/en\/wp-json\/wp\/v2\/categories?post=7081"},{"taxonomy":"post_tag","embeddable":true,"href":"http:\/\/szolnokimuvesztelep.com\/en\/wp-json\/wp\/v2\/tags?post=7081"},{"taxonomy":"yst_prominent_words","embeddable":true,"href":"http:\/\/szolnokimuvesztelep.com\/en\/wp-json\/wp\/v2\/yst_prominent_words?post=7081"}],"curies":[{"name":"wp","href":"https:\/\/api.w.org\/{rel}","templated":true}]}}