{"id":6841,"date":"2021-06-11T12:36:46","date_gmt":"2021-06-11T12:36:46","guid":{"rendered":"http:\/\/szolnokimuvesztelep.com\/?page_id=6841"},"modified":"2021-06-11T12:37:14","modified_gmt":"2021-06-11T12:37:14","slug":"festeszeti-bemutato-es-muhely-nagy-denes-festomuvesszel-linometszes-a-szolnoki-metszokorrel","status":"publish","type":"page","link":"http:\/\/szolnokimuvesztelep.com\/en\/festeszeti-bemutato-es-muhely-nagy-denes-festomuvesszel-linometszes-a-szolnoki-metszokorrel\/","title":{"rendered":"Fest\u00e9szeti  bemutat\u00f3 \u00e9s m\u0171hely Nagy D\u00e9nes fest\u0151m\u0171v\u00e9sszel, lin\u00f3metsz\u00e9s a Szolnoki Metsz\u0151k\u00f6rrel"},"content":{"rendered":"<div data-elementor-type=\"wp-page\" data-elementor-id=\"6841\" class=\"elementor elementor-6841\" data-elementor-settings=\"[]\">\n\t\t\t<div class=\"elementor-inner\">\n\t\t\t\t<div class=\"elementor-section-wrap\">\n\t\t\t\t\t\t\t<section class=\"elementor-element elementor-element-5928dc8 elementor-section-boxed elementor-section-height-default elementor-section-height-default elementor-section elementor-top-section\" data-id=\"5928dc8\" data-element_type=\"section\">\n\t\t\t\t\t\t<div class=\"elementor-container elementor-column-gap-default\">\n\t\t\t\t<div class=\"elementor-row\">\n\t\t\t\t<div class=\"elementor-element elementor-element-3f87e56 elementor-column elementor-col-100 elementor-top-column\" data-id=\"3f87e56\" data-element_type=\"column\">\n\t\t\t<div class=\"elementor-column-wrap  elementor-element-populated\">\n\t\t\t\t\t<div class=\"elementor-widget-wrap\">\n\t\t\t\t<div class=\"elementor-element elementor-element-c426374 elementor-widget elementor-widget-image\" data-id=\"c426374\" data-element_type=\"widget\" data-widget_type=\"image.default\">\n\t\t\t\t<div class=\"elementor-widget-container\">\n\t\t\t\t\t<div class=\"elementor-image\">\n\t\t\t\t\t\t\t\t\t\t<img width=\"790\" height=\"553\" src=\"https:\/\/i0.wp.com\/szolnokimuvesztelep.com\/wp-content\/uploads\/2021\/06\/Nagy-Ilka-4.-osztalyos-A3-meret-1-scaled.jpg?fit=790%2C553\" class=\"attachment-large size-large\" alt=\"\" loading=\"lazy\" srcset=\"https:\/\/i0.wp.com\/szolnokimuvesztelep.com\/wp-content\/uploads\/2021\/06\/Nagy-Ilka-4.-osztalyos-A3-meret-1-scaled.jpg?w=2560 2560w, https:\/\/i0.wp.com\/szolnokimuvesztelep.com\/wp-content\/uploads\/2021\/06\/Nagy-Ilka-4.-osztalyos-A3-meret-1-scaled.jpg?resize=300%2C210 300w, https:\/\/i0.wp.com\/szolnokimuvesztelep.com\/wp-content\/uploads\/2021\/06\/Nagy-Ilka-4.-osztalyos-A3-meret-1-scaled.jpg?resize=1024%2C717 1024w, https:\/\/i0.wp.com\/szolnokimuvesztelep.com\/wp-content\/uploads\/2021\/06\/Nagy-Ilka-4.-osztalyos-A3-meret-1-scaled.jpg?resize=768%2C537 768w, https:\/\/i0.wp.com\/szolnokimuvesztelep.com\/wp-content\/uploads\/2021\/06\/Nagy-Ilka-4.-osztalyos-A3-meret-1-scaled.jpg?resize=1536%2C1075 1536w, https:\/\/i0.wp.com\/szolnokimuvesztelep.com\/wp-content\/uploads\/2021\/06\/Nagy-Ilka-4.-osztalyos-A3-meret-1-scaled.jpg?resize=2048%2C1433 2048w, https:\/\/i0.wp.com\/szolnokimuvesztelep.com\/wp-content\/uploads\/2021\/06\/Nagy-Ilka-4.-osztalyos-A3-meret-1-scaled.jpg?w=1720 1720w\" sizes=\"(max-width: 790px) 100vw, 790px\" data-attachment-id=\"6842\" data-permalink=\"http:\/\/szolnokimuvesztelep.com\/en\/festeszeti-bemutato-es-muhely-nagy-denes-festomuvesszel-linometszes-a-szolnoki-metszokorrel\/nagy-ilka-4-osztalyos-a3-meret-1\/\" data-orig-file=\"https:\/\/i0.wp.com\/szolnokimuvesztelep.com\/wp-content\/uploads\/2021\/06\/Nagy-Ilka-4.-osztalyos-A3-meret-1-scaled.jpg?fit=2560%2C1791\" data-orig-size=\"2560,1791\" data-comments-opened=\"1\" data-image-meta=\"{&quot;aperture&quot;:&quot;4.5&quot;,&quot;credit&quot;:&quot;&quot;,&quot;camera&quot;:&quot;NIKON D3400&quot;,&quot;caption&quot;:&quot;&quot;,&quot;created_timestamp&quot;:&quot;1621899420&quot;,&quot;copyright&quot;:&quot;&quot;,&quot;focal_length&quot;:&quot;38&quot;,&quot;iso&quot;:&quot;1000&quot;,&quot;shutter_speed&quot;:&quot;0.008&quot;,&quot;title&quot;:&quot;&quot;,&quot;orientation&quot;:&quot;1&quot;}\" data-image-title=\"Nagy Ilka, 4. oszt\u00e1lyos, A3 m\u00e9ret (1)\" data-image-description=\"\" data-medium-file=\"https:\/\/i0.wp.com\/szolnokimuvesztelep.com\/wp-content\/uploads\/2021\/06\/Nagy-Ilka-4.-osztalyos-A3-meret-1-scaled.jpg?fit=300%2C210\" data-large-file=\"https:\/\/i0.wp.com\/szolnokimuvesztelep.com\/wp-content\/uploads\/2021\/06\/Nagy-Ilka-4.-osztalyos-A3-meret-1-scaled.jpg?fit=790%2C553\" \/>\t\t\t\t\t\t\t\t\t\t\t<\/div>\n\t\t\t\t<\/div>\n\t\t\t\t<\/div>\n\t\t\t\t\t\t<\/div>\n\t\t\t<\/div>\n\t\t<\/div>\n\t\t\t\t\t\t<\/div>\n\t\t\t<\/div>\n\t\t<\/section>\n\t\t\t\t<section class=\"elementor-element elementor-element-11663f0 elementor-section-boxed elementor-section-height-default elementor-section-height-default elementor-section elementor-top-section\" data-id=\"11663f0\" data-element_type=\"section\">\n\t\t\t\t\t\t<div class=\"elementor-container elementor-column-gap-default\">\n\t\t\t\t<div class=\"elementor-row\">\n\t\t\t\t<div class=\"elementor-element elementor-element-145e3bd elementor-column elementor-col-100 elementor-top-column\" data-id=\"145e3bd\" data-element_type=\"column\">\n\t\t\t<div class=\"elementor-column-wrap  elementor-element-populated\">\n\t\t\t\t\t<div class=\"elementor-widget-wrap\">\n\t\t\t\t<div class=\"elementor-element elementor-element-0d3e2ea elementor-widget elementor-widget-heading\" data-id=\"0d3e2ea\" data-element_type=\"widget\" data-widget_type=\"heading.default\">\n\t\t\t\t<div class=\"elementor-widget-container\">\n\t\t\t<h2 class=\"elementor-heading-title elementor-size-default\">Lin\u00f3metsz\u00e9s a Szolnoki Metsz\u0151k\u00f6rrel<\/h2>\t\t<\/div>\n\t\t\t\t<\/div>\n\t\t\t\t\t\t<\/div>\n\t\t\t<\/div>\n\t\t<\/div>\n\t\t\t\t\t\t<\/div>\n\t\t\t<\/div>\n\t\t<\/section>\n\t\t\t\t<section class=\"elementor-element elementor-element-a7e3c5d elementor-section-boxed elementor-section-height-default elementor-section-height-default elementor-section elementor-top-section\" data-id=\"a7e3c5d\" data-element_type=\"section\">\n\t\t\t\t\t\t<div class=\"elementor-container elementor-column-gap-default\">\n\t\t\t\t<div class=\"elementor-row\">\n\t\t\t\t<div class=\"elementor-element elementor-element-42a149d elementor-column elementor-col-100 elementor-top-column\" data-id=\"42a149d\" data-element_type=\"column\">\n\t\t\t<div class=\"elementor-column-wrap  elementor-element-populated\">\n\t\t\t\t\t<div class=\"elementor-widget-wrap\">\n\t\t\t\t<div class=\"elementor-element elementor-element-f97e8e3 elementor-widget elementor-widget-text-editor\" data-id=\"f97e8e3\" data-element_type=\"widget\" data-widget_type=\"text-editor.default\">\n\t\t\t\t<div class=\"elementor-widget-container\">\n\t\t\t\t\t<div class=\"elementor-text-editor elementor-clearfix\"><p>A Szolnoki Metsz\u0151k\u00f6r Nagy Katalin Matild grafikusm\u0171v\u00e9sz \u00e9s Nagy D\u00e9nes fest\u0151m\u0171v\u00e9sz \u00e1ltal vezetett k\u00e9pz\u0151m\u0171v\u00e9szeti m\u0171hely. A szombati nap folyam\u00e1n az alkotni v\u00e1gy\u00f3knak lehet\u0151s\u00e9g\u00fck lesz kipr\u00f3b\u00e1lni a sokszoros\u00edt\u00f3 grafika egyik legizgalmasabb m\u00f3dszer\u00e9t, a lin\u00f3metsz\u00e9st, valamint a szabadban fest\u00e9s \u00f6r\u00f6meit!<\/p><\/div>\n\t\t\t\t<\/div>\n\t\t\t\t<\/div>\n\t\t\t\t\t\t<\/div>\n\t\t\t<\/div>\n\t\t<\/div>\n\t\t\t\t\t\t<\/div>\n\t\t\t<\/div>\n\t\t<\/section>\n\t\t\t\t\t\t<\/div>\n\t\t\t<\/div>\n\t\t<\/div>","protected":false},"excerpt":{"rendered":"<p>Lin\u00f3metsz\u00e9s a Szolnoki Metsz\u0151k\u00f6rrel A Szolnoki Metsz\u0151k\u00f6r Nagy Katalin Matild grafikusm\u0171v\u00e9sz \u00e9s Nagy D\u00e9nes fest\u0151m\u0171v\u00e9sz \u00e1ltal vezetett k\u00e9pz\u0151m\u0171v\u00e9szeti m\u0171hely. A szombati nap folyam\u00e1n az alkotni v\u00e1gy\u00f3knak lehet\u0151s\u00e9g\u00fck lesz kipr\u00f3b\u00e1lni a sokszoros\u00edt\u00f3 grafika egyik legizgalmasabb m\u00f3dszer\u00e9t, a lin\u00f3metsz\u00e9st, valamint a szabadban fest\u00e9s \u00f6r\u00f6meit!<\/p>","protected":false},"author":9,"featured_media":0,"parent":0,"menu_order":0,"comment_status":"closed","ping_status":"closed","template":"","meta":{"spay_email":""},"categories":[],"tags":[],"yst_prominent_words":[],"yoast_head":"<!-- This site is optimized with the Yoast SEO Premium plugin v14.1 - https:\/\/yoast.com\/wordpress\/plugins\/seo\/ -->\n<title>Fest\u00e9szeti bemutat\u00f3 \u00e9s m\u0171hely Nagy D\u00e9nes fest\u0151m\u0171v\u00e9sszel, lin\u00f3metsz\u00e9s a Szolnoki Metsz\u0151k\u00f6rrel - SZOLNOKI M\u0170V\u00c9SZTELEP<\/title>\n<meta name=\"robots\" content=\"index, follow\" \/>\n<meta name=\"googlebot\" content=\"index, follow, max-snippet:-1, max-image-preview:large, max-video-preview:-1\" \/>\n<meta name=\"bingbot\" content=\"index, follow, max-snippet:-1, max-image-preview:large, max-video-preview:-1\" \/>\n<link rel=\"canonical\" href=\"http:\/\/szolnokimuvesztelep.com\/en\/festeszeti-bemutato-es-muhely-nagy-denes-festomuvesszel-linometszes-a-szolnoki-metszokorrel\/\" \/>\n<meta property=\"og:locale\" content=\"en_US\" \/>\n<meta property=\"og:type\" content=\"article\" \/>\n<meta property=\"og:title\" content=\"Fest\u00e9szeti bemutat\u00f3 \u00e9s m\u0171hely Nagy D\u00e9nes fest\u0151m\u0171v\u00e9sszel, lin\u00f3metsz\u00e9s a Szolnoki Metsz\u0151k\u00f6rrel - SZOLNOKI M\u0170V\u00c9SZTELEP\" \/>\n<meta property=\"og:description\" content=\"Lin\u00f3metsz\u00e9s a Szolnoki Metsz\u0151k\u00f6rrel A Szolnoki Metsz\u0151k\u00f6r Nagy Katalin Matild grafikusm\u0171v\u00e9sz \u00e9s Nagy D\u00e9nes fest\u0151m\u0171v\u00e9sz \u00e1ltal vezetett k\u00e9pz\u0151m\u0171v\u00e9szeti m\u0171hely. A szombati nap folyam\u00e1n az alkotni v\u00e1gy\u00f3knak lehet\u0151s\u00e9g\u00fck lesz kipr\u00f3b\u00e1lni a sokszoros\u00edt\u00f3 grafika egyik legizgalmasabb m\u00f3dszer\u00e9t, a lin\u00f3metsz\u00e9st, valamint a szabadban fest\u00e9s \u00f6r\u00f6meit!\" \/>\n<meta property=\"og:url\" content=\"http:\/\/szolnokimuvesztelep.com\/en\/festeszeti-bemutato-es-muhely-nagy-denes-festomuvesszel-linometszes-a-szolnoki-metszokorrel\/\" \/>\n<meta property=\"og:site_name\" content=\"SZOLNOKI M\u0170V\u00c9SZTELEP\" \/>\n<meta property=\"article:publisher\" content=\"https:\/\/www.facebook.com\/szolnokimuvesztelepofficial\/\" \/>\n<meta property=\"article:modified_time\" content=\"2021-06-11T12:37:14+00:00\" \/>\n<meta property=\"og:image\" content=\"http:\/\/szolnokimuvesztelep.com\/wp-content\/uploads\/2021\/06\/Nagy-Ilka-4.-osztalyos-A3-meret-1-1024x717.jpg\" \/>\n<script type=\"application\/ld+json\" class=\"yoast-schema-graph\">{\"@context\":\"https:\/\/schema.org\",\"@graph\":[{\"@type\":\"Organization\",\"@id\":\"http:\/\/szolnokimuvesztelep.com\/en\/#organization\",\"name\":\"Szolnoki M\\u0171v\\u00e9sztelep\",\"url\":\"http:\/\/szolnokimuvesztelep.com\/en\/\",\"sameAs\":[\"https:\/\/www.facebook.com\/szolnokimuvesztelepofficial\/\",\"https:\/\/www.instagram.com\/szolnoki_muvesztelep\/\",\"https:\/\/www.youtube.com\/channel\/UCAYRF4A8FrslG3J__XEjEoA\",\"https:\/\/hu.wikipedia.org\/wiki\/Szolnoki_m\\u0171v\\u00e9sztelep\"],\"logo\":{\"@type\":\"ImageObject\",\"@id\":\"http:\/\/szolnokimuvesztelep.com\/en\/#logo\",\"inLanguage\":\"en-US\",\"url\":\"https:\/\/i0.wp.com\/szolnokimuvesztelep.com\/wp-content\/uploads\/2020\/05\/szmt_2019_szlogen_psz-01.png?fit=2242%2C863\",\"width\":2242,\"height\":863,\"caption\":\"Szolnoki M\\u0171v\\u00e9sztelep\"},\"image\":{\"@id\":\"http:\/\/szolnokimuvesztelep.com\/en\/#logo\"}},{\"@type\":\"WebSite\",\"@id\":\"http:\/\/szolnokimuvesztelep.com\/en\/#website\",\"url\":\"http:\/\/szolnokimuvesztelep.com\/en\/\",\"name\":\"SZOLNOKI M\\u0170V\\u00c9SZTELEP\",\"description\":\"Meg\\u00fajul\\u00f3 hagyom\\u00e1ny\",\"publisher\":{\"@id\":\"http:\/\/szolnokimuvesztelep.com\/en\/#organization\"},\"potentialAction\":[{\"@type\":\"SearchAction\",\"target\":\"http:\/\/szolnokimuvesztelep.com\/en\/?s={search_term_string}\",\"query-input\":\"required name=search_term_string\"}],\"inLanguage\":\"en-US\"},{\"@type\":\"ImageObject\",\"@id\":\"http:\/\/szolnokimuvesztelep.com\/festeszeti-bemutato-es-muhely-nagy-denes-festomuvesszel-linometszes-a-szolnoki-metszokorrel\/#primaryimage\",\"inLanguage\":\"en-US\",\"url\":\"https:\/\/i0.wp.com\/szolnokimuvesztelep.com\/wp-content\/uploads\/2021\/06\/Nagy-Ilka-4.-osztalyos-A3-meret-1-scaled.jpg?fit=2560%2C1791\",\"width\":2560,\"height\":1791},{\"@type\":\"WebPage\",\"@id\":\"http:\/\/szolnokimuvesztelep.com\/festeszeti-bemutato-es-muhely-nagy-denes-festomuvesszel-linometszes-a-szolnoki-metszokorrel\/#webpage\",\"url\":\"http:\/\/szolnokimuvesztelep.com\/festeszeti-bemutato-es-muhely-nagy-denes-festomuvesszel-linometszes-a-szolnoki-metszokorrel\/\",\"name\":\"Fest\\u00e9szeti bemutat\\u00f3 \\u00e9s m\\u0171hely Nagy D\\u00e9nes fest\\u0151m\\u0171v\\u00e9sszel, lin\\u00f3metsz\\u00e9s a Szolnoki Metsz\\u0151k\\u00f6rrel - SZOLNOKI M\\u0170V\\u00c9SZTELEP\",\"isPartOf\":{\"@id\":\"http:\/\/szolnokimuvesztelep.com\/en\/#website\"},\"primaryImageOfPage\":{\"@id\":\"http:\/\/szolnokimuvesztelep.com\/festeszeti-bemutato-es-muhely-nagy-denes-festomuvesszel-linometszes-a-szolnoki-metszokorrel\/#primaryimage\"},\"datePublished\":\"2021-06-11T12:36:46+00:00\",\"dateModified\":\"2021-06-11T12:37:14+00:00\",\"inLanguage\":\"en-US\",\"potentialAction\":[{\"@type\":\"ReadAction\",\"target\":[\"http:\/\/szolnokimuvesztelep.com\/festeszeti-bemutato-es-muhely-nagy-denes-festomuvesszel-linometszes-a-szolnoki-metszokorrel\/\"]}]}]}<\/script>\n<!-- \/ Yoast SEO Premium plugin. -->","jetpack_sharing_enabled":true,"jetpack_shortlink":"https:\/\/wp.me\/P9tpmR-1Ml","jetpack_likes_enabled":true,"jetpack-related-posts":[],"_links":{"self":[{"href":"http:\/\/szolnokimuvesztelep.com\/en\/wp-json\/wp\/v2\/pages\/6841"}],"collection":[{"href":"http:\/\/szolnokimuvesztelep.com\/en\/wp-json\/wp\/v2\/pages"}],"about":[{"href":"http:\/\/szolnokimuvesztelep.com\/en\/wp-json\/wp\/v2\/types\/page"}],"author":[{"embeddable":true,"href":"http:\/\/szolnokimuvesztelep.com\/en\/wp-json\/wp\/v2\/users\/9"}],"replies":[{"embeddable":true,"href":"http:\/\/szolnokimuvesztelep.com\/en\/wp-json\/wp\/v2\/comments?post=6841"}],"version-history":[{"count":2,"href":"http:\/\/szolnokimuvesztelep.com\/en\/wp-json\/wp\/v2\/pages\/6841\/revisions"}],"predecessor-version":[{"id":6844,"href":"http:\/\/szolnokimuvesztelep.com\/en\/wp-json\/wp\/v2\/pages\/6841\/revisions\/6844"}],"wp:attachment":[{"href":"http:\/\/szolnokimuvesztelep.com\/en\/wp-json\/wp\/v2\/media?parent=6841"}],"wp:term":[{"taxonomy":"category","embeddable":true,"href":"http:\/\/szolnokimuvesztelep.com\/en\/wp-json\/wp\/v2\/categories?post=6841"},{"taxonomy":"post_tag","embeddable":true,"href":"http:\/\/szolnokimuvesztelep.com\/en\/wp-json\/wp\/v2\/tags?post=6841"},{"taxonomy":"yst_prominent_words","embeddable":true,"href":"http:\/\/szolnokimuvesztelep.com\/en\/wp-json\/wp\/v2\/yst_prominent_words?post=6841"}],"curies":[{"name":"wp","href":"https:\/\/api.w.org\/{rel}","templated":true}]}}