{"id":6835,"date":"2021-06-11T11:34:36","date_gmt":"2021-06-11T11:34:36","guid":{"rendered":"http:\/\/szolnokimuvesztelep.com\/?page_id=6835"},"modified":"2021-06-11T11:39:58","modified_gmt":"2021-06-11T11:39:58","slug":"jenei-gyula-verebes-gyorgy-legszomj","status":"publish","type":"page","link":"http:\/\/szolnokimuvesztelep.com\/en\/jenei-gyula-verebes-gyorgy-legszomj\/","title":{"rendered":"Jenei Gyula \u2013 Verebes Gy\u00f6rgy: L\u00c9GSZOMJ"},"content":{"rendered":"<div data-elementor-type=\"wp-page\" data-elementor-id=\"6835\" class=\"elementor elementor-6835\" data-elementor-settings=\"[]\">\n\t\t\t<div class=\"elementor-inner\">\n\t\t\t\t<div class=\"elementor-section-wrap\">\n\t\t\t\t\t\t\t<section class=\"elementor-element elementor-element-935a3ce elementor-section-boxed elementor-section-height-default elementor-section-height-default elementor-section elementor-top-section\" data-id=\"935a3ce\" data-element_type=\"section\">\n\t\t\t\t\t\t<div class=\"elementor-container elementor-column-gap-default\">\n\t\t\t\t<div class=\"elementor-row\">\n\t\t\t\t<div class=\"elementor-element elementor-element-e85d8c6 elementor-column elementor-col-100 elementor-top-column\" data-id=\"e85d8c6\" data-element_type=\"column\">\n\t\t\t<div class=\"elementor-column-wrap  elementor-element-populated\">\n\t\t\t\t\t<div class=\"elementor-widget-wrap\">\n\t\t\t\t<div class=\"elementor-element elementor-element-ea51532 elementor-widget elementor-widget-image\" data-id=\"ea51532\" data-element_type=\"widget\" data-widget_type=\"image.default\">\n\t\t\t\t<div class=\"elementor-widget-container\">\n\t\t\t\t\t<div class=\"elementor-image\">\n\t\t\t\t\t\t\t\t\t\t<img width=\"790\" height=\"279\" src=\"https:\/\/i2.wp.com\/szolnokimuvesztelep.com\/wp-content\/uploads\/2021\/06\/Legszomj_slider-scaled-1.jpg?fit=790%2C279\" class=\"attachment-large size-large\" alt=\"\" loading=\"lazy\" srcset=\"https:\/\/i2.wp.com\/szolnokimuvesztelep.com\/wp-content\/uploads\/2021\/06\/Legszomj_slider-scaled-1.jpg?w=1536 1536w, https:\/\/i2.wp.com\/szolnokimuvesztelep.com\/wp-content\/uploads\/2021\/06\/Legszomj_slider-scaled-1.jpg?resize=300%2C106 300w, https:\/\/i2.wp.com\/szolnokimuvesztelep.com\/wp-content\/uploads\/2021\/06\/Legszomj_slider-scaled-1.jpg?resize=1024%2C362 1024w, https:\/\/i2.wp.com\/szolnokimuvesztelep.com\/wp-content\/uploads\/2021\/06\/Legszomj_slider-scaled-1.jpg?resize=768%2C272 768w\" sizes=\"(max-width: 790px) 100vw, 790px\" data-attachment-id=\"6836\" data-permalink=\"http:\/\/szolnokimuvesztelep.com\/en\/jenei-gyula-verebes-gyorgy-legszomj\/legszomj_slider-scaled\/\" data-orig-file=\"https:\/\/i2.wp.com\/szolnokimuvesztelep.com\/wp-content\/uploads\/2021\/06\/Legszomj_slider-scaled-1.jpg?fit=1536%2C543\" data-orig-size=\"1536,543\" data-comments-opened=\"1\" data-image-meta=\"{&quot;aperture&quot;:&quot;0&quot;,&quot;credit&quot;:&quot;&quot;,&quot;camera&quot;:&quot;&quot;,&quot;caption&quot;:&quot;&quot;,&quot;created_timestamp&quot;:&quot;0&quot;,&quot;copyright&quot;:&quot;&quot;,&quot;focal_length&quot;:&quot;0&quot;,&quot;iso&quot;:&quot;0&quot;,&quot;shutter_speed&quot;:&quot;0&quot;,&quot;title&quot;:&quot;&quot;,&quot;orientation&quot;:&quot;0&quot;}\" data-image-title=\"Legszomj_slider-scaled\" data-image-description=\"\" data-medium-file=\"https:\/\/i2.wp.com\/szolnokimuvesztelep.com\/wp-content\/uploads\/2021\/06\/Legszomj_slider-scaled-1.jpg?fit=300%2C106\" data-large-file=\"https:\/\/i2.wp.com\/szolnokimuvesztelep.com\/wp-content\/uploads\/2021\/06\/Legszomj_slider-scaled-1.jpg?fit=790%2C279\" \/>\t\t\t\t\t\t\t\t\t\t\t<\/div>\n\t\t\t\t<\/div>\n\t\t\t\t<\/div>\n\t\t\t\t\t\t<\/div>\n\t\t\t<\/div>\n\t\t<\/div>\n\t\t\t\t\t\t<\/div>\n\t\t\t<\/div>\n\t\t<\/section>\n\t\t\t\t<section class=\"elementor-element elementor-element-31b1ded elementor-section-boxed elementor-section-height-default elementor-section-height-default elementor-section elementor-top-section\" data-id=\"31b1ded\" data-element_type=\"section\">\n\t\t\t\t\t\t<div class=\"elementor-container elementor-column-gap-default\">\n\t\t\t\t<div class=\"elementor-row\">\n\t\t\t\t<div class=\"elementor-element elementor-element-ce252ce elementor-column elementor-col-100 elementor-top-column\" data-id=\"ce252ce\" data-element_type=\"column\">\n\t\t\t<div class=\"elementor-column-wrap  elementor-element-populated\">\n\t\t\t\t\t<div class=\"elementor-widget-wrap\">\n\t\t\t\t<div class=\"elementor-element elementor-element-30d76d3 elementor-widget elementor-widget-heading\" data-id=\"30d76d3\" data-element_type=\"widget\" data-widget_type=\"heading.default\">\n\t\t\t\t<div class=\"elementor-widget-container\">\n\t\t\t<h2 class=\"elementor-heading-title elementor-size-default\">Jenei-Verebes: L\u00e9gszomj k\u00fcnyvbemutat\u00f3<\/h2>\t\t<\/div>\n\t\t\t\t<\/div>\n\t\t\t\t<div class=\"elementor-element elementor-element-82d2873 elementor-widget elementor-widget-heading\" data-id=\"82d2873\" data-element_type=\"widget\" data-widget_type=\"heading.default\">\n\t\t\t\t<div class=\"elementor-widget-container\">\n\t\t\t<h2 class=\"elementor-heading-title elementor-size-default\">2021.07.03-\u00e1n 14.00 \u00f3rakor<\/h2>\t\t<\/div>\n\t\t\t\t<\/div>\n\t\t\t\t<div class=\"elementor-element elementor-element-2bc3a1a elementor-widget elementor-widget-text-editor\" data-id=\"2bc3a1a\" data-element_type=\"widget\" data-widget_type=\"text-editor.default\">\n\t\t\t\t<div class=\"elementor-widget-container\">\n\t\t\t\t\t<div class=\"elementor-text-editor elementor-clearfix\"><p><span>&#8220;<\/span><strong>Jenei Gyula<\/strong><span>\u00a0leg\u00fajabb versesk\u00f6tet\u00e9ben bevackolja mag\u00e1t a jelenbe, \u00e9s vel\u00fcnk egy\u00fctt v\u00e1rja, hogy a j\u00e1rv\u00e1nynak \u00edgy vagy \u00fagy, de v\u00e9ge legyen. A 2020-as tavaszi karant\u00e9n kezdet\u00e9t\u0151l \u00edrja jegyzetverseit, ahogy egy k\u00f6lt\u0151 tud\u00f3s\u00edt a \u201eharcmez\u0151r\u0151l\u201d: p\u00e1toszmentesen, de a t\u00e9nyekre \u00e9s lelki \u00f6sszef\u00fcgg\u00e9sekre koncentr\u00e1lva. A k\u00f6tet olvas\u00e1sa k\u00f6zben egyfel\u0151l megk\u00e9rd\u0151jelez\u0151dnek az alapvet\u0151 szok\u00e1saink, a m\u00e1sik ir\u00e1nti bizalmunk, illetve saj\u00e1t t\u00fal\u00e9l\u00e9s\u00fcnkbe vetett hit\u00fcnk; m\u00e1sfel\u0151l ezek a v\u00e1ltoz\u00e1sok egyre ink\u00e1bb abszurd \u00e9s elmos\u00f3dott k\u00e9pet mutatnak embers\u00e9g\u00fcnkr\u0151l.<\/span><br \/><strong>Verebes Gy\u00f6rgy<\/strong><span>\u00a0grafik\u00e1i is ezt az \u00e9lm\u00e9nyt er\u0151s\u00edtik: a k\u00f6z\u00f6s, nagy retteg\u00e9s arctalan, elmos\u00f3dott figur\u00e1i, \u201esz\u00f6rny\u0171 csodafajzatai\u201d k\u00fczdenek saj\u00e1t \u00e9s m\u00e1sok f\u00e9lelmeivel \u2013 t\u00f6bbnyire \u00f6nmagukban.<\/span><br \/><span>A\u00a0<\/span><strong><i>L\u00e9gszomj<\/i><span>\u00a0<\/span><\/strong><span>teh\u00e1t \u00e9pp ellent\u00e9te a l\u00edrai \u00e9n megszokott katarzisainak: nem egy nagy, gy\u00f3gy\u00edt\u00f3 kil\u00e9gz\u00e9s, hanem megannyi visszatartott leveg\u0151v\u00e9tel. \u00dagy l\u00e1tszik, am\u00edg egy t\u00fcd\u0151nyi leveg\u0151 van a bolyg\u00f3n, addig vers is lesz, vagyis a val\u00f3s\u00e1got egy fokkal k\u00f6nnyebben el lehet viselni.&#8221;<\/span><br \/><span>\/Karap Zolt\u00e1n\/<\/span><\/p><p>\u00a0<\/p><p>A k\u00f6tet <a href=\"http:\/\/szolnokimuvesztelep.com\/en\/bolt\/Jenei-Gyula-%E2%80%93-Verebes-Gy%C3%B6rgy-L%C3%89GSZOMJ-p272698304\" target=\"_blank\" rel=\"noopener\">ITT<\/a> rendelhet\u0151 meg.<\/p><\/div>\n\t\t\t\t<\/div>\n\t\t\t\t<\/div>\n\t\t\t\t\t\t<\/div>\n\t\t\t<\/div>\n\t\t<\/div>\n\t\t\t\t\t\t<\/div>\n\t\t\t<\/div>\n\t\t<\/section>\n\t\t\t\t\t\t<\/div>\n\t\t\t<\/div>\n\t\t<\/div>","protected":false},"excerpt":{"rendered":"<p>Jenei-Verebes: L\u00e9gszomj k\u00fcnyvbemutat\u00f3 2021.07.03-\u00e1n 14.00 \u00f3rakor &#8220;Jenei Gyula\u00a0leg\u00fajabb versesk\u00f6tet\u00e9ben bevackolja mag\u00e1t a jelenbe, \u00e9s vel\u00fcnk egy\u00fctt v\u00e1rja, hogy a j\u00e1rv\u00e1nynak \u00edgy vagy \u00fagy, de v\u00e9ge legyen. A 2020-as tavaszi karant\u00e9n kezdet\u00e9t\u0151l \u00edrja jegyzetverseit, ahogy egy k\u00f6lt\u0151 tud\u00f3s\u00edt a \u201eharcmez\u0151r\u0151l\u201d: p\u00e1toszmentesen, de a t\u00e9nyekre \u00e9s lelki \u00f6sszef\u00fcgg\u00e9sekre koncentr\u00e1lva. A k\u00f6tet olvas\u00e1sa&hellip; <\/p>","protected":false},"author":9,"featured_media":0,"parent":0,"menu_order":0,"comment_status":"closed","ping_status":"closed","template":"","meta":{"spay_email":""},"categories":[],"tags":[],"yst_prominent_words":[],"yoast_head":"<!-- This site is optimized with the Yoast SEO Premium plugin v14.1 - https:\/\/yoast.com\/wordpress\/plugins\/seo\/ -->\n<title>Jenei Gyula \u2013 Verebes Gy\u00f6rgy: L\u00c9GSZOMJ - SZOLNOKI M\u0170V\u00c9SZTELEP<\/title>\n<meta name=\"robots\" content=\"index, follow\" \/>\n<meta name=\"googlebot\" content=\"index, follow, max-snippet:-1, max-image-preview:large, max-video-preview:-1\" \/>\n<meta name=\"bingbot\" content=\"index, follow, max-snippet:-1, max-image-preview:large, max-video-preview:-1\" \/>\n<link rel=\"canonical\" href=\"http:\/\/szolnokimuvesztelep.com\/en\/jenei-gyula-verebes-gyorgy-legszomj\/\" \/>\n<meta property=\"og:locale\" content=\"en_US\" \/>\n<meta property=\"og:type\" content=\"article\" \/>\n<meta property=\"og:title\" content=\"Jenei Gyula \u2013 Verebes Gy\u00f6rgy: L\u00c9GSZOMJ - SZOLNOKI M\u0170V\u00c9SZTELEP\" \/>\n<meta property=\"og:description\" content=\"Jenei-Verebes: L\u00e9gszomj k\u00fcnyvbemutat\u00f3 2021.07.03-\u00e1n 14.00 \u00f3rakor &#8220;Jenei Gyula\u00a0leg\u00fajabb versesk\u00f6tet\u00e9ben bevackolja mag\u00e1t a jelenbe, \u00e9s vel\u00fcnk egy\u00fctt v\u00e1rja, hogy a j\u00e1rv\u00e1nynak \u00edgy vagy \u00fagy, de v\u00e9ge legyen. A 2020-as tavaszi karant\u00e9n kezdet\u00e9t\u0151l \u00edrja jegyzetverseit, ahogy egy k\u00f6lt\u0151 tud\u00f3s\u00edt a \u201eharcmez\u0151r\u0151l\u201d: p\u00e1toszmentesen, de a t\u00e9nyekre \u00e9s lelki \u00f6sszef\u00fcgg\u00e9sekre koncentr\u00e1lva. A k\u00f6tet olvas\u00e1sa&hellip;\" \/>\n<meta property=\"og:url\" content=\"http:\/\/szolnokimuvesztelep.com\/en\/jenei-gyula-verebes-gyorgy-legszomj\/\" \/>\n<meta property=\"og:site_name\" content=\"SZOLNOKI M\u0170V\u00c9SZTELEP\" \/>\n<meta property=\"article:publisher\" content=\"https:\/\/www.facebook.com\/szolnokimuvesztelepofficial\/\" \/>\n<meta property=\"article:modified_time\" content=\"2021-06-11T11:39:58+00:00\" \/>\n<meta property=\"og:image\" content=\"http:\/\/szolnokimuvesztelep.com\/wp-content\/uploads\/2021\/06\/Legszomj_slider-scaled-1-1024x362.jpg\" \/>\n<script type=\"application\/ld+json\" class=\"yoast-schema-graph\">{\"@context\":\"https:\/\/schema.org\",\"@graph\":[{\"@type\":\"Organization\",\"@id\":\"http:\/\/szolnokimuvesztelep.com\/en\/#organization\",\"name\":\"Szolnoki M\\u0171v\\u00e9sztelep\",\"url\":\"http:\/\/szolnokimuvesztelep.com\/en\/\",\"sameAs\":[\"https:\/\/www.facebook.com\/szolnokimuvesztelepofficial\/\",\"https:\/\/www.instagram.com\/szolnoki_muvesztelep\/\",\"https:\/\/www.youtube.com\/channel\/UCAYRF4A8FrslG3J__XEjEoA\",\"https:\/\/hu.wikipedia.org\/wiki\/Szolnoki_m\\u0171v\\u00e9sztelep\"],\"logo\":{\"@type\":\"ImageObject\",\"@id\":\"http:\/\/szolnokimuvesztelep.com\/en\/#logo\",\"inLanguage\":\"en-US\",\"url\":\"https:\/\/i0.wp.com\/szolnokimuvesztelep.com\/wp-content\/uploads\/2020\/05\/szmt_2019_szlogen_psz-01.png?fit=2242%2C863\",\"width\":2242,\"height\":863,\"caption\":\"Szolnoki M\\u0171v\\u00e9sztelep\"},\"image\":{\"@id\":\"http:\/\/szolnokimuvesztelep.com\/en\/#logo\"}},{\"@type\":\"WebSite\",\"@id\":\"http:\/\/szolnokimuvesztelep.com\/en\/#website\",\"url\":\"http:\/\/szolnokimuvesztelep.com\/en\/\",\"name\":\"SZOLNOKI M\\u0170V\\u00c9SZTELEP\",\"description\":\"Meg\\u00fajul\\u00f3 hagyom\\u00e1ny\",\"publisher\":{\"@id\":\"http:\/\/szolnokimuvesztelep.com\/en\/#organization\"},\"potentialAction\":[{\"@type\":\"SearchAction\",\"target\":\"http:\/\/szolnokimuvesztelep.com\/en\/?s={search_term_string}\",\"query-input\":\"required name=search_term_string\"}],\"inLanguage\":\"en-US\"},{\"@type\":\"ImageObject\",\"@id\":\"http:\/\/szolnokimuvesztelep.com\/jenei-gyula-verebes-gyorgy-legszomj\/#primaryimage\",\"inLanguage\":\"en-US\",\"url\":\"https:\/\/i2.wp.com\/szolnokimuvesztelep.com\/wp-content\/uploads\/2021\/06\/Legszomj_slider-scaled-1.jpg?fit=1536%2C543\",\"width\":1536,\"height\":543},{\"@type\":\"WebPage\",\"@id\":\"http:\/\/szolnokimuvesztelep.com\/jenei-gyula-verebes-gyorgy-legszomj\/#webpage\",\"url\":\"http:\/\/szolnokimuvesztelep.com\/jenei-gyula-verebes-gyorgy-legszomj\/\",\"name\":\"Jenei Gyula \\u2013 Verebes Gy\\u00f6rgy: L\\u00c9GSZOMJ - SZOLNOKI M\\u0170V\\u00c9SZTELEP\",\"isPartOf\":{\"@id\":\"http:\/\/szolnokimuvesztelep.com\/en\/#website\"},\"primaryImageOfPage\":{\"@id\":\"http:\/\/szolnokimuvesztelep.com\/jenei-gyula-verebes-gyorgy-legszomj\/#primaryimage\"},\"datePublished\":\"2021-06-11T11:34:36+00:00\",\"dateModified\":\"2021-06-11T11:39:58+00:00\",\"inLanguage\":\"en-US\",\"potentialAction\":[{\"@type\":\"ReadAction\",\"target\":[\"http:\/\/szolnokimuvesztelep.com\/jenei-gyula-verebes-gyorgy-legszomj\/\"]}]}]}<\/script>\n<!-- \/ Yoast SEO Premium plugin. -->","jetpack_sharing_enabled":true,"jetpack_shortlink":"https:\/\/wp.me\/P9tpmR-1Mf","jetpack_likes_enabled":true,"jetpack-related-posts":[],"_links":{"self":[{"href":"http:\/\/szolnokimuvesztelep.com\/en\/wp-json\/wp\/v2\/pages\/6835"}],"collection":[{"href":"http:\/\/szolnokimuvesztelep.com\/en\/wp-json\/wp\/v2\/pages"}],"about":[{"href":"http:\/\/szolnokimuvesztelep.com\/en\/wp-json\/wp\/v2\/types\/page"}],"author":[{"embeddable":true,"href":"http:\/\/szolnokimuvesztelep.com\/en\/wp-json\/wp\/v2\/users\/9"}],"replies":[{"embeddable":true,"href":"http:\/\/szolnokimuvesztelep.com\/en\/wp-json\/wp\/v2\/comments?post=6835"}],"version-history":[{"count":3,"href":"http:\/\/szolnokimuvesztelep.com\/en\/wp-json\/wp\/v2\/pages\/6835\/revisions"}],"predecessor-version":[{"id":6839,"href":"http:\/\/szolnokimuvesztelep.com\/en\/wp-json\/wp\/v2\/pages\/6835\/revisions\/6839"}],"wp:attachment":[{"href":"http:\/\/szolnokimuvesztelep.com\/en\/wp-json\/wp\/v2\/media?parent=6835"}],"wp:term":[{"taxonomy":"category","embeddable":true,"href":"http:\/\/szolnokimuvesztelep.com\/en\/wp-json\/wp\/v2\/categories?post=6835"},{"taxonomy":"post_tag","embeddable":true,"href":"http:\/\/szolnokimuvesztelep.com\/en\/wp-json\/wp\/v2\/tags?post=6835"},{"taxonomy":"yst_prominent_words","embeddable":true,"href":"http:\/\/szolnokimuvesztelep.com\/en\/wp-json\/wp\/v2\/yst_prominent_words?post=6835"}],"curies":[{"name":"wp","href":"https:\/\/api.w.org\/{rel}","templated":true}]}}