{"id":6820,"date":"2021-06-10T12:47:01","date_gmt":"2021-06-10T12:47:01","guid":{"rendered":"http:\/\/szolnokimuvesztelep.com\/?page_id=6820"},"modified":"2021-06-10T13:51:32","modified_gmt":"2021-06-10T13:51:32","slug":"helyi-termekek-vasara-a-szolnoki-muvesztelepen","status":"publish","type":"page","link":"http:\/\/szolnokimuvesztelep.com\/en\/helyi-termekek-vasara-a-szolnoki-muvesztelepen\/","title":{"rendered":"Helyi Term\u00e9kek V\u00e1s\u00e1ra a Szolnoki M\u0171v\u00e9sztelepen"},"content":{"rendered":"<div data-elementor-type=\"wp-page\" data-elementor-id=\"6820\" class=\"elementor elementor-6820\" data-elementor-settings=\"[]\">\n\t\t\t<div class=\"elementor-inner\">\n\t\t\t\t<div class=\"elementor-section-wrap\">\n\t\t\t\t\t\t\t<section class=\"elementor-element elementor-element-4bcdacd elementor-section-boxed elementor-section-height-default elementor-section-height-default elementor-section elementor-top-section\" data-id=\"4bcdacd\" data-element_type=\"section\">\n\t\t\t\t\t\t<div class=\"elementor-container elementor-column-gap-default\">\n\t\t\t\t<div class=\"elementor-row\">\n\t\t\t\t<div class=\"elementor-element elementor-element-6da5883 elementor-column elementor-col-100 elementor-top-column\" data-id=\"6da5883\" data-element_type=\"column\">\n\t\t\t<div class=\"elementor-column-wrap  elementor-element-populated\">\n\t\t\t\t\t<div class=\"elementor-widget-wrap\">\n\t\t\t\t<div class=\"elementor-element elementor-element-11671a6 elementor-widget elementor-widget-image\" data-id=\"11671a6\" data-element_type=\"widget\" data-widget_type=\"image.default\">\n\t\t\t\t<div class=\"elementor-widget-container\">\n\t\t\t\t\t<div class=\"elementor-image\">\n\t\t\t\t\t\t\t\t\t\t<img width=\"790\" height=\"526\" src=\"https:\/\/i1.wp.com\/szolnokimuvesztelep.com\/wp-content\/uploads\/2021\/06\/ics1623jpg.jpg?fit=790%2C526\" class=\"attachment-large size-large\" alt=\"\" loading=\"lazy\" srcset=\"https:\/\/i1.wp.com\/szolnokimuvesztelep.com\/wp-content\/uploads\/2021\/06\/ics1623jpg.jpg?w=936 936w, https:\/\/i1.wp.com\/szolnokimuvesztelep.com\/wp-content\/uploads\/2021\/06\/ics1623jpg.jpg?resize=300%2C200 300w, https:\/\/i1.wp.com\/szolnokimuvesztelep.com\/wp-content\/uploads\/2021\/06\/ics1623jpg.jpg?resize=768%2C511 768w\" sizes=\"(max-width: 790px) 100vw, 790px\" data-attachment-id=\"6821\" data-permalink=\"http:\/\/szolnokimuvesztelep.com\/en\/helyi-termekek-vasara-a-szolnoki-muvesztelepen\/ics1623jpg\/\" data-orig-file=\"https:\/\/i1.wp.com\/szolnokimuvesztelep.com\/wp-content\/uploads\/2021\/06\/ics1623jpg.jpg?fit=936%2C623\" data-orig-size=\"936,623\" data-comments-opened=\"1\" data-image-meta=\"{&quot;aperture&quot;:&quot;6.3&quot;,&quot;credit&quot;:&quot;&quot;,&quot;camera&quot;:&quot;NIKON D3S&quot;,&quot;caption&quot;:&quot;????????????????????????????????????&quot;,&quot;created_timestamp&quot;:&quot;1444563046&quot;,&quot;copyright&quot;:&quot;&quot;,&quot;focal_length&quot;:&quot;29&quot;,&quot;iso&quot;:&quot;1600&quot;,&quot;shutter_speed&quot;:&quot;0.008&quot;,&quot;title&quot;:&quot;&quot;,&quot;orientation&quot;:&quot;1&quot;}\" data-image-title=\"ics1623jpg\" data-image-description=\"\" data-medium-file=\"https:\/\/i1.wp.com\/szolnokimuvesztelep.com\/wp-content\/uploads\/2021\/06\/ics1623jpg.jpg?fit=300%2C200\" data-large-file=\"https:\/\/i1.wp.com\/szolnokimuvesztelep.com\/wp-content\/uploads\/2021\/06\/ics1623jpg.jpg?fit=790%2C526\" \/>\t\t\t\t\t\t\t\t\t\t\t<\/div>\n\t\t\t\t<\/div>\n\t\t\t\t<\/div>\n\t\t\t\t\t\t<\/div>\n\t\t\t<\/div>\n\t\t<\/div>\n\t\t\t\t\t\t<\/div>\n\t\t\t<\/div>\n\t\t<\/section>\n\t\t\t\t<section class=\"elementor-element elementor-element-b96d301 elementor-section-boxed elementor-section-height-default elementor-section-height-default elementor-section elementor-top-section\" data-id=\"b96d301\" data-element_type=\"section\">\n\t\t\t\t\t\t<div class=\"elementor-container elementor-column-gap-default\">\n\t\t\t\t<div class=\"elementor-row\">\n\t\t\t\t<div class=\"elementor-element elementor-element-7e92dd0 elementor-column elementor-col-100 elementor-top-column\" data-id=\"7e92dd0\" data-element_type=\"column\">\n\t\t\t<div class=\"elementor-column-wrap  elementor-element-populated\">\n\t\t\t\t\t<div class=\"elementor-widget-wrap\">\n\t\t\t\t<div class=\"elementor-element elementor-element-3cdf8ff elementor-widget elementor-widget-heading\" data-id=\"3cdf8ff\" data-element_type=\"widget\" data-widget_type=\"heading.default\">\n\t\t\t\t<div class=\"elementor-widget-container\">\n\t\t\t<h2 class=\"elementor-heading-title elementor-size-default\">Helyi Term\u00e9kek V\u00e1s\u00e1ra<\/h2>\t\t<\/div>\n\t\t\t\t<\/div>\n\t\t\t\t<div class=\"elementor-element elementor-element-8a6d25f elementor-widget elementor-widget-heading\" data-id=\"8a6d25f\" data-element_type=\"widget\" data-widget_type=\"heading.default\">\n\t\t\t\t<div class=\"elementor-widget-container\">\n\t\t\t<h2 class=\"elementor-heading-title elementor-size-default\">A Szolnoki M\u0171v\u00e9sztelepen<\/h2>\t\t<\/div>\n\t\t\t\t<\/div>\n\t\t\t\t\t\t<\/div>\n\t\t\t<\/div>\n\t\t<\/div>\n\t\t\t\t\t\t<\/div>\n\t\t\t<\/div>\n\t\t<\/section>\n\t\t\t\t<section class=\"elementor-element elementor-element-54f3f92 elementor-section-boxed elementor-section-height-default elementor-section-height-default elementor-section elementor-top-section\" data-id=\"54f3f92\" data-element_type=\"section\">\n\t\t\t\t\t\t<div class=\"elementor-container elementor-column-gap-default\">\n\t\t\t\t<div class=\"elementor-row\">\n\t\t\t\t<div class=\"elementor-element elementor-element-162d039 elementor-column elementor-col-100 elementor-top-column\" data-id=\"162d039\" data-element_type=\"column\">\n\t\t\t<div class=\"elementor-column-wrap  elementor-element-populated\">\n\t\t\t\t\t<div class=\"elementor-widget-wrap\">\n\t\t\t\t<div class=\"elementor-element elementor-element-a2d035c elementor-widget elementor-widget-text-editor\" data-id=\"a2d035c\" data-element_type=\"widget\" data-widget_type=\"text-editor.default\">\n\t\t\t\t<div class=\"elementor-widget-container\">\n\t\t\t\t\t<div class=\"elementor-text-editor elementor-clearfix\"><p>A Helyi Term\u00e9kek V\u00e1s\u00e1ra minden h\u00f3nap m\u00e1sodik vas\u00e1rnapj\u00e1n szokott megval\u00f3sulni a Hild t\u00e9ren, a szolnoki Tourinform iroda szervez\u00e9s\u00e9ben, \u00e1ltal\u00e1ban 70 kistermel\u0151, k\u00e9zm\u0171ves hozza el kiv\u00e1l\u00f3 port\u00e9k\u00e1it.<br \/><span style=\"font-family: 'Open Sans'; font-size: 14px; font-weight: 300;\">Ennek a v\u00e1s\u00e1rnak kicsiny\u00edtett v\u00e1ltozat\u00e1val tal\u00e1lkozhatnak a l\u00e1togat\u00f3k, ha kil\u00e1togatnak a Szolnoki M\u0171v\u00e9sztelep \u00e1ltal szervezett ARTj\u00e1r\u00f3 szombati napj\u00e1ra.<\/span><\/p><p><span style=\"font-family: 'Open Sans'; font-size: 14px; font-weight: 300;\">\u00a0<\/span><\/p><p class=\"MsoNormal\" style=\"margin-bottom: 0.0001pt; line-height: normal; background-image: initial; background-position: initial; background-size: initial; background-repeat: initial; background-attachment: initial; background-origin: initial; background-clip: initial;\"><span style=\"font-size: 12.0pt; font-family: 'Arial',sans-serif; mso-fareast-font-family: 'Times New Roman'; color: #222222; mso-fareast-language: HU;\">A\u00a0<\/span><span style=\"font-size: 10.0pt; font-family: 'Arial',sans-serif; mso-fareast-font-family: 'Times New Roman'; color: #222222; mso-fareast-language: HU;\">Napsug\u00e1r Gyermekh\u00e1z foglalkoztat\u00f3ja szombati napon 10-16 \u00f3r\u00e1ig v\u00e1rja a gyerekeket!<\/span><span style=\"font-size: 12.0pt; font-family: 'Arial',sans-serif; mso-fareast-font-family: 'Times New Roman'; color: #222222; mso-fareast-language: HU;\"><\/span><\/p><\/div>\n\t\t\t\t<\/div>\n\t\t\t\t<\/div>\n\t\t\t\t\t\t<\/div>\n\t\t\t<\/div>\n\t\t<\/div>\n\t\t\t\t\t\t<\/div>\n\t\t\t<\/div>\n\t\t<\/section>\n\t\t\t\t\t\t<\/div>\n\t\t\t<\/div>\n\t\t<\/div>","protected":false},"excerpt":{"rendered":"<p>Helyi Term\u00e9kek V\u00e1s\u00e1ra A Szolnoki M\u0171v\u00e9sztelepen A Helyi Term\u00e9kek V\u00e1s\u00e1ra minden h\u00f3nap m\u00e1sodik vas\u00e1rnapj\u00e1n szokott megval\u00f3sulni a Hild t\u00e9ren, a szolnoki Tourinform iroda szervez\u00e9s\u00e9ben, \u00e1ltal\u00e1ban 70 kistermel\u0151, k\u00e9zm\u0171ves hozza el kiv\u00e1l\u00f3 port\u00e9k\u00e1it.Ennek a v\u00e1s\u00e1rnak kicsiny\u00edtett v\u00e1ltozat\u00e1val tal\u00e1lkozhatnak a l\u00e1togat\u00f3k, ha kil\u00e1togatnak a Szolnoki M\u0171v\u00e9sztelep \u00e1ltal szervezett ARTj\u00e1r\u00f3 szombati napj\u00e1ra. \u00a0&hellip; <\/p>","protected":false},"author":9,"featured_media":0,"parent":0,"menu_order":0,"comment_status":"closed","ping_status":"closed","template":"","meta":{"spay_email":""},"categories":[],"tags":[],"yst_prominent_words":[],"yoast_head":"<!-- This site is optimized with the Yoast SEO Premium plugin v14.1 - https:\/\/yoast.com\/wordpress\/plugins\/seo\/ -->\n<title>Helyi Term\u00e9kek V\u00e1s\u00e1ra a Szolnoki M\u0171v\u00e9sztelepen - SZOLNOKI M\u0170V\u00c9SZTELEP<\/title>\n<meta name=\"robots\" content=\"index, follow\" \/>\n<meta name=\"googlebot\" content=\"index, follow, max-snippet:-1, max-image-preview:large, max-video-preview:-1\" \/>\n<meta name=\"bingbot\" content=\"index, follow, max-snippet:-1, max-image-preview:large, max-video-preview:-1\" \/>\n<link rel=\"canonical\" href=\"http:\/\/szolnokimuvesztelep.com\/en\/helyi-termekek-vasara-a-szolnoki-muvesztelepen\/\" \/>\n<meta property=\"og:locale\" content=\"en_US\" \/>\n<meta property=\"og:type\" content=\"article\" \/>\n<meta property=\"og:title\" content=\"Helyi Term\u00e9kek V\u00e1s\u00e1ra a Szolnoki M\u0171v\u00e9sztelepen - SZOLNOKI M\u0170V\u00c9SZTELEP\" \/>\n<meta property=\"og:description\" content=\"Helyi Term\u00e9kek V\u00e1s\u00e1ra A Szolnoki M\u0171v\u00e9sztelepen A Helyi Term\u00e9kek V\u00e1s\u00e1ra minden h\u00f3nap m\u00e1sodik vas\u00e1rnapj\u00e1n szokott megval\u00f3sulni a Hild t\u00e9ren, a szolnoki Tourinform iroda szervez\u00e9s\u00e9ben, \u00e1ltal\u00e1ban 70 kistermel\u0151, k\u00e9zm\u0171ves hozza el kiv\u00e1l\u00f3 port\u00e9k\u00e1it.Ennek a v\u00e1s\u00e1rnak kicsiny\u00edtett v\u00e1ltozat\u00e1val tal\u00e1lkozhatnak a l\u00e1togat\u00f3k, ha kil\u00e1togatnak a Szolnoki M\u0171v\u00e9sztelep \u00e1ltal szervezett ARTj\u00e1r\u00f3 szombati napj\u00e1ra. \u00a0&hellip;\" \/>\n<meta property=\"og:url\" content=\"http:\/\/szolnokimuvesztelep.com\/en\/helyi-termekek-vasara-a-szolnoki-muvesztelepen\/\" \/>\n<meta property=\"og:site_name\" content=\"SZOLNOKI M\u0170V\u00c9SZTELEP\" \/>\n<meta property=\"article:publisher\" content=\"https:\/\/www.facebook.com\/szolnokimuvesztelepofficial\/\" \/>\n<meta property=\"article:modified_time\" content=\"2021-06-10T13:51:32+00:00\" \/>\n<meta property=\"og:image\" content=\"http:\/\/szolnokimuvesztelep.com\/wp-content\/uploads\/2021\/06\/ics1623jpg.jpg\" \/>\n<script type=\"application\/ld+json\" class=\"yoast-schema-graph\">{\"@context\":\"https:\/\/schema.org\",\"@graph\":[{\"@type\":\"Organization\",\"@id\":\"http:\/\/szolnokimuvesztelep.com\/en\/#organization\",\"name\":\"Szolnoki M\\u0171v\\u00e9sztelep\",\"url\":\"http:\/\/szolnokimuvesztelep.com\/en\/\",\"sameAs\":[\"https:\/\/www.facebook.com\/szolnokimuvesztelepofficial\/\",\"https:\/\/www.instagram.com\/szolnoki_muvesztelep\/\",\"https:\/\/www.youtube.com\/channel\/UCAYRF4A8FrslG3J__XEjEoA\",\"https:\/\/hu.wikipedia.org\/wiki\/Szolnoki_m\\u0171v\\u00e9sztelep\"],\"logo\":{\"@type\":\"ImageObject\",\"@id\":\"http:\/\/szolnokimuvesztelep.com\/en\/#logo\",\"inLanguage\":\"en-US\",\"url\":\"https:\/\/i0.wp.com\/szolnokimuvesztelep.com\/wp-content\/uploads\/2020\/05\/szmt_2019_szlogen_psz-01.png?fit=2242%2C863\",\"width\":2242,\"height\":863,\"caption\":\"Szolnoki M\\u0171v\\u00e9sztelep\"},\"image\":{\"@id\":\"http:\/\/szolnokimuvesztelep.com\/en\/#logo\"}},{\"@type\":\"WebSite\",\"@id\":\"http:\/\/szolnokimuvesztelep.com\/en\/#website\",\"url\":\"http:\/\/szolnokimuvesztelep.com\/en\/\",\"name\":\"SZOLNOKI M\\u0170V\\u00c9SZTELEP\",\"description\":\"Meg\\u00fajul\\u00f3 hagyom\\u00e1ny\",\"publisher\":{\"@id\":\"http:\/\/szolnokimuvesztelep.com\/en\/#organization\"},\"potentialAction\":[{\"@type\":\"SearchAction\",\"target\":\"http:\/\/szolnokimuvesztelep.com\/en\/?s={search_term_string}\",\"query-input\":\"required name=search_term_string\"}],\"inLanguage\":\"en-US\"},{\"@type\":\"ImageObject\",\"@id\":\"http:\/\/szolnokimuvesztelep.com\/helyi-termekek-vasara-a-szolnoki-muvesztelepen\/#primaryimage\",\"inLanguage\":\"en-US\",\"url\":\"https:\/\/i1.wp.com\/szolnokimuvesztelep.com\/wp-content\/uploads\/2021\/06\/ics1623jpg.jpg?fit=936%2C623\",\"width\":936,\"height\":623,\"caption\":\"????????????????????????????????????\"},{\"@type\":\"WebPage\",\"@id\":\"http:\/\/szolnokimuvesztelep.com\/helyi-termekek-vasara-a-szolnoki-muvesztelepen\/#webpage\",\"url\":\"http:\/\/szolnokimuvesztelep.com\/helyi-termekek-vasara-a-szolnoki-muvesztelepen\/\",\"name\":\"Helyi Term\\u00e9kek V\\u00e1s\\u00e1ra a Szolnoki M\\u0171v\\u00e9sztelepen - SZOLNOKI M\\u0170V\\u00c9SZTELEP\",\"isPartOf\":{\"@id\":\"http:\/\/szolnokimuvesztelep.com\/en\/#website\"},\"primaryImageOfPage\":{\"@id\":\"http:\/\/szolnokimuvesztelep.com\/helyi-termekek-vasara-a-szolnoki-muvesztelepen\/#primaryimage\"},\"datePublished\":\"2021-06-10T12:47:01+00:00\",\"dateModified\":\"2021-06-10T13:51:32+00:00\",\"inLanguage\":\"en-US\",\"potentialAction\":[{\"@type\":\"ReadAction\",\"target\":[\"http:\/\/szolnokimuvesztelep.com\/helyi-termekek-vasara-a-szolnoki-muvesztelepen\/\"]}]}]}<\/script>\n<!-- \/ Yoast SEO Premium plugin. -->","jetpack_sharing_enabled":true,"jetpack_shortlink":"https:\/\/wp.me\/P9tpmR-1M0","jetpack_likes_enabled":true,"jetpack-related-posts":[],"_links":{"self":[{"href":"http:\/\/szolnokimuvesztelep.com\/en\/wp-json\/wp\/v2\/pages\/6820"}],"collection":[{"href":"http:\/\/szolnokimuvesztelep.com\/en\/wp-json\/wp\/v2\/pages"}],"about":[{"href":"http:\/\/szolnokimuvesztelep.com\/en\/wp-json\/wp\/v2\/types\/page"}],"author":[{"embeddable":true,"href":"http:\/\/szolnokimuvesztelep.com\/en\/wp-json\/wp\/v2\/users\/9"}],"replies":[{"embeddable":true,"href":"http:\/\/szolnokimuvesztelep.com\/en\/wp-json\/wp\/v2\/comments?post=6820"}],"version-history":[{"count":3,"href":"http:\/\/szolnokimuvesztelep.com\/en\/wp-json\/wp\/v2\/pages\/6820\/revisions"}],"predecessor-version":[{"id":6824,"href":"http:\/\/szolnokimuvesztelep.com\/en\/wp-json\/wp\/v2\/pages\/6820\/revisions\/6824"}],"wp:attachment":[{"href":"http:\/\/szolnokimuvesztelep.com\/en\/wp-json\/wp\/v2\/media?parent=6820"}],"wp:term":[{"taxonomy":"category","embeddable":true,"href":"http:\/\/szolnokimuvesztelep.com\/en\/wp-json\/wp\/v2\/categories?post=6820"},{"taxonomy":"post_tag","embeddable":true,"href":"http:\/\/szolnokimuvesztelep.com\/en\/wp-json\/wp\/v2\/tags?post=6820"},{"taxonomy":"yst_prominent_words","embeddable":true,"href":"http:\/\/szolnokimuvesztelep.com\/en\/wp-json\/wp\/v2\/yst_prominent_words?post=6820"}],"curies":[{"name":"wp","href":"https:\/\/api.w.org\/{rel}","templated":true}]}}