{"id":6815,"date":"2021-06-10T09:44:00","date_gmt":"2021-06-10T09:44:00","guid":{"rendered":"http:\/\/szolnokimuvesztelep.com\/?page_id=6815"},"modified":"2021-06-10T09:48:26","modified_gmt":"2021-06-10T09:48:26","slug":"sotetkamra-kontakt-improvizacios-muhely","status":"publish","type":"page","link":"http:\/\/szolnokimuvesztelep.com\/en\/sotetkamra-kontakt-improvizacios-muhely\/","title":{"rendered":"S\u00f6t\u00e9tkamra Kontakt Improviz\u00e1ci\u00f3s M\u0171hely"},"content":{"rendered":"<div data-elementor-type=\"wp-page\" data-elementor-id=\"6815\" class=\"elementor elementor-6815\" data-elementor-settings=\"[]\">\n\t\t\t<div class=\"elementor-inner\">\n\t\t\t\t<div class=\"elementor-section-wrap\">\n\t\t\t\t\t\t\t<section class=\"elementor-element elementor-element-73863d8 elementor-section-boxed elementor-section-height-default elementor-section-height-default elementor-section elementor-top-section\" data-id=\"73863d8\" data-element_type=\"section\">\n\t\t\t\t\t\t<div class=\"elementor-container elementor-column-gap-default\">\n\t\t\t\t<div class=\"elementor-row\">\n\t\t\t\t<div class=\"elementor-element elementor-element-956d26f elementor-column elementor-col-100 elementor-top-column\" data-id=\"956d26f\" data-element_type=\"column\">\n\t\t\t<div class=\"elementor-column-wrap  elementor-element-populated\">\n\t\t\t\t\t<div class=\"elementor-widget-wrap\">\n\t\t\t\t<div class=\"elementor-element elementor-element-39331db elementor-widget elementor-widget-image\" data-id=\"39331db\" data-element_type=\"widget\" data-widget_type=\"image.default\">\n\t\t\t\t<div class=\"elementor-widget-container\">\n\t\t\t\t\t<div class=\"elementor-image\">\n\t\t\t\t\t\t\t\t\t\t<img width=\"790\" height=\"290\" src=\"https:\/\/i0.wp.com\/szolnokimuvesztelep.com\/wp-content\/uploads\/2021\/06\/KBstudio_arnyekok.jpg?fit=790%2C290\" class=\"attachment-large size-large\" alt=\"\" loading=\"lazy\" srcset=\"https:\/\/i0.wp.com\/szolnokimuvesztelep.com\/wp-content\/uploads\/2021\/06\/KBstudio_arnyekok.jpg?w=960 960w, https:\/\/i0.wp.com\/szolnokimuvesztelep.com\/wp-content\/uploads\/2021\/06\/KBstudio_arnyekok.jpg?resize=300%2C110 300w, https:\/\/i0.wp.com\/szolnokimuvesztelep.com\/wp-content\/uploads\/2021\/06\/KBstudio_arnyekok.jpg?resize=768%2C282 768w\" sizes=\"(max-width: 790px) 100vw, 790px\" data-attachment-id=\"6816\" data-permalink=\"http:\/\/szolnokimuvesztelep.com\/en\/sotetkamra-kontakt-improvizacios-muhely\/kbstudio_arnyekok\/\" data-orig-file=\"https:\/\/i0.wp.com\/szolnokimuvesztelep.com\/wp-content\/uploads\/2021\/06\/KBstudio_arnyekok.jpg?fit=960%2C353\" data-orig-size=\"960,353\" data-comments-opened=\"1\" data-image-meta=\"{&quot;aperture&quot;:&quot;0&quot;,&quot;credit&quot;:&quot;Picasa&quot;,&quot;camera&quot;:&quot;&quot;,&quot;caption&quot;:&quot;&quot;,&quot;created_timestamp&quot;:&quot;0&quot;,&quot;copyright&quot;:&quot;&quot;,&quot;focal_length&quot;:&quot;0&quot;,&quot;iso&quot;:&quot;0&quot;,&quot;shutter_speed&quot;:&quot;0&quot;,&quot;title&quot;:&quot;&quot;,&quot;orientation&quot;:&quot;0&quot;}\" data-image-title=\"KBstudio_arnyekok\" data-image-description=\"\" data-medium-file=\"https:\/\/i0.wp.com\/szolnokimuvesztelep.com\/wp-content\/uploads\/2021\/06\/KBstudio_arnyekok.jpg?fit=300%2C110\" data-large-file=\"https:\/\/i0.wp.com\/szolnokimuvesztelep.com\/wp-content\/uploads\/2021\/06\/KBstudio_arnyekok.jpg?fit=790%2C290\" \/>\t\t\t\t\t\t\t\t\t\t\t<\/div>\n\t\t\t\t<\/div>\n\t\t\t\t<\/div>\n\t\t\t\t\t\t<\/div>\n\t\t\t<\/div>\n\t\t<\/div>\n\t\t\t\t\t\t<\/div>\n\t\t\t<\/div>\n\t\t<\/section>\n\t\t\t\t<section class=\"elementor-element elementor-element-e26df92 elementor-section-boxed elementor-section-height-default elementor-section-height-default elementor-section elementor-top-section\" data-id=\"e26df92\" data-element_type=\"section\">\n\t\t\t\t\t\t<div class=\"elementor-container elementor-column-gap-default\">\n\t\t\t\t<div class=\"elementor-row\">\n\t\t\t\t<div class=\"elementor-element elementor-element-d2ee6d3 elementor-column elementor-col-100 elementor-top-column\" data-id=\"d2ee6d3\" data-element_type=\"column\">\n\t\t\t<div class=\"elementor-column-wrap  elementor-element-populated\">\n\t\t\t\t\t<div class=\"elementor-widget-wrap\">\n\t\t\t\t<div class=\"elementor-element elementor-element-c19945e elementor-widget elementor-widget-heading\" data-id=\"c19945e\" data-element_type=\"widget\" data-widget_type=\"heading.default\">\n\t\t\t\t<div class=\"elementor-widget-container\">\n\t\t\t<h2 class=\"elementor-heading-title elementor-size-default\">A S\u00f6t\u00e9tkamra Kontakt Improviz\u00e1ci\u00f3s M\u0171hely<\/h2>\t\t<\/div>\n\t\t\t\t<\/div>\n\t\t\t\t<div class=\"elementor-element elementor-element-7b01978 elementor-widget elementor-widget-heading\" data-id=\"7b01978\" data-element_type=\"widget\" data-widget_type=\"heading.default\">\n\t\t\t\t<div class=\"elementor-widget-container\">\n\t\t\t<h2 class=\"elementor-heading-title elementor-size-default\">A Szolnoki M\u0171v\u00e9sztelepen<\/h2>\t\t<\/div>\n\t\t\t\t<\/div>\n\t\t\t\t\t\t<\/div>\n\t\t\t<\/div>\n\t\t<\/div>\n\t\t\t\t\t\t<\/div>\n\t\t\t<\/div>\n\t\t<\/section>\n\t\t\t\t<section class=\"elementor-element elementor-element-765404e elementor-section-boxed elementor-section-height-default elementor-section-height-default elementor-section elementor-top-section\" data-id=\"765404e\" data-element_type=\"section\">\n\t\t\t\t\t\t<div class=\"elementor-container elementor-column-gap-default\">\n\t\t\t\t<div class=\"elementor-row\">\n\t\t\t\t<div class=\"elementor-element elementor-element-93b9bf3 elementor-column elementor-col-100 elementor-top-column\" data-id=\"93b9bf3\" data-element_type=\"column\">\n\t\t\t<div class=\"elementor-column-wrap  elementor-element-populated\">\n\t\t\t\t\t<div class=\"elementor-widget-wrap\">\n\t\t\t\t<div class=\"elementor-element elementor-element-5a8ea97 elementor-widget elementor-widget-text-editor\" data-id=\"5a8ea97\" data-element_type=\"widget\" data-widget_type=\"text-editor.default\">\n\t\t\t\t<div class=\"elementor-widget-container\">\n\t\t\t\t\t<div class=\"elementor-text-editor elementor-clearfix\"><p><a id=\"CIleiras\" name=\"CIleiras\"><\/a><strong>Kontakt improviz\u00e1ci\u00f3<\/strong><span>\u00a0k\u00f6zben a f\u00f3kusz az \u00e9rint\u00e9s fizikai \u00e9rz\u00e9kel\u00e9sen, a d\u0151l\u00e9seken, a t\u00e1maszad\u00e1sokon, az egyens\u00falyi helyzeteken \u00e9s a t\u00e1rssal val\u00f3 egy\u00fcttes es\u00e9seken, illetve a t\u00e1ncosok k\u00f6z\u00f6tti fizikai p\u00e1rbesz\u00e9den van. A mozg\u00e1s sz\u00f3t\u00e1rat a s\u00falyad\u00e1s \u00e9s fogad\u00e1s (ahol a stabilit\u00e1s alapja nem az izommunka, hanem a partnerek s\u00falypontj\u00e1nak optim\u00e1lis elhelyezked\u00e9se), a lend\u00fclet, tehetetlens\u00e9g, gravit\u00e1ci\u00f3, \u00e9s a gurul\u00e1sok, ugr\u00e1sok, emel\u00e9sek, es\u00e9sek adj\u00e1k. A mozg\u00e1sanyag a befel\u00e9 figyel\u00e9st \u00e9s a mozg\u00e1s folyamata ir\u00e1nti nyitotts\u00e1got t\u00fckr\u00f6zi.<\/span><\/p><\/div>\n\t\t\t\t<\/div>\n\t\t\t\t<\/div>\n\t\t\t\t\t\t<\/div>\n\t\t\t<\/div>\n\t\t<\/div>\n\t\t\t\t\t\t<\/div>\n\t\t\t<\/div>\n\t\t<\/section>\n\t\t\t\t\t\t<\/div>\n\t\t\t<\/div>\n\t\t<\/div>","protected":false},"excerpt":{"rendered":"<p>A S\u00f6t\u00e9tkamra Kontakt Improviz\u00e1ci\u00f3s M\u0171hely A Szolnoki M\u0171v\u00e9sztelepen Kontakt improviz\u00e1ci\u00f3\u00a0k\u00f6zben a f\u00f3kusz az \u00e9rint\u00e9s fizikai \u00e9rz\u00e9kel\u00e9sen, a d\u0151l\u00e9seken, a t\u00e1maszad\u00e1sokon, az egyens\u00falyi helyzeteken \u00e9s a t\u00e1rssal val\u00f3 egy\u00fcttes es\u00e9seken, illetve a t\u00e1ncosok k\u00f6z\u00f6tti fizikai p\u00e1rbesz\u00e9den van. A mozg\u00e1s sz\u00f3t\u00e1rat a s\u00falyad\u00e1s \u00e9s fogad\u00e1s (ahol a stabilit\u00e1s alapja nem az izommunka,&hellip; <\/p>","protected":false},"author":9,"featured_media":0,"parent":0,"menu_order":0,"comment_status":"closed","ping_status":"closed","template":"","meta":{"spay_email":""},"categories":[],"tags":[],"yst_prominent_words":[],"yoast_head":"<!-- This site is optimized with the Yoast SEO Premium plugin v14.1 - https:\/\/yoast.com\/wordpress\/plugins\/seo\/ -->\n<title>S\u00f6t\u00e9tkamra Kontakt Improviz\u00e1ci\u00f3s M\u0171hely - SZOLNOKI M\u0170V\u00c9SZTELEP<\/title>\n<meta name=\"robots\" content=\"index, follow\" \/>\n<meta name=\"googlebot\" content=\"index, follow, max-snippet:-1, max-image-preview:large, max-video-preview:-1\" \/>\n<meta name=\"bingbot\" content=\"index, follow, max-snippet:-1, max-image-preview:large, max-video-preview:-1\" \/>\n<link rel=\"canonical\" href=\"http:\/\/szolnokimuvesztelep.com\/en\/sotetkamra-kontakt-improvizacios-muhely\/\" \/>\n<meta property=\"og:locale\" content=\"en_US\" \/>\n<meta property=\"og:type\" content=\"article\" \/>\n<meta property=\"og:title\" content=\"S\u00f6t\u00e9tkamra Kontakt Improviz\u00e1ci\u00f3s M\u0171hely - SZOLNOKI M\u0170V\u00c9SZTELEP\" \/>\n<meta property=\"og:description\" content=\"A S\u00f6t\u00e9tkamra Kontakt Improviz\u00e1ci\u00f3s M\u0171hely A Szolnoki M\u0171v\u00e9sztelepen Kontakt improviz\u00e1ci\u00f3\u00a0k\u00f6zben a f\u00f3kusz az \u00e9rint\u00e9s fizikai \u00e9rz\u00e9kel\u00e9sen, a d\u0151l\u00e9seken, a t\u00e1maszad\u00e1sokon, az egyens\u00falyi helyzeteken \u00e9s a t\u00e1rssal val\u00f3 egy\u00fcttes es\u00e9seken, illetve a t\u00e1ncosok k\u00f6z\u00f6tti fizikai p\u00e1rbesz\u00e9den van. A mozg\u00e1s sz\u00f3t\u00e1rat a s\u00falyad\u00e1s \u00e9s fogad\u00e1s (ahol a stabilit\u00e1s alapja nem az izommunka,&hellip;\" \/>\n<meta property=\"og:url\" content=\"http:\/\/szolnokimuvesztelep.com\/en\/sotetkamra-kontakt-improvizacios-muhely\/\" \/>\n<meta property=\"og:site_name\" content=\"SZOLNOKI M\u0170V\u00c9SZTELEP\" \/>\n<meta property=\"article:publisher\" content=\"https:\/\/www.facebook.com\/szolnokimuvesztelepofficial\/\" \/>\n<meta property=\"article:modified_time\" content=\"2021-06-10T09:48:26+00:00\" \/>\n<meta property=\"og:image\" content=\"http:\/\/szolnokimuvesztelep.com\/wp-content\/uploads\/2021\/06\/KBstudio_arnyekok.jpg\" \/>\n<script type=\"application\/ld+json\" class=\"yoast-schema-graph\">{\"@context\":\"https:\/\/schema.org\",\"@graph\":[{\"@type\":\"Organization\",\"@id\":\"http:\/\/szolnokimuvesztelep.com\/en\/#organization\",\"name\":\"Szolnoki M\\u0171v\\u00e9sztelep\",\"url\":\"http:\/\/szolnokimuvesztelep.com\/en\/\",\"sameAs\":[\"https:\/\/www.facebook.com\/szolnokimuvesztelepofficial\/\",\"https:\/\/www.instagram.com\/szolnoki_muvesztelep\/\",\"https:\/\/www.youtube.com\/channel\/UCAYRF4A8FrslG3J__XEjEoA\",\"https:\/\/hu.wikipedia.org\/wiki\/Szolnoki_m\\u0171v\\u00e9sztelep\"],\"logo\":{\"@type\":\"ImageObject\",\"@id\":\"http:\/\/szolnokimuvesztelep.com\/en\/#logo\",\"inLanguage\":\"en-US\",\"url\":\"https:\/\/i0.wp.com\/szolnokimuvesztelep.com\/wp-content\/uploads\/2020\/05\/szmt_2019_szlogen_psz-01.png?fit=2242%2C863\",\"width\":2242,\"height\":863,\"caption\":\"Szolnoki M\\u0171v\\u00e9sztelep\"},\"image\":{\"@id\":\"http:\/\/szolnokimuvesztelep.com\/en\/#logo\"}},{\"@type\":\"WebSite\",\"@id\":\"http:\/\/szolnokimuvesztelep.com\/en\/#website\",\"url\":\"http:\/\/szolnokimuvesztelep.com\/en\/\",\"name\":\"SZOLNOKI M\\u0170V\\u00c9SZTELEP\",\"description\":\"Meg\\u00fajul\\u00f3 hagyom\\u00e1ny\",\"publisher\":{\"@id\":\"http:\/\/szolnokimuvesztelep.com\/en\/#organization\"},\"potentialAction\":[{\"@type\":\"SearchAction\",\"target\":\"http:\/\/szolnokimuvesztelep.com\/en\/?s={search_term_string}\",\"query-input\":\"required name=search_term_string\"}],\"inLanguage\":\"en-US\"},{\"@type\":\"ImageObject\",\"@id\":\"http:\/\/szolnokimuvesztelep.com\/sotetkamra-kontakt-improvizacios-muhely\/#primaryimage\",\"inLanguage\":\"en-US\",\"url\":\"https:\/\/i0.wp.com\/szolnokimuvesztelep.com\/wp-content\/uploads\/2021\/06\/KBstudio_arnyekok.jpg?fit=960%2C353\",\"width\":960,\"height\":353},{\"@type\":\"WebPage\",\"@id\":\"http:\/\/szolnokimuvesztelep.com\/sotetkamra-kontakt-improvizacios-muhely\/#webpage\",\"url\":\"http:\/\/szolnokimuvesztelep.com\/sotetkamra-kontakt-improvizacios-muhely\/\",\"name\":\"S\\u00f6t\\u00e9tkamra Kontakt Improviz\\u00e1ci\\u00f3s M\\u0171hely - SZOLNOKI M\\u0170V\\u00c9SZTELEP\",\"isPartOf\":{\"@id\":\"http:\/\/szolnokimuvesztelep.com\/en\/#website\"},\"primaryImageOfPage\":{\"@id\":\"http:\/\/szolnokimuvesztelep.com\/sotetkamra-kontakt-improvizacios-muhely\/#primaryimage\"},\"datePublished\":\"2021-06-10T09:44:00+00:00\",\"dateModified\":\"2021-06-10T09:48:26+00:00\",\"inLanguage\":\"en-US\",\"potentialAction\":[{\"@type\":\"ReadAction\",\"target\":[\"http:\/\/szolnokimuvesztelep.com\/sotetkamra-kontakt-improvizacios-muhely\/\"]}]}]}<\/script>\n<!-- \/ Yoast SEO Premium plugin. -->","jetpack_sharing_enabled":true,"jetpack_shortlink":"https:\/\/wp.me\/P9tpmR-1LV","jetpack_likes_enabled":true,"jetpack-related-posts":[],"_links":{"self":[{"href":"http:\/\/szolnokimuvesztelep.com\/en\/wp-json\/wp\/v2\/pages\/6815"}],"collection":[{"href":"http:\/\/szolnokimuvesztelep.com\/en\/wp-json\/wp\/v2\/pages"}],"about":[{"href":"http:\/\/szolnokimuvesztelep.com\/en\/wp-json\/wp\/v2\/types\/page"}],"author":[{"embeddable":true,"href":"http:\/\/szolnokimuvesztelep.com\/en\/wp-json\/wp\/v2\/users\/9"}],"replies":[{"embeddable":true,"href":"http:\/\/szolnokimuvesztelep.com\/en\/wp-json\/wp\/v2\/comments?post=6815"}],"version-history":[{"count":2,"href":"http:\/\/szolnokimuvesztelep.com\/en\/wp-json\/wp\/v2\/pages\/6815\/revisions"}],"predecessor-version":[{"id":6818,"href":"http:\/\/szolnokimuvesztelep.com\/en\/wp-json\/wp\/v2\/pages\/6815\/revisions\/6818"}],"wp:attachment":[{"href":"http:\/\/szolnokimuvesztelep.com\/en\/wp-json\/wp\/v2\/media?parent=6815"}],"wp:term":[{"taxonomy":"category","embeddable":true,"href":"http:\/\/szolnokimuvesztelep.com\/en\/wp-json\/wp\/v2\/categories?post=6815"},{"taxonomy":"post_tag","embeddable":true,"href":"http:\/\/szolnokimuvesztelep.com\/en\/wp-json\/wp\/v2\/tags?post=6815"},{"taxonomy":"yst_prominent_words","embeddable":true,"href":"http:\/\/szolnokimuvesztelep.com\/en\/wp-json\/wp\/v2\/yst_prominent_words?post=6815"}],"curies":[{"name":"wp","href":"https:\/\/api.w.org\/{rel}","templated":true}]}}