{"id":6808,"date":"2021-06-10T09:05:24","date_gmt":"2021-06-10T09:05:24","guid":{"rendered":"http:\/\/szolnokimuvesztelep.com\/?page_id=6808"},"modified":"2021-06-10T09:12:43","modified_gmt":"2021-06-10T09:12:43","slug":"a-balaton-zenekar-koncertje-a-szolnoki-muvesztelepen","status":"publish","type":"page","link":"http:\/\/szolnokimuvesztelep.com\/en\/a-balaton-zenekar-koncertje-a-szolnoki-muvesztelepen\/","title":{"rendered":"A Balaton Zenekar koncertje a Szolnoki M\u0171v\u00e9sztelepen"},"content":{"rendered":"<div data-elementor-type=\"wp-page\" data-elementor-id=\"6808\" class=\"elementor elementor-6808\" data-elementor-settings=\"[]\">\n\t\t\t<div class=\"elementor-inner\">\n\t\t\t\t<div class=\"elementor-section-wrap\">\n\t\t\t\t\t\t\t<section class=\"elementor-element elementor-element-70362d0 elementor-section-boxed elementor-section-height-default elementor-section-height-default elementor-section elementor-top-section\" data-id=\"70362d0\" data-element_type=\"section\">\n\t\t\t\t\t\t<div class=\"elementor-container elementor-column-gap-default\">\n\t\t\t\t<div class=\"elementor-row\">\n\t\t\t\t<div class=\"elementor-element elementor-element-4167a65 elementor-column elementor-col-100 elementor-top-column\" data-id=\"4167a65\" data-element_type=\"column\">\n\t\t\t<div class=\"elementor-column-wrap  elementor-element-populated\">\n\t\t\t\t\t<div class=\"elementor-widget-wrap\">\n\t\t\t\t<div class=\"elementor-element elementor-element-f2a81b8 elementor-widget elementor-widget-image\" data-id=\"f2a81b8\" data-element_type=\"widget\" data-widget_type=\"image.default\">\n\t\t\t\t<div class=\"elementor-widget-container\">\n\t\t\t\t\t<div class=\"elementor-image\">\n\t\t\t\t\t\t\t\t\t\t<img width=\"790\" height=\"455\" src=\"https:\/\/i0.wp.com\/szolnokimuvesztelep.com\/wp-content\/uploads\/2021\/06\/800px-Balaton_egyuttes_2011_1-scaled.jpg?fit=790%2C455\" class=\"attachment-large size-large\" alt=\"\" loading=\"lazy\" srcset=\"https:\/\/i0.wp.com\/szolnokimuvesztelep.com\/wp-content\/uploads\/2021\/06\/800px-Balaton_egyuttes_2011_1-scaled.jpg?w=2560 2560w, https:\/\/i0.wp.com\/szolnokimuvesztelep.com\/wp-content\/uploads\/2021\/06\/800px-Balaton_egyuttes_2011_1-scaled.jpg?resize=300%2C173 300w, https:\/\/i0.wp.com\/szolnokimuvesztelep.com\/wp-content\/uploads\/2021\/06\/800px-Balaton_egyuttes_2011_1-scaled.jpg?resize=1024%2C590 1024w, https:\/\/i0.wp.com\/szolnokimuvesztelep.com\/wp-content\/uploads\/2021\/06\/800px-Balaton_egyuttes_2011_1-scaled.jpg?resize=768%2C443 768w, https:\/\/i0.wp.com\/szolnokimuvesztelep.com\/wp-content\/uploads\/2021\/06\/800px-Balaton_egyuttes_2011_1-scaled.jpg?resize=1536%2C885 1536w, https:\/\/i0.wp.com\/szolnokimuvesztelep.com\/wp-content\/uploads\/2021\/06\/800px-Balaton_egyuttes_2011_1-scaled.jpg?resize=2048%2C1180 2048w, https:\/\/i0.wp.com\/szolnokimuvesztelep.com\/wp-content\/uploads\/2021\/06\/800px-Balaton_egyuttes_2011_1-scaled.jpg?w=1720 1720w\" sizes=\"(max-width: 790px) 100vw, 790px\" data-attachment-id=\"6809\" data-permalink=\"http:\/\/szolnokimuvesztelep.com\/en\/a-balaton-zenekar-koncertje-a-szolnoki-muvesztelepen\/800px-balaton_egyuttes_2011_1\/\" data-orig-file=\"https:\/\/i0.wp.com\/szolnokimuvesztelep.com\/wp-content\/uploads\/2021\/06\/800px-Balaton_egyuttes_2011_1-scaled.jpg?fit=2560%2C1476\" data-orig-size=\"2560,1476\" data-comments-opened=\"1\" data-image-meta=\"{&quot;aperture&quot;:&quot;3.2&quot;,&quot;credit&quot;:&quot;&quot;,&quot;camera&quot;:&quot;DMC-FZ45&quot;,&quot;caption&quot;:&quot;&quot;,&quot;created_timestamp&quot;:&quot;1320442444&quot;,&quot;copyright&quot;:&quot;&quot;,&quot;focal_length&quot;:&quot;8.7&quot;,&quot;iso&quot;:&quot;800&quot;,&quot;shutter_speed&quot;:&quot;0.033333333333333&quot;,&quot;title&quot;:&quot;&quot;,&quot;orientation&quot;:&quot;1&quot;}\" data-image-title=\"800px-Balaton_egy\u00fcttes_2011_(1)\" data-image-description=\"\" data-medium-file=\"https:\/\/i0.wp.com\/szolnokimuvesztelep.com\/wp-content\/uploads\/2021\/06\/800px-Balaton_egyuttes_2011_1-scaled.jpg?fit=300%2C173\" data-large-file=\"https:\/\/i0.wp.com\/szolnokimuvesztelep.com\/wp-content\/uploads\/2021\/06\/800px-Balaton_egyuttes_2011_1-scaled.jpg?fit=790%2C455\" \/>\t\t\t\t\t\t\t\t\t\t\t<\/div>\n\t\t\t\t<\/div>\n\t\t\t\t<\/div>\n\t\t\t\t\t\t<\/div>\n\t\t\t<\/div>\n\t\t<\/div>\n\t\t\t\t\t\t<\/div>\n\t\t\t<\/div>\n\t\t<\/section>\n\t\t\t\t<section class=\"elementor-element elementor-element-f6f9b6b elementor-section-boxed elementor-section-height-default elementor-section-height-default elementor-section elementor-top-section\" data-id=\"f6f9b6b\" data-element_type=\"section\">\n\t\t\t\t\t\t<div class=\"elementor-container elementor-column-gap-default\">\n\t\t\t\t<div class=\"elementor-row\">\n\t\t\t\t<div class=\"elementor-element elementor-element-74c5963 elementor-column elementor-col-100 elementor-top-column\" data-id=\"74c5963\" data-element_type=\"column\">\n\t\t\t<div class=\"elementor-column-wrap  elementor-element-populated\">\n\t\t\t\t\t<div class=\"elementor-widget-wrap\">\n\t\t\t\t<div class=\"elementor-element elementor-element-0686b70 elementor-widget elementor-widget-heading\" data-id=\"0686b70\" data-element_type=\"widget\" data-widget_type=\"heading.default\">\n\t\t\t\t<div class=\"elementor-widget-container\">\n\t\t\t<h2 class=\"elementor-heading-title elementor-size-default\">A Balaton Egy\u00fcttes koncertje<\/h2>\t\t<\/div>\n\t\t\t\t<\/div>\n\t\t\t\t<div class=\"elementor-element elementor-element-4b60b7f elementor-widget elementor-widget-heading\" data-id=\"4b60b7f\" data-element_type=\"widget\" data-widget_type=\"heading.default\">\n\t\t\t\t<div class=\"elementor-widget-container\">\n\t\t\t<h2 class=\"elementor-heading-title elementor-size-default\">A Szolnoki M\u0171v\u00e9sztelepen<\/h2>\t\t<\/div>\n\t\t\t\t<\/div>\n\t\t\t\t<div class=\"elementor-element elementor-element-5f4314f elementor-widget elementor-widget-heading\" data-id=\"5f4314f\" data-element_type=\"widget\" data-widget_type=\"heading.default\">\n\t\t\t\t<div class=\"elementor-widget-container\">\n\t\t\t<h2 class=\"elementor-heading-title elementor-size-default\">2021. 07. 02-\u00e1n 21.30 \u00f3rakor<\/h2>\t\t<\/div>\n\t\t\t\t<\/div>\n\t\t\t\t\t\t<\/div>\n\t\t\t<\/div>\n\t\t<\/div>\n\t\t\t\t\t\t<\/div>\n\t\t\t<\/div>\n\t\t<\/section>\n\t\t\t\t<section class=\"elementor-element elementor-element-6e0d49c elementor-section-boxed elementor-section-height-default elementor-section-height-default elementor-section elementor-top-section\" data-id=\"6e0d49c\" data-element_type=\"section\">\n\t\t\t\t\t\t<div class=\"elementor-container elementor-column-gap-default\">\n\t\t\t\t<div class=\"elementor-row\">\n\t\t\t\t<div class=\"elementor-element elementor-element-0c6bf83 elementor-column elementor-col-100 elementor-top-column\" data-id=\"0c6bf83\" data-element_type=\"column\">\n\t\t\t<div class=\"elementor-column-wrap  elementor-element-populated\">\n\t\t\t\t\t<div class=\"elementor-widget-wrap\">\n\t\t\t\t<div class=\"elementor-element elementor-element-1c24eaf elementor-widget elementor-widget-text-editor\" data-id=\"1c24eaf\" data-element_type=\"widget\" data-widget_type=\"text-editor.default\">\n\t\t\t\t<div class=\"elementor-widget-container\">\n\t\t\t\t\t<div class=\"elementor-text-editor elementor-clearfix\"><p><span>A <\/span><b>Balaton<\/b><span>\u00a0egy alternat\u00edv zen\u00e9t j\u00e1tsz\u00f3 csapat. V\u00edg Mih\u00e1ly \u00e9s Hunyadi K\u00e1roly alap\u00edtott\u00e1k 1979-ben. A kezdetekben az alap\u00edt\u00f3k saj\u00e1t szerzem\u00e9nyeiket, valamint Vet\u0151 J\u00e1nos \u00e9s Kozma Gy\u00f6rgy verseket\u00a0<\/span>zen\u00e9s\u00edtettek<span>\u00a0meg \u00e9s adtak el\u0151 diavet\u00edt\u00e9sekkel egybek\u00f6tve a\u00a0<\/span>BME<span>\u00a0Bercs\u00e9nyi koll\u00e9gium\u00e1ban valamint a Kass\u00e1k Klubban. Ekkor k\u00f6zrem\u0171k\u00f6d\u0151k\u00e9nt az egy\u00fcttesben fell\u00e9pett K\u00f6nigh P\u00e9ter (sz\u00e1j<\/span>harmonika<span>, \u00e9nek) \u00e9s Hajn\u00f3czy \u00c1rp\u00e1d (<\/span>szaxofon<span>). Els\u0151 koncertj\u00fcket az\u00a0<\/span>URH<span>\u00a0egy\u00fcttessel adt\u00e1k k\u00f6z\u00f6sen\u00a0<\/span>1980<span>\u00a0szeptember\u00e9ben egy pszichi\u00e1triai ambulancia udvar\u00e1n.<\/span><\/p><p>1992<span>-ben k\u00e9t arch\u00edv\u00a0<\/span>koncertfelv\u00e9telt<span>\u00a0tartalmaz\u00f3 kazetta jelent meg, az els\u0151 st\u00fadi\u00f3lemez pedig\u00a0<\/span>1996<span>-ban l\u00e1tott napvil\u00e1got\u00a0<\/span><i>A f\u00e9ny k\u00f6zepe a s\u00f6t\u00e9ts\u00e9g kapuj\u00e1ban<\/i><span>\u00a0c\u00edmmel.<\/span><\/p><p><span>Az\u00a0<\/span>1990-es \u00e9vek<span>\u00a0v\u00e9g\u00e9t\u0151l a Balaton egy m\u00e9g \u00fajabb fel\u00e1ll\u00e1sban\u00a0<\/span>ef Z\u00e1mb\u00f3 Istv\u00e1n egy\u00fcttes\u00e9vel<span>\u00a0\u00e9s\u00a0<\/span>f\u00fav\u00f3sokkal<span>\u00a0kieg\u00e9sz\u00fclve koncertezett. Ekkort\u00f3l f\u0151k\u00e9nt klasszikus\u00a0<\/span>nyolcvanas<span>\u00a0\u00e9vekbeli sanzonjaikat,\u00a0<\/span>Trabant<span>\u00a0\u00e9s\u00a0<\/span>Neurotic<span>\u00a0sz\u00e1mokat j\u00e1tszottak, kieg\u00e9sz\u00edtve 1996-os dalokkal \u00e9s a\u00a0<\/span>Hung\u00e1ria<span>\u00a0egy\u00fcttes p\u00e1r sz\u00e1m\u00e1nak csak a Balatonra jellemz\u0151 melankolikus, szomork\u00e1s feldolgoz\u00e1s\u00e1val.<\/span><\/p><p><strong>2021. j\u00falius 2-\u00e1n a Balaton Egy\u00fcttes 21.30 \u00f3r\u00e1t\u00f3l l\u00e1that\u00f3 \u00e9s hallhat\u00f3 a Szolnoki M\u0171v\u00e9sztelepen!<\/strong><\/p><\/div>\n\t\t\t\t<\/div>\n\t\t\t\t<\/div>\n\t\t\t\t\t\t<\/div>\n\t\t\t<\/div>\n\t\t<\/div>\n\t\t\t\t\t\t<\/div>\n\t\t\t<\/div>\n\t\t<\/section>\n\t\t\t\t\t\t<\/div>\n\t\t\t<\/div>\n\t\t<\/div>","protected":false},"excerpt":{"rendered":"<p>A Balaton Egy\u00fcttes koncertje A Szolnoki M\u0171v\u00e9sztelepen 2021. 07. 02-\u00e1n 21.30 \u00f3rakor A Balaton\u00a0egy alternat\u00edv zen\u00e9t j\u00e1tsz\u00f3 csapat. V\u00edg Mih\u00e1ly \u00e9s Hunyadi K\u00e1roly alap\u00edtott\u00e1k 1979-ben. A kezdetekben az alap\u00edt\u00f3k saj\u00e1t szerzem\u00e9nyeiket, valamint Vet\u0151 J\u00e1nos \u00e9s Kozma Gy\u00f6rgy verseket\u00a0zen\u00e9s\u00edtettek\u00a0meg \u00e9s adtak el\u0151 diavet\u00edt\u00e9sekkel egybek\u00f6tve a\u00a0BME\u00a0Bercs\u00e9nyi koll\u00e9gium\u00e1ban valamint a Kass\u00e1k Klubban. Ekkor&hellip; <\/p>","protected":false},"author":9,"featured_media":0,"parent":0,"menu_order":0,"comment_status":"closed","ping_status":"closed","template":"","meta":{"spay_email":""},"categories":[],"tags":[],"yst_prominent_words":[],"yoast_head":"<!-- This site is optimized with the Yoast SEO Premium plugin v14.1 - https:\/\/yoast.com\/wordpress\/plugins\/seo\/ -->\n<title>A Balaton Zenekar koncertje a Szolnoki M\u0171v\u00e9sztelepen - SZOLNOKI M\u0170V\u00c9SZTELEP<\/title>\n<meta name=\"robots\" content=\"index, follow\" \/>\n<meta name=\"googlebot\" content=\"index, follow, max-snippet:-1, max-image-preview:large, max-video-preview:-1\" \/>\n<meta name=\"bingbot\" content=\"index, follow, max-snippet:-1, max-image-preview:large, max-video-preview:-1\" \/>\n<link rel=\"canonical\" href=\"http:\/\/szolnokimuvesztelep.com\/en\/a-balaton-zenekar-koncertje-a-szolnoki-muvesztelepen\/\" \/>\n<meta property=\"og:locale\" content=\"en_US\" \/>\n<meta property=\"og:type\" content=\"article\" \/>\n<meta property=\"og:title\" content=\"A Balaton Zenekar koncertje a Szolnoki M\u0171v\u00e9sztelepen - SZOLNOKI M\u0170V\u00c9SZTELEP\" \/>\n<meta property=\"og:description\" content=\"A Balaton Egy\u00fcttes koncertje A Szolnoki M\u0171v\u00e9sztelepen 2021. 07. 02-\u00e1n 21.30 \u00f3rakor A Balaton\u00a0egy alternat\u00edv zen\u00e9t j\u00e1tsz\u00f3 csapat. V\u00edg Mih\u00e1ly \u00e9s Hunyadi K\u00e1roly alap\u00edtott\u00e1k 1979-ben. A kezdetekben az alap\u00edt\u00f3k saj\u00e1t szerzem\u00e9nyeiket, valamint Vet\u0151 J\u00e1nos \u00e9s Kozma Gy\u00f6rgy verseket\u00a0zen\u00e9s\u00edtettek\u00a0meg \u00e9s adtak el\u0151 diavet\u00edt\u00e9sekkel egybek\u00f6tve a\u00a0BME\u00a0Bercs\u00e9nyi koll\u00e9gium\u00e1ban valamint a Kass\u00e1k Klubban. Ekkor&hellip;\" \/>\n<meta property=\"og:url\" content=\"http:\/\/szolnokimuvesztelep.com\/en\/a-balaton-zenekar-koncertje-a-szolnoki-muvesztelepen\/\" \/>\n<meta property=\"og:site_name\" content=\"SZOLNOKI M\u0170V\u00c9SZTELEP\" \/>\n<meta property=\"article:publisher\" content=\"https:\/\/www.facebook.com\/szolnokimuvesztelepofficial\/\" \/>\n<meta property=\"article:modified_time\" content=\"2021-06-10T09:12:43+00:00\" \/>\n<meta property=\"og:image\" content=\"http:\/\/szolnokimuvesztelep.com\/wp-content\/uploads\/2021\/06\/800px-Balaton_egyuttes_2011_1-1024x590.jpg\" \/>\n<script type=\"application\/ld+json\" class=\"yoast-schema-graph\">{\"@context\":\"https:\/\/schema.org\",\"@graph\":[{\"@type\":\"Organization\",\"@id\":\"http:\/\/szolnokimuvesztelep.com\/en\/#organization\",\"name\":\"Szolnoki M\\u0171v\\u00e9sztelep\",\"url\":\"http:\/\/szolnokimuvesztelep.com\/en\/\",\"sameAs\":[\"https:\/\/www.facebook.com\/szolnokimuvesztelepofficial\/\",\"https:\/\/www.instagram.com\/szolnoki_muvesztelep\/\",\"https:\/\/www.youtube.com\/channel\/UCAYRF4A8FrslG3J__XEjEoA\",\"https:\/\/hu.wikipedia.org\/wiki\/Szolnoki_m\\u0171v\\u00e9sztelep\"],\"logo\":{\"@type\":\"ImageObject\",\"@id\":\"http:\/\/szolnokimuvesztelep.com\/en\/#logo\",\"inLanguage\":\"en-US\",\"url\":\"https:\/\/i0.wp.com\/szolnokimuvesztelep.com\/wp-content\/uploads\/2020\/05\/szmt_2019_szlogen_psz-01.png?fit=2242%2C863\",\"width\":2242,\"height\":863,\"caption\":\"Szolnoki M\\u0171v\\u00e9sztelep\"},\"image\":{\"@id\":\"http:\/\/szolnokimuvesztelep.com\/en\/#logo\"}},{\"@type\":\"WebSite\",\"@id\":\"http:\/\/szolnokimuvesztelep.com\/en\/#website\",\"url\":\"http:\/\/szolnokimuvesztelep.com\/en\/\",\"name\":\"SZOLNOKI M\\u0170V\\u00c9SZTELEP\",\"description\":\"Meg\\u00fajul\\u00f3 hagyom\\u00e1ny\",\"publisher\":{\"@id\":\"http:\/\/szolnokimuvesztelep.com\/en\/#organization\"},\"potentialAction\":[{\"@type\":\"SearchAction\",\"target\":\"http:\/\/szolnokimuvesztelep.com\/en\/?s={search_term_string}\",\"query-input\":\"required name=search_term_string\"}],\"inLanguage\":\"en-US\"},{\"@type\":\"ImageObject\",\"@id\":\"http:\/\/szolnokimuvesztelep.com\/a-balaton-zenekar-koncertje-a-szolnoki-muvesztelepen\/#primaryimage\",\"inLanguage\":\"en-US\",\"url\":\"https:\/\/i0.wp.com\/szolnokimuvesztelep.com\/wp-content\/uploads\/2021\/06\/800px-Balaton_egyuttes_2011_1-scaled.jpg?fit=2560%2C1476\",\"width\":2560,\"height\":1476},{\"@type\":\"WebPage\",\"@id\":\"http:\/\/szolnokimuvesztelep.com\/a-balaton-zenekar-koncertje-a-szolnoki-muvesztelepen\/#webpage\",\"url\":\"http:\/\/szolnokimuvesztelep.com\/a-balaton-zenekar-koncertje-a-szolnoki-muvesztelepen\/\",\"name\":\"A Balaton Zenekar koncertje a Szolnoki M\\u0171v\\u00e9sztelepen - SZOLNOKI M\\u0170V\\u00c9SZTELEP\",\"isPartOf\":{\"@id\":\"http:\/\/szolnokimuvesztelep.com\/en\/#website\"},\"primaryImageOfPage\":{\"@id\":\"http:\/\/szolnokimuvesztelep.com\/a-balaton-zenekar-koncertje-a-szolnoki-muvesztelepen\/#primaryimage\"},\"datePublished\":\"2021-06-10T09:05:24+00:00\",\"dateModified\":\"2021-06-10T09:12:43+00:00\",\"inLanguage\":\"en-US\",\"potentialAction\":[{\"@type\":\"ReadAction\",\"target\":[\"http:\/\/szolnokimuvesztelep.com\/a-balaton-zenekar-koncertje-a-szolnoki-muvesztelepen\/\"]}]}]}<\/script>\n<!-- \/ Yoast SEO Premium plugin. -->","jetpack_sharing_enabled":true,"jetpack_shortlink":"https:\/\/wp.me\/P9tpmR-1LO","jetpack_likes_enabled":true,"jetpack-related-posts":[],"_links":{"self":[{"href":"http:\/\/szolnokimuvesztelep.com\/en\/wp-json\/wp\/v2\/pages\/6808"}],"collection":[{"href":"http:\/\/szolnokimuvesztelep.com\/en\/wp-json\/wp\/v2\/pages"}],"about":[{"href":"http:\/\/szolnokimuvesztelep.com\/en\/wp-json\/wp\/v2\/types\/page"}],"author":[{"embeddable":true,"href":"http:\/\/szolnokimuvesztelep.com\/en\/wp-json\/wp\/v2\/users\/9"}],"replies":[{"embeddable":true,"href":"http:\/\/szolnokimuvesztelep.com\/en\/wp-json\/wp\/v2\/comments?post=6808"}],"version-history":[{"count":3,"href":"http:\/\/szolnokimuvesztelep.com\/en\/wp-json\/wp\/v2\/pages\/6808\/revisions"}],"predecessor-version":[{"id":6812,"href":"http:\/\/szolnokimuvesztelep.com\/en\/wp-json\/wp\/v2\/pages\/6808\/revisions\/6812"}],"wp:attachment":[{"href":"http:\/\/szolnokimuvesztelep.com\/en\/wp-json\/wp\/v2\/media?parent=6808"}],"wp:term":[{"taxonomy":"category","embeddable":true,"href":"http:\/\/szolnokimuvesztelep.com\/en\/wp-json\/wp\/v2\/categories?post=6808"},{"taxonomy":"post_tag","embeddable":true,"href":"http:\/\/szolnokimuvesztelep.com\/en\/wp-json\/wp\/v2\/tags?post=6808"},{"taxonomy":"yst_prominent_words","embeddable":true,"href":"http:\/\/szolnokimuvesztelep.com\/en\/wp-json\/wp\/v2\/yst_prominent_words?post=6808"}],"curies":[{"name":"wp","href":"https:\/\/api.w.org\/{rel}","templated":true}]}}