{"id":6798,"date":"2021-06-10T08:51:27","date_gmt":"2021-06-10T08:51:27","guid":{"rendered":"http:\/\/szolnokimuvesztelep.com\/?page_id=6798"},"modified":"2021-06-10T09:00:09","modified_gmt":"2021-06-10T09:00:09","slug":"tancetudok","status":"publish","type":"page","link":"http:\/\/szolnokimuvesztelep.com\/en\/tancetudok\/","title":{"rendered":"T\u00e1ncet\u00fcd\u00f6k"},"content":{"rendered":"<div data-elementor-type=\"wp-page\" data-elementor-id=\"6798\" class=\"elementor elementor-6798\" data-elementor-settings=\"[]\">\n\t\t\t<div class=\"elementor-inner\">\n\t\t\t\t<div class=\"elementor-section-wrap\">\n\t\t\t\t\t\t\t<section class=\"elementor-element elementor-element-32f451c elementor-section-boxed elementor-section-height-default elementor-section-height-default elementor-section elementor-top-section\" data-id=\"32f451c\" data-element_type=\"section\">\n\t\t\t\t\t\t<div class=\"elementor-container elementor-column-gap-default\">\n\t\t\t\t<div class=\"elementor-row\">\n\t\t\t\t<div class=\"elementor-element elementor-element-6443a3e elementor-column elementor-col-100 elementor-top-column\" data-id=\"6443a3e\" data-element_type=\"column\">\n\t\t\t<div class=\"elementor-column-wrap  elementor-element-populated\">\n\t\t\t\t\t<div class=\"elementor-widget-wrap\">\n\t\t\t\t<div class=\"elementor-element elementor-element-8aca5bb elementor-widget elementor-widget-image\" data-id=\"8aca5bb\" data-element_type=\"widget\" data-widget_type=\"image.default\">\n\t\t\t\t<div class=\"elementor-widget-container\">\n\t\t\t\t\t<div class=\"elementor-image\">\n\t\t\t\t\t\t\t\t\t\t<img width=\"663\" height=\"441\" src=\"https:\/\/i0.wp.com\/szolnokimuvesztelep.com\/wp-content\/uploads\/2021\/06\/Nevtelen.jpg?fit=663%2C441\" class=\"attachment-large size-large\" alt=\"\" loading=\"lazy\" srcset=\"https:\/\/i0.wp.com\/szolnokimuvesztelep.com\/wp-content\/uploads\/2021\/06\/Nevtelen.jpg?w=663 663w, https:\/\/i0.wp.com\/szolnokimuvesztelep.com\/wp-content\/uploads\/2021\/06\/Nevtelen.jpg?resize=300%2C200 300w\" sizes=\"(max-width: 663px) 100vw, 663px\" data-attachment-id=\"6804\" data-permalink=\"http:\/\/szolnokimuvesztelep.com\/en\/tancetudok\/nevtelen\/\" data-orig-file=\"https:\/\/i0.wp.com\/szolnokimuvesztelep.com\/wp-content\/uploads\/2021\/06\/Nevtelen.jpg?fit=663%2C441\" data-orig-size=\"663,441\" data-comments-opened=\"1\" data-image-meta=\"{&quot;aperture&quot;:&quot;0&quot;,&quot;credit&quot;:&quot;&quot;,&quot;camera&quot;:&quot;&quot;,&quot;caption&quot;:&quot;&quot;,&quot;created_timestamp&quot;:&quot;0&quot;,&quot;copyright&quot;:&quot;&quot;,&quot;focal_length&quot;:&quot;0&quot;,&quot;iso&quot;:&quot;0&quot;,&quot;shutter_speed&quot;:&quot;0&quot;,&quot;title&quot;:&quot;&quot;,&quot;orientation&quot;:&quot;0&quot;}\" data-image-title=\"N\u00e9vtelen\" data-image-description=\"\" data-medium-file=\"https:\/\/i0.wp.com\/szolnokimuvesztelep.com\/wp-content\/uploads\/2021\/06\/Nevtelen.jpg?fit=300%2C200\" data-large-file=\"https:\/\/i0.wp.com\/szolnokimuvesztelep.com\/wp-content\/uploads\/2021\/06\/Nevtelen.jpg?fit=663%2C441\" \/>\t\t\t\t\t\t\t\t\t\t\t<\/div>\n\t\t\t\t<\/div>\n\t\t\t\t<\/div>\n\t\t\t\t\t\t<\/div>\n\t\t\t<\/div>\n\t\t<\/div>\n\t\t\t\t\t\t<\/div>\n\t\t\t<\/div>\n\t\t<\/section>\n\t\t\t\t<section class=\"elementor-element elementor-element-6f0dcf4 elementor-section-boxed elementor-section-height-default elementor-section-height-default elementor-section elementor-top-section\" data-id=\"6f0dcf4\" data-element_type=\"section\">\n\t\t\t\t\t\t<div class=\"elementor-container elementor-column-gap-default\">\n\t\t\t\t<div class=\"elementor-row\">\n\t\t\t\t<div class=\"elementor-element elementor-element-ceb0832 elementor-column elementor-col-100 elementor-top-column\" data-id=\"ceb0832\" data-element_type=\"column\">\n\t\t\t<div class=\"elementor-column-wrap  elementor-element-populated\">\n\t\t\t\t\t<div class=\"elementor-widget-wrap\">\n\t\t\t\t<div class=\"elementor-element elementor-element-c2b09ac elementor-widget elementor-widget-heading\" data-id=\"c2b09ac\" data-element_type=\"widget\" data-widget_type=\"heading.default\">\n\t\t\t\t<div class=\"elementor-widget-container\">\n\t\t\t<h2 class=\"elementor-heading-title elementor-size-default\">Szilv\u00e1si Anna \u00e9s Luk\u00e1cs Levente t\u00e1ncel\u0151ad\u00e1sa<\/h2>\t\t<\/div>\n\t\t\t\t<\/div>\n\t\t\t\t<div class=\"elementor-element elementor-element-bf7ea6b elementor-widget elementor-widget-heading\" data-id=\"bf7ea6b\" data-element_type=\"widget\" data-widget_type=\"heading.default\">\n\t\t\t\t<div class=\"elementor-widget-container\">\n\t\t\t<h2 class=\"elementor-heading-title elementor-size-default\">2021.07.03-\u00e1n 17.00 \u00f3rakor<\/h2>\t\t<\/div>\n\t\t\t\t<\/div>\n\t\t\t\t\t\t<\/div>\n\t\t\t<\/div>\n\t\t<\/div>\n\t\t\t\t\t\t<\/div>\n\t\t\t<\/div>\n\t\t<\/section>\n\t\t\t\t<section class=\"elementor-element elementor-element-e661c2f elementor-section-boxed elementor-section-height-default elementor-section-height-default elementor-section elementor-top-section\" data-id=\"e661c2f\" data-element_type=\"section\">\n\t\t\t\t\t\t<div class=\"elementor-container elementor-column-gap-default\">\n\t\t\t\t<div class=\"elementor-row\">\n\t\t\t\t<div class=\"elementor-element elementor-element-845d69b elementor-column elementor-col-100 elementor-top-column\" data-id=\"845d69b\" data-element_type=\"column\">\n\t\t\t<div class=\"elementor-column-wrap  elementor-element-populated\">\n\t\t\t\t\t<div class=\"elementor-widget-wrap\">\n\t\t\t\t<div class=\"elementor-element elementor-element-5c63507 elementor-widget elementor-widget-text-editor\" data-id=\"5c63507\" data-element_type=\"widget\" data-widget_type=\"text-editor.default\">\n\t\t\t\t<div class=\"elementor-widget-container\">\n\t\t\t\t\t<div class=\"elementor-text-editor elementor-clearfix\"><p><span>&#8220;<\/span><span class=\"il\">Luk\u00e1cs<\/span><span>\u00a0<\/span><span class=\"il\">Levente<\/span><span>\u00a0\u00e9s Szilv\u00e1si Anna a Magyar T\u00e1ncm\u0171v\u00e9szeti Egyetem modernt\u00e1nc-m\u0171v\u00e9sz BA k\u00e9pz\u00e9s\u00e9n ismerkedtek meg 2013-ban, ahol rengeteg produkci\u00f3ban t\u00e1ncoltak egy\u00fctt partnerk\u00e9nt. <br \/>2018-ban szerezt\u00e9k meg diplom\u00e1jukat, az\u00f3ta szabad\u00fasz\u00f3k\u00e9nt olyan alkot\u00f3kkal dolgoztak\/dolgoznak egy\u00fctt (a teljess\u00e9g ig\u00e9nye n\u00e9lk\u00fcl), mint Duda \u00c9va, Juh\u00e1sz P\u00e9ter, Pataky Kl\u00e1ri, Juh\u00e1sz Kata, Fren\u00e1k P\u00e1l, Anton Lachky vagy H\u00f3d Adrienn. <br \/>Hossz\u00fa id\u0151 ut\u00e1n tal\u00e1lkoznak \u00e9s egy teljesen \u00faj produkci\u00f3val k\u00e9sz\u00fclnek a k\u00f6z\u00f6ns\u00e9g sz\u00e1m\u00e1ra.&#8221;\u00a0<\/span><\/p><\/div>\n\t\t\t\t<\/div>\n\t\t\t\t<\/div>\n\t\t\t\t\t\t<\/div>\n\t\t\t<\/div>\n\t\t<\/div>\n\t\t\t\t\t\t<\/div>\n\t\t\t<\/div>\n\t\t<\/section>\n\t\t\t\t\t\t<\/div>\n\t\t\t<\/div>\n\t\t<\/div>","protected":false},"excerpt":{"rendered":"<p>Szilv\u00e1si Anna \u00e9s Luk\u00e1cs Levente t\u00e1ncel\u0151ad\u00e1sa 2021.07.03-\u00e1n 17.00 \u00f3rakor &#8220;Luk\u00e1cs\u00a0Levente\u00a0\u00e9s Szilv\u00e1si Anna a Magyar T\u00e1ncm\u0171v\u00e9szeti Egyetem modernt\u00e1nc-m\u0171v\u00e9sz BA k\u00e9pz\u00e9s\u00e9n ismerkedtek meg 2013-ban, ahol rengeteg produkci\u00f3ban t\u00e1ncoltak egy\u00fctt partnerk\u00e9nt. 2018-ban szerezt\u00e9k meg diplom\u00e1jukat, az\u00f3ta szabad\u00fasz\u00f3k\u00e9nt olyan alkot\u00f3kkal dolgoztak\/dolgoznak egy\u00fctt (a teljess\u00e9g ig\u00e9nye n\u00e9lk\u00fcl), mint Duda \u00c9va, Juh\u00e1sz P\u00e9ter, Pataky Kl\u00e1ri, Juh\u00e1sz&hellip; <\/p>","protected":false},"author":9,"featured_media":0,"parent":0,"menu_order":0,"comment_status":"closed","ping_status":"closed","template":"","meta":{"spay_email":""},"categories":[],"tags":[],"yst_prominent_words":[],"yoast_head":"<!-- This site is optimized with the Yoast SEO Premium plugin v14.1 - https:\/\/yoast.com\/wordpress\/plugins\/seo\/ -->\n<title>T\u00e1ncet\u00fcd\u00f6k - SZOLNOKI M\u0170V\u00c9SZTELEP<\/title>\n<meta name=\"robots\" content=\"index, follow\" \/>\n<meta name=\"googlebot\" content=\"index, follow, max-snippet:-1, max-image-preview:large, max-video-preview:-1\" \/>\n<meta name=\"bingbot\" content=\"index, follow, max-snippet:-1, max-image-preview:large, max-video-preview:-1\" \/>\n<link rel=\"canonical\" href=\"http:\/\/szolnokimuvesztelep.com\/en\/tancetudok\/\" \/>\n<meta property=\"og:locale\" content=\"en_US\" \/>\n<meta property=\"og:type\" content=\"article\" \/>\n<meta property=\"og:title\" content=\"T\u00e1ncet\u00fcd\u00f6k - SZOLNOKI M\u0170V\u00c9SZTELEP\" \/>\n<meta property=\"og:description\" content=\"Szilv\u00e1si Anna \u00e9s Luk\u00e1cs Levente t\u00e1ncel\u0151ad\u00e1sa 2021.07.03-\u00e1n 17.00 \u00f3rakor &#8220;Luk\u00e1cs\u00a0Levente\u00a0\u00e9s Szilv\u00e1si Anna a Magyar T\u00e1ncm\u0171v\u00e9szeti Egyetem modernt\u00e1nc-m\u0171v\u00e9sz BA k\u00e9pz\u00e9s\u00e9n ismerkedtek meg 2013-ban, ahol rengeteg produkci\u00f3ban t\u00e1ncoltak egy\u00fctt partnerk\u00e9nt. 2018-ban szerezt\u00e9k meg diplom\u00e1jukat, az\u00f3ta szabad\u00fasz\u00f3k\u00e9nt olyan alkot\u00f3kkal dolgoztak\/dolgoznak egy\u00fctt (a teljess\u00e9g ig\u00e9nye n\u00e9lk\u00fcl), mint Duda \u00c9va, Juh\u00e1sz P\u00e9ter, Pataky Kl\u00e1ri, Juh\u00e1sz&hellip;\" \/>\n<meta property=\"og:url\" content=\"http:\/\/szolnokimuvesztelep.com\/en\/tancetudok\/\" \/>\n<meta property=\"og:site_name\" content=\"SZOLNOKI M\u0170V\u00c9SZTELEP\" \/>\n<meta property=\"article:publisher\" content=\"https:\/\/www.facebook.com\/szolnokimuvesztelepofficial\/\" \/>\n<meta property=\"article:modified_time\" content=\"2021-06-10T09:00:09+00:00\" \/>\n<meta property=\"og:image\" content=\"http:\/\/szolnokimuvesztelep.com\/wp-content\/uploads\/2021\/06\/Nevtelen.jpg\" \/>\n<script type=\"application\/ld+json\" class=\"yoast-schema-graph\">{\"@context\":\"https:\/\/schema.org\",\"@graph\":[{\"@type\":\"Organization\",\"@id\":\"http:\/\/szolnokimuvesztelep.com\/en\/#organization\",\"name\":\"Szolnoki M\\u0171v\\u00e9sztelep\",\"url\":\"http:\/\/szolnokimuvesztelep.com\/en\/\",\"sameAs\":[\"https:\/\/www.facebook.com\/szolnokimuvesztelepofficial\/\",\"https:\/\/www.instagram.com\/szolnoki_muvesztelep\/\",\"https:\/\/www.youtube.com\/channel\/UCAYRF4A8FrslG3J__XEjEoA\",\"https:\/\/hu.wikipedia.org\/wiki\/Szolnoki_m\\u0171v\\u00e9sztelep\"],\"logo\":{\"@type\":\"ImageObject\",\"@id\":\"http:\/\/szolnokimuvesztelep.com\/en\/#logo\",\"inLanguage\":\"en-US\",\"url\":\"https:\/\/i0.wp.com\/szolnokimuvesztelep.com\/wp-content\/uploads\/2020\/05\/szmt_2019_szlogen_psz-01.png?fit=2242%2C863\",\"width\":2242,\"height\":863,\"caption\":\"Szolnoki M\\u0171v\\u00e9sztelep\"},\"image\":{\"@id\":\"http:\/\/szolnokimuvesztelep.com\/en\/#logo\"}},{\"@type\":\"WebSite\",\"@id\":\"http:\/\/szolnokimuvesztelep.com\/en\/#website\",\"url\":\"http:\/\/szolnokimuvesztelep.com\/en\/\",\"name\":\"SZOLNOKI M\\u0170V\\u00c9SZTELEP\",\"description\":\"Meg\\u00fajul\\u00f3 hagyom\\u00e1ny\",\"publisher\":{\"@id\":\"http:\/\/szolnokimuvesztelep.com\/en\/#organization\"},\"potentialAction\":[{\"@type\":\"SearchAction\",\"target\":\"http:\/\/szolnokimuvesztelep.com\/en\/?s={search_term_string}\",\"query-input\":\"required name=search_term_string\"}],\"inLanguage\":\"en-US\"},{\"@type\":\"ImageObject\",\"@id\":\"http:\/\/szolnokimuvesztelep.com\/tancetudok\/#primaryimage\",\"inLanguage\":\"en-US\",\"url\":\"https:\/\/i0.wp.com\/szolnokimuvesztelep.com\/wp-content\/uploads\/2021\/06\/Nevtelen.jpg?fit=663%2C441\",\"width\":663,\"height\":441},{\"@type\":\"WebPage\",\"@id\":\"http:\/\/szolnokimuvesztelep.com\/tancetudok\/#webpage\",\"url\":\"http:\/\/szolnokimuvesztelep.com\/tancetudok\/\",\"name\":\"T\\u00e1ncet\\u00fcd\\u00f6k - SZOLNOKI M\\u0170V\\u00c9SZTELEP\",\"isPartOf\":{\"@id\":\"http:\/\/szolnokimuvesztelep.com\/en\/#website\"},\"primaryImageOfPage\":{\"@id\":\"http:\/\/szolnokimuvesztelep.com\/tancetudok\/#primaryimage\"},\"datePublished\":\"2021-06-10T08:51:27+00:00\",\"dateModified\":\"2021-06-10T09:00:09+00:00\",\"inLanguage\":\"en-US\",\"potentialAction\":[{\"@type\":\"ReadAction\",\"target\":[\"http:\/\/szolnokimuvesztelep.com\/tancetudok\/\"]}]}]}<\/script>\n<!-- \/ Yoast SEO Premium plugin. -->","jetpack_sharing_enabled":true,"jetpack_shortlink":"https:\/\/wp.me\/P9tpmR-1LE","jetpack_likes_enabled":true,"jetpack-related-posts":[],"_links":{"self":[{"href":"http:\/\/szolnokimuvesztelep.com\/en\/wp-json\/wp\/v2\/pages\/6798"}],"collection":[{"href":"http:\/\/szolnokimuvesztelep.com\/en\/wp-json\/wp\/v2\/pages"}],"about":[{"href":"http:\/\/szolnokimuvesztelep.com\/en\/wp-json\/wp\/v2\/types\/page"}],"author":[{"embeddable":true,"href":"http:\/\/szolnokimuvesztelep.com\/en\/wp-json\/wp\/v2\/users\/9"}],"replies":[{"embeddable":true,"href":"http:\/\/szolnokimuvesztelep.com\/en\/wp-json\/wp\/v2\/comments?post=6798"}],"version-history":[{"count":2,"href":"http:\/\/szolnokimuvesztelep.com\/en\/wp-json\/wp\/v2\/pages\/6798\/revisions"}],"predecessor-version":[{"id":6806,"href":"http:\/\/szolnokimuvesztelep.com\/en\/wp-json\/wp\/v2\/pages\/6798\/revisions\/6806"}],"wp:attachment":[{"href":"http:\/\/szolnokimuvesztelep.com\/en\/wp-json\/wp\/v2\/media?parent=6798"}],"wp:term":[{"taxonomy":"category","embeddable":true,"href":"http:\/\/szolnokimuvesztelep.com\/en\/wp-json\/wp\/v2\/categories?post=6798"},{"taxonomy":"post_tag","embeddable":true,"href":"http:\/\/szolnokimuvesztelep.com\/en\/wp-json\/wp\/v2\/tags?post=6798"},{"taxonomy":"yst_prominent_words","embeddable":true,"href":"http:\/\/szolnokimuvesztelep.com\/en\/wp-json\/wp\/v2\/yst_prominent_words?post=6798"}],"curies":[{"name":"wp","href":"https:\/\/api.w.org\/{rel}","templated":true}]}}