{"id":6793,"date":"2021-06-10T08:23:30","date_gmt":"2021-06-10T08:23:30","guid":{"rendered":"http:\/\/szolnokimuvesztelep.com\/?page_id=6793"},"modified":"2021-06-10T08:28:07","modified_gmt":"2021-06-10T08:28:07","slug":"a-hid-szinhaz-eloadasa-a-szolnoki-muvesztelepen","status":"publish","type":"page","link":"http:\/\/szolnokimuvesztelep.com\/en\/a-hid-szinhaz-eloadasa-a-szolnoki-muvesztelepen\/","title":{"rendered":"A H\u00cdD Sz\u00ednh\u00e1z el\u0151ad\u00e1sa a Szolnoki M\u0171v\u00e9sztelepen"},"content":{"rendered":"<div data-elementor-type=\"wp-page\" data-elementor-id=\"6793\" class=\"elementor elementor-6793\" data-elementor-settings=\"[]\">\n\t\t\t<div class=\"elementor-inner\">\n\t\t\t\t<div class=\"elementor-section-wrap\">\n\t\t\t\t\t\t\t<section class=\"elementor-element elementor-element-9250e6f elementor-section-boxed elementor-section-height-default elementor-section-height-default elementor-section elementor-top-section\" data-id=\"9250e6f\" data-element_type=\"section\">\n\t\t\t\t\t\t<div class=\"elementor-container elementor-column-gap-default\">\n\t\t\t\t<div class=\"elementor-row\">\n\t\t\t\t<div class=\"elementor-element elementor-element-d0ea529 elementor-column elementor-col-100 elementor-top-column\" data-id=\"d0ea529\" data-element_type=\"column\">\n\t\t\t<div class=\"elementor-column-wrap  elementor-element-populated\">\n\t\t\t\t\t<div class=\"elementor-widget-wrap\">\n\t\t\t\t<div class=\"elementor-element elementor-element-3cd0ccf elementor-widget elementor-widget-image\" data-id=\"3cd0ccf\" data-element_type=\"widget\" data-widget_type=\"image.default\">\n\t\t\t\t<div class=\"elementor-widget-container\">\n\t\t\t\t\t<div class=\"elementor-image\">\n\t\t\t\t\t\t\t\t\t\t<img width=\"640\" height=\"454\" src=\"https:\/\/i1.wp.com\/szolnokimuvesztelep.com\/wp-content\/uploads\/2021\/06\/15-art1.jpg?fit=640%2C454\" class=\"attachment-large size-large\" alt=\"\" loading=\"lazy\" srcset=\"https:\/\/i1.wp.com\/szolnokimuvesztelep.com\/wp-content\/uploads\/2021\/06\/15-art1.jpg?w=640 640w, https:\/\/i1.wp.com\/szolnokimuvesztelep.com\/wp-content\/uploads\/2021\/06\/15-art1.jpg?resize=300%2C213 300w\" sizes=\"(max-width: 640px) 100vw, 640px\" data-attachment-id=\"6794\" data-permalink=\"http:\/\/szolnokimuvesztelep.com\/en\/a-hid-szinhaz-eloadasa-a-szolnoki-muvesztelepen\/15-art1\/\" data-orig-file=\"https:\/\/i1.wp.com\/szolnokimuvesztelep.com\/wp-content\/uploads\/2021\/06\/15-art1.jpg?fit=640%2C454\" data-orig-size=\"640,454\" data-comments-opened=\"1\" data-image-meta=\"{&quot;aperture&quot;:&quot;0&quot;,&quot;credit&quot;:&quot;&quot;,&quot;camera&quot;:&quot;&quot;,&quot;caption&quot;:&quot;&quot;,&quot;created_timestamp&quot;:&quot;0&quot;,&quot;copyright&quot;:&quot;&quot;,&quot;focal_length&quot;:&quot;0&quot;,&quot;iso&quot;:&quot;0&quot;,&quot;shutter_speed&quot;:&quot;0&quot;,&quot;title&quot;:&quot;&quot;,&quot;orientation&quot;:&quot;0&quot;}\" data-image-title=\"15-art1\" data-image-description=\"\" data-medium-file=\"https:\/\/i1.wp.com\/szolnokimuvesztelep.com\/wp-content\/uploads\/2021\/06\/15-art1.jpg?fit=300%2C213\" data-large-file=\"https:\/\/i1.wp.com\/szolnokimuvesztelep.com\/wp-content\/uploads\/2021\/06\/15-art1.jpg?fit=640%2C454\" \/>\t\t\t\t\t\t\t\t\t\t\t<\/div>\n\t\t\t\t<\/div>\n\t\t\t\t<\/div>\n\t\t\t\t\t\t<\/div>\n\t\t\t<\/div>\n\t\t<\/div>\n\t\t\t\t\t\t<\/div>\n\t\t\t<\/div>\n\t\t<\/section>\n\t\t\t\t<section class=\"elementor-element elementor-element-c75b201 elementor-section-boxed elementor-section-height-default elementor-section-height-default elementor-section elementor-top-section\" data-id=\"c75b201\" data-element_type=\"section\">\n\t\t\t\t\t\t<div class=\"elementor-container elementor-column-gap-default\">\n\t\t\t\t<div class=\"elementor-row\">\n\t\t\t\t<div class=\"elementor-element elementor-element-724edc0 elementor-column elementor-col-100 elementor-top-column\" data-id=\"724edc0\" data-element_type=\"column\">\n\t\t\t<div class=\"elementor-column-wrap  elementor-element-populated\">\n\t\t\t\t\t<div class=\"elementor-widget-wrap\">\n\t\t\t\t<div class=\"elementor-element elementor-element-deb3ccd elementor-widget elementor-widget-heading\" data-id=\"deb3ccd\" data-element_type=\"widget\" data-widget_type=\"heading.default\">\n\t\t\t\t<div class=\"elementor-widget-container\">\n\t\t\t<h2 class=\"elementor-heading-title elementor-size-default\">A H\u00cdD Sz\u00ednh\u00e1z el\u0151ad\u00e1sa<\/h2>\t\t<\/div>\n\t\t\t\t<\/div>\n\t\t\t\t<div class=\"elementor-element elementor-element-60d8e0b elementor-widget elementor-widget-heading\" data-id=\"60d8e0b\" data-element_type=\"widget\" data-widget_type=\"heading.default\">\n\t\t\t\t<div class=\"elementor-widget-container\">\n\t\t\t<h2 class=\"elementor-heading-title elementor-size-default\">A Szolnoki M\u0171v\u00e9sztelepen<\/h2>\t\t<\/div>\n\t\t\t\t<\/div>\n\t\t\t\t<div class=\"elementor-element elementor-element-101d41e elementor-widget elementor-widget-heading\" data-id=\"101d41e\" data-element_type=\"widget\" data-widget_type=\"heading.default\">\n\t\t\t\t<div class=\"elementor-widget-container\">\n\t\t\t<h2 class=\"elementor-heading-title elementor-size-default\">2021. J\u00falius 3-\u00e1n 16.00 \u00f3rakor<\/h2>\t\t<\/div>\n\t\t\t\t<\/div>\n\t\t\t\t\t\t<\/div>\n\t\t\t<\/div>\n\t\t<\/div>\n\t\t\t\t\t\t<\/div>\n\t\t\t<\/div>\n\t\t<\/section>\n\t\t\t\t<section class=\"elementor-element elementor-element-38bffd7 elementor-section-boxed elementor-section-height-default elementor-section-height-default elementor-section elementor-top-section\" data-id=\"38bffd7\" data-element_type=\"section\">\n\t\t\t\t\t\t<div class=\"elementor-container elementor-column-gap-default\">\n\t\t\t\t<div class=\"elementor-row\">\n\t\t\t\t<div class=\"elementor-element elementor-element-1c661c8 elementor-column elementor-col-100 elementor-top-column\" data-id=\"1c661c8\" data-element_type=\"column\">\n\t\t\t<div class=\"elementor-column-wrap  elementor-element-populated\">\n\t\t\t\t\t<div class=\"elementor-widget-wrap\">\n\t\t\t\t<div class=\"elementor-element elementor-element-6c4e609 elementor-widget elementor-widget-text-editor\" data-id=\"6c4e609\" data-element_type=\"widget\" data-widget_type=\"text-editor.default\">\n\t\t\t\t<div class=\"elementor-widget-container\">\n\t\t\t\t\t<div class=\"elementor-text-editor elementor-clearfix\"><p>\u00daj, \u00e9s m\u00e9g \u00fajabb hull\u00e1mok j\u00f6nnek. Nem\u00a0 a m\u0171v\u00e9szetben, dehogy, hanem a pand\u00e9mi\u00e1ban. A sz\u00ednpadon, el\u0151ad\u00e1sunkban az els\u0151 hull\u00e1m zajlik ezerrel. F\u00e9lelmekkel, szorong\u00e1sokkal. N\u00e9gy ember, n\u00e9gyf\u00e9le\u00a0 szem\u00e9lyis\u00e9g, n\u00e9gyf\u00e9le viszony. A darabot maguk az el\u0151ad\u00f3k \u00edrt\u00e1k. Rem\u00e9lj\u00fck nem csak az egyedi, de az \u00e1ltal\u00e1nos tapasztalat is benne van.<\/p><p>\u00cdrt\u00e1k \u00e9s j\u00e1tsz\u00e1k:<\/p><p>D\u00e9ri Erzs\u00e9bet,Kertmari Anna, M\u00e1rki \u00c9va, Rig\u00f3 j\u00f3zsef, Ulviczki S\u00e1ndor<\/p><p><strong>Rendezte: Rig\u00f3 J\u00f3zsef<\/strong><\/p><\/div>\n\t\t\t\t<\/div>\n\t\t\t\t<\/div>\n\t\t\t\t\t\t<\/div>\n\t\t\t<\/div>\n\t\t<\/div>\n\t\t\t\t\t\t<\/div>\n\t\t\t<\/div>\n\t\t<\/section>\n\t\t\t\t\t\t<\/div>\n\t\t\t<\/div>\n\t\t<\/div>","protected":false},"excerpt":{"rendered":"<p>A H\u00cdD Sz\u00ednh\u00e1z el\u0151ad\u00e1sa A Szolnoki M\u0171v\u00e9sztelepen 2021. J\u00falius 3-\u00e1n 16.00 \u00f3rakor \u00daj, \u00e9s m\u00e9g \u00fajabb hull\u00e1mok j\u00f6nnek. Nem\u00a0 a m\u0171v\u00e9szetben, dehogy, hanem a pand\u00e9mi\u00e1ban. A sz\u00ednpadon, el\u0151ad\u00e1sunkban az els\u0151 hull\u00e1m zajlik ezerrel. F\u00e9lelmekkel, szorong\u00e1sokkal. N\u00e9gy ember, n\u00e9gyf\u00e9le\u00a0 szem\u00e9lyis\u00e9g, n\u00e9gyf\u00e9le viszony. A darabot maguk az el\u0151ad\u00f3k \u00edrt\u00e1k. Rem\u00e9lj\u00fck nem csak&hellip; <\/p>","protected":false},"author":9,"featured_media":0,"parent":0,"menu_order":0,"comment_status":"closed","ping_status":"closed","template":"","meta":{"spay_email":""},"categories":[],"tags":[],"yst_prominent_words":[],"yoast_head":"<!-- This site is optimized with the Yoast SEO Premium plugin v14.1 - https:\/\/yoast.com\/wordpress\/plugins\/seo\/ -->\n<title>A H\u00cdD Sz\u00ednh\u00e1z el\u0151ad\u00e1sa a Szolnoki M\u0171v\u00e9sztelepen - SZOLNOKI M\u0170V\u00c9SZTELEP<\/title>\n<meta name=\"robots\" content=\"index, follow\" \/>\n<meta name=\"googlebot\" content=\"index, follow, max-snippet:-1, max-image-preview:large, max-video-preview:-1\" \/>\n<meta name=\"bingbot\" content=\"index, follow, max-snippet:-1, max-image-preview:large, max-video-preview:-1\" \/>\n<link rel=\"canonical\" href=\"http:\/\/szolnokimuvesztelep.com\/en\/a-hid-szinhaz-eloadasa-a-szolnoki-muvesztelepen\/\" \/>\n<meta property=\"og:locale\" content=\"en_US\" \/>\n<meta property=\"og:type\" content=\"article\" \/>\n<meta property=\"og:title\" content=\"A H\u00cdD Sz\u00ednh\u00e1z el\u0151ad\u00e1sa a Szolnoki M\u0171v\u00e9sztelepen - SZOLNOKI M\u0170V\u00c9SZTELEP\" \/>\n<meta property=\"og:description\" content=\"A H\u00cdD Sz\u00ednh\u00e1z el\u0151ad\u00e1sa A Szolnoki M\u0171v\u00e9sztelepen 2021. J\u00falius 3-\u00e1n 16.00 \u00f3rakor \u00daj, \u00e9s m\u00e9g \u00fajabb hull\u00e1mok j\u00f6nnek. Nem\u00a0 a m\u0171v\u00e9szetben, dehogy, hanem a pand\u00e9mi\u00e1ban. A sz\u00ednpadon, el\u0151ad\u00e1sunkban az els\u0151 hull\u00e1m zajlik ezerrel. F\u00e9lelmekkel, szorong\u00e1sokkal. N\u00e9gy ember, n\u00e9gyf\u00e9le\u00a0 szem\u00e9lyis\u00e9g, n\u00e9gyf\u00e9le viszony. A darabot maguk az el\u0151ad\u00f3k \u00edrt\u00e1k. Rem\u00e9lj\u00fck nem csak&hellip;\" \/>\n<meta property=\"og:url\" content=\"http:\/\/szolnokimuvesztelep.com\/en\/a-hid-szinhaz-eloadasa-a-szolnoki-muvesztelepen\/\" \/>\n<meta property=\"og:site_name\" content=\"SZOLNOKI M\u0170V\u00c9SZTELEP\" \/>\n<meta property=\"article:publisher\" content=\"https:\/\/www.facebook.com\/szolnokimuvesztelepofficial\/\" \/>\n<meta property=\"article:modified_time\" content=\"2021-06-10T08:28:07+00:00\" \/>\n<meta property=\"og:image\" content=\"http:\/\/szolnokimuvesztelep.com\/wp-content\/uploads\/2021\/06\/15-art1.jpg\" \/>\n<script type=\"application\/ld+json\" class=\"yoast-schema-graph\">{\"@context\":\"https:\/\/schema.org\",\"@graph\":[{\"@type\":\"Organization\",\"@id\":\"http:\/\/szolnokimuvesztelep.com\/en\/#organization\",\"name\":\"Szolnoki M\\u0171v\\u00e9sztelep\",\"url\":\"http:\/\/szolnokimuvesztelep.com\/en\/\",\"sameAs\":[\"https:\/\/www.facebook.com\/szolnokimuvesztelepofficial\/\",\"https:\/\/www.instagram.com\/szolnoki_muvesztelep\/\",\"https:\/\/www.youtube.com\/channel\/UCAYRF4A8FrslG3J__XEjEoA\",\"https:\/\/hu.wikipedia.org\/wiki\/Szolnoki_m\\u0171v\\u00e9sztelep\"],\"logo\":{\"@type\":\"ImageObject\",\"@id\":\"http:\/\/szolnokimuvesztelep.com\/en\/#logo\",\"inLanguage\":\"en-US\",\"url\":\"https:\/\/i0.wp.com\/szolnokimuvesztelep.com\/wp-content\/uploads\/2020\/05\/szmt_2019_szlogen_psz-01.png?fit=2242%2C863\",\"width\":2242,\"height\":863,\"caption\":\"Szolnoki M\\u0171v\\u00e9sztelep\"},\"image\":{\"@id\":\"http:\/\/szolnokimuvesztelep.com\/en\/#logo\"}},{\"@type\":\"WebSite\",\"@id\":\"http:\/\/szolnokimuvesztelep.com\/en\/#website\",\"url\":\"http:\/\/szolnokimuvesztelep.com\/en\/\",\"name\":\"SZOLNOKI M\\u0170V\\u00c9SZTELEP\",\"description\":\"Meg\\u00fajul\\u00f3 hagyom\\u00e1ny\",\"publisher\":{\"@id\":\"http:\/\/szolnokimuvesztelep.com\/en\/#organization\"},\"potentialAction\":[{\"@type\":\"SearchAction\",\"target\":\"http:\/\/szolnokimuvesztelep.com\/en\/?s={search_term_string}\",\"query-input\":\"required name=search_term_string\"}],\"inLanguage\":\"en-US\"},{\"@type\":\"ImageObject\",\"@id\":\"http:\/\/szolnokimuvesztelep.com\/a-hid-szinhaz-eloadasa-a-szolnoki-muvesztelepen\/#primaryimage\",\"inLanguage\":\"en-US\",\"url\":\"https:\/\/i1.wp.com\/szolnokimuvesztelep.com\/wp-content\/uploads\/2021\/06\/15-art1.jpg?fit=640%2C454\",\"width\":640,\"height\":454},{\"@type\":\"WebPage\",\"@id\":\"http:\/\/szolnokimuvesztelep.com\/a-hid-szinhaz-eloadasa-a-szolnoki-muvesztelepen\/#webpage\",\"url\":\"http:\/\/szolnokimuvesztelep.com\/a-hid-szinhaz-eloadasa-a-szolnoki-muvesztelepen\/\",\"name\":\"A H\\u00cdD Sz\\u00ednh\\u00e1z el\\u0151ad\\u00e1sa a Szolnoki M\\u0171v\\u00e9sztelepen - SZOLNOKI M\\u0170V\\u00c9SZTELEP\",\"isPartOf\":{\"@id\":\"http:\/\/szolnokimuvesztelep.com\/en\/#website\"},\"primaryImageOfPage\":{\"@id\":\"http:\/\/szolnokimuvesztelep.com\/a-hid-szinhaz-eloadasa-a-szolnoki-muvesztelepen\/#primaryimage\"},\"datePublished\":\"2021-06-10T08:23:30+00:00\",\"dateModified\":\"2021-06-10T08:28:07+00:00\",\"inLanguage\":\"en-US\",\"potentialAction\":[{\"@type\":\"ReadAction\",\"target\":[\"http:\/\/szolnokimuvesztelep.com\/a-hid-szinhaz-eloadasa-a-szolnoki-muvesztelepen\/\"]}]}]}<\/script>\n<!-- \/ Yoast SEO Premium plugin. -->","jetpack_sharing_enabled":true,"jetpack_shortlink":"https:\/\/wp.me\/P9tpmR-1Lz","jetpack_likes_enabled":true,"jetpack-related-posts":[],"_links":{"self":[{"href":"http:\/\/szolnokimuvesztelep.com\/en\/wp-json\/wp\/v2\/pages\/6793"}],"collection":[{"href":"http:\/\/szolnokimuvesztelep.com\/en\/wp-json\/wp\/v2\/pages"}],"about":[{"href":"http:\/\/szolnokimuvesztelep.com\/en\/wp-json\/wp\/v2\/types\/page"}],"author":[{"embeddable":true,"href":"http:\/\/szolnokimuvesztelep.com\/en\/wp-json\/wp\/v2\/users\/9"}],"replies":[{"embeddable":true,"href":"http:\/\/szolnokimuvesztelep.com\/en\/wp-json\/wp\/v2\/comments?post=6793"}],"version-history":[{"count":2,"href":"http:\/\/szolnokimuvesztelep.com\/en\/wp-json\/wp\/v2\/pages\/6793\/revisions"}],"predecessor-version":[{"id":6796,"href":"http:\/\/szolnokimuvesztelep.com\/en\/wp-json\/wp\/v2\/pages\/6793\/revisions\/6796"}],"wp:attachment":[{"href":"http:\/\/szolnokimuvesztelep.com\/en\/wp-json\/wp\/v2\/media?parent=6793"}],"wp:term":[{"taxonomy":"category","embeddable":true,"href":"http:\/\/szolnokimuvesztelep.com\/en\/wp-json\/wp\/v2\/categories?post=6793"},{"taxonomy":"post_tag","embeddable":true,"href":"http:\/\/szolnokimuvesztelep.com\/en\/wp-json\/wp\/v2\/tags?post=6793"},{"taxonomy":"yst_prominent_words","embeddable":true,"href":"http:\/\/szolnokimuvesztelep.com\/en\/wp-json\/wp\/v2\/yst_prominent_words?post=6793"}],"curies":[{"name":"wp","href":"https:\/\/api.w.org\/{rel}","templated":true}]}}