{"id":6783,"date":"2021-06-09T13:59:28","date_gmt":"2021-06-09T13:59:28","guid":{"rendered":"http:\/\/szolnokimuvesztelep.com\/?page_id=6783"},"modified":"2021-06-09T14:08:17","modified_gmt":"2021-06-09T14:08:17","slug":"virtualis-realitas-vr-bemutato-a-tiszapart-mozi-jovoltabol","status":"publish","type":"page","link":"http:\/\/szolnokimuvesztelep.com\/en\/virtualis-realitas-vr-bemutato-a-tiszapart-mozi-jovoltabol\/","title":{"rendered":"Virtu\u00e1lis realit\u00e1s (VR) bemutat\u00f3 a TISZApART MOZI j\u00f3volt\u00e1b\u00f3l"},"content":{"rendered":"<div data-elementor-type=\"wp-page\" data-elementor-id=\"6783\" class=\"elementor elementor-6783\" data-elementor-settings=\"[]\">\n\t\t\t<div class=\"elementor-inner\">\n\t\t\t\t<div class=\"elementor-section-wrap\">\n\t\t\t\t\t\t\t<section class=\"elementor-element elementor-element-d2c6e2b elementor-section-boxed elementor-section-height-default elementor-section-height-default elementor-section elementor-top-section\" data-id=\"d2c6e2b\" data-element_type=\"section\">\n\t\t\t\t\t\t<div class=\"elementor-container elementor-column-gap-default\">\n\t\t\t\t<div class=\"elementor-row\">\n\t\t\t\t<div class=\"elementor-element elementor-element-b9258f9 elementor-column elementor-col-100 elementor-top-column\" data-id=\"b9258f9\" data-element_type=\"column\">\n\t\t\t<div class=\"elementor-column-wrap  elementor-element-populated\">\n\t\t\t\t\t<div class=\"elementor-widget-wrap\">\n\t\t\t\t<div class=\"elementor-element elementor-element-a0989f9 elementor-widget elementor-widget-image\" data-id=\"a0989f9\" data-element_type=\"widget\" data-widget_type=\"image.default\">\n\t\t\t\t<div class=\"elementor-widget-container\">\n\t\t\t\t\t<div class=\"elementor-image\">\n\t\t\t\t\t\t\t\t\t\t<img width=\"790\" height=\"445\" src=\"https:\/\/i0.wp.com\/szolnokimuvesztelep.com\/wp-content\/uploads\/2021\/06\/1.jpg?fit=790%2C445\" class=\"attachment-large size-large\" alt=\"\" loading=\"lazy\" srcset=\"https:\/\/i0.wp.com\/szolnokimuvesztelep.com\/wp-content\/uploads\/2021\/06\/1.jpg?w=852 852w, https:\/\/i0.wp.com\/szolnokimuvesztelep.com\/wp-content\/uploads\/2021\/06\/1.jpg?resize=300%2C169 300w, https:\/\/i0.wp.com\/szolnokimuvesztelep.com\/wp-content\/uploads\/2021\/06\/1.jpg?resize=768%2C433 768w\" sizes=\"(max-width: 790px) 100vw, 790px\" data-attachment-id=\"6786\" data-permalink=\"http:\/\/szolnokimuvesztelep.com\/en\/virtualis-realitas-vr-bemutato-a-tiszapart-mozi-jovoltabol\/1-4\/\" data-orig-file=\"https:\/\/i0.wp.com\/szolnokimuvesztelep.com\/wp-content\/uploads\/2021\/06\/1.jpg?fit=852%2C480\" data-orig-size=\"852,480\" data-comments-opened=\"1\" data-image-meta=\"{&quot;aperture&quot;:&quot;0&quot;,&quot;credit&quot;:&quot;&quot;,&quot;camera&quot;:&quot;&quot;,&quot;caption&quot;:&quot;&quot;,&quot;created_timestamp&quot;:&quot;0&quot;,&quot;copyright&quot;:&quot;&quot;,&quot;focal_length&quot;:&quot;0&quot;,&quot;iso&quot;:&quot;0&quot;,&quot;shutter_speed&quot;:&quot;0&quot;,&quot;title&quot;:&quot;&quot;,&quot;orientation&quot;:&quot;0&quot;}\" data-image-title=\"1\" data-image-description=\"\" data-medium-file=\"https:\/\/i0.wp.com\/szolnokimuvesztelep.com\/wp-content\/uploads\/2021\/06\/1.jpg?fit=300%2C169\" data-large-file=\"https:\/\/i0.wp.com\/szolnokimuvesztelep.com\/wp-content\/uploads\/2021\/06\/1.jpg?fit=790%2C445\" \/>\t\t\t\t\t\t\t\t\t\t\t<\/div>\n\t\t\t\t<\/div>\n\t\t\t\t<\/div>\n\t\t\t\t\t\t<\/div>\n\t\t\t<\/div>\n\t\t<\/div>\n\t\t\t\t\t\t<\/div>\n\t\t\t<\/div>\n\t\t<\/section>\n\t\t\t\t<section class=\"elementor-element elementor-element-7d13b4c elementor-section-boxed elementor-section-height-default elementor-section-height-default elementor-section elementor-top-section\" data-id=\"7d13b4c\" data-element_type=\"section\">\n\t\t\t\t\t\t<div class=\"elementor-container elementor-column-gap-default\">\n\t\t\t\t<div class=\"elementor-row\">\n\t\t\t\t<div class=\"elementor-element elementor-element-564c3d1 elementor-column elementor-col-100 elementor-top-column\" data-id=\"564c3d1\" data-element_type=\"column\">\n\t\t\t<div class=\"elementor-column-wrap  elementor-element-populated\">\n\t\t\t\t\t<div class=\"elementor-widget-wrap\">\n\t\t\t\t<div class=\"elementor-element elementor-element-0ef9124 elementor-widget elementor-widget-heading\" data-id=\"0ef9124\" data-element_type=\"widget\" data-widget_type=\"heading.default\">\n\t\t\t\t<div class=\"elementor-widget-container\">\n\t\t\t<h2 class=\"elementor-heading-title elementor-size-default\"> Virtu\u00e1lis realit\u00e1s (VR) bemutat\u00f3 <\/h2>\t\t<\/div>\n\t\t\t\t<\/div>\n\t\t\t\t<div class=\"elementor-element elementor-element-fb1fcdd elementor-widget elementor-widget-heading\" data-id=\"fb1fcdd\" data-element_type=\"widget\" data-widget_type=\"heading.default\">\n\t\t\t\t<div class=\"elementor-widget-container\">\n\t\t\t<h2 class=\"elementor-heading-title elementor-size-default\">a TISZApART MOZI j\u00f3volt\u00e1b\u00f3l<\/h2>\t\t<\/div>\n\t\t\t\t<\/div>\n\t\t\t\t\t\t<\/div>\n\t\t\t<\/div>\n\t\t<\/div>\n\t\t\t\t\t\t<\/div>\n\t\t\t<\/div>\n\t\t<\/section>\n\t\t\t\t<section class=\"elementor-element elementor-element-6e1e411 elementor-section-boxed elementor-section-height-default elementor-section-height-default elementor-section elementor-top-section\" data-id=\"6e1e411\" data-element_type=\"section\">\n\t\t\t\t\t\t<div class=\"elementor-container elementor-column-gap-default\">\n\t\t\t\t<div class=\"elementor-row\">\n\t\t\t\t<div class=\"elementor-element elementor-element-363ef14 elementor-column elementor-col-100 elementor-top-column\" data-id=\"363ef14\" data-element_type=\"column\">\n\t\t\t<div class=\"elementor-column-wrap  elementor-element-populated\">\n\t\t\t\t\t<div class=\"elementor-widget-wrap\">\n\t\t\t\t<div class=\"elementor-element elementor-element-2dac0ee elementor-widget elementor-widget-text-editor\" data-id=\"2dac0ee\" data-element_type=\"widget\" data-widget_type=\"text-editor.default\">\n\t\t\t\t<div class=\"elementor-widget-container\">\n\t\t\t\t\t<div class=\"elementor-text-editor elementor-clearfix\"><div><span style=\"font-family: arial, sans-serif;\"><span>N\u00e9zz be hozz\u00e1nk 17 \u00e9s 19 \u00f3ra k\u00f6z\u00f6tt ha im\u00e1dod az innovat\u00edv eszk\u00f6z\u00f6ket \u00e9s tartalmakat! Leg\u00fajabb Oculus Quest 2 Virtu\u00e1lis Realit\u00e1s szem\u00fcvegeinken\u00a0kereszt\u00fcl olyan mintha gorill\u00e1k k\u00f6z\u00f6tt lenn\u00e9l, etethetsz c\u00e1p\u00e1kat a Baham\u00e1kon vagy rep\u00fclhetsz a Bajk\u00e1l-t\u00f3 felett. Festm\u00e9nyek m\u00f6g\u00e9 b\u00fajhatsz vagy Salvador Dali alkot\u00e1sait l\u00e1thatod testk\u00f6zelb\u0151l. Anim\u00e1ci\u00f3k, dokumentum, term\u00e9szetfilmek \u00e9s tov\u00e1bbi meglepet\u00e9sek v\u00e1rnak r\u00e1d a VR bemutat\u00f3n!<\/span><br \/><\/span><\/div><div><span><span style=\"font-family: arial, sans-serif;\">\u00a0<\/span><\/span><\/div><div><span style=\"font-family: arial, sans-serif;\"><span>Megjegyz\u00e9s: A szolg\u00e1ltat\u00e1s 9 \u00e9ves kor alatt nem, 9 \u00e9s 12 \u00e9ves kor k\u00f6z\u00f6tt kiz\u00e1r\u00f3lag akt\u00edv sz\u00fcl\u0151i fel\u00fcgyelettel (azaz a sz\u00fcl\u0151 folyamatos \u00e9s k\u00f6zvetlen jelenl\u00e9t\u00e9ben) haszn\u00e1lhat\u00f3.<\/span><\/span><\/div><div><span style=\"font-family: arial, sans-serif;\"><span>\u00a0<\/span><\/span><\/div><div><\/div><div><b>A Youtuber Workshop \u00e9s a VR bemutat\u00f3 a &#8220;Rezon\u00e1ns Mozi. \u00c9rdekl\u0151d\u0151 Elm\u00e9k Kultur\u00e1lis Tere&#8221;. c. projekt keret\u00e9ben val\u00f3sul meg. A programot az Eur\u00f3pai Uni\u00f3 t\u00e1mogatja.<\/b><\/div><\/div>\n\t\t\t\t<\/div>\n\t\t\t\t<\/div>\n\t\t\t\t\t\t<\/div>\n\t\t\t<\/div>\n\t\t<\/div>\n\t\t\t\t\t\t<\/div>\n\t\t\t<\/div>\n\t\t<\/section>\n\t\t\t\t\t\t<\/div>\n\t\t\t<\/div>\n\t\t<\/div>","protected":false},"excerpt":{"rendered":"<p>Virtu\u00e1lis realit\u00e1s (VR) bemutat\u00f3 a TISZApART MOZI j\u00f3volt\u00e1b\u00f3l N\u00e9zz be hozz\u00e1nk 17 \u00e9s 19 \u00f3ra k\u00f6z\u00f6tt ha im\u00e1dod az innovat\u00edv eszk\u00f6z\u00f6ket \u00e9s tartalmakat! Leg\u00fajabb Oculus Quest 2 Virtu\u00e1lis Realit\u00e1s szem\u00fcvegeinken\u00a0kereszt\u00fcl olyan mintha gorill\u00e1k k\u00f6z\u00f6tt lenn\u00e9l, etethetsz c\u00e1p\u00e1kat a Baham\u00e1kon vagy rep\u00fclhetsz a Bajk\u00e1l-t\u00f3 felett. Festm\u00e9nyek m\u00f6g\u00e9 b\u00fajhatsz vagy Salvador Dali&hellip; <\/p>","protected":false},"author":9,"featured_media":0,"parent":0,"menu_order":0,"comment_status":"closed","ping_status":"closed","template":"","meta":{"spay_email":""},"categories":[],"tags":[],"yst_prominent_words":[],"yoast_head":"<!-- This site is optimized with the Yoast SEO Premium plugin v14.1 - https:\/\/yoast.com\/wordpress\/plugins\/seo\/ -->\n<title>Virtu\u00e1lis realit\u00e1s (VR) bemutat\u00f3 a TISZApART MOZI j\u00f3volt\u00e1b\u00f3l - SZOLNOKI M\u0170V\u00c9SZTELEP<\/title>\n<meta name=\"robots\" content=\"index, follow\" \/>\n<meta name=\"googlebot\" content=\"index, follow, max-snippet:-1, max-image-preview:large, max-video-preview:-1\" \/>\n<meta name=\"bingbot\" content=\"index, follow, max-snippet:-1, max-image-preview:large, max-video-preview:-1\" \/>\n<link rel=\"canonical\" href=\"http:\/\/szolnokimuvesztelep.com\/en\/virtualis-realitas-vr-bemutato-a-tiszapart-mozi-jovoltabol\/\" \/>\n<meta property=\"og:locale\" content=\"en_US\" \/>\n<meta property=\"og:type\" content=\"article\" \/>\n<meta property=\"og:title\" content=\"Virtu\u00e1lis realit\u00e1s (VR) bemutat\u00f3 a TISZApART MOZI j\u00f3volt\u00e1b\u00f3l - SZOLNOKI M\u0170V\u00c9SZTELEP\" \/>\n<meta property=\"og:description\" content=\"Virtu\u00e1lis realit\u00e1s (VR) bemutat\u00f3 a TISZApART MOZI j\u00f3volt\u00e1b\u00f3l N\u00e9zz be hozz\u00e1nk 17 \u00e9s 19 \u00f3ra k\u00f6z\u00f6tt ha im\u00e1dod az innovat\u00edv eszk\u00f6z\u00f6ket \u00e9s tartalmakat! Leg\u00fajabb Oculus Quest 2 Virtu\u00e1lis Realit\u00e1s szem\u00fcvegeinken\u00a0kereszt\u00fcl olyan mintha gorill\u00e1k k\u00f6z\u00f6tt lenn\u00e9l, etethetsz c\u00e1p\u00e1kat a Baham\u00e1kon vagy rep\u00fclhetsz a Bajk\u00e1l-t\u00f3 felett. Festm\u00e9nyek m\u00f6g\u00e9 b\u00fajhatsz vagy Salvador Dali&hellip;\" \/>\n<meta property=\"og:url\" content=\"http:\/\/szolnokimuvesztelep.com\/en\/virtualis-realitas-vr-bemutato-a-tiszapart-mozi-jovoltabol\/\" \/>\n<meta property=\"og:site_name\" content=\"SZOLNOKI M\u0170V\u00c9SZTELEP\" \/>\n<meta property=\"article:publisher\" content=\"https:\/\/www.facebook.com\/szolnokimuvesztelepofficial\/\" \/>\n<meta property=\"article:modified_time\" content=\"2021-06-09T14:08:17+00:00\" \/>\n<meta property=\"og:image\" content=\"http:\/\/szolnokimuvesztelep.com\/wp-content\/uploads\/2021\/06\/1.jpg\" \/>\n<script type=\"application\/ld+json\" class=\"yoast-schema-graph\">{\"@context\":\"https:\/\/schema.org\",\"@graph\":[{\"@type\":\"Organization\",\"@id\":\"http:\/\/szolnokimuvesztelep.com\/en\/#organization\",\"name\":\"Szolnoki M\\u0171v\\u00e9sztelep\",\"url\":\"http:\/\/szolnokimuvesztelep.com\/en\/\",\"sameAs\":[\"https:\/\/www.facebook.com\/szolnokimuvesztelepofficial\/\",\"https:\/\/www.instagram.com\/szolnoki_muvesztelep\/\",\"https:\/\/www.youtube.com\/channel\/UCAYRF4A8FrslG3J__XEjEoA\",\"https:\/\/hu.wikipedia.org\/wiki\/Szolnoki_m\\u0171v\\u00e9sztelep\"],\"logo\":{\"@type\":\"ImageObject\",\"@id\":\"http:\/\/szolnokimuvesztelep.com\/en\/#logo\",\"inLanguage\":\"en-US\",\"url\":\"https:\/\/i0.wp.com\/szolnokimuvesztelep.com\/wp-content\/uploads\/2020\/05\/szmt_2019_szlogen_psz-01.png?fit=2242%2C863\",\"width\":2242,\"height\":863,\"caption\":\"Szolnoki M\\u0171v\\u00e9sztelep\"},\"image\":{\"@id\":\"http:\/\/szolnokimuvesztelep.com\/en\/#logo\"}},{\"@type\":\"WebSite\",\"@id\":\"http:\/\/szolnokimuvesztelep.com\/en\/#website\",\"url\":\"http:\/\/szolnokimuvesztelep.com\/en\/\",\"name\":\"SZOLNOKI M\\u0170V\\u00c9SZTELEP\",\"description\":\"Meg\\u00fajul\\u00f3 hagyom\\u00e1ny\",\"publisher\":{\"@id\":\"http:\/\/szolnokimuvesztelep.com\/en\/#organization\"},\"potentialAction\":[{\"@type\":\"SearchAction\",\"target\":\"http:\/\/szolnokimuvesztelep.com\/en\/?s={search_term_string}\",\"query-input\":\"required name=search_term_string\"}],\"inLanguage\":\"en-US\"},{\"@type\":\"ImageObject\",\"@id\":\"http:\/\/szolnokimuvesztelep.com\/virtualis-realitas-vr-bemutato-a-tiszapart-mozi-jovoltabol\/#primaryimage\",\"inLanguage\":\"en-US\",\"url\":\"https:\/\/i0.wp.com\/szolnokimuvesztelep.com\/wp-content\/uploads\/2021\/06\/1.jpg?fit=852%2C480\",\"width\":852,\"height\":480},{\"@type\":\"WebPage\",\"@id\":\"http:\/\/szolnokimuvesztelep.com\/virtualis-realitas-vr-bemutato-a-tiszapart-mozi-jovoltabol\/#webpage\",\"url\":\"http:\/\/szolnokimuvesztelep.com\/virtualis-realitas-vr-bemutato-a-tiszapart-mozi-jovoltabol\/\",\"name\":\"Virtu\\u00e1lis realit\\u00e1s (VR) bemutat\\u00f3 a TISZApART MOZI j\\u00f3volt\\u00e1b\\u00f3l - SZOLNOKI M\\u0170V\\u00c9SZTELEP\",\"isPartOf\":{\"@id\":\"http:\/\/szolnokimuvesztelep.com\/en\/#website\"},\"primaryImageOfPage\":{\"@id\":\"http:\/\/szolnokimuvesztelep.com\/virtualis-realitas-vr-bemutato-a-tiszapart-mozi-jovoltabol\/#primaryimage\"},\"datePublished\":\"2021-06-09T13:59:28+00:00\",\"dateModified\":\"2021-06-09T14:08:17+00:00\",\"inLanguage\":\"en-US\",\"potentialAction\":[{\"@type\":\"ReadAction\",\"target\":[\"http:\/\/szolnokimuvesztelep.com\/virtualis-realitas-vr-bemutato-a-tiszapart-mozi-jovoltabol\/\"]}]}]}<\/script>\n<!-- \/ Yoast SEO Premium plugin. -->","jetpack_sharing_enabled":true,"jetpack_shortlink":"https:\/\/wp.me\/P9tpmR-1Lp","jetpack_likes_enabled":true,"jetpack-related-posts":[],"_links":{"self":[{"href":"http:\/\/szolnokimuvesztelep.com\/en\/wp-json\/wp\/v2\/pages\/6783"}],"collection":[{"href":"http:\/\/szolnokimuvesztelep.com\/en\/wp-json\/wp\/v2\/pages"}],"about":[{"href":"http:\/\/szolnokimuvesztelep.com\/en\/wp-json\/wp\/v2\/types\/page"}],"author":[{"embeddable":true,"href":"http:\/\/szolnokimuvesztelep.com\/en\/wp-json\/wp\/v2\/users\/9"}],"replies":[{"embeddable":true,"href":"http:\/\/szolnokimuvesztelep.com\/en\/wp-json\/wp\/v2\/comments?post=6783"}],"version-history":[{"count":5,"href":"http:\/\/szolnokimuvesztelep.com\/en\/wp-json\/wp\/v2\/pages\/6783\/revisions"}],"predecessor-version":[{"id":6789,"href":"http:\/\/szolnokimuvesztelep.com\/en\/wp-json\/wp\/v2\/pages\/6783\/revisions\/6789"}],"wp:attachment":[{"href":"http:\/\/szolnokimuvesztelep.com\/en\/wp-json\/wp\/v2\/media?parent=6783"}],"wp:term":[{"taxonomy":"category","embeddable":true,"href":"http:\/\/szolnokimuvesztelep.com\/en\/wp-json\/wp\/v2\/categories?post=6783"},{"taxonomy":"post_tag","embeddable":true,"href":"http:\/\/szolnokimuvesztelep.com\/en\/wp-json\/wp\/v2\/tags?post=6783"},{"taxonomy":"yst_prominent_words","embeddable":true,"href":"http:\/\/szolnokimuvesztelep.com\/en\/wp-json\/wp\/v2\/yst_prominent_words?post=6783"}],"curies":[{"name":"wp","href":"https:\/\/api.w.org\/{rel}","templated":true}]}}