{"id":6756,"date":"2021-06-09T12:35:39","date_gmt":"2021-06-09T12:35:39","guid":{"rendered":"http:\/\/szolnokimuvesztelep.com\/?page_id=6756"},"modified":"2021-06-14T07:33:39","modified_gmt":"2021-06-14T07:33:39","slug":"a-szolnoki-szimfonikus-zenekar-koncertje","status":"publish","type":"page","link":"http:\/\/szolnokimuvesztelep.com\/en\/a-szolnoki-szimfonikus-zenekar-koncertje\/","title":{"rendered":"A Szolnoki Szimfonikus Zenekar koncertje"},"content":{"rendered":"<div data-elementor-type=\"wp-page\" data-elementor-id=\"6756\" class=\"elementor elementor-6756\" data-elementor-settings=\"[]\">\n\t\t\t<div class=\"elementor-inner\">\n\t\t\t\t<div class=\"elementor-section-wrap\">\n\t\t\t\t\t\t\t<section class=\"elementor-element elementor-element-89d9176 elementor-section-boxed elementor-section-height-default elementor-section-height-default elementor-section elementor-top-section\" data-id=\"89d9176\" data-element_type=\"section\">\n\t\t\t\t\t\t<div class=\"elementor-container elementor-column-gap-default\">\n\t\t\t\t<div class=\"elementor-row\">\n\t\t\t\t<div class=\"elementor-element elementor-element-2ab91d6 elementor-column elementor-col-100 elementor-top-column\" data-id=\"2ab91d6\" data-element_type=\"column\">\n\t\t\t<div class=\"elementor-column-wrap  elementor-element-populated\">\n\t\t\t\t\t<div class=\"elementor-widget-wrap\">\n\t\t\t\t<div class=\"elementor-element elementor-element-13de476 elementor-widget elementor-widget-image\" data-id=\"13de476\" data-element_type=\"widget\" data-widget_type=\"image.default\">\n\t\t\t\t<div class=\"elementor-widget-container\">\n\t\t\t\t\t<div class=\"elementor-image\">\n\t\t\t\t\t\t\t\t\t\t<img width=\"790\" height=\"527\" src=\"https:\/\/i1.wp.com\/szolnokimuvesztelep.com\/wp-content\/uploads\/2021\/06\/50-perc-alatt-a-fold-korul.jpg?fit=790%2C527\" class=\"attachment-large size-large\" alt=\"\" loading=\"lazy\" srcset=\"https:\/\/i1.wp.com\/szolnokimuvesztelep.com\/wp-content\/uploads\/2021\/06\/50-perc-alatt-a-fold-korul.jpg?w=2048 2048w, https:\/\/i1.wp.com\/szolnokimuvesztelep.com\/wp-content\/uploads\/2021\/06\/50-perc-alatt-a-fold-korul.jpg?resize=300%2C200 300w, https:\/\/i1.wp.com\/szolnokimuvesztelep.com\/wp-content\/uploads\/2021\/06\/50-perc-alatt-a-fold-korul.jpg?resize=1024%2C683 1024w, https:\/\/i1.wp.com\/szolnokimuvesztelep.com\/wp-content\/uploads\/2021\/06\/50-perc-alatt-a-fold-korul.jpg?resize=768%2C512 768w, https:\/\/i1.wp.com\/szolnokimuvesztelep.com\/wp-content\/uploads\/2021\/06\/50-perc-alatt-a-fold-korul.jpg?resize=1536%2C1024 1536w, https:\/\/i1.wp.com\/szolnokimuvesztelep.com\/wp-content\/uploads\/2021\/06\/50-perc-alatt-a-fold-korul.jpg?w=1720 1720w\" sizes=\"(max-width: 790px) 100vw, 790px\" data-attachment-id=\"6850\" data-permalink=\"http:\/\/szolnokimuvesztelep.com\/en\/a-szolnoki-szimfonikus-zenekar-koncertje\/50-perc-alatt-a-fold-korul\/\" data-orig-file=\"https:\/\/i1.wp.com\/szolnokimuvesztelep.com\/wp-content\/uploads\/2021\/06\/50-perc-alatt-a-fold-korul.jpg?fit=2048%2C1365\" data-orig-size=\"2048,1365\" data-comments-opened=\"1\" data-image-meta=\"{&quot;aperture&quot;:&quot;0&quot;,&quot;credit&quot;:&quot;&quot;,&quot;camera&quot;:&quot;&quot;,&quot;caption&quot;:&quot;&quot;,&quot;created_timestamp&quot;:&quot;0&quot;,&quot;copyright&quot;:&quot;&quot;,&quot;focal_length&quot;:&quot;0&quot;,&quot;iso&quot;:&quot;0&quot;,&quot;shutter_speed&quot;:&quot;0&quot;,&quot;title&quot;:&quot;&quot;,&quot;orientation&quot;:&quot;0&quot;}\" data-image-title=\"50 perc alatt a f\u00f6ld k\u00f6r\u00fcl\" data-image-description=\"\" data-medium-file=\"https:\/\/i1.wp.com\/szolnokimuvesztelep.com\/wp-content\/uploads\/2021\/06\/50-perc-alatt-a-fold-korul.jpg?fit=300%2C200\" data-large-file=\"https:\/\/i1.wp.com\/szolnokimuvesztelep.com\/wp-content\/uploads\/2021\/06\/50-perc-alatt-a-fold-korul.jpg?fit=790%2C527\" \/>\t\t\t\t\t\t\t\t\t\t\t<\/div>\n\t\t\t\t<\/div>\n\t\t\t\t<\/div>\n\t\t\t\t\t\t<\/div>\n\t\t\t<\/div>\n\t\t<\/div>\n\t\t\t\t\t\t<\/div>\n\t\t\t<\/div>\n\t\t<\/section>\n\t\t\t\t<section class=\"elementor-element elementor-element-7ccdbb9 elementor-section-boxed elementor-section-height-default elementor-section-height-default elementor-section elementor-top-section\" data-id=\"7ccdbb9\" data-element_type=\"section\">\n\t\t\t\t\t\t<div class=\"elementor-container elementor-column-gap-default\">\n\t\t\t\t<div class=\"elementor-row\">\n\t\t\t\t<div class=\"elementor-element elementor-element-66b004c elementor-column elementor-col-100 elementor-top-column\" data-id=\"66b004c\" data-element_type=\"column\">\n\t\t\t<div class=\"elementor-column-wrap  elementor-element-populated\">\n\t\t\t\t\t<div class=\"elementor-widget-wrap\">\n\t\t\t\t<div class=\"elementor-element elementor-element-7c88f8c elementor-widget elementor-widget-heading\" data-id=\"7c88f8c\" data-element_type=\"widget\" data-widget_type=\"heading.default\">\n\t\t\t\t<div class=\"elementor-widget-container\">\n\t\t\t<h2 class=\"elementor-heading-title elementor-size-default\">A Szolnoki Szimfonikus Zenekar\nKoncertje<\/h2>\t\t<\/div>\n\t\t\t\t<\/div>\n\t\t\t\t<div class=\"elementor-element elementor-element-f3363ba elementor-widget elementor-widget-heading\" data-id=\"f3363ba\" data-element_type=\"widget\" data-widget_type=\"heading.default\">\n\t\t\t\t<div class=\"elementor-widget-container\">\n\t\t\t<h2 class=\"elementor-heading-title elementor-size-default\">A Szolnoki M\u0171v\u00e9sztelepen<\/h2>\t\t<\/div>\n\t\t\t\t<\/div>\n\t\t\t\t<div class=\"elementor-element elementor-element-bc56ed2 elementor-widget elementor-widget-heading\" data-id=\"bc56ed2\" data-element_type=\"widget\" data-widget_type=\"heading.default\">\n\t\t\t\t<div class=\"elementor-widget-container\">\n\t\t\t<h2 class=\"elementor-heading-title elementor-size-default\">2021. 07. 03-\u00e1n 19.00 \u00f3rakor<\/h2>\t\t<\/div>\n\t\t\t\t<\/div>\n\t\t\t\t\t\t<\/div>\n\t\t\t<\/div>\n\t\t<\/div>\n\t\t\t\t\t\t<\/div>\n\t\t\t<\/div>\n\t\t<\/section>\n\t\t\t\t<section class=\"elementor-element elementor-element-0481fcc elementor-section-boxed elementor-section-height-default elementor-section-height-default elementor-section elementor-top-section\" data-id=\"0481fcc\" data-element_type=\"section\">\n\t\t\t\t\t\t<div class=\"elementor-container elementor-column-gap-default\">\n\t\t\t\t<div class=\"elementor-row\">\n\t\t\t\t<div class=\"elementor-element elementor-element-6c98f3a elementor-column elementor-col-100 elementor-top-column\" data-id=\"6c98f3a\" data-element_type=\"column\">\n\t\t\t<div class=\"elementor-column-wrap  elementor-element-populated\">\n\t\t\t\t\t<div class=\"elementor-widget-wrap\">\n\t\t\t\t<div class=\"elementor-element elementor-element-ab158f8 elementor-widget elementor-widget-text-editor\" data-id=\"ab158f8\" data-element_type=\"widget\" data-widget_type=\"text-editor.default\">\n\t\t\t\t<div class=\"elementor-widget-container\">\n\t\t\t\t\t<div class=\"elementor-text-editor elementor-clearfix\"><p>A Szolnoki Szimfonikusok megalakul\u00e1sa \u00f3ta akt\u00edv szerepet v\u00e1llal a magyar kultur\u00e1lis \u00e9rt\u00e9kek meg\u0151rz\u00e9s\u00e9ben, k\u00f6zvet\u00edt\u00e9s\u00e9ben \u00e9s kiemelked\u0151 feladat\u00e1nak tekinti az ifj\u00fas\u00e1g zenei nevel\u00e9s\u00e9t. K\u00fcldet\u00e9se a m\u0171v\u00e9szeti \u00e9let gazdag\u00edt\u00e1sa, magas sz\u00ednvonal\u00fa komolyzenei hangversenyek bemutat\u00e1sa a vil\u00e1g minden t\u00e1j\u00e1n, \u00f6regb\u00edtve ezzel Szolnok v\u00e1ros \u00e9s a t\u00e9rs\u00e9g h\u00edrnev\u00e9t. M\u0171v\u00e9szeti vezet\u0151je tizenegy \u00e9ve Izaki Maszahiro jap\u00e1n karmester, az 1995-\u00f6s MTV Nemzetk\u00f6zi Karmesterverseny gy\u0151ztese.<\/p><p>Az egy\u00fcttes sz\u00e1mos b\u00e9rleten k\u00edv\u00fcli koncertet ad, \u00e1lland\u00f3 r\u00e9sztvev\u0151je a megye egyh\u00e1zi \u00e9s vil\u00e1gi rendezv\u00e9nyeinek, \u00e9s k\u00f6zrem\u0171k\u00f6d\u0151je a Szolnoki Szigligeti Sz\u00ednh\u00e1z zen\u00e9s darabjainak is.<\/p><p>\u00a0<\/p><p>M\u0171sor:<\/p><p><strong>Balogh S\u00e1ndor: 50 perc alatt a F\u00f6ld k\u00f6r\u00fcl<\/strong><\/p><p>Narr\u00e1tor, \u00e9nekes: Finta Zolt\u00e1n<\/p><p>Tizenegy r\u00e9zf\u00fav\u00f3s \u00e9s k\u00e9t \u00fct\u0151s hangszer kalandja a vil\u00e1g k\u00f6r\u00fcl. Az \u00f6tvenperces el\u0151ad\u00e1s sor\u00e1n a hallgat\u00f3k egy nagy vil\u00e1gk\u00f6r\u00fcli \u00fatra indulnak, melynek sor\u00e1n a vil\u00e1g k\u00fcl\u00f6nb\u00f6z\u0151 orsz\u00e1gainak jellegzetes zen\u00e9ivel ismerkedhet meg a k\u00f6z\u00f6ns\u00e9g.<\/p><p>Bej\u00e1rj\u00e1k a zene vil\u00e1g\u00e1t t\u00e9rben \u00e9s id\u0151ben. A zenei barangol\u00e1s sor\u00e1n az orsz\u00e1gok jellegzetes \u00e9s n\u00e9pszer\u0171 zen\u00e9it ismerhetik meg a publikum. \u00cdgy j\u00e1rhatnak a t\u00f6r\u00f6k baz\u00e1rokban, belefeledkezhetnek a napf\u00e9nyes It\u00e1lia dallamos, gy\u00f6ny\u00f6r\u0171 muzsik\u00e1j\u00e1ba, felfedezhetik Amerika ritmikus mot\u00edvumait, s elmerenghetnek az orosz sztyepp\u00e9k elandal\u00edt\u00f3, szomork\u00e1s dallamain.<\/p><p>A Szolnoki Szimfonikus Zenekar koncertje a hallgat\u00f3k hangszerek ir\u00e1nti \u00e9rdekl\u0151d\u00e9s\u00e9t k\u00edv\u00e1nja felkelteni, s ennek \u00e9rdek\u00e9ben a hallgat\u00f3s\u00e1got interakt\u00edv m\u00f3don vonja be a produkci\u00f3ba. Pl. a narr\u00e1tor a sz\u00e9ls\u00fcv\u00edt\u00e9s hangj\u00e1nak ut\u00e1nz\u00e1s\u00e1ra k\u00e9ri fel k\u00f6z\u00f6ns\u00e9g\u00e9t, vagy tal\u00e1l\u00f3s k\u00e9rd\u00e9sekkel b\u00edrja r\u00e1 a k\u00fcl\u00f6nb\u00f6z\u0151 orsz\u00e1gok zenei mot\u00edvumok r\u00e9v\u00e9n t\u00f6rt\u00e9n\u0151 felismer\u00e9s\u00e9re. A figyelem folyamatos fenntart\u00e1s\u00e1ra t\u00f6rekedve \u00edgy a n\u00e9z\u0151k sz\u00e1m\u00e1ra is tartalmas, v\u00e1ltozatos sz\u00f3rakoz\u00e1st ny\u00fajt a hangverseny.<\/p><p>A narr\u00e1tor rugalmasan alkalmazkodik el\u0151ad\u00e1sm\u00f3dj\u00e1val a hallgat\u00f3s\u00e1g \u00e9letkori saj\u00e1toss\u00e1gaihoz. K\u00f6zrem\u0171k\u00f6d\u00e9se j\u00e1t\u00e9koss\u00e1 \u00e9s humoross\u00e1 var\u00e1zsolja a koncerteket.<\/p><p><strong>\u00a0<\/strong><\/p><p><strong>A Szolnoki Szimfonikus Zenekar \u00fct\u0151segy\u00fcttese m\u0171sora:<\/strong><\/p><p>Az egy\u00fcttes a Szolnoki Szimfonikus Zenekar \u00fct\u0151hangszeres m\u0171v\u00e9szeib\u0151l \u00e1ll. Reperto\u00e1rjuknak csak a hangszerek mennyis\u00e9ge \u00e9s a k\u00e9pzelet\u00fck szab hat\u00e1rt.<\/p><p>\u00a0<\/p><p>Losa<\/p><p>Emmanuel S\u00e9journ\u00e9 francia \u00fct\u0151hangszeres m\u0171v\u00e9sz, tan\u00e1r \u00e9s zeneszerz\u0151. Zen\u00e9j\u00e9re nagy hat\u00e1ssal vannak a klasszikus zene mellett a popul\u00e1risabb m\u0171fajok, mint a rock, jazz vagy a jelenlegi darabot inspir\u00e1l\u00f3 spanyol flamenco is.<\/p><p>\u00a0<\/p><p>Dove&#8217;s Delight<\/p><p>Jan Freicher fiatal lengyel zongorista, vibrafon m\u0171v\u00e9sz \u00e9s zeneszerz\u0151. Zen\u00e9je \u00f6tv\u00f6zi a klasszikus zen\u00e9t a jazzel \u00e9s m\u00e1s vil\u00e1gzen\u00e9vel.<\/p><p>\u00a0<\/p><p>Cabo Frio<\/p><p>Matthias Shmitt n\u00e9met \u00fct\u0151hangszeres tan\u00e1r \u00e9s zeneszerz\u0151 Bossa Nova ritmusra \u00e9p\u00fcl\u0151 k\u00f6nnyed darabja.<\/p><p>\u00a0<\/p><p>Metric Lips<\/p><p>B\u00e9la Fleck, teljes nev\u00e9n: B\u00e9la Anton Leo\u0161 Fleck elismert bendzs\u00f3 virtu\u00f3z. Nev\u00e9t zenerajong\u00f3 apj\u00e1t\u00f3l Bart\u00f3k, Webern \u00e9s Jan\u00e1\u010dek tisztelet\u00e9re kapta. 2007-ben Atlant\u00e1ban az akkori magyar nagyk\u00f6vet \u201etiszteletbeli magyarr\u00e1\u201d avatta. Jelen kompoz\u00edci\u00f3j\u00e1t David Steinquest \u00edrta \u00e1t \u00fct\u0151hangszerekre.<\/p><p>\u00a0<\/p><p>A Szolnoki Szimfonikus Zenekar\u00a0 50 perc alatt a f\u00f6ld k\u00f6r\u00fcl (zeneszerz\u0151: Balogh S\u00e1ndor) c\u00edm\u0171 el\u0151ad\u00e1sa 2021. j\u00falius 3-\u00e1n 19.00-t\u00f3l a Szolnoki M\u0171v\u00e9sztelepen megrendez\u00e9sre ker\u00fcl\u0151 ARTj\u00e1r\u00f3 Fesztiv\u00e1lon l\u00e1that\u00f3 \u00e9s hallhat\u00f3.<\/p><div style=\"color: #222222; font-family: Arial, Helvetica, sans-serif; font-size: small; font-style: normal; font-weight: 400;\"><\/div><\/div>\n\t\t\t\t<\/div>\n\t\t\t\t<\/div>\n\t\t\t\t\t\t<\/div>\n\t\t\t<\/div>\n\t\t<\/div>\n\t\t\t\t\t\t<\/div>\n\t\t\t<\/div>\n\t\t<\/section>\n\t\t\t\t\t\t<\/div>\n\t\t\t<\/div>\n\t\t<\/div>","protected":false},"excerpt":{"rendered":"<p>A Szolnoki Szimfonikus Zenekar Koncertje A Szolnoki M\u0171v\u00e9sztelepen 2021. 07. 03-\u00e1n 19.00 \u00f3rakor A Szolnoki Szimfonikusok megalakul\u00e1sa \u00f3ta akt\u00edv szerepet v\u00e1llal a magyar kultur\u00e1lis \u00e9rt\u00e9kek meg\u0151rz\u00e9s\u00e9ben, k\u00f6zvet\u00edt\u00e9s\u00e9ben \u00e9s kiemelked\u0151 feladat\u00e1nak tekinti az ifj\u00fas\u00e1g zenei nevel\u00e9s\u00e9t. K\u00fcldet\u00e9se a m\u0171v\u00e9szeti \u00e9let gazdag\u00edt\u00e1sa, magas sz\u00ednvonal\u00fa komolyzenei hangversenyek bemutat\u00e1sa a vil\u00e1g minden t\u00e1j\u00e1n, \u00f6regb\u00edtve&hellip; <\/p>","protected":false},"author":9,"featured_media":0,"parent":0,"menu_order":0,"comment_status":"closed","ping_status":"closed","template":"","meta":{"spay_email":""},"categories":[],"tags":[],"yst_prominent_words":[],"yoast_head":"<!-- This site is optimized with the Yoast SEO Premium plugin v14.1 - https:\/\/yoast.com\/wordpress\/plugins\/seo\/ -->\n<title>A Szolnoki Szimfonikus Zenekar koncertje - SZOLNOKI M\u0170V\u00c9SZTELEP<\/title>\n<meta name=\"robots\" content=\"index, follow\" \/>\n<meta name=\"googlebot\" content=\"index, follow, max-snippet:-1, max-image-preview:large, max-video-preview:-1\" \/>\n<meta name=\"bingbot\" content=\"index, follow, max-snippet:-1, max-image-preview:large, max-video-preview:-1\" \/>\n<link rel=\"canonical\" href=\"http:\/\/szolnokimuvesztelep.com\/en\/a-szolnoki-szimfonikus-zenekar-koncertje\/\" \/>\n<meta property=\"og:locale\" content=\"en_US\" \/>\n<meta property=\"og:type\" content=\"article\" \/>\n<meta property=\"og:title\" content=\"A Szolnoki Szimfonikus Zenekar koncertje - SZOLNOKI M\u0170V\u00c9SZTELEP\" \/>\n<meta property=\"og:description\" content=\"A Szolnoki Szimfonikus Zenekar Koncertje A Szolnoki M\u0171v\u00e9sztelepen 2021. 07. 03-\u00e1n 19.00 \u00f3rakor A Szolnoki Szimfonikusok megalakul\u00e1sa \u00f3ta akt\u00edv szerepet v\u00e1llal a magyar kultur\u00e1lis \u00e9rt\u00e9kek meg\u0151rz\u00e9s\u00e9ben, k\u00f6zvet\u00edt\u00e9s\u00e9ben \u00e9s kiemelked\u0151 feladat\u00e1nak tekinti az ifj\u00fas\u00e1g zenei nevel\u00e9s\u00e9t. K\u00fcldet\u00e9se a m\u0171v\u00e9szeti \u00e9let gazdag\u00edt\u00e1sa, magas sz\u00ednvonal\u00fa komolyzenei hangversenyek bemutat\u00e1sa a vil\u00e1g minden t\u00e1j\u00e1n, \u00f6regb\u00edtve&hellip;\" \/>\n<meta property=\"og:url\" content=\"http:\/\/szolnokimuvesztelep.com\/en\/a-szolnoki-szimfonikus-zenekar-koncertje\/\" \/>\n<meta property=\"og:site_name\" content=\"SZOLNOKI M\u0170V\u00c9SZTELEP\" \/>\n<meta property=\"article:publisher\" content=\"https:\/\/www.facebook.com\/szolnokimuvesztelepofficial\/\" \/>\n<meta property=\"article:modified_time\" content=\"2021-06-14T07:33:39+00:00\" \/>\n<meta property=\"og:image\" content=\"http:\/\/szolnokimuvesztelep.com\/wp-content\/uploads\/2021\/06\/50-perc-alatt-a-fold-korul-1024x683.jpg\" \/>\n<script type=\"application\/ld+json\" class=\"yoast-schema-graph\">{\"@context\":\"https:\/\/schema.org\",\"@graph\":[{\"@type\":\"Organization\",\"@id\":\"http:\/\/szolnokimuvesztelep.com\/en\/#organization\",\"name\":\"Szolnoki M\\u0171v\\u00e9sztelep\",\"url\":\"http:\/\/szolnokimuvesztelep.com\/en\/\",\"sameAs\":[\"https:\/\/www.facebook.com\/szolnokimuvesztelepofficial\/\",\"https:\/\/www.instagram.com\/szolnoki_muvesztelep\/\",\"https:\/\/www.youtube.com\/channel\/UCAYRF4A8FrslG3J__XEjEoA\",\"https:\/\/hu.wikipedia.org\/wiki\/Szolnoki_m\\u0171v\\u00e9sztelep\"],\"logo\":{\"@type\":\"ImageObject\",\"@id\":\"http:\/\/szolnokimuvesztelep.com\/en\/#logo\",\"inLanguage\":\"en-US\",\"url\":\"https:\/\/i0.wp.com\/szolnokimuvesztelep.com\/wp-content\/uploads\/2020\/05\/szmt_2019_szlogen_psz-01.png?fit=2242%2C863\",\"width\":2242,\"height\":863,\"caption\":\"Szolnoki M\\u0171v\\u00e9sztelep\"},\"image\":{\"@id\":\"http:\/\/szolnokimuvesztelep.com\/en\/#logo\"}},{\"@type\":\"WebSite\",\"@id\":\"http:\/\/szolnokimuvesztelep.com\/en\/#website\",\"url\":\"http:\/\/szolnokimuvesztelep.com\/en\/\",\"name\":\"SZOLNOKI M\\u0170V\\u00c9SZTELEP\",\"description\":\"Meg\\u00fajul\\u00f3 hagyom\\u00e1ny\",\"publisher\":{\"@id\":\"http:\/\/szolnokimuvesztelep.com\/en\/#organization\"},\"potentialAction\":[{\"@type\":\"SearchAction\",\"target\":\"http:\/\/szolnokimuvesztelep.com\/en\/?s={search_term_string}\",\"query-input\":\"required name=search_term_string\"}],\"inLanguage\":\"en-US\"},{\"@type\":\"ImageObject\",\"@id\":\"http:\/\/szolnokimuvesztelep.com\/a-szolnoki-szimfonikus-zenekar-koncertje\/#primaryimage\",\"inLanguage\":\"en-US\",\"url\":\"https:\/\/i1.wp.com\/szolnokimuvesztelep.com\/wp-content\/uploads\/2021\/06\/50-perc-alatt-a-fold-korul.jpg?fit=2048%2C1365\",\"width\":2048,\"height\":1365},{\"@type\":\"WebPage\",\"@id\":\"http:\/\/szolnokimuvesztelep.com\/a-szolnoki-szimfonikus-zenekar-koncertje\/#webpage\",\"url\":\"http:\/\/szolnokimuvesztelep.com\/a-szolnoki-szimfonikus-zenekar-koncertje\/\",\"name\":\"A Szolnoki Szimfonikus Zenekar koncertje - SZOLNOKI M\\u0170V\\u00c9SZTELEP\",\"isPartOf\":{\"@id\":\"http:\/\/szolnokimuvesztelep.com\/en\/#website\"},\"primaryImageOfPage\":{\"@id\":\"http:\/\/szolnokimuvesztelep.com\/a-szolnoki-szimfonikus-zenekar-koncertje\/#primaryimage\"},\"datePublished\":\"2021-06-09T12:35:39+00:00\",\"dateModified\":\"2021-06-14T07:33:39+00:00\",\"inLanguage\":\"en-US\",\"potentialAction\":[{\"@type\":\"ReadAction\",\"target\":[\"http:\/\/szolnokimuvesztelep.com\/a-szolnoki-szimfonikus-zenekar-koncertje\/\"]}]}]}<\/script>\n<!-- \/ Yoast SEO Premium plugin. -->","jetpack_sharing_enabled":true,"jetpack_shortlink":"https:\/\/wp.me\/P9tpmR-1KY","jetpack_likes_enabled":true,"jetpack-related-posts":[],"_links":{"self":[{"href":"http:\/\/szolnokimuvesztelep.com\/en\/wp-json\/wp\/v2\/pages\/6756"}],"collection":[{"href":"http:\/\/szolnokimuvesztelep.com\/en\/wp-json\/wp\/v2\/pages"}],"about":[{"href":"http:\/\/szolnokimuvesztelep.com\/en\/wp-json\/wp\/v2\/types\/page"}],"author":[{"embeddable":true,"href":"http:\/\/szolnokimuvesztelep.com\/en\/wp-json\/wp\/v2\/users\/9"}],"replies":[{"embeddable":true,"href":"http:\/\/szolnokimuvesztelep.com\/en\/wp-json\/wp\/v2\/comments?post=6756"}],"version-history":[{"count":6,"href":"http:\/\/szolnokimuvesztelep.com\/en\/wp-json\/wp\/v2\/pages\/6756\/revisions"}],"predecessor-version":[{"id":6851,"href":"http:\/\/szolnokimuvesztelep.com\/en\/wp-json\/wp\/v2\/pages\/6756\/revisions\/6851"}],"wp:attachment":[{"href":"http:\/\/szolnokimuvesztelep.com\/en\/wp-json\/wp\/v2\/media?parent=6756"}],"wp:term":[{"taxonomy":"category","embeddable":true,"href":"http:\/\/szolnokimuvesztelep.com\/en\/wp-json\/wp\/v2\/categories?post=6756"},{"taxonomy":"post_tag","embeddable":true,"href":"http:\/\/szolnokimuvesztelep.com\/en\/wp-json\/wp\/v2\/tags?post=6756"},{"taxonomy":"yst_prominent_words","embeddable":true,"href":"http:\/\/szolnokimuvesztelep.com\/en\/wp-json\/wp\/v2\/yst_prominent_words?post=6756"}],"curies":[{"name":"wp","href":"https:\/\/api.w.org\/{rel}","templated":true}]}}