{"id":6720,"date":"2021-06-07T13:59:52","date_gmt":"2021-06-07T13:59:52","guid":{"rendered":"http:\/\/szolnokimuvesztelep.com\/?page_id=6720"},"modified":"2021-06-08T07:42:46","modified_gmt":"2021-06-08T07:42:46","slug":"loci-jatszik","status":"publish","type":"page","link":"http:\/\/szolnokimuvesztelep.com\/en\/loci-jatszik\/","title":{"rendered":"L\u00f3ci j\u00e1tszik"},"content":{"rendered":"<div data-elementor-type=\"wp-page\" data-elementor-id=\"6720\" class=\"elementor elementor-6720\" data-elementor-settings=\"[]\">\n\t\t\t<div class=\"elementor-inner\">\n\t\t\t\t<div class=\"elementor-section-wrap\">\n\t\t\t\t\t\t\t<section class=\"elementor-element elementor-element-f814107 elementor-section-boxed elementor-section-height-default elementor-section-height-default elementor-section elementor-top-section\" data-id=\"f814107\" data-element_type=\"section\">\n\t\t\t\t\t\t<div class=\"elementor-container elementor-column-gap-default\">\n\t\t\t\t<div class=\"elementor-row\">\n\t\t\t\t<div class=\"elementor-element elementor-element-f15a468 elementor-column elementor-col-100 elementor-top-column\" data-id=\"f15a468\" data-element_type=\"column\">\n\t\t\t<div class=\"elementor-column-wrap  elementor-element-populated\">\n\t\t\t\t\t<div class=\"elementor-widget-wrap\">\n\t\t\t\t<div class=\"elementor-element elementor-element-784a439 elementor-widget elementor-widget-image\" data-id=\"784a439\" data-element_type=\"widget\" data-widget_type=\"image.default\">\n\t\t\t\t<div class=\"elementor-widget-container\">\n\t\t\t\t\t<div class=\"elementor-image\">\n\t\t\t\t\t\t\t\t\t\t<img width=\"790\" height=\"527\" src=\"https:\/\/i1.wp.com\/szolnokimuvesztelep.com\/wp-content\/uploads\/2021\/06\/loci-scaled.jpg?fit=790%2C527\" class=\"attachment-large size-large\" alt=\"\" loading=\"lazy\" srcset=\"https:\/\/i1.wp.com\/szolnokimuvesztelep.com\/wp-content\/uploads\/2021\/06\/loci-scaled.jpg?w=2560 2560w, https:\/\/i1.wp.com\/szolnokimuvesztelep.com\/wp-content\/uploads\/2021\/06\/loci-scaled.jpg?resize=300%2C200 300w, https:\/\/i1.wp.com\/szolnokimuvesztelep.com\/wp-content\/uploads\/2021\/06\/loci-scaled.jpg?resize=1024%2C683 1024w, https:\/\/i1.wp.com\/szolnokimuvesztelep.com\/wp-content\/uploads\/2021\/06\/loci-scaled.jpg?resize=768%2C512 768w, https:\/\/i1.wp.com\/szolnokimuvesztelep.com\/wp-content\/uploads\/2021\/06\/loci-scaled.jpg?resize=1536%2C1024 1536w, https:\/\/i1.wp.com\/szolnokimuvesztelep.com\/wp-content\/uploads\/2021\/06\/loci-scaled.jpg?resize=2048%2C1366 2048w, https:\/\/i1.wp.com\/szolnokimuvesztelep.com\/wp-content\/uploads\/2021\/06\/loci-scaled.jpg?w=1720 1720w\" sizes=\"(max-width: 790px) 100vw, 790px\" data-attachment-id=\"6721\" data-permalink=\"http:\/\/szolnokimuvesztelep.com\/en\/loci-jatszik\/loci\/\" data-orig-file=\"https:\/\/i1.wp.com\/szolnokimuvesztelep.com\/wp-content\/uploads\/2021\/06\/loci-scaled.jpg?fit=2560%2C1707\" data-orig-size=\"2560,1707\" data-comments-opened=\"1\" data-image-meta=\"{&quot;aperture&quot;:&quot;6.3&quot;,&quot;credit&quot;:&quot;Batori Gabor&quot;,&quot;camera&quot;:&quot;Canon EOS-1D X Mark II&quot;,&quot;caption&quot;:&quot;&quot;,&quot;created_timestamp&quot;:&quot;1568814456&quot;,&quot;copyright&quot;:&quot;sinco.hu&quot;,&quot;focal_length&quot;:&quot;18&quot;,&quot;iso&quot;:&quot;400&quot;,&quot;shutter_speed&quot;:&quot;0.00625&quot;,&quot;title&quot;:&quot;&quot;,&quot;orientation&quot;:&quot;1&quot;}\" data-image-title=\"loci\" data-image-description=\"\" data-medium-file=\"https:\/\/i1.wp.com\/szolnokimuvesztelep.com\/wp-content\/uploads\/2021\/06\/loci-scaled.jpg?fit=300%2C200\" data-large-file=\"https:\/\/i1.wp.com\/szolnokimuvesztelep.com\/wp-content\/uploads\/2021\/06\/loci-scaled.jpg?fit=790%2C527\" \/>\t\t\t\t\t\t\t\t\t\t\t<\/div>\n\t\t\t\t<\/div>\n\t\t\t\t<\/div>\n\t\t\t\t\t\t<\/div>\n\t\t\t<\/div>\n\t\t<\/div>\n\t\t\t\t\t\t<\/div>\n\t\t\t<\/div>\n\t\t<\/section>\n\t\t\t\t<section class=\"elementor-element elementor-element-3865771 elementor-section-boxed elementor-section-height-default elementor-section-height-default elementor-section elementor-top-section\" data-id=\"3865771\" data-element_type=\"section\">\n\t\t\t\t\t\t<div class=\"elementor-container elementor-column-gap-default\">\n\t\t\t\t<div class=\"elementor-row\">\n\t\t\t\t<div class=\"elementor-element elementor-element-636e6a5 elementor-column elementor-col-100 elementor-top-column\" data-id=\"636e6a5\" data-element_type=\"column\">\n\t\t\t<div class=\"elementor-column-wrap  elementor-element-populated\">\n\t\t\t\t\t<div class=\"elementor-widget-wrap\">\n\t\t\t\t<div class=\"elementor-element elementor-element-2c9c78b elementor-widget elementor-widget-heading\" data-id=\"2c9c78b\" data-element_type=\"widget\" data-widget_type=\"heading.default\">\n\t\t\t\t<div class=\"elementor-widget-container\">\n\t\t\t<h2 class=\"elementor-heading-title elementor-size-default\">L\u00f3ci j\u00e1tszik koncert<\/h2>\t\t<\/div>\n\t\t\t\t<\/div>\n\t\t\t\t<div class=\"elementor-element elementor-element-5cdb538 elementor-widget elementor-widget-heading\" data-id=\"5cdb538\" data-element_type=\"widget\" data-widget_type=\"heading.default\">\n\t\t\t\t<div class=\"elementor-widget-container\">\n\t\t\t<h2 class=\"elementor-heading-title elementor-size-default\">A Szolnoki M\u0171v\u00e9sztelepen<\/h2>\t\t<\/div>\n\t\t\t\t<\/div>\n\t\t\t\t<div class=\"elementor-element elementor-element-40e99f8 elementor-widget elementor-widget-heading\" data-id=\"40e99f8\" data-element_type=\"widget\" data-widget_type=\"heading.default\">\n\t\t\t\t<div class=\"elementor-widget-container\">\n\t\t\t<h2 class=\"elementor-heading-title elementor-size-default\">2021. j\u00falius 3-\u00e1n, 21.00 \u00f3rakor<\/h2>\t\t<\/div>\n\t\t\t\t<\/div>\n\t\t\t\t<div class=\"elementor-element elementor-element-d923290 elementor-widget elementor-widget-text-editor\" data-id=\"d923290\" data-element_type=\"widget\" data-widget_type=\"text-editor.default\">\n\t\t\t\t<div class=\"elementor-widget-container\">\n\t\t\t\t\t<div class=\"elementor-text-editor elementor-clearfix\"><p>Aki egyszer elmegy egy \u201eL\u00f3ci\u201d koncertre, az szinte egyb\u0151l rajong\u00f3v\u00e1 v\u00e1lik, ugyanis a csokornyakkend\u0151r\u0151l elh\u00edres\u00fclt csapat fell\u00e9p\u00e9sein szem\u00e9lyesen is \u00e1t\u00e9lheti a k\u00f6z\u00f6ns\u00e9g, hogy milyen az, amikor L\u00f3ci j\u00e1tszik. Egy zenekar karrierj\u00e9nek pedig tal\u00e1n legizgalmasabb pillanata, amikor \u201cbeindul a szek\u00e9r\u201d \u00e9s er\u0151s lend\u00fcletet vesz a sikerhez vezet\u0151 emelked\u0151n.<\/p>\n<p>2020-ra ele\u0301rte a zenekar, hogy az orsza\u0301g ba\u0301rmely pontja\u0301n felkapja\u0301k a feju\u0308ket az emberek, ha Lo\u0301ci \u201ca va\u0301rosban\u201d ja\u0301tszik. Az elm\u00falt 5 \u00e9v alatt m\u00e1r egy\u00e9rtelm\u0171 jelek mutatt\u00e1k, hogy itt valami k\u00e9sz\u00fcl, hiszen Csorba L\u00f3ci n\u00e9vad\u00f3 frontember 2014-ben, a VAN c\u00edm\u0171 mozi filmzen\u00e9j\u00e9vel megalapozta a k\u00f6z\u00f6ns\u00e9g \u00e9s a szakma figyelm\u00e9t.<\/p>\n<p>Ezt k\u00f6vette a Ki Mit Tube \u00e9s a Cseh Tam\u00e1s Program elismer\u00e9se, egy sikeres turn\u00e9 a Margaret Islanddel k\u00f6z\u00f6sen, majd f\u00f6l\u00e9nyesen megnyert\u00e9k a Veszpr\u00e9mi Utcazene Fesztiv\u00e1l k\u00f6z\u00f6ns\u00e9gd\u00edj\u00e1t. 2017-ben megnyert\u00e9k a Fonogram \u201e\u00c9v Felfedezettje\u201d d\u00edj\u00e1t \u00e9s a Nagy-Sz\u00edn-Pad verseny gy\u0151ztesei lettek, \u00edgy az \u00f6sszes fesztiv\u00e1lon kiemelt helyeken l\u00e9ptek fel, ahogy p\u00e9ld\u00e1ul a VOLTon a Linkin Park el\u0151tt, a SZIGETen pedig PINK el\u0151tt, a Strand fesztiv\u00e1lon a Bastille el\u0151tt. Ut\u00f3bbinak a hivatalos himnusza is a \u00b4Nem t\u00e1ncolsz jobban\u00b4 sl\u00e1ger\u00fck egy ny\u00e1ri mut\u00e1ci\u00f3ja lett, \u00b4Nem strandolsz jobban\u00b4 c\u00edmmel.<\/p>\n<p>2019 elej\u00e9n \u2013 az &#8220;\u00c9n csajom&#8221;-ra &#8211; itthon els\u0151k\u00e9nt a L\u00f3ci j\u00e1tszik zenekar forgatott hivatalos &#8220;vertik\u00e1l vide\u00f3klipet&#8221;, ami m\u00e1r kifejezetten az &#8220;okos-eszk\u00f6z\u00f6kre&#8221; k\u00e9sz\u00edtett. Ezt k\u00f6vet\u0151en tavasszal T\u00f6r\u0151csik Franciska k\u00f6zrem\u0171k\u00f6d\u00e9s\u00e9vel deb\u00fct\u00e1lt &#8220;A plak\u00e1t&#8221; c\u00edm\u0171 duett, melyre egyedien sz\u00e9p klipet forgatott a zenekar.<\/p>\n<p>\u201eMinden \u00fagy j\u00f3, ahogy van\u201d c\u00edm\u0171 dalukhoz pedig a k\u00f3rust nem m\u00e1s adta, mint maga a k\u00f6z\u00f6ns\u00e9g! \u0150sszel nyilv\u00e1noss\u00e1gra ker\u00fclt \u201ePanelparadicsom\u201d c\u00edm\u0171 szerzem\u00e9ny\u00fck is, amelyet igazi \u201epanelk\u00f6rnyezetben\u201d vett fel a zenekar, \u00e9s amely el\u0151sz\u00f6r a Klipszeml\u00e9n deb\u00fct\u00e1lt nevezettk\u00e9nt.<\/p>\n<p>2021. j\u00falius 3-\u00e1n, Szombaton, a L\u00f3ci j\u00e1tszik zenekar a Szolnoki M\u0171v\u00e9sztelepen l\u00e9p fel, 22:00 \u00f3r\u00e1t\u00f3l!<\/p>\n<p><\/p><\/div>\n\t\t\t\t<\/div>\n\t\t\t\t<\/div>\n\t\t\t\t\t\t<\/div>\n\t\t\t<\/div>\n\t\t<\/div>\n\t\t\t\t\t\t<\/div>\n\t\t\t<\/div>\n\t\t<\/section>\n\t\t\t\t\t\t<\/div>\n\t\t\t<\/div>\n\t\t<\/div>","protected":false},"excerpt":{"rendered":"<p>L\u00f3ci j\u00e1tszik koncert A Szolnoki M\u0171v\u00e9sztelepen 2021. j\u00falius 3-\u00e1n, 21.00 \u00f3rakor Aki egyszer elmegy egy \u201eL\u00f3ci\u201d koncertre, az szinte egyb\u0151l rajong\u00f3v\u00e1 v\u00e1lik, ugyanis a csokornyakkend\u0151r\u0151l elh\u00edres\u00fclt csapat fell\u00e9p\u00e9sein szem\u00e9lyesen is \u00e1t\u00e9lheti a k\u00f6z\u00f6ns\u00e9g, hogy milyen az, amikor L\u00f3ci j\u00e1tszik. Egy zenekar karrierj\u00e9nek pedig tal\u00e1n legizgalmasabb pillanata, amikor \u201cbeindul a szek\u00e9r\u201d&hellip; <\/p>","protected":false},"author":9,"featured_media":0,"parent":0,"menu_order":0,"comment_status":"closed","ping_status":"closed","template":"","meta":{"spay_email":""},"categories":[],"tags":[],"yst_prominent_words":[],"yoast_head":"<!-- This site is optimized with the Yoast SEO Premium plugin v14.1 - https:\/\/yoast.com\/wordpress\/plugins\/seo\/ -->\n<title>L\u00f3ci j\u00e1tszik - SZOLNOKI M\u0170V\u00c9SZTELEP<\/title>\n<meta name=\"robots\" content=\"index, follow\" \/>\n<meta name=\"googlebot\" content=\"index, follow, max-snippet:-1, max-image-preview:large, max-video-preview:-1\" \/>\n<meta name=\"bingbot\" content=\"index, follow, max-snippet:-1, max-image-preview:large, max-video-preview:-1\" \/>\n<link rel=\"canonical\" href=\"http:\/\/szolnokimuvesztelep.com\/en\/loci-jatszik\/\" \/>\n<meta property=\"og:locale\" content=\"en_US\" \/>\n<meta property=\"og:type\" content=\"article\" \/>\n<meta property=\"og:title\" content=\"L\u00f3ci j\u00e1tszik - SZOLNOKI M\u0170V\u00c9SZTELEP\" \/>\n<meta property=\"og:description\" content=\"L\u00f3ci j\u00e1tszik koncert A Szolnoki M\u0171v\u00e9sztelepen 2021. j\u00falius 3-\u00e1n, 21.00 \u00f3rakor Aki egyszer elmegy egy \u201eL\u00f3ci\u201d koncertre, az szinte egyb\u0151l rajong\u00f3v\u00e1 v\u00e1lik, ugyanis a csokornyakkend\u0151r\u0151l elh\u00edres\u00fclt csapat fell\u00e9p\u00e9sein szem\u00e9lyesen is \u00e1t\u00e9lheti a k\u00f6z\u00f6ns\u00e9g, hogy milyen az, amikor L\u00f3ci j\u00e1tszik. Egy zenekar karrierj\u00e9nek pedig tal\u00e1n legizgalmasabb pillanata, amikor \u201cbeindul a szek\u00e9r\u201d&hellip;\" \/>\n<meta property=\"og:url\" content=\"http:\/\/szolnokimuvesztelep.com\/en\/loci-jatszik\/\" \/>\n<meta property=\"og:site_name\" content=\"SZOLNOKI M\u0170V\u00c9SZTELEP\" \/>\n<meta property=\"article:publisher\" content=\"https:\/\/www.facebook.com\/szolnokimuvesztelepofficial\/\" \/>\n<meta property=\"article:modified_time\" content=\"2021-06-08T07:42:46+00:00\" \/>\n<meta property=\"og:image\" content=\"http:\/\/szolnokimuvesztelep.com\/wp-content\/uploads\/2021\/06\/loci-1024x683.jpg\" \/>\n<script type=\"application\/ld+json\" class=\"yoast-schema-graph\">{\"@context\":\"https:\/\/schema.org\",\"@graph\":[{\"@type\":\"Organization\",\"@id\":\"http:\/\/szolnokimuvesztelep.com\/en\/#organization\",\"name\":\"Szolnoki M\\u0171v\\u00e9sztelep\",\"url\":\"http:\/\/szolnokimuvesztelep.com\/en\/\",\"sameAs\":[\"https:\/\/www.facebook.com\/szolnokimuvesztelepofficial\/\",\"https:\/\/www.instagram.com\/szolnoki_muvesztelep\/\",\"https:\/\/www.youtube.com\/channel\/UCAYRF4A8FrslG3J__XEjEoA\",\"https:\/\/hu.wikipedia.org\/wiki\/Szolnoki_m\\u0171v\\u00e9sztelep\"],\"logo\":{\"@type\":\"ImageObject\",\"@id\":\"http:\/\/szolnokimuvesztelep.com\/en\/#logo\",\"inLanguage\":\"en-US\",\"url\":\"https:\/\/i0.wp.com\/szolnokimuvesztelep.com\/wp-content\/uploads\/2020\/05\/szmt_2019_szlogen_psz-01.png?fit=2242%2C863\",\"width\":2242,\"height\":863,\"caption\":\"Szolnoki M\\u0171v\\u00e9sztelep\"},\"image\":{\"@id\":\"http:\/\/szolnokimuvesztelep.com\/en\/#logo\"}},{\"@type\":\"WebSite\",\"@id\":\"http:\/\/szolnokimuvesztelep.com\/en\/#website\",\"url\":\"http:\/\/szolnokimuvesztelep.com\/en\/\",\"name\":\"SZOLNOKI M\\u0170V\\u00c9SZTELEP\",\"description\":\"Meg\\u00fajul\\u00f3 hagyom\\u00e1ny\",\"publisher\":{\"@id\":\"http:\/\/szolnokimuvesztelep.com\/en\/#organization\"},\"potentialAction\":[{\"@type\":\"SearchAction\",\"target\":\"http:\/\/szolnokimuvesztelep.com\/en\/?s={search_term_string}\",\"query-input\":\"required name=search_term_string\"}],\"inLanguage\":\"en-US\"},{\"@type\":\"ImageObject\",\"@id\":\"http:\/\/szolnokimuvesztelep.com\/loci-jatszik\/#primaryimage\",\"inLanguage\":\"en-US\",\"url\":\"https:\/\/i1.wp.com\/szolnokimuvesztelep.com\/wp-content\/uploads\/2021\/06\/loci-scaled.jpg?fit=2560%2C1707\",\"width\":2560,\"height\":1707},{\"@type\":\"WebPage\",\"@id\":\"http:\/\/szolnokimuvesztelep.com\/loci-jatszik\/#webpage\",\"url\":\"http:\/\/szolnokimuvesztelep.com\/loci-jatszik\/\",\"name\":\"L\\u00f3ci j\\u00e1tszik - SZOLNOKI M\\u0170V\\u00c9SZTELEP\",\"isPartOf\":{\"@id\":\"http:\/\/szolnokimuvesztelep.com\/en\/#website\"},\"primaryImageOfPage\":{\"@id\":\"http:\/\/szolnokimuvesztelep.com\/loci-jatszik\/#primaryimage\"},\"datePublished\":\"2021-06-07T13:59:52+00:00\",\"dateModified\":\"2021-06-08T07:42:46+00:00\",\"inLanguage\":\"en-US\",\"potentialAction\":[{\"@type\":\"ReadAction\",\"target\":[\"http:\/\/szolnokimuvesztelep.com\/loci-jatszik\/\"]}]}]}<\/script>\n<!-- \/ Yoast SEO Premium plugin. -->","jetpack_sharing_enabled":true,"jetpack_shortlink":"https:\/\/wp.me\/P9tpmR-1Ko","jetpack_likes_enabled":true,"jetpack-related-posts":[],"_links":{"self":[{"href":"http:\/\/szolnokimuvesztelep.com\/en\/wp-json\/wp\/v2\/pages\/6720"}],"collection":[{"href":"http:\/\/szolnokimuvesztelep.com\/en\/wp-json\/wp\/v2\/pages"}],"about":[{"href":"http:\/\/szolnokimuvesztelep.com\/en\/wp-json\/wp\/v2\/types\/page"}],"author":[{"embeddable":true,"href":"http:\/\/szolnokimuvesztelep.com\/en\/wp-json\/wp\/v2\/users\/9"}],"replies":[{"embeddable":true,"href":"http:\/\/szolnokimuvesztelep.com\/en\/wp-json\/wp\/v2\/comments?post=6720"}],"version-history":[{"count":4,"href":"http:\/\/szolnokimuvesztelep.com\/en\/wp-json\/wp\/v2\/pages\/6720\/revisions"}],"predecessor-version":[{"id":6731,"href":"http:\/\/szolnokimuvesztelep.com\/en\/wp-json\/wp\/v2\/pages\/6720\/revisions\/6731"}],"wp:attachment":[{"href":"http:\/\/szolnokimuvesztelep.com\/en\/wp-json\/wp\/v2\/media?parent=6720"}],"wp:term":[{"taxonomy":"category","embeddable":true,"href":"http:\/\/szolnokimuvesztelep.com\/en\/wp-json\/wp\/v2\/categories?post=6720"},{"taxonomy":"post_tag","embeddable":true,"href":"http:\/\/szolnokimuvesztelep.com\/en\/wp-json\/wp\/v2\/tags?post=6720"},{"taxonomy":"yst_prominent_words","embeddable":true,"href":"http:\/\/szolnokimuvesztelep.com\/en\/wp-json\/wp\/v2\/yst_prominent_words?post=6720"}],"curies":[{"name":"wp","href":"https:\/\/api.w.org\/{rel}","templated":true}]}}