{"id":5061,"date":"2019-03-25T11:10:02","date_gmt":"2019-03-25T11:10:02","guid":{"rendered":"http:\/\/szolnokimuvesztelep.com\/?page_id=5061"},"modified":"2019-03-25T11:13:21","modified_gmt":"2019-03-25T11:13:21","slug":"altalanos-szerzodesi-feltetelek","status":"publish","type":"page","link":"http:\/\/szolnokimuvesztelep.com\/en\/altalanos-szerzodesi-feltetelek\/","title":{"rendered":"\u00c1ltal\u00e1nos Szerz\u0151d\u00e9si Felt\u00e9telek"},"content":{"rendered":"<p>\u00c1SZF<\/p>\n<div><\/div>\n<div>\n<table border=\"0\" width=\"564\" cellspacing=\"0\" cellpadding=\"0\">\n<tbody>\n<tr>\n<td><strong><span style=\"font-family: arial, helvetica, sans-serif;\">A Szolg\u00e1ltat\u00f3 neve:<\/span><\/strong><\/td>\n<td><strong><span style=\"font-family: arial, helvetica, sans-serif;\">Szolnoki M\u0171v\u00e9szeti Egyes\u00fclet<br \/>\n<\/span><\/strong><\/td>\n<\/tr>\n<tr>\n<td><strong><span style=\"font-family: arial, helvetica, sans-serif;\">Sz\u00e9khelye \u00e9s postai c\u00edme:<\/span><\/strong><\/td>\n<td><span style=\"font-family: arial, helvetica, sans-serif;\">5000 Szolnok, Gutenberg t\u00e9r 12\/12.<br \/>\n<\/span><\/td>\n<\/tr>\n<tr>\n<td><strong><span style=\"font-family: arial, helvetica, sans-serif;\">Nyilv\u00e1ntart\u00f3 hat\u00f3s\u00e1g:<\/span><\/strong><\/td>\n<td><span style=\"font-family: arial, helvetica, sans-serif;\">Szolnoki T\u00f6rv\u00e9nysz\u00e9k<\/span><\/td>\n<\/tr>\n<tr>\n<td><strong><span style=\"font-family: arial, helvetica, sans-serif;\">C\u00e9gjegyz\u00e9ksz\u00e1ma:<\/span><\/strong><\/td>\n<td><span style=\"font-family: arial, helvetica, sans-serif;\">1765<br \/>\n<\/span><\/td>\n<\/tr>\n<tr>\n<td><strong><span style=\"font-family: arial, helvetica, sans-serif;\">Ad\u00f3sz\u00e1ma:<\/span><\/strong><\/td>\n<td><span style=\"font-family: arial, helvetica, sans-serif;\">18835742-1-16<br \/>\n<\/span><\/td>\n<\/tr>\n<tr>\n<td><strong><span style=\"font-family: arial, helvetica, sans-serif;\">E-mail c\u00edme:<\/span><\/strong><\/td>\n<td><span style=\"font-family: arial, helvetica, sans-serif;\"><a href=\"mailto:szolnoki@muvtelep.t-online.hu\" target=\"_blank\" rel=\"noopener\">szolnoki@muvtelep.t-online.hu<\/a><br \/>\n<\/span><\/td>\n<\/tr>\n<tr>\n<td><strong><span style=\"font-family: arial, helvetica, sans-serif;\">Honlapj\u00e1nak c\u00edme:<\/span><\/strong><\/td>\n<td><a href=\"http:\/\/szolnokimuvesztelep.com\/en\/\" target=\"_blank\" rel=\"noopener\" data-saferedirecturl=\"https:\/\/www.google.com\/url?q=http:\/\/www.szolnokimuvesztelep.com\/&amp;source=gmail&amp;ust=1553598220785000&amp;usg=AFQjCNGoIylwj6STxTV-SzzkyQewSxU-ew\"><span style=\"font-family: arial, helvetica, sans-serif;\">www.szolnokimuvesztelep.com<\/span><\/a><\/td>\n<\/tr>\n<tr>\n<td><strong><span style=\"font-family: arial, helvetica, sans-serif;\">Telefonos \u00fcgyf\u00e9lszolg\u00e1lat:<\/span><\/strong><\/td>\n<td><span style=\"font-family: arial, helvetica, sans-serif;\">56\/230-605<\/span><\/td>\n<\/tr>\n<tr>\n<td><strong><span style=\"font-family: arial, helvetica, sans-serif;\">\u00dcgyf\u00e9lszolg\u00e1lat e-mail c\u00edme:<\/span><\/strong><\/td>\n<td><a href=\"mailto:szolnoki@muvtelep.t-online.hu\" target=\"_blank\" rel=\"noopener\"><span style=\"font-family: arial, helvetica, sans-serif;\">szolnoki@muvtelep.t-online.hu<\/span><\/a><\/td>\n<\/tr>\n<tr>\n<td><strong><span style=\"font-family: arial, helvetica, sans-serif;\">Telefax:<\/span><\/strong><\/td>\n<td><span style=\"font-family: arial, helvetica, sans-serif;\">&#8211;<\/span><\/td>\n<\/tr>\n<tr>\n<td><strong><span style=\"font-family: arial, helvetica, sans-serif;\">Panaszkezel\u00e9s helye \u00e9s el\u00e9rhet\u0151s\u00e9gei:<\/span><\/strong><\/td>\n<td><span style=\"font-family: arial, helvetica, sans-serif;\"><strong>Szolnoki M\u0171v\u00e9sztelep<\/strong><br \/>\ntelefon: 56\/230-605, email:\u00a0\u00a0<a href=\"mailto:szolnoki@muvtelep.t-online.hu\" target=\"_blank\" rel=\"noopener\">szolnoki@muvtelep.t-<wbr \/>online.hu<\/a><\/span><\/td>\n<\/tr>\n<tr>\n<td><strong><span style=\"font-family: arial, helvetica, sans-serif;\">T\u00e1rhely szolg\u00e1ltat\u00f3 neve:<\/span><\/strong><\/td>\n<td><span style=\"font-family: arial, helvetica, sans-serif;\"><strong>Szolnoki M\u0171v\u00e9szeti Egyes\u00fclet<\/strong><br \/>\n<\/span><\/td>\n<\/tr>\n<tr>\n<td><strong><span style=\"font-family: arial, helvetica, sans-serif;\">T\u00e1rhely szolg\u00e1ltat\u00f3 c\u00edme:<\/span><\/strong><\/td>\n<td><span style=\"font-family: arial, helvetica, sans-serif;\">5000 Szolnok, Gutenberg t\u00e9r 12\/12.<br \/>\n<\/span><\/td>\n<\/tr>\n<tr>\n<td><strong><span style=\"font-family: arial, helvetica, sans-serif;\">T\u00e1rhely szolg\u00e1ltat\u00f3 el\u00e9rhet\u0151s\u00e9ge:<\/span><\/strong><\/td>\n<td><span style=\"font-family: arial, helvetica, sans-serif;\">56\/230-605<\/span><\/td>\n<\/tr>\n<\/tbody>\n<\/table>\n<\/div>\n<div><span style=\"font-family: arial, helvetica, sans-serif;\"><br \/>\n<\/span><\/p>\n<div>\n<ol>\n<li value=\"1.1\"><span style=\"color: #000000; font-family: arial, helvetica, sans-serif;\">1. A Szolg\u00e1ltat\u00f3 on-line internetes rendszert (a tov\u00e1bbiakban: Rendszer) \u00fczemeltet k\u00fcl\u00f6nb\u00f6z\u0151 k\u00e9pz\u0151m\u0171v\u00e9szeti, zenei, tudom\u00e1nyos, k\u00f6zm\u0171vel\u0151d\u00e9si, szabadid\u0151s \u00e9s egy\u00e9b esem\u00e9nyek\u00a0(a tov\u00e1bbiakban: Rendezv\u00e9ny) min\u00e9l sz\u00e9lesebb l\u00e1togat\u00f3i k\u00f6rben t\u00f6rt\u00e9n\u0151 aj\u00e1nl\u00e1s\u00e1ra. A Szolg\u00e1ltat\u00f3 c\u00e9lja, hogy a Rendezv\u00e9nyeket a weboldal\u00e1n kereszt\u00fcl a potenci\u00e1lis \u00e9rdekl\u0151d\u0151 min\u00e9l sz\u00e9lesebb k\u00f6re megismerhesse, ezzel seg\u00edtve, hogy a rendezv\u00e9nyszervez\u0151k is k\u00f6nnyebben eljuthassanak a \u00e9rdekl\u0151d\u0151kh\u00f6z. A Szolg\u00e1ltat\u00f3 a Felhaszn\u00e1l\u00f3k r\u00e9sz\u00e9re a feliratkoz\u00e1st k\u00f6vet\u0151en c\u00e9lzott h\u00edrlevelek k\u00fcld,a jelen szerz\u0151d\u00e9sben meghat\u00e1rozott felt\u00e9telek szerint(atov\u00e1bbiakban: Szolg\u00e1ltat\u00e1s).<\/span><\/li>\n<\/ol>\n<ol>\n<li value=\"1.2\"><span style=\"color: #000000; font-family: arial, helvetica, sans-serif;\">2. A jelen \u00c1ltal\u00e1nos Szerz\u0151d\u00e9si Felt\u00e9telek (a tov\u00e1bbiakban: \u00c1SZF) szab\u00e1lyozz\u00e1k a Szolg\u00e1ltat\u00f3, valamint az internetes rendszer\u00e9t haszn\u00e1l\u00f3 szem\u00e9ly (a tov\u00e1bbiakban: Felhaszn\u00e1l\u00f3) k\u00f6z\u00f6tt a Szolg\u00e1ltat\u00e1s ig\u00e9nybev\u00e9tel\u00e9nek felt\u00e9teleit, valamint a Szolg\u00e1ltat\u00f3 \u00e9s a Felhaszn\u00e1l\u00f3 jogait \u00e9s k\u00f6telezetts\u00e9geit.<\/span><\/li>\n<\/ol>\n<ol>\n<li value=\"1.3\"><span style=\"color: #000000; font-family: arial, helvetica, sans-serif;\">3. A Szolg\u00e1ltat\u00f3 t\u00e1j\u00e9koztatja a Felhaszn\u00e1l\u00f3t, aki kifejezetten tudom\u00e1sul veszi, hogy a Szolg\u00e1ltat\u00f3 jogosult az \u00c1SZF-et egyoldal\u00faan m\u00f3dos\u00edtani. Az \u00c1SZF m\u00f3dos\u00edt\u00e1s\u00e1nak eset\u00e9n a Szolg\u00e1ltat\u00f3 a Felhaszn\u00e1l\u00f3t a v\u00e1ltoz\u00e1sokr\u00f3l a\u00a0<a href=\"http:\/\/szolnokimuvesztelep.com\/en\/\" target=\"_blank\" rel=\"noopener\" data-saferedirecturl=\"https:\/\/www.google.com\/url?q=http:\/\/www.szolnokimuvesztelep.com&amp;source=gmail&amp;ust=1553598220786000&amp;usg=AFQjCNHmNIOF8zFuWB7mCoKkowAV1FkqLw\">www.szolnokimuvesztelep.com<\/a><wbr \/>weboldalon, vagy h\u00edrlev\u00e9lben t\u00f6rt\u00e9n\u0151 k\u00f6zz\u00e9t\u00e9tele \u00fatj\u00e1n \u00e9rtes\u00edti, a m\u00f3dos\u00edt\u00e1s hat\u00e1lyba l\u00e9p\u00e9s\u00e9t megel\u0151z\u0151en legal\u00e1bb nyolc (8) nappal.<\/span><\/li>\n<\/ol>\n<ol>\n<li value=\"2\"><strong><span style=\"color: #000000; font-family: arial, helvetica, sans-serif;\">Regisztr\u00e1ci\u00f3<\/span><\/strong><\/li>\n<\/ol>\n<ol>\n<li value=\"2.1\"><span style=\"color: #000000; font-family: arial, helvetica, sans-serif;\">1. Szolg\u00e1ltat\u00f3 lehet\u0151s\u00e9get ny\u00fajt a L\u00e1togat\u00f3k r\u00e9sz\u00e9re, hogy feliratkozzanak a h\u00edrlevel\u00e9re (tov\u00e1bbiakban: regisztr\u00e1ci\u00f3).<\/span><\/li>\n<\/ol>\n<ol>\n<li value=\"2.2\"><span style=\"color: #000000; font-family: arial, helvetica, sans-serif;\">2. A weboldalt b\u00e1rmely L\u00e1togat\u00f3 korl\u00e1toz\u00e1s n\u00e9lk\u00fcl haszn\u00e1lhatja regisztr\u00e1ci\u00f3 n\u00e9lk\u00fcl. A Szolg\u00e1ltat\u00e1sra t\u00f6rt\u00e9n\u0151 feliratkoz\u00e1s azonban kiz\u00e1r\u00f3lag a L\u00e1togat\u00f3 email c\u00edm\u00e9nek \u00f6nk\u00e9ntes megad\u00e1s\u00e1val egyidej\u0171leg t\u00f6rt\u00e9nhet.<\/span><\/li>\n<\/ol>\n<ol>\n<li value=\"2.3\"><span style=\"color: #000000; font-family: arial, helvetica, sans-serif;\">3. A Felhaszn\u00e1l\u00f3 email c\u00edm\u00e9nek megad\u00e1sa az\u00e9rt sz\u00fcks\u00e9ges, mert a h\u00edrlevelet a Szolg\u00e1ltat\u00f3 csak ide tudja megk\u00fcldeni a r\u00e9sz\u00e9re. A regisztr\u00e1ci\u00f3s sor\u00e1n a L\u00e1togat\u00f3 az email c\u00edm\u00e9n fel\u00fcl \u00f6nk\u00e9ntesen megadhatja a nev\u00e9t, nem\u00e9t, korcsoportj\u00e1t, illetve \u00e9rdekl\u0151d\u00e9si k\u00f6reit. Ezen adatok megad\u00e1s\u00e1nak c\u00e9lja az, hogy a Szolg\u00e1ltat\u00f3 a h\u00edrlev\u00e9lben min\u00e9l ink\u00e1bb testreszabott, a Felhaszn\u00e1l\u00f3 \u00e9rdekl\u0151d\u00e9s\u00e9nek megfelel\u0151 Rendezv\u00e9nyeket aj\u00e1nlhasson.<\/span><\/li>\n<\/ol>\n<ol>\n<li value=\"2.4\"><span style=\"color: #000000; font-family: arial, helvetica, sans-serif;\">4. A Szolg\u00e1ltat\u00f3 adatkezel\u00e9s\u00e9re vonatkoz\u00f3 rendelkez\u00e9seket, \u00e9s garanci\u00e1kat a\u00a0<a href=\"http:\/\/szolnokimuvesztelep.com\/en\/\" target=\"_blank\" rel=\"noopener\" data-saferedirecturl=\"https:\/\/www.google.com\/url?q=http:\/\/www.szolnokimuvesztelep.com\/&amp;source=gmail&amp;ust=1553598220786000&amp;usg=AFQjCNGOevux3qXxri7kt-PmV45CNcXHpw\">www.szolnokimuvesztelep.com<\/a><wbr \/>oldalon tal\u00e1lhat\u00f3 adatv\u00e9delmi nyilatkozat tartalmazza.<\/span><\/li>\n<\/ol>\n<ol>\n<li value=\"3\"><strong><span style=\"color: #000000; font-family: arial, helvetica, sans-serif;\">Felek jogai \u00e9s k\u00f6telezetts\u00e9gei<\/span><\/strong><\/li>\n<\/ol>\n<ol>\n<li value=\"3.1\"><span style=\"color: #000000; font-family: arial, helvetica, sans-serif;\">1. A Szolg\u00e1ltat\u00f3 jogosult a Felhaszn\u00e1l\u00f3k r\u00e9sz\u00e9re saj\u00e1t d\u00f6nt\u00e9se szerinti, de maximum heti gyakoris\u00e1ggal h\u00edrlevelet k\u00fcldeni, kiv\u00e9ve abban az esetben, ha az enn\u00e9l s\u0171r\u0171bb h\u00edrlev\u00e9l k\u00fcld\u00e9st a Felhaszn\u00e1l\u00f3 maga k\u00e9ri.<\/span><\/li>\n<\/ol>\n<ol>\n<li value=\"3.2\"><span style=\"color: #000000; font-family: arial, helvetica, sans-serif;\">2. A Felhaszn\u00e1l\u00f3 \u00e1ltal \u00f6nk\u00e9ntesen megadott regisztr\u00e1ci\u00f3s adatokat a Szolg\u00e1ltat\u00f3 jogosult felhaszn\u00e1lni, hogy testre szabott Rendezv\u00e9nyeket k\u00edn\u00e1ljon a h\u00edrlev\u00e9lben a r\u00e9sz\u00fckre.<\/span><\/li>\n<\/ol>\n<ol>\n<li value=\"3.3\"><span style=\"color: #000000; font-family: arial, helvetica, sans-serif;\">3. A Felhaszn\u00e1l\u00f3 jogosult a h\u00edrlev\u00e9lr\u0151l indokl\u00e1s n\u00e9lk\u00fcl b\u00e1rmikor leiratkozni a h\u00edrlev\u00e9l alj\u00e1n tal\u00e1lhat\u00f3 linken kereszt\u00fcl, illetve emailben, vagy szem\u00e9lyesen a Szolg\u00e1ltat\u00f3 I. fejezet szerinti el\u00e9rhet\u0151s\u00e9gein.<\/span><\/li>\n<\/ol>\n<ol>\n<li value=\"3.4\"><span style=\"color: #000000; font-family: arial, helvetica, sans-serif;\">4. A Szolg\u00e1ltat\u00f3 k\u00f6teles a szolg\u00e1ltat\u00e1st az al\u00e1bbi t\u00f6rv\u00e9nyekben foglaltak szerint ny\u00fajtani:<\/span><\/li>\n<\/ol>\n<ul>\n<li><span style=\"color: #000000; font-family: arial, helvetica, sans-serif;\">2011. \u00e9vi CXII. t\u00f6rv\u00e9ny az inform\u00e1ci\u00f3s \u00f6nrendelkez\u00e9si jogr\u00f3l \u00e9s az inform\u00e1ci\u00f3szabads\u00e1gr\u00f3l (a tov\u00e1bbiakban Avtv., adatv\u00e9delmi t\u00f6rv\u00e9ny);<\/span><\/li>\n<li><span style=\"color: #000000; font-family: arial, helvetica, sans-serif;\">2001. \u00e9vi CVIII. t\u00f6rv\u00e9ny &#8211; az elektronikus kereskedelmi szolg\u00e1ltat\u00e1sok, valamint az inform\u00e1ci\u00f3s t\u00e1rsadalommal \u00f6sszef\u00fcgg\u0151 szolg\u00e1ltat\u00e1sok egyes k\u00e9rd\u00e9seir\u0151l (Eker. tv.);<\/span><\/li>\n<li><span style=\"color: #000000; font-family: arial, helvetica, sans-serif;\">2008. \u00e9vi XLVIII. t\u00f6rv\u00e9ny &#8211; a gazdas\u00e1gi rekl\u00e1mtev\u00e9kenys\u00e9g alapvet\u0151 felt\u00e9teleir\u0151l \u00e9s egyes korl\u00e1tair\u00f3l (Grt.).<\/span><\/li>\n<\/ul>\n<ol>\n<li value=\"4\"><strong><span style=\"color: #000000; font-family: arial, helvetica, sans-serif;\">A panaszkezel\u00e9s m\u00f3dja<\/span><\/strong><\/li>\n<\/ol>\n<ol>\n<li value=\"4.1\"><span style=\"color: #000000; font-family: arial, helvetica, sans-serif;\">1. A Szolg\u00e1ltat\u00f3 sz\u00e9khelye, a panasz\u00fcgyint\u00e9z\u00e9s helye, az \u00fcgyf\u00e9lszolg\u00e1lat\u00e1nak levelez\u00e9si c\u00edme, elektronikus levelez\u00e9si c\u00edme, internetes c\u00edme \u00e9s telefonsz\u00e1ma az \u00c1SZF I. pontj\u00e1ban tal\u00e1lhat\u00f3. A Felhaszn\u00e1l\u00f3 ezen el\u00e9rhet\u0151s\u00e9geken kereszt\u00fcl jogosult panasszal fordulni a Szolg\u00e1ltat\u00f3hoz.<\/span><\/li>\n<\/ol>\n<ol>\n<li value=\"4.2\"><span style=\"color: #000000; font-family: arial, helvetica, sans-serif;\">2. A Felhaszn\u00e1l\u00f3 a Szolg\u00e1ltat\u00f3nak a szolg\u00e1ltat\u00e1ssal k\u00f6zvetlen kapcsolatban \u00e1ll\u00f3 magatart\u00e1s\u00e1ra, tev\u00e9kenys\u00e9g\u00e9re vagy mulaszt\u00e1s\u00e1ra vonatkoz\u00f3 panasz\u00e1t sz\u00f3ban vagy \u00edr\u00e1sban k\u00f6z\u00f6lheti a Szolg\u00e1ltat\u00f3val. A Szolg\u00e1ltat\u00f3 a sz\u00f3beli panaszt azonnal megvizsg\u00e1lja, \u00e9s lehet\u0151s\u00e9g szerint azonnal orvosolja. Ha a Felhaszn\u00e1l\u00f3 a panasz kezel\u00e9s\u00e9vel nem \u00e9rt egyet, vagy a panasz azonnali kivizsg\u00e1l\u00e1sa nem lehets\u00e9ges, a Szolg\u00e1ltat\u00f3 a panaszr\u00f3l \u00e9s az azzal kapcsolatos \u00e1ll\u00e1spontj\u00e1r\u00f3l halad\u00e9ktalanul k\u00f6teles jegyz\u0151k\u00f6nyvet felvenni, \u00e9s annak egy m\u00e1solati p\u00e9ld\u00e1ny\u00e1t szem\u00e9lyesen k\u00f6z\u00f6lt sz\u00f3beli panasz eset\u00e9n helyben a Felhaszn\u00e1l\u00f3nak \u00e1tadni, telefonon vagy egy\u00e9b elektronikus h\u00edrk\u00f6zl\u00e9si szolg\u00e1ltat\u00e1s felhaszn\u00e1l\u00e1s\u00e1val k\u00f6z\u00f6lt sz\u00f3beli panasz eset\u00e9n a r\u00e9sz\u00e9re legk\u00e9s\u0151bb az \u00e9rdemi v\u00e1lasszal egyidej\u0171leg megk\u00fcldeni.<\/span><\/li>\n<\/ol>\n<ol>\n<li value=\"4.3\"><span style=\"color: #000000; font-family: arial, helvetica, sans-serif;\">3. Az \u00edr\u00e1sbeli panaszt a Szolg\u00e1ltat\u00f3 a be\u00e9rkez\u00e9s\u00e9t k\u00f6vet\u0151en harminc napon bel\u00fcl \u00edr\u00e1sban, \u00e9rdemben megv\u00e1laszolja, \u00e9s a Felhaszn\u00e1l\u00f3nak megk\u00fcldi, els\u0151sorban az \u00e1ltala megadott e-mail c\u00edmre. A panaszt elutas\u00edt\u00f3 \u00e1ll\u00e1spontj\u00e1t a Szolg\u00e1ltat\u00f3 indokolni k\u00f6teles. A panasz elutas\u00edt\u00e1sa eset\u00e9n a Szolg\u00e1ltat\u00f3 k\u00f6teles a Felhaszn\u00e1l\u00f3t \u00edr\u00e1sban t\u00e1j\u00e9koztatni arr\u00f3l, hogy panasz\u00e1val &#8211; annak jellege szerint &#8211; mely hat\u00f3s\u00e1g, vagy a b\u00e9k\u00e9ltet\u0151 test\u00fclet elj\u00e1r\u00e1s\u00e1t kezdem\u00e9nyezheti. Meg kell adni az illet\u00e9kes hat\u00f3s\u00e1g, illetve a Szolg\u00e1ltat\u00f3 sz\u00e9khelye szerinti b\u00e9k\u00e9ltet\u0151 test\u00fclet levelez\u00e9si c\u00edm\u00e9t.<\/span><\/li>\n<\/ol>\n<ol>\n<li value=\"4.4\"><span style=\"color: #000000; font-family: arial, helvetica, sans-serif;\">4. A Szolg\u00e1ltat\u00f3 nem folytat k\u00f6zszolg\u00e1ltat\u00e1si tev\u00e9kenys\u00e9get, \u00edgy nem vonatkoznak r\u00e1 az ilyen tev\u00e9kenys\u00e9get folytat\u00f3 szolg\u00e1ltat\u00f3kra vonatkoz\u00f3 speci\u00e1lis t\u00f6rv\u00e9nyi szab\u00e1lyok (speci\u00e1lis\u00a0 \u00fcgyf\u00e9lszolg\u00e1lat, m\u0171k\u00f6dtet\u00e9se, meghosszabb\u00edtott \u00fcgyf\u00e9lfogad\u00e1si id\u0151, el\u0151zetes id\u0151pontfoglal\u00e1s, folyamatos el\u00e9rhet\u0151s\u00e9g, \u00f6t perces bejelentkez\u00e9si id\u0151, v\u00e1s\u00e1rl\u00f3v\u00e9delmi referens stb.).<\/span><\/li>\n<\/ol>\n<ol>\n<li value=\"5\"><strong><span style=\"color: #000000; font-family: arial, helvetica, sans-serif;\">Z\u00e1r\u00f3 rendelkez\u00e9sek<\/span><\/strong><\/li>\n<\/ol>\n<ol>\n<li value=\"5.1\"><span style=\"color: #000000; font-family: arial, helvetica, sans-serif;\">1. A jelen \u00c1SZF magyar nyelven k\u00e9sz\u00fclt, \u00e9rtelmez\u00e9s\u00e9ben a magyar jog szab\u00e1lyai az ir\u00e1nyad\u00f3k.<\/span><\/li>\n<\/ol>\n<ol>\n<li value=\"5.2\"><span style=\"color: #000000; font-family: arial, helvetica, sans-serif;\">2. A jelen \u00c1SZF-ben nem szab\u00e1lyozott k\u00e9rd\u00e9sekben a Ptk. vonatkoz\u00f3 rendelkez\u00e9sei megfelel\u0151en ir\u00e1nyad\u00f3ak.<\/span><\/li>\n<\/ol>\n<p><span style=\"color: #000000; font-family: arial, helvetica, sans-serif;\"><br \/>\nSzolnok, 2016 j\u00fanius 10.<\/span><\/p>\n<\/div>\n<\/div>\n<p>&nbsp;<\/p>\n<p>&nbsp;<\/p>\n<p>&nbsp;<\/p>\n<p>&nbsp;<\/p>","protected":false},"excerpt":{"rendered":"<p>\u00c1SZF A Szolg\u00e1ltat\u00f3 neve: Szolnoki M\u0171v\u00e9szeti Egyes\u00fclet Sz\u00e9khelye \u00e9s postai c\u00edme: 5000 Szolnok, Gutenberg t\u00e9r 12\/12. Nyilv\u00e1ntart\u00f3 hat\u00f3s\u00e1g: Szolnoki T\u00f6rv\u00e9nysz\u00e9k C\u00e9gjegyz\u00e9ksz\u00e1ma: 1765 Ad\u00f3sz\u00e1ma: 18835742-1-16 E-mail c\u00edme: szolnoki@muvtelep.t-online.hu Honlapj\u00e1nak c\u00edme: www.szolnokimuvesztelep.com Telefonos \u00fcgyf\u00e9lszolg\u00e1lat: 56\/230-605 \u00dcgyf\u00e9lszolg\u00e1lat e-mail c\u00edme: szolnoki@muvtelep.t-online.hu Telefax: &#8211; Panaszkezel\u00e9s helye \u00e9s el\u00e9rhet\u0151s\u00e9gei: Szolnoki M\u0171v\u00e9sztelep telefon: 56\/230-605, email:\u00a0\u00a0szolnoki@muvtelep.t-online.hu T\u00e1rhely szolg\u00e1ltat\u00f3&hellip; <\/p>","protected":false},"author":1,"featured_media":0,"parent":0,"menu_order":0,"comment_status":"closed","ping_status":"closed","template":"","meta":{"spay_email":""},"categories":[],"tags":[],"yst_prominent_words":[],"yoast_head":"<!-- This site is optimized with the Yoast SEO Premium plugin v14.1 - https:\/\/yoast.com\/wordpress\/plugins\/seo\/ -->\n<title>\u00c1ltal\u00e1nos Szerz\u0151d\u00e9si Felt\u00e9telek - SZOLNOKI M\u0170V\u00c9SZTELEP<\/title>\n<meta name=\"robots\" content=\"index, follow\" \/>\n<meta name=\"googlebot\" content=\"index, follow, max-snippet:-1, max-image-preview:large, max-video-preview:-1\" \/>\n<meta name=\"bingbot\" content=\"index, follow, max-snippet:-1, max-image-preview:large, max-video-preview:-1\" \/>\n<link rel=\"canonical\" href=\"http:\/\/szolnokimuvesztelep.com\/en\/altalanos-szerzodesi-feltetelek\/\" \/>\n<meta property=\"og:locale\" content=\"en_US\" \/>\n<meta property=\"og:type\" content=\"article\" \/>\n<meta property=\"og:title\" content=\"\u00c1ltal\u00e1nos Szerz\u0151d\u00e9si Felt\u00e9telek - SZOLNOKI M\u0170V\u00c9SZTELEP\" \/>\n<meta property=\"og:description\" content=\"\u00c1SZF A Szolg\u00e1ltat\u00f3 neve: Szolnoki M\u0171v\u00e9szeti Egyes\u00fclet Sz\u00e9khelye \u00e9s postai c\u00edme: 5000 Szolnok, Gutenberg t\u00e9r 12\/12. Nyilv\u00e1ntart\u00f3 hat\u00f3s\u00e1g: Szolnoki T\u00f6rv\u00e9nysz\u00e9k C\u00e9gjegyz\u00e9ksz\u00e1ma: 1765 Ad\u00f3sz\u00e1ma: 18835742-1-16 E-mail c\u00edme: szolnoki@muvtelep.t-online.hu Honlapj\u00e1nak c\u00edme: www.szolnokimuvesztelep.com Telefonos \u00fcgyf\u00e9lszolg\u00e1lat: 56\/230-605 \u00dcgyf\u00e9lszolg\u00e1lat e-mail c\u00edme: szolnoki@muvtelep.t-online.hu Telefax: &#8211; Panaszkezel\u00e9s helye \u00e9s el\u00e9rhet\u0151s\u00e9gei: Szolnoki M\u0171v\u00e9sztelep telefon: 56\/230-605, email:\u00a0\u00a0szolnoki@muvtelep.t-online.hu T\u00e1rhely szolg\u00e1ltat\u00f3&hellip;\" \/>\n<meta property=\"og:url\" content=\"http:\/\/szolnokimuvesztelep.com\/en\/altalanos-szerzodesi-feltetelek\/\" \/>\n<meta property=\"og:site_name\" content=\"SZOLNOKI M\u0170V\u00c9SZTELEP\" \/>\n<meta property=\"article:publisher\" content=\"https:\/\/www.facebook.com\/szolnokimuvesztelepofficial\/\" \/>\n<meta property=\"article:modified_time\" content=\"2019-03-25T11:13:21+00:00\" \/>\n<script type=\"application\/ld+json\" class=\"yoast-schema-graph\">{\"@context\":\"https:\/\/schema.org\",\"@graph\":[{\"@type\":\"Organization\",\"@id\":\"http:\/\/szolnokimuvesztelep.com\/en\/#organization\",\"name\":\"Szolnoki M\\u0171v\\u00e9sztelep\",\"url\":\"http:\/\/szolnokimuvesztelep.com\/en\/\",\"sameAs\":[\"https:\/\/www.facebook.com\/szolnokimuvesztelepofficial\/\",\"https:\/\/www.instagram.com\/szolnoki_muvesztelep\/\",\"https:\/\/www.youtube.com\/channel\/UCAYRF4A8FrslG3J__XEjEoA\",\"https:\/\/hu.wikipedia.org\/wiki\/Szolnoki_m\\u0171v\\u00e9sztelep\"],\"logo\":{\"@type\":\"ImageObject\",\"@id\":\"http:\/\/szolnokimuvesztelep.com\/en\/#logo\",\"inLanguage\":\"en-US\",\"url\":\"https:\/\/i0.wp.com\/szolnokimuvesztelep.com\/wp-content\/uploads\/2020\/05\/szmt_2019_szlogen_psz-01.png?fit=2242%2C863\",\"width\":2242,\"height\":863,\"caption\":\"Szolnoki M\\u0171v\\u00e9sztelep\"},\"image\":{\"@id\":\"http:\/\/szolnokimuvesztelep.com\/en\/#logo\"}},{\"@type\":\"WebSite\",\"@id\":\"http:\/\/szolnokimuvesztelep.com\/en\/#website\",\"url\":\"http:\/\/szolnokimuvesztelep.com\/en\/\",\"name\":\"SZOLNOKI M\\u0170V\\u00c9SZTELEP\",\"description\":\"Meg\\u00fajul\\u00f3 hagyom\\u00e1ny\",\"publisher\":{\"@id\":\"http:\/\/szolnokimuvesztelep.com\/en\/#organization\"},\"potentialAction\":[{\"@type\":\"SearchAction\",\"target\":\"http:\/\/szolnokimuvesztelep.com\/en\/?s={search_term_string}\",\"query-input\":\"required name=search_term_string\"}],\"inLanguage\":\"en-US\"},{\"@type\":\"WebPage\",\"@id\":\"http:\/\/szolnokimuvesztelep.com\/altalanos-szerzodesi-feltetelek\/#webpage\",\"url\":\"http:\/\/szolnokimuvesztelep.com\/altalanos-szerzodesi-feltetelek\/\",\"name\":\"\\u00c1ltal\\u00e1nos Szerz\\u0151d\\u00e9si Felt\\u00e9telek - SZOLNOKI M\\u0170V\\u00c9SZTELEP\",\"isPartOf\":{\"@id\":\"http:\/\/szolnokimuvesztelep.com\/en\/#website\"},\"datePublished\":\"2019-03-25T11:10:02+00:00\",\"dateModified\":\"2019-03-25T11:13:21+00:00\",\"inLanguage\":\"en-US\",\"potentialAction\":[{\"@type\":\"ReadAction\",\"target\":[\"http:\/\/szolnokimuvesztelep.com\/altalanos-szerzodesi-feltetelek\/\"]}]}]}<\/script>\n<!-- \/ Yoast SEO Premium plugin. -->","jetpack_sharing_enabled":true,"jetpack_shortlink":"https:\/\/wp.me\/P9tpmR-1jD","jetpack_likes_enabled":true,"jetpack-related-posts":[],"_links":{"self":[{"href":"http:\/\/szolnokimuvesztelep.com\/en\/wp-json\/wp\/v2\/pages\/5061"}],"collection":[{"href":"http:\/\/szolnokimuvesztelep.com\/en\/wp-json\/wp\/v2\/pages"}],"about":[{"href":"http:\/\/szolnokimuvesztelep.com\/en\/wp-json\/wp\/v2\/types\/page"}],"author":[{"embeddable":true,"href":"http:\/\/szolnokimuvesztelep.com\/en\/wp-json\/wp\/v2\/users\/1"}],"replies":[{"embeddable":true,"href":"http:\/\/szolnokimuvesztelep.com\/en\/wp-json\/wp\/v2\/comments?post=5061"}],"version-history":[{"count":2,"href":"http:\/\/szolnokimuvesztelep.com\/en\/wp-json\/wp\/v2\/pages\/5061\/revisions"}],"predecessor-version":[{"id":5065,"href":"http:\/\/szolnokimuvesztelep.com\/en\/wp-json\/wp\/v2\/pages\/5061\/revisions\/5065"}],"wp:attachment":[{"href":"http:\/\/szolnokimuvesztelep.com\/en\/wp-json\/wp\/v2\/media?parent=5061"}],"wp:term":[{"taxonomy":"category","embeddable":true,"href":"http:\/\/szolnokimuvesztelep.com\/en\/wp-json\/wp\/v2\/categories?post=5061"},{"taxonomy":"post_tag","embeddable":true,"href":"http:\/\/szolnokimuvesztelep.com\/en\/wp-json\/wp\/v2\/tags?post=5061"},{"taxonomy":"yst_prominent_words","embeddable":true,"href":"http:\/\/szolnokimuvesztelep.com\/en\/wp-json\/wp\/v2\/yst_prominent_words?post=5061"}],"curies":[{"name":"wp","href":"https:\/\/api.w.org\/{rel}","templated":true}]}}