{"id":501,"date":"2017-11-29T11:36:21","date_gmt":"2017-11-29T11:36:21","guid":{"rendered":"http:\/\/szolnokimuvesztelep.com\/?page_id=501"},"modified":"2019-12-14T17:32:34","modified_gmt":"2019-12-14T17:32:34","slug":"fooldal","status":"publish","type":"page","link":"http:\/\/szolnokimuvesztelep.com\/en\/","title":{"rendered":"F\u0151oldal"},"content":{"rendered":"<p>&nbsp;<\/p>\n<h3 style=\"text-align: center;\">A Szolnoki M\u0171v\u00e9sztelep t\u00e1mogat\u00f3i \u00e9s partnerei<\/h3>\n<style>#sp-wp-carousel-free-id-5362.sp-wpcp-5362 .wpcp-single-item {\n\t\tborder: 1px solid #ffffff;\n\t}\n\t#sp-wp-carousel-free-id-5362.sp-wpcp-5362 .slick-prev,\n\t#sp-wp-carousel-free-id-5362.sp-wpcp-5362 .slick-next,\n\t#sp-wp-carousel-free-id-5362.sp-wpcp-5362 .slick-prev:hover,\n\t#sp-wp-carousel-free-id-5362.sp-wpcp-5362 .slick-next:hover {\n\t\tbackground: none;\n\t\tborder: none;\n\t\tfont-size: 30px;\n\t}\n\t#sp-wp-carousel-free-id-5362.sp-wpcp-5362 .slick-prev i,\n\t#sp-wp-carousel-free-id-5362.sp-wpcp-5362 .slick-next i {\n\t\tcolor: #eeeeee;\n\t}\n\t#sp-wp-carousel-free-id-5362.sp-wpcp-5362 .slick-prev i:hover,\n\t#sp-wp-carousel-free-id-5362.sp-wpcp-5362 .slick-next i:hover {\n\t\tcolor: #e36c6d;\n\t}\n\t#sp-wp-carousel-free-id-5362.sp-wpcp-5362 ul.slick-dots li button {\n\t\tbackground-color: #eeeeee;\n\t}\n\t#sp-wp-carousel-free-id-5362.sp-wpcp-5362 ul.slick-dots li.slick-active button {\n\t\tbackground-color: #e36c6d;\n\t}\n\t\n\t\t.wpcp-carousel-wrapper.wpcp-wrapper-5362{\n\t\t\tposition: relative;\n\t\t}\n\t\t#sp-wp-carousel-free-id-5362{\n\t\t\topacity: 0;\n\t\t}\n\t\t#wpcp-preloader-5362{\n\t\t\tposition: absolute;\n\t\t\tleft: 0;\n\t\t\ttop: 0;\n\t\t\theight: 100%;\n\t\t\twidth: 100%;\n\t\t\ttext-align: center;\n\t\t\tdisplay: flex;\n\t\t\talign-items: center;\n\t\t\tjustify-content: center;\n\t\t}\n\t\t\n\t@media screen and (max-width: 479px) {\n\t\t#sp-wp-carousel-free-id-5362.nav-vertical-center {\n\t\t\tpadding: 0;\n\t\t}\n\t}.wpcp-carousel-wrapper {margin:15px;}\r\n#sp-wp-carousel-free-id-5362.sp-wpcp-5362 ul.slick-dots li button,\r\n#sp-wp-carousel-free-id-5364.sp-wpcp-5364 ul.slick-dots li button{\r\n\t\twidth: 6px;height: 6px;\r\n\t}\r\n#sp-wp-carousel-free-id-5362.sp-wpcp-5362 ul.slick-dots li.slick-active button,\r\n#sp-wp-carousel-free-id-5364.sp-wpcp-5364 ul.slick-dots li.slick-active button{\r\n\t\twidth: 6px;height: 6px;\r\n\t}<\/style><div class=\"wpcp-carousel-wrapper wpcp-wrapper-5362\"><div id=\"wpcp-preloader-5362\" class=\"wpcp-carousel-preloader\"><img src=\" http:\/\/szolnokimuvesztelep.com\/wp-content\/plugins\/wp-carousel-free\/public\/css\/ajax-loader.gif \"\/><\/div><div id=\"sp-wp-carousel-free-id-5362\" class=\"wpcp-carousel-section sp-wpcp-5362 nav-vertical-center wpcp-image-carousel wpcp-preloader wpcp-standard\" data-slick='{ \"accessibility\":true, \"arrows\":true, \"autoplay\":true, \"autoplaySpeed\":3000, \"dots\":true, \"infinite\":true, \"speed\":600, \"pauseOnHover\":true, \"slidesToShow\":6, \"responsive\":[ { \"breakpoint\":1200, \"settings\": { \"slidesToShow\":4 } }, { \"breakpoint\":980, \"settings\":{ \"slidesToShow\":4 } }, { \"breakpoint\":736, \"settings\": { \"slidesToShow\":3 } }, {\"breakpoint\":480, \"settings\":{ \"slidesToShow\":2, \"arrows\": false, \"dots\": true } } ], \"swipe\": true, \"swipeToSlide\": true, \"draggable\": true }'  dir=\"ltr\"><div class=\"wpcp-single-item\"><div class=\"wpcp-slide-image\"><img src=\"https:\/\/i0.wp.com\/szolnokimuvesztelep.com\/wp-content\/uploads\/2019\/12\/tamogatok.jpg?fit=100%2C67\" title=\"tamogatok\" alt=\"tamogatok\" width=\"100\" height=\"67\"><\/div><\/div><div class=\"wpcp-single-item\"><div class=\"wpcp-slide-image\"><img src=\"https:\/\/i1.wp.com\/szolnokimuvesztelep.com\/wp-content\/uploads\/2017\/12\/01a-1.jpg?fit=100%2C67\" title=\"01a\" alt=\"01a\" width=\"100\" height=\"67\"><\/div><\/div><div class=\"wpcp-single-item\"><div class=\"wpcp-slide-image\"><img src=\"https:\/\/i1.wp.com\/szolnokimuvesztelep.com\/wp-content\/uploads\/2019\/09\/24-e1568214849646.jpg?fit=100%2C67\" title=\"24\" alt=\"24\" width=\"100\" height=\"67\"><\/div><\/div><div class=\"wpcp-single-item\"><div class=\"wpcp-slide-image\"><img src=\"https:\/\/i2.wp.com\/szolnokimuvesztelep.com\/wp-content\/uploads\/2017\/12\/02-1.jpg?fit=100%2C67\" title=\"02\" alt=\"02\" width=\"100\" height=\"67\"><\/div><\/div><div class=\"wpcp-single-item\"><div class=\"wpcp-slide-image\"><img src=\"https:\/\/i1.wp.com\/szolnokimuvesztelep.com\/wp-content\/uploads\/2017\/12\/03-1.jpg?fit=100%2C67\" title=\"03\" alt=\"03\" width=\"100\" height=\"67\"><\/div><\/div><div class=\"wpcp-single-item\"><div class=\"wpcp-slide-image\"><img src=\"https:\/\/i1.wp.com\/szolnokimuvesztelep.com\/wp-content\/uploads\/2022\/04\/Komplex-1.jpg?fit=300%2C200\" title=\"Komplex\" alt=\"Komplex\" width=\"300\" height=\"200\"><\/div><\/div><div class=\"wpcp-single-item\"><div class=\"wpcp-slide-image\"><img src=\"https:\/\/i0.wp.com\/szolnokimuvesztelep.com\/wp-content\/uploads\/2017\/12\/17.jpg?fit=100%2C67\" title=\"17\" alt=\"17\" width=\"100\" height=\"67\"><\/div><\/div><div class=\"wpcp-single-item\"><div class=\"wpcp-slide-image\"><img src=\"https:\/\/i2.wp.com\/szolnokimuvesztelep.com\/wp-content\/uploads\/2022\/04\/VighBau.jpg?fit=300%2C200\" title=\"VighBau\" alt=\"VighBau\" width=\"300\" height=\"200\"><\/div><\/div><div class=\"wpcp-single-item\"><div class=\"wpcp-slide-image\"><img src=\"https:\/\/i2.wp.com\/szolnokimuvesztelep.com\/wp-content\/uploads\/2017\/12\/18.jpg?fit=100%2C67\" title=\"18\" alt=\"18\" width=\"100\" height=\"67\"><\/div><\/div><div class=\"wpcp-single-item\"><div class=\"wpcp-slide-image\"><img src=\"https:\/\/i0.wp.com\/szolnokimuvesztelep.com\/wp-content\/uploads\/2017\/12\/16.jpg?fit=100%2C67\" title=\"16\" alt=\"16\" width=\"100\" height=\"67\"><\/div><\/div><div class=\"wpcp-single-item\"><div class=\"wpcp-slide-image\"><img src=\"https:\/\/i2.wp.com\/szolnokimuvesztelep.com\/wp-content\/uploads\/2019\/12\/partnerek.jpg?fit=100%2C67\" title=\"partnerek\" alt=\"partnerek\" width=\"100\" height=\"67\"><\/div><\/div><div class=\"wpcp-single-item\"><div class=\"wpcp-slide-image\"><img src=\"https:\/\/i2.wp.com\/szolnokimuvesztelep.com\/wp-content\/uploads\/2017\/12\/06.jpg?fit=100%2C67\" title=\"06\" alt=\"06\" width=\"100\" height=\"67\"><\/div><\/div><div class=\"wpcp-single-item\"><div class=\"wpcp-slide-image\"><img src=\"https:\/\/i0.wp.com\/szolnokimuvesztelep.com\/wp-content\/uploads\/2017\/12\/05.jpg?fit=100%2C67\" title=\"05\" alt=\"05\" width=\"100\" height=\"67\"><\/div><\/div><div class=\"wpcp-single-item\"><div class=\"wpcp-slide-image\"><img src=\"https:\/\/i1.wp.com\/szolnokimuvesztelep.com\/wp-content\/uploads\/2017\/12\/07.jpg?fit=100%2C67\" title=\"07\" alt=\"07\" width=\"100\" height=\"67\"><\/div><\/div><div class=\"wpcp-single-item\"><div class=\"wpcp-slide-image\"><img src=\"https:\/\/i1.wp.com\/szolnokimuvesztelep.com\/wp-content\/uploads\/2017\/12\/10-1.jpg?fit=100%2C67\" title=\"10\" alt=\"10\" width=\"100\" height=\"67\"><\/div><\/div><div class=\"wpcp-single-item\"><div class=\"wpcp-slide-image\"><img src=\"https:\/\/i1.wp.com\/szolnokimuvesztelep.com\/wp-content\/uploads\/2019\/09\/25-e1568214872810.jpg?fit=100%2C67\" title=\"25\" alt=\"25\" width=\"100\" height=\"67\"><\/div><\/div><div class=\"wpcp-single-item\"><div class=\"wpcp-slide-image\"><img src=\"https:\/\/i2.wp.com\/szolnokimuvesztelep.com\/wp-content\/uploads\/2022\/03\/mediapartnereink2.jpg?fit=200%2C200\" title=\"mediapartnereink2\" alt=\"mediapartnereink2\" width=\"200\" height=\"200\"><\/div><\/div><div class=\"wpcp-single-item\"><div class=\"wpcp-slide-image\"><img src=\"https:\/\/i1.wp.com\/szolnokimuvesztelep.com\/wp-content\/uploads\/2017\/12\/12.jpg?fit=100%2C67\" title=\"12\" alt=\"12\" width=\"100\" height=\"67\"><\/div><\/div><div class=\"wpcp-single-item\"><div class=\"wpcp-slide-image\"><img src=\"https:\/\/i1.wp.com\/szolnokimuvesztelep.com\/wp-content\/uploads\/2017\/12\/14.jpg?fit=100%2C67\" title=\"14\" alt=\"14\" width=\"100\" height=\"67\"><\/div><\/div><div class=\"wpcp-single-item\"><div class=\"wpcp-slide-image\"><img src=\"https:\/\/i1.wp.com\/szolnokimuvesztelep.com\/wp-content\/uploads\/2022\/03\/kultura.hu_logo_RGB.jpg?fit=199%2C33\" title=\"kultura.hu_logo_RGB\" alt=\"kultura.hu_logo_RGB\" width=\"199\" height=\"33\"><\/div><\/div><\/div><\/div>\n<h3><\/h3>\n<p>&nbsp;<br \/>\n<!--\n\n\n<hr \/>\n\n\n\n&nbsp;\n\n\n<h3 style=\"text-align: center;\">A Szolnoki M\u0171v\u00e9sztelep partnerei<\/h3>\n\n\n[sp_wpcarousel id=\"5364\"]--><\/p>","protected":false},"excerpt":{"rendered":"<p>&nbsp; A Szolnoki M\u0171v\u00e9sztelep t\u00e1mogat\u00f3i \u00e9s partnerei &nbsp;<\/p>","protected":false},"author":1,"featured_media":0,"parent":0,"menu_order":0,"comment_status":"closed","ping_status":"closed","template":"page-templates\/idyllic-corporate.php","meta":{"spay_email":""},"categories":[],"tags":[],"yst_prominent_words":[],"yoast_head":"<!-- This site is optimized with the Yoast SEO Premium plugin v14.1 - https:\/\/yoast.com\/wordpress\/plugins\/seo\/ -->\n<title>F\u0151oldal - SZOLNOKI M\u0170V\u00c9SZTELEP<\/title>\n<meta name=\"robots\" content=\"index, follow\" \/>\n<meta name=\"googlebot\" content=\"index, follow, max-snippet:-1, max-image-preview:large, max-video-preview:-1\" \/>\n<meta name=\"bingbot\" content=\"index, follow, max-snippet:-1, max-image-preview:large, max-video-preview:-1\" \/>\n<link rel=\"canonical\" href=\"http:\/\/szolnokimuvesztelep.com\/en\/\" \/>\n<meta property=\"og:locale\" content=\"en_US\" \/>\n<meta property=\"og:type\" content=\"article\" \/>\n<meta property=\"og:title\" content=\"F\u0151oldal - SZOLNOKI M\u0170V\u00c9SZTELEP\" \/>\n<meta property=\"og:description\" content=\"&nbsp; A Szolnoki M\u0171v\u00e9sztelep t\u00e1mogat\u00f3i \u00e9s partnerei &nbsp;\" \/>\n<meta property=\"og:url\" content=\"http:\/\/szolnokimuvesztelep.com\/en\/\" \/>\n<meta property=\"og:site_name\" content=\"SZOLNOKI M\u0170V\u00c9SZTELEP\" \/>\n<meta property=\"article:publisher\" content=\"https:\/\/www.facebook.com\/szolnokimuvesztelepofficial\/\" \/>\n<meta property=\"article:modified_time\" content=\"2019-12-14T17:32:34+00:00\" \/>\n<script type=\"application\/ld+json\" class=\"yoast-schema-graph\">{\"@context\":\"https:\/\/schema.org\",\"@graph\":[{\"@type\":\"Organization\",\"@id\":\"http:\/\/szolnokimuvesztelep.com\/en\/#organization\",\"name\":\"Szolnoki M\\u0171v\\u00e9sztelep\",\"url\":\"http:\/\/szolnokimuvesztelep.com\/en\/\",\"sameAs\":[\"https:\/\/www.facebook.com\/szolnokimuvesztelepofficial\/\",\"https:\/\/www.instagram.com\/szolnoki_muvesztelep\/\",\"https:\/\/www.youtube.com\/channel\/UCAYRF4A8FrslG3J__XEjEoA\",\"https:\/\/hu.wikipedia.org\/wiki\/Szolnoki_m\\u0171v\\u00e9sztelep\"],\"logo\":{\"@type\":\"ImageObject\",\"@id\":\"http:\/\/szolnokimuvesztelep.com\/en\/#logo\",\"inLanguage\":\"en-US\",\"url\":\"https:\/\/i0.wp.com\/szolnokimuvesztelep.com\/wp-content\/uploads\/2020\/05\/szmt_2019_szlogen_psz-01.png?fit=2242%2C863\",\"width\":2242,\"height\":863,\"caption\":\"Szolnoki M\\u0171v\\u00e9sztelep\"},\"image\":{\"@id\":\"http:\/\/szolnokimuvesztelep.com\/en\/#logo\"}},{\"@type\":\"WebSite\",\"@id\":\"http:\/\/szolnokimuvesztelep.com\/en\/#website\",\"url\":\"http:\/\/szolnokimuvesztelep.com\/en\/\",\"name\":\"SZOLNOKI M\\u0170V\\u00c9SZTELEP\",\"description\":\"Meg\\u00fajul\\u00f3 hagyom\\u00e1ny\",\"publisher\":{\"@id\":\"http:\/\/szolnokimuvesztelep.com\/en\/#organization\"},\"potentialAction\":[{\"@type\":\"SearchAction\",\"target\":\"http:\/\/szolnokimuvesztelep.com\/en\/?s={search_term_string}\",\"query-input\":\"required name=search_term_string\"}],\"inLanguage\":\"en-US\"},{\"@type\":\"WebPage\",\"@id\":\"http:\/\/szolnokimuvesztelep.com\/#webpage\",\"url\":\"http:\/\/szolnokimuvesztelep.com\/\",\"name\":\"F\\u0151oldal - SZOLNOKI M\\u0170V\\u00c9SZTELEP\",\"isPartOf\":{\"@id\":\"http:\/\/szolnokimuvesztelep.com\/en\/#website\"},\"datePublished\":\"2017-11-29T11:36:21+00:00\",\"dateModified\":\"2019-12-14T17:32:34+00:00\",\"inLanguage\":\"en-US\",\"potentialAction\":[{\"@type\":\"ReadAction\",\"target\":[\"http:\/\/szolnokimuvesztelep.com\/\"]}]}]}<\/script>\n<!-- \/ Yoast SEO Premium plugin. -->","jetpack_sharing_enabled":true,"jetpack_shortlink":"https:\/\/wp.me\/P9tpmR-85","jetpack_likes_enabled":true,"jetpack-related-posts":[],"_links":{"self":[{"href":"http:\/\/szolnokimuvesztelep.com\/en\/wp-json\/wp\/v2\/pages\/501"}],"collection":[{"href":"http:\/\/szolnokimuvesztelep.com\/en\/wp-json\/wp\/v2\/pages"}],"about":[{"href":"http:\/\/szolnokimuvesztelep.com\/en\/wp-json\/wp\/v2\/types\/page"}],"author":[{"embeddable":true,"href":"http:\/\/szolnokimuvesztelep.com\/en\/wp-json\/wp\/v2\/users\/1"}],"replies":[{"embeddable":true,"href":"http:\/\/szolnokimuvesztelep.com\/en\/wp-json\/wp\/v2\/comments?post=501"}],"version-history":[{"count":12,"href":"http:\/\/szolnokimuvesztelep.com\/en\/wp-json\/wp\/v2\/pages\/501\/revisions"}],"predecessor-version":[{"id":5610,"href":"http:\/\/szolnokimuvesztelep.com\/en\/wp-json\/wp\/v2\/pages\/501\/revisions\/5610"}],"wp:attachment":[{"href":"http:\/\/szolnokimuvesztelep.com\/en\/wp-json\/wp\/v2\/media?parent=501"}],"wp:term":[{"taxonomy":"category","embeddable":true,"href":"http:\/\/szolnokimuvesztelep.com\/en\/wp-json\/wp\/v2\/categories?post=501"},{"taxonomy":"post_tag","embeddable":true,"href":"http:\/\/szolnokimuvesztelep.com\/en\/wp-json\/wp\/v2\/tags?post=501"},{"taxonomy":"yst_prominent_words","embeddable":true,"href":"http:\/\/szolnokimuvesztelep.com\/en\/wp-json\/wp\/v2\/yst_prominent_words?post=501"}],"curies":[{"name":"wp","href":"https:\/\/api.w.org\/{rel}","templated":true}]}}