{"id":4718,"date":"2019-01-07T10:52:43","date_gmt":"2019-01-07T10:52:43","guid":{"rendered":"http:\/\/szolnokimuvesztelep.com\/?page_id=4718"},"modified":"2019-01-07T11:16:10","modified_gmt":"2019-01-07T11:16:10","slug":"2018-3","status":"publish","type":"page","link":"http:\/\/szolnokimuvesztelep.com\/en\/2018-3\/","title":{"rendered":"Esem\u00e9nyek 2018"},"content":{"rendered":"<p><strong>R\u00e9szletes program\u00a0<\/strong><\/p>\n<p><strong>2018. okt\u00f3ber 18.<\/strong><\/p>\n<p><strong>F\u00e9szek II. &#8211; <\/strong><strong>Nagy Katalin Matild grafikusm\u0171v\u00e9sz \u00e9s Nagy D\u00e9nes fest\u0151m\u0171v\u00e9sz ki\u00e1ll\u00edt\u00e1sa<br \/>\n<\/strong>Helye: Lak\u00e1sgal\u00e9ria (5000 Szolnok, Liget \u00fat 31.)<br \/>\nMegtekinthet\u0151: 2018. okt\u00f3ber 18. 17.00-20.00<\/p>\n<p><strong>2018. <\/strong><strong>okt\u00f3ber 19.\u00a0<\/strong><\/p>\n<p><strong>Holdf\u00e9nygy\u0171jt\u0151\u00a0 &#8211; Szab\u00f3 Gy\u00f6rgy Munk\u00e1csy-d\u00edjas szobr\u00e1szm\u0171v\u00e9sz ki\u00e1ll\u00edt\u00e1sa <\/strong><\/p>\n<p>Helye: Szoboszlai Gal\u00e9ria (5000 Szolnok, J\u00f3kai u. 1.)<\/p>\n<p>Megtekinthet\u0151: 2018. november 30-ig (H-P: 10.00-17.00)<\/p>\n<p><strong>2018. okt\u00f3ber 20.\u00a0<\/strong><\/p>\n<p><strong>14.00<br \/>\nSink\u00f3 Istv\u00e1n grafikusm\u0171v\u00e9sz ki\u00e1ll\u00edt\u00e1sa<\/strong><br \/>\nHelye: Verseghy Ferenc K\u00f6nyvt\u00e1r \u00e9s K\u00f6zm\u0171vel\u0151d\u00e9si Int\u00e9zm\u00e9ny M\u0171v\u00e9szeti Szalon (5000 Szolnok, Kossuth t\u00e9r 2.)<br \/>\nMegtekinthet\u0151: 2018. november 20-ig (K-Sz-P: 9.00-18.00, Cs: 9.00-19.00 \u00e9s Sz: 9.00-13.00)<\/p>\n<p><strong>14.30<br \/>\nSzab\u00f3 Tam\u00e1s Munk\u00e1csy-d\u00edjas k\u00e9pz\u0151m\u0171v\u00e9sz ki\u00e1ll\u00edt\u00e1sa<\/strong><br \/>\nHelye: Verseghy Ferenc K\u00f6nyvt\u00e1r \u00e9s K\u00f6zm\u0171vel\u0151d\u00e9si Int\u00e9zm\u00e9ny Verseghy Terem (5000 Szolnok, Kossuth t\u00e9r\u00a0 2.)<br \/>\nMegtekinthet\u0151: 2018. november 20-ig (K-Sz-P: 9.00-18.00, Cs: 9.00-19.00 \u00e9s Sz: 9.00-13.00)<\/p>\n<p><strong>15.30 <\/strong><strong><br \/>\n<\/strong><strong>\u201eFesteb<\/strong><strong>\u00e9<\/strong><strong>d\u201d<\/strong> A Verseghy Ferenc K\u00f6nyvt\u00e1r bels\u0151 udvar\u00e1n<\/p>\n<p><strong>1<\/strong><strong>6.30<br \/>\nV. Szolnoki Bronzszobr\u00e1szati\u00a0Szimp\u00f3zium ki\u00e1ll\u00edt\u00e1sa<\/strong><br \/>\nHelye: Aba-Nov\u00e1k Ag\u00f3ra Gal\u00e9ria, k\u00fcls\u0151 terem (5000 Szolnok, Hild J. t\u00e9r 1.)<br \/>\nMegtekinthet\u0151: 2018. december 16-ig (H-P: 10.00-18.00 \u00e9s Sz-V: 10.00-16.00 k\u00f6z\u00f6tt)<\/p>\n<p><strong>\u00a0<\/strong><strong>17.00 <\/strong><strong><br \/>\nR\u00c9SZ \u00e9s EG\u00c9SZ- A Szolnoki K\u00e9pz\u0151m\u0171v\u00e9szeti T\u00e1rsas\u00e1g ki\u00e1ll\u00edt\u00e1sa 2018<br \/>\n<\/strong>Helye: Aba-Nov\u00e1k Ag\u00f3ra Gal\u00e9ria (5000 Szolnok, Hild J. t\u00e9r 1.)<br \/>\nMegtekinthet\u0151: 2018. december 16-ig (H-P: 10.00-18.00 \u00e9s Sz-V: 10.00-16.00 k\u00f6z\u00f6tt)<\/p>\n<p><strong>17.30<br \/>\n<\/strong><strong>Mail art, Festett \u00fczenetek &#8211; A Magiszter F\u00e9nyes Adolf M\u0171v\u00e9szeti Szakgimn\u00e1ziuma \u00e9s Alapfok\u00fa M\u0171v\u00e9szeti Iskol\u00e1ja k\u00e9pz\u0151m\u0171v\u00e9szeti- \u00e9s dr\u00e1matagozatos di\u00e1kjai<br \/>\n<\/strong>Helye: A Szolnoki Gal\u00e9ria el\u0151tti t\u00e9r (5000 Szolnok, Templom \u00fat 2.)<\/p>\n<p><strong>18.00<\/strong><br \/>\n<strong>R\u00c9SZ \u00e9s EG\u00c9SZ &#8211; A Szolnoki K\u00e9pz\u0151m\u0171v\u00e9szeti T\u00e1rsas\u00e1g ki\u00e1ll\u00edt\u00e1sa \u00e9s d\u00edj\u00e1tad\u00f3 g\u00e1l\u00e1ja<br \/>\n<\/strong>Helye: Szolnoki Gal\u00e9ria (5000 Szolnok, Templom \u00fat 2.)<br \/>\nMegtekinthet\u0151: 2018. december 16-ig (K-V: 9.00-17.00)<\/p>\n<p>A rendezv\u00e9ny az Alexandre Trauner Art\/Film Fesztiv\u00e1l t\u00e1rsrendezv\u00e9nye.<\/p>\n<p><a href=\"http:\/\/szolnokimuvesztelep.com\/en\/\">http:\/\/szolnokimuvesztelep.com\/<\/a><\/p>\n<div data-carousel-extra='{\"blog_id\":1,\"permalink\":\"http:\\\/\\\/szolnokimuvesztelep.com\\\/en\\\/2018-3\\\/\"}' id='gallery-1' class='gallery galleryid-4718 gallery-columns-4 gallery-size-thumbnail'><figure class='gallery-item'>\n\t\t\t<div class='gallery-icon landscape'>\n\t\t\t\t<a href='http:\/\/szolnokimuvesztelep.com\/en\/2018-3\/bronzszszimpozium_szkt2018_meghivo\/'><img width=\"150\" height=\"150\" src=\"https:\/\/i2.wp.com\/szolnokimuvesztelep.com\/wp-content\/uploads\/2019\/01\/BronzszSzimpozium_szkt2018_meghivo.jpg?resize=150%2C150\" class=\"attachment-thumbnail size-thumbnail\" alt=\"\" loading=\"lazy\" srcset=\"https:\/\/i2.wp.com\/szolnokimuvesztelep.com\/wp-content\/uploads\/2019\/01\/BronzszSzimpozium_szkt2018_meghivo.jpg?resize=150%2C150 150w, https:\/\/i2.wp.com\/szolnokimuvesztelep.com\/wp-content\/uploads\/2019\/01\/BronzszSzimpozium_szkt2018_meghivo.jpg?zoom=2&amp;resize=150%2C150 300w, https:\/\/i2.wp.com\/szolnokimuvesztelep.com\/wp-content\/uploads\/2019\/01\/BronzszSzimpozium_szkt2018_meghivo.jpg?zoom=3&amp;resize=150%2C150 450w\" sizes=\"(max-width: 150px) 100vw, 150px\" data-attachment-id=\"4728\" data-permalink=\"http:\/\/szolnokimuvesztelep.com\/en\/2018-3\/bronzszszimpozium_szkt2018_meghivo\/\" data-orig-file=\"https:\/\/i2.wp.com\/szolnokimuvesztelep.com\/wp-content\/uploads\/2019\/01\/BronzszSzimpozium_szkt2018_meghivo.jpg?fit=1241%2C768\" data-orig-size=\"1241,768\" data-comments-opened=\"1\" data-image-meta=\"{&quot;aperture&quot;:&quot;0&quot;,&quot;credit&quot;:&quot;&quot;,&quot;camera&quot;:&quot;&quot;,&quot;caption&quot;:&quot;&quot;,&quot;created_timestamp&quot;:&quot;0&quot;,&quot;copyright&quot;:&quot;&quot;,&quot;focal_length&quot;:&quot;0&quot;,&quot;iso&quot;:&quot;0&quot;,&quot;shutter_speed&quot;:&quot;0&quot;,&quot;title&quot;:&quot;&quot;,&quot;orientation&quot;:&quot;0&quot;}\" data-image-title=\"BronzszSzimpozium_szkt2018_meghivo\" data-image-description=\"\" data-medium-file=\"https:\/\/i2.wp.com\/szolnokimuvesztelep.com\/wp-content\/uploads\/2019\/01\/BronzszSzimpozium_szkt2018_meghivo.jpg?fit=300%2C186\" data-large-file=\"https:\/\/i2.wp.com\/szolnokimuvesztelep.com\/wp-content\/uploads\/2019\/01\/BronzszSzimpozium_szkt2018_meghivo.jpg?fit=790%2C489\" \/><\/a>\n\t\t\t<\/div><\/figure><figure class='gallery-item'>\n\t\t\t<div class='gallery-icon landscape'>\n\t\t\t\t<a href='http:\/\/szolnokimuvesztelep.com\/en\/2018-3\/feszekii_szkt2018_meghivo\/'><img width=\"150\" height=\"150\" src=\"https:\/\/i0.wp.com\/szolnokimuvesztelep.com\/wp-content\/uploads\/2019\/01\/FeszekII_szkt2018_meghivo.jpg?resize=150%2C150\" class=\"attachment-thumbnail size-thumbnail\" alt=\"\" loading=\"lazy\" srcset=\"https:\/\/i0.wp.com\/szolnokimuvesztelep.com\/wp-content\/uploads\/2019\/01\/FeszekII_szkt2018_meghivo.jpg?resize=150%2C150 150w, https:\/\/i0.wp.com\/szolnokimuvesztelep.com\/wp-content\/uploads\/2019\/01\/FeszekII_szkt2018_meghivo.jpg?zoom=2&amp;resize=150%2C150 300w, https:\/\/i0.wp.com\/szolnokimuvesztelep.com\/wp-content\/uploads\/2019\/01\/FeszekII_szkt2018_meghivo.jpg?zoom=3&amp;resize=150%2C150 450w\" sizes=\"(max-width: 150px) 100vw, 150px\" data-attachment-id=\"4729\" data-permalink=\"http:\/\/szolnokimuvesztelep.com\/en\/2018-3\/feszekii_szkt2018_meghivo\/\" data-orig-file=\"https:\/\/i0.wp.com\/szolnokimuvesztelep.com\/wp-content\/uploads\/2019\/01\/FeszekII_szkt2018_meghivo.jpg?fit=1241%2C621\" data-orig-size=\"1241,621\" data-comments-opened=\"1\" data-image-meta=\"{&quot;aperture&quot;:&quot;0&quot;,&quot;credit&quot;:&quot;&quot;,&quot;camera&quot;:&quot;&quot;,&quot;caption&quot;:&quot;&quot;,&quot;created_timestamp&quot;:&quot;0&quot;,&quot;copyright&quot;:&quot;&quot;,&quot;focal_length&quot;:&quot;0&quot;,&quot;iso&quot;:&quot;0&quot;,&quot;shutter_speed&quot;:&quot;0&quot;,&quot;title&quot;:&quot;&quot;,&quot;orientation&quot;:&quot;0&quot;}\" data-image-title=\"FeszekII_szkt2018_meghivo\" data-image-description=\"\" data-medium-file=\"https:\/\/i0.wp.com\/szolnokimuvesztelep.com\/wp-content\/uploads\/2019\/01\/FeszekII_szkt2018_meghivo.jpg?fit=300%2C150\" data-large-file=\"https:\/\/i0.wp.com\/szolnokimuvesztelep.com\/wp-content\/uploads\/2019\/01\/FeszekII_szkt2018_meghivo.jpg?fit=790%2C395\" \/><\/a>\n\t\t\t<\/div><\/figure><figure class='gallery-item'>\n\t\t\t<div class='gallery-icon landscape'>\n\t\t\t\t<a href='http:\/\/szolnokimuvesztelep.com\/en\/2018-3\/kiralygyorgy_szkt2018_meghivo\/'><img width=\"150\" height=\"150\" src=\"https:\/\/i0.wp.com\/szolnokimuvesztelep.com\/wp-content\/uploads\/2019\/01\/KiralyGyorgy_szkt2018_meghivo.jpg?resize=150%2C150\" class=\"attachment-thumbnail size-thumbnail\" alt=\"\" loading=\"lazy\" srcset=\"https:\/\/i0.wp.com\/szolnokimuvesztelep.com\/wp-content\/uploads\/2019\/01\/KiralyGyorgy_szkt2018_meghivo.jpg?resize=150%2C150 150w, https:\/\/i0.wp.com\/szolnokimuvesztelep.com\/wp-content\/uploads\/2019\/01\/KiralyGyorgy_szkt2018_meghivo.jpg?zoom=2&amp;resize=150%2C150 300w, https:\/\/i0.wp.com\/szolnokimuvesztelep.com\/wp-content\/uploads\/2019\/01\/KiralyGyorgy_szkt2018_meghivo.jpg?zoom=3&amp;resize=150%2C150 450w\" sizes=\"(max-width: 150px) 100vw, 150px\" data-attachment-id=\"4730\" data-permalink=\"http:\/\/szolnokimuvesztelep.com\/en\/2018-3\/kiralygyorgy_szkt2018_meghivo\/\" data-orig-file=\"https:\/\/i0.wp.com\/szolnokimuvesztelep.com\/wp-content\/uploads\/2019\/01\/KiralyGyorgy_szkt2018_meghivo.jpg?fit=1241%2C621\" data-orig-size=\"1241,621\" data-comments-opened=\"1\" data-image-meta=\"{&quot;aperture&quot;:&quot;0&quot;,&quot;credit&quot;:&quot;&quot;,&quot;camera&quot;:&quot;&quot;,&quot;caption&quot;:&quot;&quot;,&quot;created_timestamp&quot;:&quot;0&quot;,&quot;copyright&quot;:&quot;&quot;,&quot;focal_length&quot;:&quot;0&quot;,&quot;iso&quot;:&quot;0&quot;,&quot;shutter_speed&quot;:&quot;0&quot;,&quot;title&quot;:&quot;&quot;,&quot;orientation&quot;:&quot;0&quot;}\" data-image-title=\"KiralyGyorgy_szkt2018_meghivo\" data-image-description=\"\" data-medium-file=\"https:\/\/i0.wp.com\/szolnokimuvesztelep.com\/wp-content\/uploads\/2019\/01\/KiralyGyorgy_szkt2018_meghivo.jpg?fit=300%2C150\" data-large-file=\"https:\/\/i0.wp.com\/szolnokimuvesztelep.com\/wp-content\/uploads\/2019\/01\/KiralyGyorgy_szkt2018_meghivo.jpg?fit=790%2C395\" \/><\/a>\n\t\t\t<\/div><\/figure><figure class='gallery-item'>\n\t\t\t<div class='gallery-icon portrait'>\n\t\t\t\t<a href='http:\/\/szolnokimuvesztelep.com\/en\/2018-3\/reszegesza5\/'><img width=\"150\" height=\"150\" src=\"https:\/\/i0.wp.com\/szolnokimuvesztelep.com\/wp-content\/uploads\/2019\/01\/ReszEgeszA5.jpg?resize=150%2C150\" class=\"attachment-thumbnail size-thumbnail\" alt=\"\" loading=\"lazy\" srcset=\"https:\/\/i0.wp.com\/szolnokimuvesztelep.com\/wp-content\/uploads\/2019\/01\/ReszEgeszA5.jpg?resize=150%2C150 150w, https:\/\/i0.wp.com\/szolnokimuvesztelep.com\/wp-content\/uploads\/2019\/01\/ReszEgeszA5.jpg?zoom=2&amp;resize=150%2C150 300w, https:\/\/i0.wp.com\/szolnokimuvesztelep.com\/wp-content\/uploads\/2019\/01\/ReszEgeszA5.jpg?zoom=3&amp;resize=150%2C150 450w\" sizes=\"(max-width: 150px) 100vw, 150px\" data-attachment-id=\"4731\" data-permalink=\"http:\/\/szolnokimuvesztelep.com\/en\/2018-3\/reszegesza5\/\" data-orig-file=\"https:\/\/i0.wp.com\/szolnokimuvesztelep.com\/wp-content\/uploads\/2019\/01\/ReszEgeszA5.jpg?fit=875%2C1241\" data-orig-size=\"875,1241\" data-comments-opened=\"1\" data-image-meta=\"{&quot;aperture&quot;:&quot;0&quot;,&quot;credit&quot;:&quot;&quot;,&quot;camera&quot;:&quot;&quot;,&quot;caption&quot;:&quot;&quot;,&quot;created_timestamp&quot;:&quot;0&quot;,&quot;copyright&quot;:&quot;&quot;,&quot;focal_length&quot;:&quot;0&quot;,&quot;iso&quot;:&quot;0&quot;,&quot;shutter_speed&quot;:&quot;0&quot;,&quot;title&quot;:&quot;&quot;,&quot;orientation&quot;:&quot;1&quot;}\" data-image-title=\"ReszEgeszA5\" data-image-description=\"\" data-medium-file=\"https:\/\/i0.wp.com\/szolnokimuvesztelep.com\/wp-content\/uploads\/2019\/01\/ReszEgeszA5.jpg?fit=212%2C300\" data-large-file=\"https:\/\/i0.wp.com\/szolnokimuvesztelep.com\/wp-content\/uploads\/2019\/01\/ReszEgeszA5.jpg?fit=722%2C1024\" \/><\/a>\n\t\t\t<\/div><\/figure><figure class='gallery-item'>\n\t\t\t<div class='gallery-icon landscape'>\n\t\t\t\t<a href='http:\/\/szolnokimuvesztelep.com\/en\/2018-3\/reszesegesz_szkt2018_meghivo\/'><img width=\"150\" height=\"150\" src=\"https:\/\/i1.wp.com\/szolnokimuvesztelep.com\/wp-content\/uploads\/2019\/01\/ReszEsEgesz_szkt2018_meghivo.jpg?resize=150%2C150\" class=\"attachment-thumbnail size-thumbnail\" alt=\"\" loading=\"lazy\" srcset=\"https:\/\/i1.wp.com\/szolnokimuvesztelep.com\/wp-content\/uploads\/2019\/01\/ReszEsEgesz_szkt2018_meghivo.jpg?resize=150%2C150 150w, https:\/\/i1.wp.com\/szolnokimuvesztelep.com\/wp-content\/uploads\/2019\/01\/ReszEsEgesz_szkt2018_meghivo.jpg?zoom=2&amp;resize=150%2C150 300w, https:\/\/i1.wp.com\/szolnokimuvesztelep.com\/wp-content\/uploads\/2019\/01\/ReszEsEgesz_szkt2018_meghivo.jpg?zoom=3&amp;resize=150%2C150 450w\" sizes=\"(max-width: 150px) 100vw, 150px\" data-attachment-id=\"4732\" data-permalink=\"http:\/\/szolnokimuvesztelep.com\/en\/2018-3\/reszesegesz_szkt2018_meghivo\/\" data-orig-file=\"https:\/\/i1.wp.com\/szolnokimuvesztelep.com\/wp-content\/uploads\/2019\/01\/ReszEsEgesz_szkt2018_meghivo.jpg?fit=1241%2C827\" data-orig-size=\"1241,827\" data-comments-opened=\"1\" data-image-meta=\"{&quot;aperture&quot;:&quot;0&quot;,&quot;credit&quot;:&quot;&quot;,&quot;camera&quot;:&quot;&quot;,&quot;caption&quot;:&quot;&quot;,&quot;created_timestamp&quot;:&quot;0&quot;,&quot;copyright&quot;:&quot;&quot;,&quot;focal_length&quot;:&quot;0&quot;,&quot;iso&quot;:&quot;0&quot;,&quot;shutter_speed&quot;:&quot;0&quot;,&quot;title&quot;:&quot;&quot;,&quot;orientation&quot;:&quot;0&quot;}\" data-image-title=\"ReszEsEgesz_szkt2018_meghivo\" data-image-description=\"\" data-medium-file=\"https:\/\/i1.wp.com\/szolnokimuvesztelep.com\/wp-content\/uploads\/2019\/01\/ReszEsEgesz_szkt2018_meghivo.jpg?fit=300%2C200\" data-large-file=\"https:\/\/i1.wp.com\/szolnokimuvesztelep.com\/wp-content\/uploads\/2019\/01\/ReszEsEgesz_szkt2018_meghivo.jpg?fit=790%2C526\" \/><\/a>\n\t\t\t<\/div><\/figure><figure class='gallery-item'>\n\t\t\t<div class='gallery-icon landscape'>\n\t\t\t\t<a href='http:\/\/szolnokimuvesztelep.com\/en\/2018-3\/sinkoistvan_szkt2018_meghivo\/'><img width=\"150\" height=\"150\" src=\"https:\/\/i1.wp.com\/szolnokimuvesztelep.com\/wp-content\/uploads\/2019\/01\/SinkoIstvan_szkt2018_meghivo.jpg?resize=150%2C150\" class=\"attachment-thumbnail size-thumbnail\" alt=\"\" loading=\"lazy\" srcset=\"https:\/\/i1.wp.com\/szolnokimuvesztelep.com\/wp-content\/uploads\/2019\/01\/SinkoIstvan_szkt2018_meghivo.jpg?resize=150%2C150 150w, https:\/\/i1.wp.com\/szolnokimuvesztelep.com\/wp-content\/uploads\/2019\/01\/SinkoIstvan_szkt2018_meghivo.jpg?zoom=2&amp;resize=150%2C150 300w, https:\/\/i1.wp.com\/szolnokimuvesztelep.com\/wp-content\/uploads\/2019\/01\/SinkoIstvan_szkt2018_meghivo.jpg?zoom=3&amp;resize=150%2C150 450w\" sizes=\"(max-width: 150px) 100vw, 150px\" data-attachment-id=\"4733\" data-permalink=\"http:\/\/szolnokimuvesztelep.com\/en\/2018-3\/sinkoistvan_szkt2018_meghivo\/\" data-orig-file=\"https:\/\/i1.wp.com\/szolnokimuvesztelep.com\/wp-content\/uploads\/2019\/01\/SinkoIstvan_szkt2018_meghivo.jpg?fit=1241%2C621\" data-orig-size=\"1241,621\" data-comments-opened=\"1\" data-image-meta=\"{&quot;aperture&quot;:&quot;0&quot;,&quot;credit&quot;:&quot;&quot;,&quot;camera&quot;:&quot;&quot;,&quot;caption&quot;:&quot;&quot;,&quot;created_timestamp&quot;:&quot;0&quot;,&quot;copyright&quot;:&quot;&quot;,&quot;focal_length&quot;:&quot;0&quot;,&quot;iso&quot;:&quot;0&quot;,&quot;shutter_speed&quot;:&quot;0&quot;,&quot;title&quot;:&quot;&quot;,&quot;orientation&quot;:&quot;0&quot;}\" data-image-title=\"SinkoIstvan_szkt2018_meghivo\" data-image-description=\"\" data-medium-file=\"https:\/\/i1.wp.com\/szolnokimuvesztelep.com\/wp-content\/uploads\/2019\/01\/SinkoIstvan_szkt2018_meghivo.jpg?fit=300%2C150\" data-large-file=\"https:\/\/i1.wp.com\/szolnokimuvesztelep.com\/wp-content\/uploads\/2019\/01\/SinkoIstvan_szkt2018_meghivo.jpg?fit=790%2C395\" \/><\/a>\n\t\t\t<\/div><\/figure><figure class='gallery-item'>\n\t\t\t<div class='gallery-icon landscape'>\n\t\t\t\t<a href='http:\/\/szolnokimuvesztelep.com\/en\/2018-3\/szabo-gyuri-png-meghivo\/'><img width=\"150\" height=\"150\" src=\"https:\/\/i0.wp.com\/szolnokimuvesztelep.com\/wp-content\/uploads\/2019\/01\/Szab\u00f3-Gyuri-PNG-megh\u00edv\u00f3.png?resize=150%2C150\" class=\"attachment-thumbnail size-thumbnail\" alt=\"\" loading=\"lazy\" srcset=\"https:\/\/i0.wp.com\/szolnokimuvesztelep.com\/wp-content\/uploads\/2019\/01\/Szab\u00f3-Gyuri-PNG-megh\u00edv\u00f3.png?resize=150%2C150 150w, https:\/\/i0.wp.com\/szolnokimuvesztelep.com\/wp-content\/uploads\/2019\/01\/Szab\u00f3-Gyuri-PNG-megh\u00edv\u00f3.png?zoom=2&amp;resize=150%2C150 300w, https:\/\/i0.wp.com\/szolnokimuvesztelep.com\/wp-content\/uploads\/2019\/01\/Szab\u00f3-Gyuri-PNG-megh\u00edv\u00f3.png?zoom=3&amp;resize=150%2C150 450w\" sizes=\"(max-width: 150px) 100vw, 150px\" data-attachment-id=\"4734\" data-permalink=\"http:\/\/szolnokimuvesztelep.com\/en\/2018-3\/szabo-gyuri-png-meghivo\/\" data-orig-file=\"https:\/\/i0.wp.com\/szolnokimuvesztelep.com\/wp-content\/uploads\/2019\/01\/Szab\u00f3-Gyuri-PNG-megh\u00edv\u00f3.png?fit=2480%2C1181\" data-orig-size=\"2480,1181\" data-comments-opened=\"1\" data-image-meta=\"{&quot;aperture&quot;:&quot;0&quot;,&quot;credit&quot;:&quot;&quot;,&quot;camera&quot;:&quot;&quot;,&quot;caption&quot;:&quot;&quot;,&quot;created_timestamp&quot;:&quot;0&quot;,&quot;copyright&quot;:&quot;&quot;,&quot;focal_length&quot;:&quot;0&quot;,&quot;iso&quot;:&quot;0&quot;,&quot;shutter_speed&quot;:&quot;0&quot;,&quot;title&quot;:&quot;&quot;,&quot;orientation&quot;:&quot;0&quot;}\" data-image-title=\"Szab\u00f3 Gyuri PNG megh\u00edv\u00f3\" data-image-description=\"\" data-medium-file=\"https:\/\/i0.wp.com\/szolnokimuvesztelep.com\/wp-content\/uploads\/2019\/01\/Szab\u00f3-Gyuri-PNG-megh\u00edv\u00f3.png?fit=300%2C143\" data-large-file=\"https:\/\/i0.wp.com\/szolnokimuvesztelep.com\/wp-content\/uploads\/2019\/01\/Szab\u00f3-Gyuri-PNG-megh\u00edv\u00f3.png?fit=790%2C376\" \/><\/a>\n\t\t\t<\/div><\/figure><figure class='gallery-item'>\n\t\t\t<div class='gallery-icon landscape'>\n\t\t\t\t<a href='http:\/\/szolnokimuvesztelep.com\/en\/2018-3\/szabotamas_szkt2018_meghivo\/'><img width=\"150\" height=\"150\" src=\"https:\/\/i1.wp.com\/szolnokimuvesztelep.com\/wp-content\/uploads\/2019\/01\/SzaboTamas_szkt2018_meghivo.jpg?resize=150%2C150\" class=\"attachment-thumbnail size-thumbnail\" alt=\"\" loading=\"lazy\" srcset=\"https:\/\/i1.wp.com\/szolnokimuvesztelep.com\/wp-content\/uploads\/2019\/01\/SzaboTamas_szkt2018_meghivo.jpg?resize=150%2C150 150w, https:\/\/i1.wp.com\/szolnokimuvesztelep.com\/wp-content\/uploads\/2019\/01\/SzaboTamas_szkt2018_meghivo.jpg?zoom=2&amp;resize=150%2C150 300w, https:\/\/i1.wp.com\/szolnokimuvesztelep.com\/wp-content\/uploads\/2019\/01\/SzaboTamas_szkt2018_meghivo.jpg?zoom=3&amp;resize=150%2C150 450w\" sizes=\"(max-width: 150px) 100vw, 150px\" data-attachment-id=\"4735\" data-permalink=\"http:\/\/szolnokimuvesztelep.com\/en\/2018-3\/szabotamas_szkt2018_meghivo\/\" data-orig-file=\"https:\/\/i1.wp.com\/szolnokimuvesztelep.com\/wp-content\/uploads\/2019\/01\/SzaboTamas_szkt2018_meghivo.jpg?fit=1241%2C621\" data-orig-size=\"1241,621\" data-comments-opened=\"1\" data-image-meta=\"{&quot;aperture&quot;:&quot;0&quot;,&quot;credit&quot;:&quot;&quot;,&quot;camera&quot;:&quot;&quot;,&quot;caption&quot;:&quot;&quot;,&quot;created_timestamp&quot;:&quot;0&quot;,&quot;copyright&quot;:&quot;&quot;,&quot;focal_length&quot;:&quot;0&quot;,&quot;iso&quot;:&quot;0&quot;,&quot;shutter_speed&quot;:&quot;0&quot;,&quot;title&quot;:&quot;&quot;,&quot;orientation&quot;:&quot;0&quot;}\" data-image-title=\"SzaboTamas_szkt2018_meghivo\" data-image-description=\"\" data-medium-file=\"https:\/\/i1.wp.com\/szolnokimuvesztelep.com\/wp-content\/uploads\/2019\/01\/SzaboTamas_szkt2018_meghivo.jpg?fit=300%2C150\" data-large-file=\"https:\/\/i1.wp.com\/szolnokimuvesztelep.com\/wp-content\/uploads\/2019\/01\/SzaboTamas_szkt2018_meghivo.jpg?fit=790%2C395\" \/><\/a>\n\t\t\t<\/div><\/figure>\n\t\t<\/div>\n\n<p>&nbsp;<\/p>","protected":false},"excerpt":{"rendered":"<p>R\u00e9szletes program\u00a0 2018. okt\u00f3ber 18. F\u00e9szek II. &#8211; Nagy Katalin Matild grafikusm\u0171v\u00e9sz \u00e9s Nagy D\u00e9nes fest\u0151m\u0171v\u00e9sz ki\u00e1ll\u00edt\u00e1sa Helye: Lak\u00e1sgal\u00e9ria (5000 Szolnok, Liget \u00fat 31.) Megtekinthet\u0151: 2018. okt\u00f3ber 18. 17.00-20.00 2018. okt\u00f3ber 19.\u00a0 Holdf\u00e9nygy\u0171jt\u0151\u00a0 &#8211; Szab\u00f3 Gy\u00f6rgy Munk\u00e1csy-d\u00edjas szobr\u00e1szm\u0171v\u00e9sz ki\u00e1ll\u00edt\u00e1sa Helye: Szoboszlai Gal\u00e9ria (5000 Szolnok, J\u00f3kai u. 1.) Megtekinthet\u0151: 2018. november&hellip; <\/p>","protected":false},"author":1,"featured_media":0,"parent":0,"menu_order":0,"comment_status":"closed","ping_status":"closed","template":"","meta":{"spay_email":""},"categories":[],"tags":[],"yst_prominent_words":[],"yoast_head":"<!-- This site is optimized with the Yoast SEO Premium plugin v14.1 - https:\/\/yoast.com\/wordpress\/plugins\/seo\/ -->\n<title>Esem\u00e9nyek 2018 - SZOLNOKI M\u0170V\u00c9SZTELEP<\/title>\n<meta name=\"robots\" content=\"index, follow\" \/>\n<meta name=\"googlebot\" content=\"index, follow, max-snippet:-1, max-image-preview:large, max-video-preview:-1\" \/>\n<meta name=\"bingbot\" content=\"index, follow, max-snippet:-1, max-image-preview:large, max-video-preview:-1\" \/>\n<link rel=\"canonical\" href=\"http:\/\/szolnokimuvesztelep.com\/en\/2018-3\/\" \/>\n<meta property=\"og:locale\" content=\"en_US\" \/>\n<meta property=\"og:type\" content=\"article\" \/>\n<meta property=\"og:title\" content=\"Esem\u00e9nyek 2018 - SZOLNOKI M\u0170V\u00c9SZTELEP\" \/>\n<meta property=\"og:description\" content=\"R\u00e9szletes program\u00a0 2018. okt\u00f3ber 18. F\u00e9szek II. &#8211; Nagy Katalin Matild grafikusm\u0171v\u00e9sz \u00e9s Nagy D\u00e9nes fest\u0151m\u0171v\u00e9sz ki\u00e1ll\u00edt\u00e1sa Helye: Lak\u00e1sgal\u00e9ria (5000 Szolnok, Liget \u00fat 31.) Megtekinthet\u0151: 2018. okt\u00f3ber 18. 17.00-20.00 2018. okt\u00f3ber 19.\u00a0 Holdf\u00e9nygy\u0171jt\u0151\u00a0 &#8211; Szab\u00f3 Gy\u00f6rgy Munk\u00e1csy-d\u00edjas szobr\u00e1szm\u0171v\u00e9sz ki\u00e1ll\u00edt\u00e1sa Helye: Szoboszlai Gal\u00e9ria (5000 Szolnok, J\u00f3kai u. 1.) Megtekinthet\u0151: 2018. november&hellip;\" \/>\n<meta property=\"og:url\" content=\"http:\/\/szolnokimuvesztelep.com\/en\/2018-3\/\" \/>\n<meta property=\"og:site_name\" content=\"SZOLNOKI M\u0170V\u00c9SZTELEP\" \/>\n<meta property=\"article:publisher\" content=\"https:\/\/www.facebook.com\/szolnokimuvesztelepofficial\/\" \/>\n<meta property=\"article:modified_time\" content=\"2019-01-07T11:16:10+00:00\" \/>\n<meta property=\"og:image\" content=\"https:\/\/i2.wp.com\/szolnokimuvesztelep.com\/wp-content\/uploads\/2019\/01\/BronzszSzimpozium_szkt2018_meghivo.jpg?resize=150%2C150\" \/>\n<script type=\"application\/ld+json\" class=\"yoast-schema-graph\">{\"@context\":\"https:\/\/schema.org\",\"@graph\":[{\"@type\":\"Organization\",\"@id\":\"http:\/\/szolnokimuvesztelep.com\/en\/#organization\",\"name\":\"Szolnoki M\\u0171v\\u00e9sztelep\",\"url\":\"http:\/\/szolnokimuvesztelep.com\/en\/\",\"sameAs\":[\"https:\/\/www.facebook.com\/szolnokimuvesztelepofficial\/\",\"https:\/\/www.instagram.com\/szolnoki_muvesztelep\/\",\"https:\/\/www.youtube.com\/channel\/UCAYRF4A8FrslG3J__XEjEoA\",\"https:\/\/hu.wikipedia.org\/wiki\/Szolnoki_m\\u0171v\\u00e9sztelep\"],\"logo\":{\"@type\":\"ImageObject\",\"@id\":\"http:\/\/szolnokimuvesztelep.com\/en\/#logo\",\"inLanguage\":\"en-US\",\"url\":\"https:\/\/i0.wp.com\/szolnokimuvesztelep.com\/wp-content\/uploads\/2020\/05\/szmt_2019_szlogen_psz-01.png?fit=2242%2C863\",\"width\":2242,\"height\":863,\"caption\":\"Szolnoki M\\u0171v\\u00e9sztelep\"},\"image\":{\"@id\":\"http:\/\/szolnokimuvesztelep.com\/en\/#logo\"}},{\"@type\":\"WebSite\",\"@id\":\"http:\/\/szolnokimuvesztelep.com\/en\/#website\",\"url\":\"http:\/\/szolnokimuvesztelep.com\/en\/\",\"name\":\"SZOLNOKI M\\u0170V\\u00c9SZTELEP\",\"description\":\"Meg\\u00fajul\\u00f3 hagyom\\u00e1ny\",\"publisher\":{\"@id\":\"http:\/\/szolnokimuvesztelep.com\/en\/#organization\"},\"potentialAction\":[{\"@type\":\"SearchAction\",\"target\":\"http:\/\/szolnokimuvesztelep.com\/en\/?s={search_term_string}\",\"query-input\":\"required name=search_term_string\"}],\"inLanguage\":\"en-US\"},{\"@type\":\"WebPage\",\"@id\":\"http:\/\/szolnokimuvesztelep.com\/2018-3\/#webpage\",\"url\":\"http:\/\/szolnokimuvesztelep.com\/2018-3\/\",\"name\":\"Esem\\u00e9nyek 2018 - SZOLNOKI M\\u0170V\\u00c9SZTELEP\",\"isPartOf\":{\"@id\":\"http:\/\/szolnokimuvesztelep.com\/en\/#website\"},\"datePublished\":\"2019-01-07T10:52:43+00:00\",\"dateModified\":\"2019-01-07T11:16:10+00:00\",\"inLanguage\":\"en-US\",\"potentialAction\":[{\"@type\":\"ReadAction\",\"target\":[\"http:\/\/szolnokimuvesztelep.com\/2018-3\/\"]}]}]}<\/script>\n<!-- \/ Yoast SEO Premium plugin. -->","jetpack_sharing_enabled":true,"jetpack_shortlink":"https:\/\/wp.me\/P9tpmR-1e6","jetpack_likes_enabled":true,"jetpack-related-posts":[],"_links":{"self":[{"href":"http:\/\/szolnokimuvesztelep.com\/en\/wp-json\/wp\/v2\/pages\/4718"}],"collection":[{"href":"http:\/\/szolnokimuvesztelep.com\/en\/wp-json\/wp\/v2\/pages"}],"about":[{"href":"http:\/\/szolnokimuvesztelep.com\/en\/wp-json\/wp\/v2\/types\/page"}],"author":[{"embeddable":true,"href":"http:\/\/szolnokimuvesztelep.com\/en\/wp-json\/wp\/v2\/users\/1"}],"replies":[{"embeddable":true,"href":"http:\/\/szolnokimuvesztelep.com\/en\/wp-json\/wp\/v2\/comments?post=4718"}],"version-history":[{"count":0,"href":"http:\/\/szolnokimuvesztelep.com\/en\/wp-json\/wp\/v2\/pages\/4718\/revisions"}],"wp:attachment":[{"href":"http:\/\/szolnokimuvesztelep.com\/en\/wp-json\/wp\/v2\/media?parent=4718"}],"wp:term":[{"taxonomy":"category","embeddable":true,"href":"http:\/\/szolnokimuvesztelep.com\/en\/wp-json\/wp\/v2\/categories?post=4718"},{"taxonomy":"post_tag","embeddable":true,"href":"http:\/\/szolnokimuvesztelep.com\/en\/wp-json\/wp\/v2\/tags?post=4718"},{"taxonomy":"yst_prominent_words","embeddable":true,"href":"http:\/\/szolnokimuvesztelep.com\/en\/wp-json\/wp\/v2\/yst_prominent_words?post=4718"}],"curies":[{"name":"wp","href":"https:\/\/api.w.org\/{rel}","templated":true}]}}