{"id":366,"date":"2017-11-27T22:02:30","date_gmt":"2017-11-27T22:02:30","guid":{"rendered":"http:\/\/szolnokimuvesztelep.com\/?page_id=366"},"modified":"2023-05-30T13:51:56","modified_gmt":"2023-05-30T13:51:56","slug":"jelentesek","status":"publish","type":"page","link":"http:\/\/szolnokimuvesztelep.com\/en\/jelentesek\/","title":{"rendered":"Jelent\u00e9sek"},"content":{"rendered":"<p style=\"text-align: center;\"><span style=\"font-family: 'Open Sans';\">A Szolnoki M\u0171v\u00e9szeti Egyes\u00fclet \u00e9ves besz\u00e1mol\u00f3i az egyes t\u00e1rgy\u00e9vek besz\u00e1mol\u00f3inak hivatkoz\u00e1saira kattintva \u00e9rhet\u0151k el.<\/span><\/p>\n<p>&nbsp;<\/p>\n<p><a href=\"http:\/\/szolnokimuvesztelep.com\/wp-content\/uploads\/2020\/06\/Besz\u00e1mol\u00f3-2015.pdf\"><img data-attachment-id=\"6081\" data-permalink=\"http:\/\/szolnokimuvesztelep.com\/en\/jelentesek\/beszamolo-215\/\" data-orig-file=\"https:\/\/i1.wp.com\/szolnokimuvesztelep.com\/wp-content\/uploads\/2020\/06\/Beszamolo-215.jpg?fit=595%2C842\" data-orig-size=\"595,842\" data-comments-opened=\"1\" data-image-meta=\"{&quot;aperture&quot;:&quot;0&quot;,&quot;credit&quot;:&quot;&quot;,&quot;camera&quot;:&quot;&quot;,&quot;caption&quot;:&quot;&quot;,&quot;created_timestamp&quot;:&quot;0&quot;,&quot;copyright&quot;:&quot;&quot;,&quot;focal_length&quot;:&quot;0&quot;,&quot;iso&quot;:&quot;0&quot;,&quot;shutter_speed&quot;:&quot;0&quot;,&quot;title&quot;:&quot;&quot;,&quot;orientation&quot;:&quot;1&quot;}\" data-image-title=\"Beszamolo-215\" data-image-description=\"\" data-medium-file=\"https:\/\/i1.wp.com\/szolnokimuvesztelep.com\/wp-content\/uploads\/2020\/06\/Beszamolo-215.jpg?fit=212%2C300\" data-large-file=\"https:\/\/i1.wp.com\/szolnokimuvesztelep.com\/wp-content\/uploads\/2020\/06\/Beszamolo-215.jpg?fit=595%2C842\" loading=\"lazy\" class=\"aligncenter size-medium wp-image-6081\" src=\"https:\/\/i1.wp.com\/szolnokimuvesztelep.com\/wp-content\/uploads\/2020\/06\/Beszamolo-215.jpg?resize=212%2C300\" alt=\"\" width=\"212\" height=\"300\" srcset=\"https:\/\/i1.wp.com\/szolnokimuvesztelep.com\/wp-content\/uploads\/2020\/06\/Beszamolo-215.jpg?resize=212%2C300 212w, https:\/\/i1.wp.com\/szolnokimuvesztelep.com\/wp-content\/uploads\/2020\/06\/Beszamolo-215.jpg?w=595 595w\" sizes=\"(max-width: 212px) 100vw, 212px\" data-recalc-dims=\"1\" \/><\/a><\/p>\n<p>&nbsp;<\/p>\n<p><a href=\"http:\/\/szolnokimuvesztelep.com\/wp-content\/uploads\/2020\/06\/Besz\u00e1mol\u00f3-2016.pdf\"><img data-attachment-id=\"6080\" data-permalink=\"http:\/\/szolnokimuvesztelep.com\/en\/jelentesek\/beszamolo_2016\/\" data-orig-file=\"https:\/\/i2.wp.com\/szolnokimuvesztelep.com\/wp-content\/uploads\/2020\/06\/BESZ\u00c1MOL\u00d3_2016.jpg?fit=595%2C842\" data-orig-size=\"595,842\" data-comments-opened=\"1\" data-image-meta=\"{&quot;aperture&quot;:&quot;0&quot;,&quot;credit&quot;:&quot;&quot;,&quot;camera&quot;:&quot;&quot;,&quot;caption&quot;:&quot;&quot;,&quot;created_timestamp&quot;:&quot;0&quot;,&quot;copyright&quot;:&quot;&quot;,&quot;focal_length&quot;:&quot;0&quot;,&quot;iso&quot;:&quot;0&quot;,&quot;shutter_speed&quot;:&quot;0&quot;,&quot;title&quot;:&quot;&quot;,&quot;orientation&quot;:&quot;1&quot;}\" data-image-title=\"BESZ\u00c1MOL\u00d3_2016\" data-image-description=\"\" data-medium-file=\"https:\/\/i2.wp.com\/szolnokimuvesztelep.com\/wp-content\/uploads\/2020\/06\/BESZ\u00c1MOL\u00d3_2016.jpg?fit=212%2C300\" data-large-file=\"https:\/\/i2.wp.com\/szolnokimuvesztelep.com\/wp-content\/uploads\/2020\/06\/BESZ\u00c1MOL\u00d3_2016.jpg?fit=595%2C842\" loading=\"lazy\" class=\"aligncenter size-medium wp-image-6080\" src=\"https:\/\/i2.wp.com\/szolnokimuvesztelep.com\/wp-content\/uploads\/2020\/06\/BESZ\u00c1MOL\u00d3_2016.jpg?resize=212%2C300\" alt=\"\" width=\"212\" height=\"300\" srcset=\"https:\/\/i2.wp.com\/szolnokimuvesztelep.com\/wp-content\/uploads\/2020\/06\/BESZ\u00c1MOL\u00d3_2016.jpg?resize=212%2C300 212w, https:\/\/i2.wp.com\/szolnokimuvesztelep.com\/wp-content\/uploads\/2020\/06\/BESZ\u00c1MOL\u00d3_2016.jpg?w=595 595w\" sizes=\"(max-width: 212px) 100vw, 212px\" data-recalc-dims=\"1\" \/><\/a><\/p>\n<p>&nbsp;<\/p>\n<p><a href=\"http:\/\/szolnokimuvesztelep.com\/wp-content\/uploads\/2020\/06\/Besz\u00e1mol\u00f3-2017.pdf\"><img data-attachment-id=\"6083\" data-permalink=\"http:\/\/szolnokimuvesztelep.com\/en\/jelentesek\/beszamolo-2017\/\" data-orig-file=\"https:\/\/i2.wp.com\/szolnokimuvesztelep.com\/wp-content\/uploads\/2020\/06\/Beszamolo-2017.jpg?fit=595%2C842\" data-orig-size=\"595,842\" data-comments-opened=\"1\" data-image-meta=\"{&quot;aperture&quot;:&quot;0&quot;,&quot;credit&quot;:&quot;&quot;,&quot;camera&quot;:&quot;&quot;,&quot;caption&quot;:&quot;&quot;,&quot;created_timestamp&quot;:&quot;0&quot;,&quot;copyright&quot;:&quot;&quot;,&quot;focal_length&quot;:&quot;0&quot;,&quot;iso&quot;:&quot;0&quot;,&quot;shutter_speed&quot;:&quot;0&quot;,&quot;title&quot;:&quot;&quot;,&quot;orientation&quot;:&quot;1&quot;}\" data-image-title=\"Beszamolo-2017\" data-image-description=\"\" data-medium-file=\"https:\/\/i2.wp.com\/szolnokimuvesztelep.com\/wp-content\/uploads\/2020\/06\/Beszamolo-2017.jpg?fit=212%2C300\" data-large-file=\"https:\/\/i2.wp.com\/szolnokimuvesztelep.com\/wp-content\/uploads\/2020\/06\/Beszamolo-2017.jpg?fit=595%2C842\" loading=\"lazy\" class=\"aligncenter size-medium wp-image-6083\" src=\"https:\/\/i2.wp.com\/szolnokimuvesztelep.com\/wp-content\/uploads\/2020\/06\/Beszamolo-2017.jpg?resize=212%2C300\" alt=\"\" width=\"212\" height=\"300\" srcset=\"https:\/\/i2.wp.com\/szolnokimuvesztelep.com\/wp-content\/uploads\/2020\/06\/Beszamolo-2017.jpg?resize=212%2C300 212w, https:\/\/i2.wp.com\/szolnokimuvesztelep.com\/wp-content\/uploads\/2020\/06\/Beszamolo-2017.jpg?w=595 595w\" sizes=\"(max-width: 212px) 100vw, 212px\" data-recalc-dims=\"1\" \/><\/a><\/p>\n<p>&nbsp;<\/p>\n<p><a href=\"http:\/\/szolnokimuvesztelep.com\/wp-content\/uploads\/2020\/06\/Besz\u00e1mol\u00f3-2018.pdf\"><img data-attachment-id=\"6085\" data-permalink=\"http:\/\/szolnokimuvesztelep.com\/en\/jelentesek\/beszamolo-2018\/\" data-orig-file=\"https:\/\/i1.wp.com\/szolnokimuvesztelep.com\/wp-content\/uploads\/2020\/06\/Beszamolo-2018.jpg?fit=595%2C842\" data-orig-size=\"595,842\" data-comments-opened=\"1\" data-image-meta=\"{&quot;aperture&quot;:&quot;0&quot;,&quot;credit&quot;:&quot;&quot;,&quot;camera&quot;:&quot;&quot;,&quot;caption&quot;:&quot;&quot;,&quot;created_timestamp&quot;:&quot;0&quot;,&quot;copyright&quot;:&quot;&quot;,&quot;focal_length&quot;:&quot;0&quot;,&quot;iso&quot;:&quot;0&quot;,&quot;shutter_speed&quot;:&quot;0&quot;,&quot;title&quot;:&quot;&quot;,&quot;orientation&quot;:&quot;1&quot;}\" data-image-title=\"Beszamolo-2018\" data-image-description=\"\" data-medium-file=\"https:\/\/i1.wp.com\/szolnokimuvesztelep.com\/wp-content\/uploads\/2020\/06\/Beszamolo-2018.jpg?fit=212%2C300\" data-large-file=\"https:\/\/i1.wp.com\/szolnokimuvesztelep.com\/wp-content\/uploads\/2020\/06\/Beszamolo-2018.jpg?fit=595%2C842\" loading=\"lazy\" class=\"aligncenter size-medium wp-image-6085\" src=\"https:\/\/i1.wp.com\/szolnokimuvesztelep.com\/wp-content\/uploads\/2020\/06\/Beszamolo-2018.jpg?resize=212%2C300\" alt=\"\" width=\"212\" height=\"300\" srcset=\"https:\/\/i1.wp.com\/szolnokimuvesztelep.com\/wp-content\/uploads\/2020\/06\/Beszamolo-2018.jpg?resize=212%2C300 212w, https:\/\/i1.wp.com\/szolnokimuvesztelep.com\/wp-content\/uploads\/2020\/06\/Beszamolo-2018.jpg?w=595 595w\" sizes=\"(max-width: 212px) 100vw, 212px\" data-recalc-dims=\"1\" \/><\/a><\/p>\n<p>&nbsp;<\/p>\n<p><a href=\"http:\/\/szolnokimuvesztelep.com\/wp-content\/uploads\/2022\/12\/EB00315399.pdf\" target=\"_blank\" rel=\"noopener noreferrer\"><img data-attachment-id=\"7928\" data-permalink=\"http:\/\/szolnokimuvesztelep.com\/en\/jelentesek\/beszamolo_elolap2019\/\" data-orig-file=\"https:\/\/i1.wp.com\/szolnokimuvesztelep.com\/wp-content\/uploads\/2022\/12\/Beszamolo_elolap2019.jpg?fit=420%2C595\" data-orig-size=\"420,595\" data-comments-opened=\"1\" data-image-meta=\"{&quot;aperture&quot;:&quot;0&quot;,&quot;credit&quot;:&quot;&quot;,&quot;camera&quot;:&quot;&quot;,&quot;caption&quot;:&quot;&quot;,&quot;created_timestamp&quot;:&quot;0&quot;,&quot;copyright&quot;:&quot;&quot;,&quot;focal_length&quot;:&quot;0&quot;,&quot;iso&quot;:&quot;0&quot;,&quot;shutter_speed&quot;:&quot;0&quot;,&quot;title&quot;:&quot;&quot;,&quot;orientation&quot;:&quot;0&quot;}\" data-image-title=\"Beszamolo_elolap2019\" data-image-description=\"\" data-medium-file=\"https:\/\/i1.wp.com\/szolnokimuvesztelep.com\/wp-content\/uploads\/2022\/12\/Beszamolo_elolap2019.jpg?fit=212%2C300\" data-large-file=\"https:\/\/i1.wp.com\/szolnokimuvesztelep.com\/wp-content\/uploads\/2022\/12\/Beszamolo_elolap2019.jpg?fit=420%2C595\" loading=\"lazy\" class=\"wp-image-7928 aligncenter\" src=\"https:\/\/i1.wp.com\/szolnokimuvesztelep.com\/wp-content\/uploads\/2022\/12\/Beszamolo_elolap2019.jpg?resize=208%2C295\" alt=\"Besz\u00e1mol\u00f3 2019\" width=\"208\" height=\"295\" srcset=\"https:\/\/i1.wp.com\/szolnokimuvesztelep.com\/wp-content\/uploads\/2022\/12\/Beszamolo_elolap2019.jpg?w=420 420w, https:\/\/i1.wp.com\/szolnokimuvesztelep.com\/wp-content\/uploads\/2022\/12\/Beszamolo_elolap2019.jpg?resize=212%2C300 212w\" sizes=\"(max-width: 208px) 100vw, 208px\" data-recalc-dims=\"1\" \/><\/a><\/p>\n<p>&nbsp;<\/p>\n<p><a href=\"http:\/\/szolnokimuvesztelep.com\/wp-content\/uploads\/2022\/12\/EB00527924.pdf\" target=\"_blank\" rel=\"noopener noreferrer\"><img data-attachment-id=\"7932\" data-permalink=\"http:\/\/szolnokimuvesztelep.com\/en\/jelentesek\/beszamolo_elolap2020\/\" data-orig-file=\"https:\/\/i1.wp.com\/szolnokimuvesztelep.com\/wp-content\/uploads\/2022\/12\/Beszamolo_elolap2020.jpg?fit=420%2C595\" data-orig-size=\"420,595\" data-comments-opened=\"1\" data-image-meta=\"{&quot;aperture&quot;:&quot;0&quot;,&quot;credit&quot;:&quot;&quot;,&quot;camera&quot;:&quot;&quot;,&quot;caption&quot;:&quot;&quot;,&quot;created_timestamp&quot;:&quot;0&quot;,&quot;copyright&quot;:&quot;&quot;,&quot;focal_length&quot;:&quot;0&quot;,&quot;iso&quot;:&quot;0&quot;,&quot;shutter_speed&quot;:&quot;0&quot;,&quot;title&quot;:&quot;&quot;,&quot;orientation&quot;:&quot;0&quot;}\" data-image-title=\"Beszamolo_elolap2020\" data-image-description=\"\" data-medium-file=\"https:\/\/i1.wp.com\/szolnokimuvesztelep.com\/wp-content\/uploads\/2022\/12\/Beszamolo_elolap2020.jpg?fit=212%2C300\" data-large-file=\"https:\/\/i1.wp.com\/szolnokimuvesztelep.com\/wp-content\/uploads\/2022\/12\/Beszamolo_elolap2020.jpg?fit=420%2C595\" loading=\"lazy\" class=\"wp-image-7932 aligncenter\" src=\"https:\/\/i1.wp.com\/szolnokimuvesztelep.com\/wp-content\/uploads\/2022\/12\/Beszamolo_elolap2020.jpg?resize=208%2C295\" alt=\"\" width=\"208\" height=\"295\" srcset=\"https:\/\/i1.wp.com\/szolnokimuvesztelep.com\/wp-content\/uploads\/2022\/12\/Beszamolo_elolap2020.jpg?w=420 420w, https:\/\/i1.wp.com\/szolnokimuvesztelep.com\/wp-content\/uploads\/2022\/12\/Beszamolo_elolap2020.jpg?resize=212%2C300 212w\" sizes=\"(max-width: 208px) 100vw, 208px\" data-recalc-dims=\"1\" \/><\/a><\/p>\n<p>&nbsp;<\/p>\n<p><a href=\"http:\/\/szolnokimuvesztelep.com\/wp-content\/uploads\/2022\/12\/EB00590045.pdf\" target=\"_blank\" rel=\"noopener noreferrer\"><img data-attachment-id=\"7934\" data-permalink=\"http:\/\/szolnokimuvesztelep.com\/en\/jelentesek\/beszamolo_elolap2021\/\" data-orig-file=\"https:\/\/i2.wp.com\/szolnokimuvesztelep.com\/wp-content\/uploads\/2022\/12\/Beszamolo_elolap2021.jpg?fit=420%2C595\" data-orig-size=\"420,595\" data-comments-opened=\"1\" data-image-meta=\"{&quot;aperture&quot;:&quot;0&quot;,&quot;credit&quot;:&quot;&quot;,&quot;camera&quot;:&quot;&quot;,&quot;caption&quot;:&quot;&quot;,&quot;created_timestamp&quot;:&quot;0&quot;,&quot;copyright&quot;:&quot;&quot;,&quot;focal_length&quot;:&quot;0&quot;,&quot;iso&quot;:&quot;0&quot;,&quot;shutter_speed&quot;:&quot;0&quot;,&quot;title&quot;:&quot;&quot;,&quot;orientation&quot;:&quot;0&quot;}\" data-image-title=\"Beszamolo_elolap2021\" data-image-description=\"\" data-medium-file=\"https:\/\/i2.wp.com\/szolnokimuvesztelep.com\/wp-content\/uploads\/2022\/12\/Beszamolo_elolap2021.jpg?fit=212%2C300\" data-large-file=\"https:\/\/i2.wp.com\/szolnokimuvesztelep.com\/wp-content\/uploads\/2022\/12\/Beszamolo_elolap2021.jpg?fit=420%2C595\" loading=\"lazy\" class=\"wp-image-7934 aligncenter\" src=\"https:\/\/i2.wp.com\/szolnokimuvesztelep.com\/wp-content\/uploads\/2022\/12\/Beszamolo_elolap2021.jpg?resize=208%2C295\" alt=\"\" width=\"208\" height=\"295\" srcset=\"https:\/\/i2.wp.com\/szolnokimuvesztelep.com\/wp-content\/uploads\/2022\/12\/Beszamolo_elolap2021.jpg?w=420 420w, https:\/\/i2.wp.com\/szolnokimuvesztelep.com\/wp-content\/uploads\/2022\/12\/Beszamolo_elolap2021.jpg?resize=212%2C300 212w\" sizes=\"(max-width: 208px) 100vw, 208px\" data-recalc-dims=\"1\" \/><\/a><\/p>\n<p>&nbsp;<\/p>\n<p><a href=\"http:\/\/szolnokimuvesztelep.com\/wp-content\/uploads\/2023\/05\/OBHGEPI_PK_842_18835742216_SZOLNOKI_MUVESZETI_EGYESULET_1397762989665400.pdf\"><img data-attachment-id=\"8165\" data-permalink=\"http:\/\/szolnokimuvesztelep.com\/en\/jelentesek\/beszamolo2022szmt_honlap\/\" data-orig-file=\"https:\/\/i2.wp.com\/szolnokimuvesztelep.com\/wp-content\/uploads\/2023\/05\/beszamolo2022szmt_honlap.jpg?fit=420%2C595\" data-orig-size=\"420,595\" data-comments-opened=\"1\" data-image-meta=\"{&quot;aperture&quot;:&quot;0&quot;,&quot;credit&quot;:&quot;&quot;,&quot;camera&quot;:&quot;&quot;,&quot;caption&quot;:&quot;&quot;,&quot;created_timestamp&quot;:&quot;0&quot;,&quot;copyright&quot;:&quot;&quot;,&quot;focal_length&quot;:&quot;0&quot;,&quot;iso&quot;:&quot;0&quot;,&quot;shutter_speed&quot;:&quot;0&quot;,&quot;title&quot;:&quot;&quot;,&quot;orientation&quot;:&quot;0&quot;}\" data-image-title=\"beszamolo2022szmt_honlap\" data-image-description=\"\" data-medium-file=\"https:\/\/i2.wp.com\/szolnokimuvesztelep.com\/wp-content\/uploads\/2023\/05\/beszamolo2022szmt_honlap.jpg?fit=212%2C300\" data-large-file=\"https:\/\/i2.wp.com\/szolnokimuvesztelep.com\/wp-content\/uploads\/2023\/05\/beszamolo2022szmt_honlap.jpg?fit=420%2C595\" loading=\"lazy\" class=\"wp-image-8165 aligncenter\" src=\"https:\/\/i2.wp.com\/szolnokimuvesztelep.com\/wp-content\/uploads\/2023\/05\/beszamolo2022szmt_honlap.jpg?resize=204%2C289\" alt=\"\" width=\"204\" height=\"289\" srcset=\"https:\/\/i2.wp.com\/szolnokimuvesztelep.com\/wp-content\/uploads\/2023\/05\/beszamolo2022szmt_honlap.jpg?w=420 420w, https:\/\/i2.wp.com\/szolnokimuvesztelep.com\/wp-content\/uploads\/2023\/05\/beszamolo2022szmt_honlap.jpg?resize=212%2C300 212w\" sizes=\"(max-width: 204px) 100vw, 204px\" data-recalc-dims=\"1\" \/><\/a><\/p>","protected":false},"excerpt":{"rendered":"<p>A Szolnoki M\u0171v\u00e9szeti Egyes\u00fclet \u00e9ves besz\u00e1mol\u00f3i az egyes t\u00e1rgy\u00e9vek besz\u00e1mol\u00f3inak hivatkoz\u00e1saira kattintva \u00e9rhet\u0151k el. &nbsp; &nbsp; &nbsp; &nbsp; &nbsp; &nbsp; &nbsp; &nbsp;<\/p>","protected":false},"author":1,"featured_media":0,"parent":0,"menu_order":0,"comment_status":"closed","ping_status":"closed","template":"","meta":{"spay_email":""},"categories":[],"tags":[],"yst_prominent_words":[],"yoast_head":"<!-- This site is optimized with the Yoast SEO Premium plugin v14.1 - https:\/\/yoast.com\/wordpress\/plugins\/seo\/ -->\n<title>Jelent\u00e9sek - SZOLNOKI M\u0170V\u00c9SZTELEP<\/title>\n<meta name=\"robots\" content=\"index, follow\" \/>\n<meta name=\"googlebot\" content=\"index, follow, max-snippet:-1, max-image-preview:large, max-video-preview:-1\" \/>\n<meta name=\"bingbot\" content=\"index, follow, max-snippet:-1, max-image-preview:large, max-video-preview:-1\" \/>\n<link rel=\"canonical\" href=\"http:\/\/szolnokimuvesztelep.com\/en\/jelentesek\/\" \/>\n<meta property=\"og:locale\" content=\"en_US\" \/>\n<meta property=\"og:type\" content=\"article\" \/>\n<meta property=\"og:title\" content=\"Jelent\u00e9sek - SZOLNOKI M\u0170V\u00c9SZTELEP\" \/>\n<meta property=\"og:description\" content=\"A Szolnoki M\u0171v\u00e9szeti Egyes\u00fclet \u00e9ves besz\u00e1mol\u00f3i az egyes t\u00e1rgy\u00e9vek besz\u00e1mol\u00f3inak hivatkoz\u00e1saira kattintva \u00e9rhet\u0151k el. &nbsp; &nbsp; &nbsp; &nbsp; &nbsp; &nbsp; &nbsp; &nbsp;\" \/>\n<meta property=\"og:url\" content=\"http:\/\/szolnokimuvesztelep.com\/en\/jelentesek\/\" \/>\n<meta property=\"og:site_name\" content=\"SZOLNOKI M\u0170V\u00c9SZTELEP\" \/>\n<meta property=\"article:publisher\" content=\"https:\/\/www.facebook.com\/szolnokimuvesztelepofficial\/\" \/>\n<meta property=\"article:modified_time\" content=\"2023-05-30T13:51:56+00:00\" \/>\n<meta property=\"og:image\" content=\"http:\/\/szolnokimuvesztelep.com\/wp-content\/uploads\/2020\/06\/Beszamolo-215-212x300.jpg\" \/>\n<script type=\"application\/ld+json\" class=\"yoast-schema-graph\">{\"@context\":\"https:\/\/schema.org\",\"@graph\":[{\"@type\":\"Organization\",\"@id\":\"http:\/\/szolnokimuvesztelep.com\/en\/#organization\",\"name\":\"Szolnoki M\\u0171v\\u00e9sztelep\",\"url\":\"http:\/\/szolnokimuvesztelep.com\/en\/\",\"sameAs\":[\"https:\/\/www.facebook.com\/szolnokimuvesztelepofficial\/\",\"https:\/\/www.instagram.com\/szolnoki_muvesztelep\/\",\"https:\/\/www.youtube.com\/channel\/UCAYRF4A8FrslG3J__XEjEoA\",\"https:\/\/hu.wikipedia.org\/wiki\/Szolnoki_m\\u0171v\\u00e9sztelep\"],\"logo\":{\"@type\":\"ImageObject\",\"@id\":\"http:\/\/szolnokimuvesztelep.com\/en\/#logo\",\"inLanguage\":\"en-US\",\"url\":\"https:\/\/i0.wp.com\/szolnokimuvesztelep.com\/wp-content\/uploads\/2020\/05\/szmt_2019_szlogen_psz-01.png?fit=2242%2C863\",\"width\":2242,\"height\":863,\"caption\":\"Szolnoki M\\u0171v\\u00e9sztelep\"},\"image\":{\"@id\":\"http:\/\/szolnokimuvesztelep.com\/en\/#logo\"}},{\"@type\":\"WebSite\",\"@id\":\"http:\/\/szolnokimuvesztelep.com\/en\/#website\",\"url\":\"http:\/\/szolnokimuvesztelep.com\/en\/\",\"name\":\"SZOLNOKI M\\u0170V\\u00c9SZTELEP\",\"description\":\"Meg\\u00fajul\\u00f3 hagyom\\u00e1ny\",\"publisher\":{\"@id\":\"http:\/\/szolnokimuvesztelep.com\/en\/#organization\"},\"potentialAction\":[{\"@type\":\"SearchAction\",\"target\":\"http:\/\/szolnokimuvesztelep.com\/en\/?s={search_term_string}\",\"query-input\":\"required name=search_term_string\"}],\"inLanguage\":\"en-US\"},{\"@type\":\"ImageObject\",\"@id\":\"http:\/\/szolnokimuvesztelep.com\/jelentesek\/#primaryimage\",\"inLanguage\":\"en-US\",\"url\":\"https:\/\/i1.wp.com\/szolnokimuvesztelep.com\/wp-content\/uploads\/2020\/06\/Beszamolo-215.jpg?fit=595%2C842\",\"width\":595,\"height\":842},{\"@type\":\"WebPage\",\"@id\":\"http:\/\/szolnokimuvesztelep.com\/jelentesek\/#webpage\",\"url\":\"http:\/\/szolnokimuvesztelep.com\/jelentesek\/\",\"name\":\"Jelent\\u00e9sek - SZOLNOKI M\\u0170V\\u00c9SZTELEP\",\"isPartOf\":{\"@id\":\"http:\/\/szolnokimuvesztelep.com\/en\/#website\"},\"primaryImageOfPage\":{\"@id\":\"http:\/\/szolnokimuvesztelep.com\/jelentesek\/#primaryimage\"},\"datePublished\":\"2017-11-27T22:02:30+00:00\",\"dateModified\":\"2023-05-30T13:51:56+00:00\",\"inLanguage\":\"en-US\",\"potentialAction\":[{\"@type\":\"ReadAction\",\"target\":[\"http:\/\/szolnokimuvesztelep.com\/jelentesek\/\"]}]}]}<\/script>\n<!-- \/ Yoast SEO Premium plugin. -->","jetpack_sharing_enabled":true,"jetpack_shortlink":"https:\/\/wp.me\/P9tpmR-5U","jetpack_likes_enabled":true,"jetpack-related-posts":[],"_links":{"self":[{"href":"http:\/\/szolnokimuvesztelep.com\/en\/wp-json\/wp\/v2\/pages\/366"}],"collection":[{"href":"http:\/\/szolnokimuvesztelep.com\/en\/wp-json\/wp\/v2\/pages"}],"about":[{"href":"http:\/\/szolnokimuvesztelep.com\/en\/wp-json\/wp\/v2\/types\/page"}],"author":[{"embeddable":true,"href":"http:\/\/szolnokimuvesztelep.com\/en\/wp-json\/wp\/v2\/users\/1"}],"replies":[{"embeddable":true,"href":"http:\/\/szolnokimuvesztelep.com\/en\/wp-json\/wp\/v2\/comments?post=366"}],"version-history":[{"count":22,"href":"http:\/\/szolnokimuvesztelep.com\/en\/wp-json\/wp\/v2\/pages\/366\/revisions"}],"predecessor-version":[{"id":8168,"href":"http:\/\/szolnokimuvesztelep.com\/en\/wp-json\/wp\/v2\/pages\/366\/revisions\/8168"}],"wp:attachment":[{"href":"http:\/\/szolnokimuvesztelep.com\/en\/wp-json\/wp\/v2\/media?parent=366"}],"wp:term":[{"taxonomy":"category","embeddable":true,"href":"http:\/\/szolnokimuvesztelep.com\/en\/wp-json\/wp\/v2\/categories?post=366"},{"taxonomy":"post_tag","embeddable":true,"href":"http:\/\/szolnokimuvesztelep.com\/en\/wp-json\/wp\/v2\/tags?post=366"},{"taxonomy":"yst_prominent_words","embeddable":true,"href":"http:\/\/szolnokimuvesztelep.com\/en\/wp-json\/wp\/v2\/yst_prominent_words?post=366"}],"curies":[{"name":"wp","href":"https:\/\/api.w.org\/{rel}","templated":true}]}}