{"id":356,"date":"2017-11-27T21:26:33","date_gmt":"2017-11-27T21:26:33","guid":{"rendered":"http:\/\/szolnokimuvesztelep.com\/?page_id=356"},"modified":"2025-12-05T12:19:21","modified_gmt":"2025-12-05T12:19:21","slug":"tagok","status":"publish","type":"page","link":"http:\/\/szolnokimuvesztelep.com\/en\/tagok\/","title":{"rendered":"Tags\u00e1g"},"content":{"rendered":"<div class=\"page-content\">\n<h3><img data-attachment-id=\"813\" data-permalink=\"http:\/\/szolnokimuvesztelep.com\/en\/tortenet-2\/001szkepzomtarsasag\/\" data-orig-file=\"https:\/\/i0.wp.com\/szolnokimuvesztelep.com\/wp-content\/uploads\/2017\/11\/001SzKepzomTarsasag.jpg?fit=801%2C138\" data-orig-size=\"801,138\" data-comments-opened=\"1\" data-image-meta=\"{&quot;aperture&quot;:&quot;0&quot;,&quot;credit&quot;:&quot;&quot;,&quot;camera&quot;:&quot;&quot;,&quot;caption&quot;:&quot;&quot;,&quot;created_timestamp&quot;:&quot;0&quot;,&quot;copyright&quot;:&quot;&quot;,&quot;focal_length&quot;:&quot;0&quot;,&quot;iso&quot;:&quot;0&quot;,&quot;shutter_speed&quot;:&quot;0&quot;,&quot;title&quot;:&quot;&quot;,&quot;orientation&quot;:&quot;1&quot;}\" data-image-title=\"001SzKepzomTarsasag\" data-image-description=\"\" data-medium-file=\"https:\/\/i0.wp.com\/szolnokimuvesztelep.com\/wp-content\/uploads\/2017\/11\/001SzKepzomTarsasag.jpg?fit=300%2C52\" data-large-file=\"https:\/\/i0.wp.com\/szolnokimuvesztelep.com\/wp-content\/uploads\/2017\/11\/001SzKepzomTarsasag.jpg?fit=790%2C136\" loading=\"lazy\" class=\"alignnone size-medium wp-image-813\" src=\"https:\/\/i0.wp.com\/szolnokimuvesztelep.com\/wp-content\/uploads\/2017\/11\/001SzKepzomTarsasag.jpg?resize=300%2C52\" alt=\"\" width=\"300\" height=\"52\" srcset=\"https:\/\/i0.wp.com\/szolnokimuvesztelep.com\/wp-content\/uploads\/2017\/11\/001SzKepzomTarsasag.jpg?resize=300%2C52 300w, https:\/\/i0.wp.com\/szolnokimuvesztelep.com\/wp-content\/uploads\/2017\/11\/001SzKepzomTarsasag.jpg?resize=768%2C132 768w, https:\/\/i0.wp.com\/szolnokimuvesztelep.com\/wp-content\/uploads\/2017\/11\/001SzKepzomTarsasag.jpg?w=801 801w\" sizes=\"(max-width: 300px) 100vw, 300px\" data-recalc-dims=\"1\" \/><\/h3>\n<h6>A t\u00e1rsas\u00e1g tagjai<\/h6>\n<p>Aknay J\u00e1nos fest\u0151m\u0171v\u00e9sz | Albrecht J\u00falia szobr\u00e1szm\u0171v\u00e9sz | Annie Kurz k\u00e9pz\u0151m\u0171v\u00e9sz | Atlasz G\u00e1bor fest\u0151m\u0171v\u00e9sz | Baksai J\u00f3zsef fest\u0151m\u0171v\u00e9sz | Bakos Ildik\u00f3 szobr\u00e1szm\u0171v\u00e9sz | Baksai J\u00f3zsef fest\u0151m\u0171v\u00e9sz | Baky P\u00e9ter fest\u0151m\u0171v\u00e9sz | Balogh G\u00e9za szobr\u00e1szm\u0171v\u00e9sz | Balogh Gyula fest\u0151m\u0171v\u00e9sz | Balogh Zs\u00f3fia szobr\u00e1szm\u0171v\u00e9sz | Bar\u00e1th F\u00e1bi\u00e1n szobr\u00e1szm\u0171v\u00e9sz | Basa Anik\u00f3 fest\u0151m\u0171v\u00e9sz | Bereznai P\u00e9ter fest\u0151m\u0171v\u00e9sz | Bik\u00e1csi Daniela fest\u0151m\u0171v\u00e9sz | Borb\u00e1s M\u00e1rton szobr\u00e1szm\u0171v\u00e9sz | Boros Mikl\u00f3s J\u00e1nos szobr\u00e1szm\u0171v\u00e9sz | Bosny\u00e1k Zsuzsa fest\u0151m\u0171v\u00e9sz | Bozs\u00f3 N\u00f3ra fest\u0151m\u0171v\u00e9sz | Br\u00e1da Tibor fest\u0151m\u0171v\u00e9sz | Bugyi Istv\u00e1n J\u00f3zsef grafikusm\u0171v\u00e9sz | Buh\u00e1ly J\u00f3zsef fest\u0151m\u0171v\u00e9sz | Bull\u00e1s J\u00f3zsef fest\u0151m\u0171v\u00e9sz | Bukta Norbert fest\u0151m\u0171v\u00e9sz | Czobor S\u00e1ndor szobr\u00e1szm\u0171v\u00e9sz | Cs\u00e1ki R\u00f3bert fest\u0151m\u0171v\u00e9sz | Csath Annam\u00e1ria fest\u0151m\u0171v\u00e9sz | Cselle Judit grafikusm\u0171v\u00e9sz | Cservenka Edit fest\u0151m\u0171v\u00e9sz | Csikai M\u00e1rta szobr\u00e1szm\u0171v\u00e9sz | Csont\u00f3 Lajos k\u00e9pz\u0151m\u0171v\u00e9sz | Csurgai Ferenc szobr\u00e1szm\u0171v\u00e9sz | Danka Attila grafikusm\u0171v\u00e9sz | De\u00e1k Ilona fest\u0151m\u0171v\u00e9sz | Dob\u00f3 Krisztina k\u00e9pz\u0151m\u0171v\u00e9sz | D\u00f3ka Zolt\u00e1n fest\u0151m\u0171v\u00e9sz | D\u00f3r\u00f3 S\u00e1ndor k\u00e9pz\u0151m\u0171v\u00e9sz | Dorogi J\u00e1nos szobr\u00e1szm\u0171v\u00e9sz | D\u00f6m\u00e9ny Boriska fest\u0151m\u0171v\u00e9sz | Dr. Emil Dobriban k\u00e9pz\u0151m\u0171v\u00e9sz | Dr. Szil\u00e1gyi B. Andr\u00e1s m\u0171v\u00e9szett\u00f6rt\u00e9n\u00e9sz | Dud\u00e1s S\u00e1ndor szobr\u00e1szm\u0171v\u00e9sz | E. Lakatos Aranka szobr\u00e1szm\u0171v\u00e9sz | Engler Andr\u00e1s szobr\u00e1szm\u0171v\u00e9sz | Edouard Cardinaux k\u00e9pz\u0151m\u0171v\u00e9sz | Engler Andr\u00e1s szobr\u00e1szm\u0171v\u00e9sz | Eszik Alajos grafikusm\u0171v\u00e9sz | F. Zamb\u00f3 Istv\u00e1n k\u00e9pz\u0151m\u0171v\u00e9sz | Farag\u00f3 \u00c1gnes fest\u0151m\u0171v\u00e9sz | Farkas Rita grafikusm\u0171v\u00e9sz | Fazekas Magdolna fest\u0151m\u0171v\u00e9sz | Ferenczy Zsolt fest\u0151m\u0171v\u00e9sz | Filp Csaba fest\u0151m\u0171v\u00e9sz |\u00a0 Fischer Bal\u00e1zs fest\u0151m\u0171v\u00e9sz | Florina Leinss k\u00e9pz\u0151m\u0171v\u00e9sz | F\u00fcl\u00f6p Zolt\u00e1n k\u00e9pz\u0151m\u0171v\u00e9sz | Ga\u00e1l J\u00f3zsef k\u00e9pz\u0151m\u0171v\u00e9sz | G\u00e1lhidy P\u00e9ter szobr\u00e1szm\u0171v\u00e9sz | G\u00e1sp\u00e1r Gyula k\u00e9pz\u0151m\u0171v\u00e9sz | Gergely R\u00e9ka szobr\u00e1szm\u0171v\u00e9sz | Gilly Tam\u00e1s szobr\u00e1szm\u0171v\u00e9sz | Gr\u00e1nicz Tam\u00e1s fest\u0151m\u0171v\u00e9sz | Gy\u00f6re Zolt\u00e1n fest\u0151m\u0171v\u00e9sz | Gy\u00f6rgy Albert szobr\u00e1szm\u0171v\u00e9sz | Gy\u00f6rfi S\u00e1ndor szobr\u00e1szm\u0171v\u00e9sz | Gyulai L\u00edviusz grafikusm\u0171v\u00e9sz | Gyurcsek Ferenc szobr\u00e1szm\u0171v\u00e9sz | Hajd\u00fa Kinga fest\u0151m\u0171v\u00e9sz | Halassy Csilla szobr\u00e1szm\u0171v\u00e9sz | Hangay Szab\u00f3 L\u00e1szl\u00f3 szobr\u00e1szm\u0171v\u00e9sz | Heged\u0171s Endre fest\u0151m\u0171v\u00e9sz | Hermkens Edit fest\u0151m\u0171v\u00e9sz | Heinrich Schorno szobr\u00e1szm\u0171v\u00e9sz | Herczeg Istv\u00e1n grafikusm\u0171v\u00e9sz | Herman Levente fest\u0151m\u0171v\u00e9sz | Horv\u00e1th Kriszti\u00e1n fest\u0151m\u0171v\u00e9sz | Horv\u00e1th Roland fest\u0151m\u0171v\u00e9sz | Jakucs J\u00e1nos fest\u0151m\u0171v\u00e9sz | J\u00f3szay Zsolt szobr\u00e1szm\u0171v\u00e9sz | Juh\u00e1sz D\u00e1vid fest\u0151m\u0171v\u00e9sz | K\u00e1cser L\u00e1szl\u00f3 k\u00e9pz\u0151m\u0171v\u00e9sz | Karm\u00f3 Zolt\u00e1n szobr\u00e1szm\u0171v\u00e9sz | Katona Zolt\u00e1n fest\u0151m\u0171v\u00e9sz | Kecs\u0151 Endre fest\u0151m\u0171v\u00e9sz | Kerekes Elek fest\u0151m\u0171v\u00e9sz | Kir\u00e1ly Gy\u00f6rgy fest\u0151m\u0171v\u00e9sz | Kiss Vikt\u00f3ria fest\u0151m\u0171v\u00e9sz | Kolozsi Tibor szobr\u00e1szm\u0171v\u00e9sz | Kondor Attila fest\u0151m\u0171v\u00e9sz | Ko\u00f3s G\u00e1bor grafikusm\u0171v\u00e9sz | K\u00f3sa J\u00e1nos fest\u0151m\u0171v\u00e9sz | Kotorm\u00e1n \u00c1bel szobr\u00e1szm\u0171v\u00e9sz | Kotorm\u00e1n L\u00e1szl\u00f3 szobr\u00e1szm\u0171v\u00e9sz | Kotorm\u00e1n Norbert szobr\u00e1szm\u0171v\u00e9sz | Kov\u00e1cs Lehel fest\u0151m\u0171v\u00e9sz | K\u0151 P\u00e1l szobr\u00e1szm\u0171v\u00e9sz | Kov\u00e1cs P\u00e9ter Bal\u00e1zs fest\u0151m\u0171v\u00e9sz | Krajcsovics \u00c9va fest\u0151m\u0171v\u00e9sz | Krizbai S\u00e1ndor fest\u0151m\u0171v\u00e9sz | Kubinyi Katalin fest\u0151m\u0171v\u00e9sz | Kuizs Lilla fest\u0151m\u0171v\u00e9sz |\u00a0 Lakatos P\u00e1l S\u00e1ndor szobr\u00e1szm\u0171v\u00e9sz | L\u00e1szl\u00f3 D\u00e1niel fest\u0151m\u0171v\u00e9sz | L\u00e1z\u00e1r Tibor fest\u0151m\u0171v\u00e9sz | Leeman Pascal fest\u0151m\u0171v\u00e9sz | Lencs\u00e9s Ida k\u00e9pz\u0151m\u0171v\u00e9sz| L\u00e9vay Jen\u0151 k\u00e9pz\u0151m\u0171v\u00e9sz | L\u00f3r\u00e1nt J\u00e1nos Demeter fest\u0151m\u0171v\u00e9sz | Lous Stuijfzand szobr\u00e1szm\u0171v\u00e9sz | Luk\u00e1cs G\u00e1bor k\u00e9pz\u0151m\u0171v\u00e9sz | Luk\u00e1cs Katalin fest\u0151m\u0171v\u00e9sz | Magyari M\u00e1rton fest\u0151m\u0171v\u00e9sz | M\u00e1rkus P\u00e9ter szobr\u00e1szm\u0171v\u00e9sz | M\u00e1t\u00e9 Gy\u00f6rgy szobr\u00e1szm\u0171v\u00e9sz | Mak\u00f3 Judit fest\u0151m\u0171v\u00e9sz | M\u00e1rkus P\u00e9ter szobr\u00e1szm\u0171v\u00e9sz | M\u00e9sz\u00e1ros G\u00e9za fest\u0151m\u0171v\u00e9sz | Miroslav Jovan\u010di\u0107 fest\u0151m\u0171v\u00e9sz | Mikl\u00f3s \u00c1rp\u00e1d fest\u0151m\u0171v\u00e9sz | Muzsnay \u00c1kos grafikusm\u0171v\u00e9sz | N\u00e1das Alexandra k\u00e9pz\u0151m\u0171v\u00e9sz | Nagy Andrea fest\u0151m\u0171v\u00e9sz | Nagy \u00c1rp\u00e1d Pika fest\u0151m\u0171v\u00e9sz | Nagy Attila szobr\u00e1szm\u0171v\u00e9sz | Nagy D\u00e9nes fest\u0151m\u0171v\u00e9sz | Nagy G\u00e1bor fest\u0151m\u0171v\u00e9sz | Nayg Istv\u00e1n k\u00e9pz\u0151m\u0171v\u00e9sz | Nagy Katalin Matild grafikusm\u0171v\u00e9sz | Nemes L\u00e1szl\u00f3 k\u00e9pz\u0151m\u0171v\u00e9sz | Orosz Istv\u00e1n grafikusm\u0171v\u00e9sz | Palk\u00f3 Tibor fest\u0151m\u0171v\u00e9sz | Pieronymus Kosch fest\u0151m\u0171v\u00e9sz | Piti Zsuzsanna fest\u0151m\u0171v\u00e9sz | Pog\u00e1ny G\u00e1bor Ben\u0151 szobr\u00e1szm\u0171v\u00e9sz | Polg\u00e1r Botond szobr\u00e1szm\u0171v\u00e9sz | Puha Ferenc fest\u0151m\u0171v\u00e9sz | Posta M\u00e1t\u00e9 fest\u0151m\u0171v\u00e9sz | Rajcs\u00f3k Attila szobr\u00e1szm\u0171v\u00e9sz | R\u00e9kassy Eszter grafikusm\u0171v\u00e9sz | Resk\u00f3 Gy\u00f6rgy fest\u0151m\u0171v\u00e9sz | R\u00e9vi Norbert szobr\u00e1szm\u0171v\u00e9sz | R\u00f3zsa Luca S\u00e1ra fest\u0151m\u0171v\u00e9sz | S\u00e1rk\u00f6zi Antal fest\u0151m\u0171v\u00e9sz | S\u00e1rk\u00f6zi R\u00f3bert grafikusm\u0171v\u00e9sz | Sebesty\u00e9n Zolt\u00e1n fest\u0151m\u0171v\u00e9sz | Sinka P\u00e9ter grafikusm\u0171v\u00e9sz | Simos Debora Eszter fest\u0151m\u0171v\u00e9sz | Soosur Georgius fest\u0151m\u0171v\u00e9sz | Strem\u00e9ny G\u00e9za szobr\u00e1szm\u0171v\u00e9sz | Sulyok Gabriella grafikusm\u0171v\u00e9sz | S\u00fcli-Zakar Szabolcs k\u00e9pz\u0151m\u0171v\u00e9sz | Sv\u00e1by Lajos fest\u0151m\u0171v\u00e9sz | Szab\u00f3 \u00c1bel fest\u0151m\u0171v\u00e9sz | Szab\u00f3 \u00c1gnes fest\u0151m\u0171v\u00e9sz | Szab\u00f3 \u00c1ron szobr\u00e1szm\u0171v\u00e9sz | Szab\u00f3 Franciska fest\u0151m\u0171v\u00e9sz | Szab\u00f3 Gy\u00f6rgy szobr\u00e1szm\u0171v\u00e9sz | Szab\u00f3 Imrefia B\u00e9la szobr\u00e1szm\u0171v\u00e9sz | Szab\u00f3 Tam\u00e1s k\u00e9pz\u0151m\u0171v\u00e9sz | Szab\u00f3 Vir\u00e1g szobr\u00e1szm\u0171v\u00e9sz | Szak\u00e1cs Imre fest\u0151m\u0171v\u00e9sz | Szalai Attila k\u00e9pz\u0151m\u0171v\u00e9sz | Szanyi Borb\u00e1la k\u00e9pz\u0151m\u0171v\u00e9sz | Sz\u00e9kely Be\u00e1ta fest\u0151m\u0171v\u00e9sz | Sz\u00e9khelyi Edith fest\u0151m\u0171v\u00e9sz | Sz\u00e9k\u00f3 G\u00e1bor szobr\u00e1szm\u0171v\u00e9sz | Szemad\u00e1m Gy\u00f6rgy k\u00e9pz\u0151m\u0171v\u00e9sz | Szenteczky Csaba k\u00e9pz\u0151m\u0171v\u00e9sz | Szente-Szab\u00f3 \u00c1kos fest\u0151m\u0171v\u00e9sz | Szepessy B\u00e9la grafikusm\u0171v\u00e9sz | Szkok Iv\u00e1n fest\u0151m\u0171v\u00e9sz | Szurcsik J\u00f3zsef k\u00e9pz\u0151m\u0171v\u00e9sz | Tasi J\u00f3zsef fest\u0151m\u0171v\u00e9sz | Tanka P\u00e9ter fest\u0151m\u0171v\u00e9sz | Tayer Patrik fest\u0151m\u0171v\u00e9sz | Tenk L\u00e1szl\u00f3 fest\u0151m\u0171v\u00e9sz | T\u00f3th B\u00e9la szobr\u00e1szm\u0171v\u00e9sz | T\u00f3th Kov\u00e1cs J\u00f3zsef fest\u0151m\u0171v\u00e9sz | Varga-Am\u00e1r L\u00e1szl\u00f3 k\u00e9pz\u0151m\u0171v\u00e9sz | T\u00f6r\u00f6k G\u00e1bor k\u00e9pz\u0151m\u0171v\u00e9sz | Ulrich G\u00e1bor k\u00e9pz\u0151m\u0171v\u00e9sz | Varga Erik fest\u0151m\u0171v\u00e9sz | Varga Patr\u00edcia Minerva fest\u0151m\u0171v\u00e9sz | Varga \u00c9va szobr\u00e1szm\u0171v\u00e9sz | Verebes Gy\u00f6rgy fest\u0151m\u0171v\u00e9sz | Varga -Am\u00e1r L\u00e1szl\u00f3 fest\u0151m\u0171v\u00e9sz | V\u00e9ssey G\u00e1bor k\u00e9pz\u0151m\u0171v\u00e9sz | Vidovits Iv\u00e1n fest\u0151m\u0171v\u00e9sz | Vik\u00e1r P. Istv\u00e1n grafikusm\u0171v\u00e9sz | Vincze Ang\u00e9la fest\u0151m\u0171v\u00e9sz | Z\u00f6ld Anik\u00f3 fest\u0151m\u0171v\u00e9sz | Zs\u00e1ki Istv\u00e1n fest\u0151m\u0171v\u00e9sz | Zsemlye Ildik\u00f3 szobr\u00e1szm\u0171v\u00e9sz<\/p>\n<\/div>","protected":false},"excerpt":{"rendered":"<p>A t\u00e1rsas\u00e1g tagjai Aknay J\u00e1nos fest\u0151m\u0171v\u00e9sz | Albrecht J\u00falia szobr\u00e1szm\u0171v\u00e9sz | Annie Kurz k\u00e9pz\u0151m\u0171v\u00e9sz | Atlasz G\u00e1bor fest\u0151m\u0171v\u00e9sz | Baksai J\u00f3zsef fest\u0151m\u0171v\u00e9sz | Bakos Ildik\u00f3 szobr\u00e1szm\u0171v\u00e9sz | Baksai J\u00f3zsef fest\u0151m\u0171v\u00e9sz | Baky P\u00e9ter fest\u0151m\u0171v\u00e9sz | Balogh G\u00e9za szobr\u00e1szm\u0171v\u00e9sz | Balogh Gyula fest\u0151m\u0171v\u00e9sz | Balogh Zs\u00f3fia szobr\u00e1szm\u0171v\u00e9sz | Bar\u00e1th F\u00e1bi\u00e1n szobr\u00e1szm\u0171v\u00e9sz&hellip; <\/p>","protected":false},"author":1,"featured_media":0,"parent":0,"menu_order":0,"comment_status":"closed","ping_status":"closed","template":"","meta":{"spay_email":""},"categories":[],"tags":[],"yst_prominent_words":[],"yoast_head":"<!-- This site is optimized with the Yoast SEO Premium plugin v14.1 - https:\/\/yoast.com\/wordpress\/plugins\/seo\/ -->\n<title>Tags\u00e1g - SZOLNOKI M\u0170V\u00c9SZTELEP<\/title>\n<meta name=\"robots\" content=\"index, follow\" \/>\n<meta name=\"googlebot\" content=\"index, follow, max-snippet:-1, max-image-preview:large, max-video-preview:-1\" \/>\n<meta name=\"bingbot\" content=\"index, follow, max-snippet:-1, max-image-preview:large, max-video-preview:-1\" \/>\n<link rel=\"canonical\" href=\"http:\/\/szolnokimuvesztelep.com\/en\/tagok\/\" \/>\n<meta property=\"og:locale\" content=\"en_US\" \/>\n<meta property=\"og:type\" content=\"article\" \/>\n<meta property=\"og:title\" content=\"Tags\u00e1g - SZOLNOKI M\u0170V\u00c9SZTELEP\" \/>\n<meta property=\"og:description\" content=\"A t\u00e1rsas\u00e1g tagjai Aknay J\u00e1nos fest\u0151m\u0171v\u00e9sz | Albrecht J\u00falia szobr\u00e1szm\u0171v\u00e9sz | Annie Kurz k\u00e9pz\u0151m\u0171v\u00e9sz | Atlasz G\u00e1bor fest\u0151m\u0171v\u00e9sz | Baksai J\u00f3zsef fest\u0151m\u0171v\u00e9sz | Bakos Ildik\u00f3 szobr\u00e1szm\u0171v\u00e9sz | Baksai J\u00f3zsef fest\u0151m\u0171v\u00e9sz | Baky P\u00e9ter fest\u0151m\u0171v\u00e9sz | Balogh G\u00e9za szobr\u00e1szm\u0171v\u00e9sz | Balogh Gyula fest\u0151m\u0171v\u00e9sz | Balogh Zs\u00f3fia szobr\u00e1szm\u0171v\u00e9sz | Bar\u00e1th F\u00e1bi\u00e1n szobr\u00e1szm\u0171v\u00e9sz&hellip;\" \/>\n<meta property=\"og:url\" content=\"http:\/\/szolnokimuvesztelep.com\/en\/tagok\/\" \/>\n<meta property=\"og:site_name\" content=\"SZOLNOKI M\u0170V\u00c9SZTELEP\" \/>\n<meta property=\"article:publisher\" content=\"https:\/\/www.facebook.com\/szolnokimuvesztelepofficial\/\" \/>\n<meta property=\"article:modified_time\" content=\"2025-12-05T12:19:21+00:00\" \/>\n<meta property=\"og:image\" content=\"http:\/\/szolnokimuvesztelep.com\/wp-content\/uploads\/2017\/11\/001SzKepzomTarsasag-300x52.jpg\" \/>\n<script type=\"application\/ld+json\" class=\"yoast-schema-graph\">{\"@context\":\"https:\/\/schema.org\",\"@graph\":[{\"@type\":\"Organization\",\"@id\":\"http:\/\/szolnokimuvesztelep.com\/en\/#organization\",\"name\":\"Szolnoki M\\u0171v\\u00e9sztelep\",\"url\":\"http:\/\/szolnokimuvesztelep.com\/en\/\",\"sameAs\":[\"https:\/\/www.facebook.com\/szolnokimuvesztelepofficial\/\",\"https:\/\/www.instagram.com\/szolnoki_muvesztelep\/\",\"https:\/\/www.youtube.com\/channel\/UCAYRF4A8FrslG3J__XEjEoA\",\"https:\/\/hu.wikipedia.org\/wiki\/Szolnoki_m\\u0171v\\u00e9sztelep\"],\"logo\":{\"@type\":\"ImageObject\",\"@id\":\"http:\/\/szolnokimuvesztelep.com\/en\/#logo\",\"inLanguage\":\"en-US\",\"url\":\"https:\/\/i0.wp.com\/szolnokimuvesztelep.com\/wp-content\/uploads\/2020\/05\/szmt_2019_szlogen_psz-01.png?fit=2242%2C863\",\"width\":2242,\"height\":863,\"caption\":\"Szolnoki M\\u0171v\\u00e9sztelep\"},\"image\":{\"@id\":\"http:\/\/szolnokimuvesztelep.com\/en\/#logo\"}},{\"@type\":\"WebSite\",\"@id\":\"http:\/\/szolnokimuvesztelep.com\/en\/#website\",\"url\":\"http:\/\/szolnokimuvesztelep.com\/en\/\",\"name\":\"SZOLNOKI M\\u0170V\\u00c9SZTELEP\",\"description\":\"Meg\\u00fajul\\u00f3 hagyom\\u00e1ny\",\"publisher\":{\"@id\":\"http:\/\/szolnokimuvesztelep.com\/en\/#organization\"},\"potentialAction\":[{\"@type\":\"SearchAction\",\"target\":\"http:\/\/szolnokimuvesztelep.com\/en\/?s={search_term_string}\",\"query-input\":\"required name=search_term_string\"}],\"inLanguage\":\"en-US\"},{\"@type\":\"ImageObject\",\"@id\":\"http:\/\/szolnokimuvesztelep.com\/tagok\/#primaryimage\",\"inLanguage\":\"en-US\",\"url\":\"https:\/\/i0.wp.com\/szolnokimuvesztelep.com\/wp-content\/uploads\/2017\/11\/001SzKepzomTarsasag.jpg?fit=801%2C138\",\"width\":801,\"height\":138},{\"@type\":\"WebPage\",\"@id\":\"http:\/\/szolnokimuvesztelep.com\/tagok\/#webpage\",\"url\":\"http:\/\/szolnokimuvesztelep.com\/tagok\/\",\"name\":\"Tags\\u00e1g - SZOLNOKI M\\u0170V\\u00c9SZTELEP\",\"isPartOf\":{\"@id\":\"http:\/\/szolnokimuvesztelep.com\/en\/#website\"},\"primaryImageOfPage\":{\"@id\":\"http:\/\/szolnokimuvesztelep.com\/tagok\/#primaryimage\"},\"datePublished\":\"2017-11-27T21:26:33+00:00\",\"dateModified\":\"2025-12-05T12:19:21+00:00\",\"inLanguage\":\"en-US\",\"potentialAction\":[{\"@type\":\"ReadAction\",\"target\":[\"http:\/\/szolnokimuvesztelep.com\/tagok\/\"]}]}]}<\/script>\n<!-- \/ Yoast SEO Premium plugin. -->","jetpack_sharing_enabled":true,"jetpack_shortlink":"https:\/\/wp.me\/P9tpmR-5K","jetpack_likes_enabled":true,"jetpack-related-posts":[],"_links":{"self":[{"href":"http:\/\/szolnokimuvesztelep.com\/en\/wp-json\/wp\/v2\/pages\/356"}],"collection":[{"href":"http:\/\/szolnokimuvesztelep.com\/en\/wp-json\/wp\/v2\/pages"}],"about":[{"href":"http:\/\/szolnokimuvesztelep.com\/en\/wp-json\/wp\/v2\/types\/page"}],"author":[{"embeddable":true,"href":"http:\/\/szolnokimuvesztelep.com\/en\/wp-json\/wp\/v2\/users\/1"}],"replies":[{"embeddable":true,"href":"http:\/\/szolnokimuvesztelep.com\/en\/wp-json\/wp\/v2\/comments?post=356"}],"version-history":[{"count":5,"href":"http:\/\/szolnokimuvesztelep.com\/en\/wp-json\/wp\/v2\/pages\/356\/revisions"}],"predecessor-version":[{"id":9016,"href":"http:\/\/szolnokimuvesztelep.com\/en\/wp-json\/wp\/v2\/pages\/356\/revisions\/9016"}],"wp:attachment":[{"href":"http:\/\/szolnokimuvesztelep.com\/en\/wp-json\/wp\/v2\/media?parent=356"}],"wp:term":[{"taxonomy":"category","embeddable":true,"href":"http:\/\/szolnokimuvesztelep.com\/en\/wp-json\/wp\/v2\/categories?post=356"},{"taxonomy":"post_tag","embeddable":true,"href":"http:\/\/szolnokimuvesztelep.com\/en\/wp-json\/wp\/v2\/tags?post=356"},{"taxonomy":"yst_prominent_words","embeddable":true,"href":"http:\/\/szolnokimuvesztelep.com\/en\/wp-json\/wp\/v2\/yst_prominent_words?post=356"}],"curies":[{"name":"wp","href":"https:\/\/api.w.org\/{rel}","templated":true}]}}