{"id":348,"date":"2017-11-27T21:20:19","date_gmt":"2017-11-27T21:20:19","guid":{"rendered":"http:\/\/szolnokimuvesztelep.com\/?page_id=348"},"modified":"2023-06-20T10:31:11","modified_gmt":"2023-06-20T10:31:11","slug":"artjaro-2017","status":"publish","type":"page","link":"http:\/\/szolnokimuvesztelep.com\/en\/artjaro-2017\/","title":{"rendered":"ARTj\u00e1r\u00f3 Fesztiv\u00e1l"},"content":{"rendered":"<p><img data-attachment-id=\"8255\" data-permalink=\"http:\/\/szolnokimuvesztelep.com\/en\/artjaro-2017\/artjaro300x300\/\" data-orig-file=\"https:\/\/i0.wp.com\/szolnokimuvesztelep.com\/wp-content\/uploads\/2023\/06\/Artjaro300x300.jpg?fit=300%2C300\" data-orig-size=\"300,300\" data-comments-opened=\"1\" data-image-meta=\"{&quot;aperture&quot;:&quot;0&quot;,&quot;credit&quot;:&quot;&quot;,&quot;camera&quot;:&quot;&quot;,&quot;caption&quot;:&quot;&quot;,&quot;created_timestamp&quot;:&quot;0&quot;,&quot;copyright&quot;:&quot;&quot;,&quot;focal_length&quot;:&quot;0&quot;,&quot;iso&quot;:&quot;0&quot;,&quot;shutter_speed&quot;:&quot;0&quot;,&quot;title&quot;:&quot;&quot;,&quot;orientation&quot;:&quot;0&quot;}\" data-image-title=\"Artjaro300x300\" data-image-description=\"\" data-medium-file=\"https:\/\/i0.wp.com\/szolnokimuvesztelep.com\/wp-content\/uploads\/2023\/06\/Artjaro300x300.jpg?fit=300%2C300\" data-large-file=\"https:\/\/i0.wp.com\/szolnokimuvesztelep.com\/wp-content\/uploads\/2023\/06\/Artjaro300x300.jpg?fit=300%2C300\" loading=\"lazy\" class=\"alignnone size-full wp-image-8255\" src=\"https:\/\/i0.wp.com\/szolnokimuvesztelep.com\/wp-content\/uploads\/2023\/06\/Artjaro300x300.jpg?resize=300%2C300\" alt=\"\" width=\"300\" height=\"300\" srcset=\"https:\/\/i0.wp.com\/szolnokimuvesztelep.com\/wp-content\/uploads\/2023\/06\/Artjaro300x300.jpg?w=300 300w, https:\/\/i0.wp.com\/szolnokimuvesztelep.com\/wp-content\/uploads\/2023\/06\/Artjaro300x300.jpg?resize=150%2C150 150w\" sizes=\"(max-width: 300px) 100vw, 300px\" data-recalc-dims=\"1\" \/><\/p>\n<p><!--more--><\/p>\n<h2><strong>XIX. ARTj\u00e1r\u00f3 \u00d6sszm\u0171v\u00e9szeti Fesztiv\u00e1l a 121 \u00e9ves Szolnoki M\u0171v\u00e9sztelepen<br \/>\n<\/strong><strong>2023. j\u00fanius 30-j\u00falius 1.<\/strong><\/h2>\n<p>2002 \u00f3ta minden \u00e9vben \u00f6sszegy\u0171lik Szolnok m\u0171v\u00e9szet\u00e9rt\u0151 \u00e9s kedvel\u0151 k\u00f6z\u00f6ns\u00e9ge a Szolnoki M\u0171v\u00e9sztelepen, a v\u00e1ros legromantikusabb helysz\u00edn\u00e9n, a kanyarg\u00f3s Zagyva partj\u00e1n, ahol minden egy kicsit m\u00e1sk\u00e9pp van&#8230;<\/p>\n<p>Akik ell\u00e1togatnak hozz\u00e1nk, most sem fognak \u00e9lm\u00e9nyek n\u00e9lk\u00fcl hazat\u00e9rni! K\u00e9sz\u00edts\u00e9tek az \u00fcnnepl\u0151 ruh\u00e1t \u00e9s a t\u00e1ncos cip\u0151ket! \u00a0A hagyom\u00e1nyokhoz h\u00edven id\u00e9n is minden m\u0171v\u00e9szeti \u00e1g jelen lesz a v\u00e1ros leghangulatosabb \u0151sparkj\u00e1ban, a 120 \u00e9ves Szolnoki M\u0171v\u00e9sztelep sz\u00fclet\u00e9snapj\u00e1n.<\/p>\n<p>Az \u00e1m! 121 \u00e9ves a Szolnoki M\u0171v\u00e9sztelep, haz\u00e1nk legr\u00e9gebbi m\u0171v\u00e9szkol\u00f3ni\u00e1ja, amely leg\u00fajabb kori vir\u00e1gz\u00e1s\u00e1t \u00e9li, \u00e9s ebben a pillanatban is a magyar m\u0171v\u00e9szet t\u00f6rt\u00e9net\u00e9t \u00edrja. Az \u00fcnnepi programok k\u00f6z\u00f6tt lesz sz\u00ednh\u00e1z \u00e9s film, k\u00e9pz\u0151m\u0171v\u00e9szet \u00e9s irodalom, komoly-\u00e9s k\u00f6nny\u0171zene, klasszikus-\u00e9s modern t\u00e1nc, performance \u00e9s kitudja m\u00e9g\u2026<\/p>\n<p>A fell\u00e9p\u0151k k\u00f6z\u00f6tt tal\u00e1lkozhattok megszokott kedvenceitekkel, de sok meglepet\u00e9ssel is k\u00e9sz\u00fcl\u00fcnk!<\/p>\n<p>Ha ez m\u00e9g mind nem lenne el\u00e9g: kis m\u0171v\u00e9sztelep, nyitott m\u0171terem \u00e9s f\u00fcgg\u0151\u00e1gy szieszta, \u00f6r\u00f6mzene, olvas\u00f3sziget, \u00e9tel-ital, b\u00e9ke \u00e9s bar\u00e1ts\u00e1g v\u00e1rja a l\u00e1togat\u00f3kat\u2026<\/p>\n<p>Gyertek \u00e9s legyetek ti is r\u00e9szesei a mi t\u00f6rt\u00e9net\u00fcnknek!<\/p>\n<p><!--more--><\/p>\n<h2><\/h2>\n<h2><strong>PROGRAM<\/strong><\/h2>\n<h2><span><strong>J\u00daNIUS 29. CS\u00dcT\u00d6RT\u00d6K<\/strong><\/span><br \/>\n<span><\/span><\/h2>\n<p><strong><span>16.00 FAZEKAS MAGDOLNA Munk\u00e1csy-d\u00edjas fest\u0151m\u0171v\u00e9sz jubileumi ki\u00e1ll\u00edt\u00e1sa a Szolnoki Gal\u00e9ri\u00e1ban<\/span><\/strong><\/p>\n<p>&nbsp;<\/p>\n<h2><span><strong>J\u00daNIUS 30. P\u00c9NTEK<\/strong><\/span><\/h2>\n<p><span><strong>17.00 ES\u0150 EL\u0150TT \u2013 ES\u0150 UT\u00c1N \u2013 Irodalmi est<br \/>\n<\/strong><\/span><span><\/span><span>Felolvasnak: Balogh \u00c1d\u00e1m, Cs\u00e1nyi Istv\u00e1n, Jenei Gyula, P. Nagy Istv\u00e1n<\/span><\/p>\n<p>&nbsp;<\/p>\n<p><strong><span>18.00 AZ ID\u0150 KEREKE \u2013 Szab\u00f3 Gy\u00f6rgy Munk\u00e1csy-d\u00edjas szobr\u00e1szm\u0171v\u00e9sz k\u00f6nyvbemutat\u00f3ja<br \/>\n<\/span><\/strong><span><\/span><span><\/span><span>Szab\u00f3 Gy\u00f6rgy Munk\u00e1csy-d\u00edjas szobr\u00e1szm\u0171v\u00e9sz <\/span><span>munk\u00e1ss\u00e1g\u00e1t 2023-ban k\u00e9t nyomtatott kiadv\u00e1ny is dokument\u00e1lta. A k\u00f6nyveket a szerz\u0151k: K\u00e9pir\u00f3 \u00c1gnes m\u0171v\u00e9szett\u00f6rt\u00e9n\u00e9sz \u00e9s Dr. Borsos Mih\u00e1ly fot\u00f3m\u0171v\u00e9sz mutatj\u00e1k be a nagyk\u00f6z\u00f6ns\u00e9gnek.<\/span><span><br \/>\n<\/span><span>A fesztiv\u00e1l ideje alatt a Damjanich J\u00e1nos M\u00fazeumban Szab\u00f3 Gy\u00f6rgy Az id\u0151 kereke c\u00edm\u0171 ki\u00e1ll\u00edt\u00e1sa ingyenesen l\u00e1togathat\u00f3. <\/span><span><\/span><\/p>\n<p>&nbsp;<\/p>\n<p><span><strong>19.00 SENKIM F\u00d6LDJE \u2013 Verebes Ern\u0151 pr\u00f3zak\u00f6tet\u00e9nek bemutat\u00f3ja kamarakoncert keret\u00e9ben<br \/>\n<\/strong><\/span><span>Moder\u00e1tor: Jenei Gyula \u00edr\u00f3, k\u00f6lt\u0151 az Es\u0151 Irodalmi lap f\u0151szerkeszt\u0151je<br \/>\n<\/span><span>Verebes Ern\u0151 Senkim f\u00f6ldje c\u00edm\u0171 k\u00f6tete filozofikus t\u00f6ltet\u0171, sok esetben sz\u00f6vegbe \u00e9p\u00edtett p\u00e1rbesz\u00e9dekkel tark\u00edtott pr\u00f3z\u00e1kat tartalmaz. A k\u00f6nyv szubjekt\u00edv t\u00e9r\u00e9lm\u00e9nyekkel, eml\u00e9kekkel, ki\u00e1ll\u00edt\u00e1sokkal \u00e9 t\u00e1rsadalmi esem\u00e9nyekkel, jelens\u00e9gekkel motiv\u00e1lt vil\u00e1g\u00e1t Verebes Gy\u00f6rgy k\u00e9panyaga eg\u00e9sz\u00edti ki. Az olvashat\u00f3 \u00e9s a k\u00e9pi vil\u00e1g hat\u00e1relmos\u00f3d\u00e1sai saj\u00e1tos, bizonyos tekintetben lebeg\u0151 \u00e9s szubjekt\u00edv l\u00e9tfiloz\u00f3fiai t\u00e9mak\u00f6reinek k\u00f6sz\u00f6nhet\u0151en befel\u00e9 fordul\u00f3, a l\u00e9lek s\u00edkjait, a lelket \u00e9rint\u0151 impulzusokat megjelen\u00edt\u0151 elbesz\u00e9l\u00e9sm\u00f3dot eredm\u00e9nyeznek.<\/span><\/p>\n<p>&nbsp;<\/p>\n<p><span><strong>20.00 RAMBLER koncert<br \/>\n<\/strong><\/span><span>A Kisp\u00e1l Gyula \u00e1ltal alap\u00edtott Rambler egy\u00fcttes 2009-ben alakult Szab\u00f3 G\u00e1bor \u00e9letm\u0171v\u00e9nek \u00e1pol\u00e1sa, zen\u00e9j\u00e9nek a k\u00f6z\u00f6ns\u00e9ggel t\u00f6rt\u00e9n\u0151 megismertet\u00e9se c\u00e9lj\u00e1b\u00f3l. Szab\u00f3 G\u00e1bor (1936-1982) a k\u00fclf\u00f6ld\u00f6n legnagyobb h\u00edrnevet szerzett magyar dzsesszmuzsikus itthon m\u00e9g mindig kev\u00e9ss\u00e9 ismert, hisz 56\u2032-ban Amerik\u00e1ba disszid\u00e1lt, s az akkori helyzetnek megfelel\u0151en m\u0171v\u00e9szet\u00e9t elhallgatt\u00e1k itthon. Pedig korszak\u00e1ban \u00fatt\u00f6r\u0151 m\u00f3don zen\u00e9j\u00e9ben els\u0151k\u00e9nt vegy\u00edtette a dzsessz, beat, dszessz-rock, pop, latin, hindu, n\u00e9pzene (magyar) m\u0171fajokat, s ezzel meg\u00faj\u00edtotta, kit\u00e1g\u00edtotta a dzsessz akkoriban kiss\u00e9 sz\u0171k l\u00e1t\u00f3k\u00f6r\u0171 m\u0171faj\u00e1t. A zenekar 2019-ben rutinos, t\u00f6bbf\u00e9le m\u0171fajra nyitott zen\u00e9szekkel alakult \u00fajra.<\/span><\/p>\n<p><span>Az egy\u00fcttes tagjai:<\/span><br \/>\n<span>Dr Kisp\u00e1l Gyula \u2013 git\u00e1r<\/span><br \/>\n<span>Bagi L\u00e1szl\u00f3 \u2013 git\u00e1r<\/span><br \/>\n<span>Nagy D\u00e9nes \u2013 b\u0151g\u0151<\/span><br \/>\n<span>Fekete Attila \u2013 \u00fct\u0151hangszerek<\/span><br \/>\n<span>Nagy Csaba \u2013 dob<\/span><\/p>\n<p>&nbsp;<\/p>\n<p><strong><span>21.30 ROBINZON CIRKUSZ koncert<br \/>\n<\/span><\/strong>A ROBINZON CIRKUSZ bemutatja<br \/>\n\u201cA falunapi boogie\u201d-t, avagy kegyetlen az \u00e9let, csak egyszer van egy \u00e9vben.<br \/>\nMindenki megel\u00e9ged\u00e9s\u00e9re a zenekar falunapot hirdet 2023. j\u00fanius 30-ra, 21.30-as kezdettel. Lesznek \u00faj dalok, bukott rockszt\u00e1rok, lead king-ek, tov\u00e1bb\u00e1 Kegyetlen Imre is megsz\u00f3lal. V\u00e1laszt adunk a \u201cH\u00f3 elej\u00e9n t\u0151k\u00e9sr\u00e9ce, h\u00f3 v\u00e9g\u00e9n gaty\u00e1s\u00f6lyv\u201d k\u00e9rd\u00e9sk\u00f6rre. K\u00e9sz\u00fclj\u00fcnk, Bar\u00e1taink!<\/p>\n<p>Elk\u00f6vet\u0151k:<br \/>\nFinta \u201cszolnokilakc\u00edmes\u201d Zolt\u00e1n \u2013 \u00e9nek<br \/>\nHoll\u00f3 \u201cfeketelyuk\u201d L\u00e1szl\u00f3 \u2013 bassz<br \/>\nSpanyiel \u201cszab\u00f3l\u00e1szl\u00f3\u201d P\u00e9ter \u2013 git\u00e1r<br \/>\nZaj\u00e1cz \u201choneymoney\u201d Andr\u00e1s \u2013 dob<\/p>\n<p>&nbsp;<\/p>\n<p><span><strong>23.00 MOLN\u00c1R R\u00d3BERT BAND koncert<br \/>\n<\/strong><\/span><span>A Moln\u00e1r R\u00f3bert Band a hazai dark- rock m\u0171faj egyik legismertebb arc\u00e1nak csapata. Robi t\u00f6bb mint 10 \u00e9vig az \u00c1rnyak frontembere volt, hat album, t\u00f6bb sz\u00e1z koncert, k\u00e9t n\u00e9met \u00e9s francia turn\u00e9, rengeteg fesztiv\u00e1l fell\u00e9p\u00e9s, sz\u00e1mos videoklip maradt ut\u00e1nuk. Azt\u00e1n megalakult a hasonl\u00f3 m\u0171fajban utaz\u00f3 October, kiv\u00e1l\u00f3 kritik\u00e1kat kapott az \u00f6sszes album, sz\u00e1mtalan erd\u00e9lyi turn\u00e9, fesztiv\u00e1l fell\u00e9p\u00e9s, hazai koncert jellemezte a csapatot. 2016- ban saj\u00e1t n\u00e9ven alap\u00edtott band\u00e1t, melyben ugyan az a Papp Istv\u00e1n a git\u00e1ros, aki az \u00c1rnyak git\u00e1ros- zeneszerz\u0151je volt. Nem csoda, hogy az \u00faj dalok b\u00e1rmelyik \u00c1rnyak albumra felf\u00e9rn\u00e9nek. A du\u00f3 egy kiv\u00e1l\u00f3 ritmus szekci\u00f3val eg\u00e9sz\u00fcl ki. Az \u00faj dalok mellett a Moln\u00e1r R\u00f3bert Band a f\u0151h\u0151s mindk\u00e9t el\u0151z\u0151 csapat\u00e1t\u00f3l j\u00e1tszik dalokat, a koncertek gerinc\u00e9t \u00c1rnyak n\u00f3t\u00e1k adj\u00e1k, ezek mellett October dalok is el\u0151ker\u00fclnek. Eddig 5 klipj\u00fcket l\u00e1thattuk, a k\u00f6zelm\u00faltban megjelent \u00faj lemez\u00fck, az \u201e\u00dcvegfal\u201d, melyet a rockzenei weboldalak az egyik legjobb idei hazai lemeznek tartanak.<\/span><\/p>\n<div><\/div>\n<div><span>A zenekar tagjai:<\/span><br \/>\n<span>Moln\u00e1r R\u00f3bert \u2013 \u00e9nek<\/span><br \/>\n<span>Papp Istv\u00e1n \u2013 git\u00e1r, vok\u00e1l<\/span><br \/>\n<span>Moln\u00e1r Bal\u00e1zs \u2013 basszusgit\u00e1r<\/span><br \/>\n<span>Pog\u00e1ny G\u00e1bor \u2013 dob<\/span><\/div>\n<div><\/div>\n<div><\/div>\n<p>&nbsp;<\/p>\n<h2><span><strong>J\u00daLIUS 1. SZOMBAT<\/strong><\/span><\/h2>\n<p><strong><span>NAPK\u00d6ZBEN<\/span><\/strong><br \/>\n<span>LAZULJ A K\u00d6NYVEKKEL! a Verseghy K\u00f6nyvt\u00e1rral \u00e9s az Europass Irod\u00e1val<\/span><br \/>\n<span>HELYI TERM\u00c9KEK V\u00c1S\u00c1RA by Ag\u00f3ra<\/span><br \/>\n<span>CONTADOR K\u00c1V\u00c9M\u0170HELY<\/span><br \/>\n<span><\/span><\/p>\n<p><span>10.00-13.00<\/span><br \/>\n<span>Aba-Nov\u00e1k Ag\u00f3ra k\u00e9zm\u0171ves j\u00e1tsz\u00f3h\u00e1z \u00e9s<\/span><br \/>\n<span>NAPSUG\u00c1R GYERMEKH\u00c1Z ALKOT\u00d3SAROK \u2013 j\u00e1t\u00e9kos csal\u00e1di programok by Aba-Nov\u00e1k Ag\u00f3ra Kultur\u00e1lis K\u00f6zpont<\/span><br \/>\n<span><\/span><\/p>\n<p><span><strong>10.00 NYITOTT M\u0170TEREM \u2013 vezetett m\u0171tereml\u00e1togat\u00e1s a telep m\u0171v\u00e9szeinek st\u00fadi\u00f3j\u00e1ban<br \/>\n<\/strong>Gy\u00fclekez\u0151 a k\u0151k\u00e1dn\u00e1l 10.00 \u00e9s 13.00 \u00f3rakor<\/span><br \/>\n<span><\/span><\/p>\n<p><strong><span>10.00 SZABADT\u00c9RI FEST\u00c9S KICSIKNEK \u00c9S NAGYOKNAK<\/span><\/strong><br \/>\n<span><\/span><\/p>\n<p><strong><span>10.30 A KIR\u00c1LYKISASSZONY CIP\u0150JE \u2013 A Tiszavir\u00e1g B\u00e1bcsoport el\u0151ad\u00e1sa<\/span><\/strong><br \/>\n<span><\/span><\/p>\n<p><span><strong>11.00 P\u00c1RHUZAMOK \u2013 reutlingeni k\u00e9pz\u0151m\u0171v\u00e9szek \u00e9s a Szolnoki M\u0171v\u00e9sztelep alkot\u00f3inak k\u00f6z\u00f6s ki\u00e1ll\u00edt\u00e1sa<\/strong><br \/>\n<\/span><span><\/span><\/p>\n<p>&nbsp;<\/p>\n<p>Ki\u00e1ll\u00edt\u00f3 m\u0171v\u00e9szek:<br \/>\nREINHARD BRUNNER, WOLFGANG SCHALLER, KARL STRIEBEL, CHRISTOPH TRAUB, MARKUS WILKE, HELMUT ANTON ZIRKELBACH, Bar\u00e1th F\u00e1bi\u00e1n, Debreczeni Fanni, Fazekas Magdolna, Kecs\u0151 Endre, Kir\u00e1ly Gy\u00f6rgy, L\u00e1szl\u00f3 D\u00e1niel, Nagy D\u00e9nes, Nagy Katalin Matild, Pog\u00e1ny G\u00e1bor Ben\u0151, Posta M\u00e1t\u00e9, R\u00e9vi Norbert, Soosur Georgius, Sinka P\u00e9ter, Szab\u00f3 \u00c1gnes, Szab\u00f3 Gy\u00f6rgy, Verebes Gy\u00f6rgy<\/p>\n<p><strong><span>11.30 Hivatalos megnyit\u00f3 \u00e9s tortav\u00e1g\u00e1s a Szolnoki M\u0171v\u00e9sztelep 121. sz\u00fclet\u00e9snapja alkalm\u00e1b\u00f3l<br \/>\n<\/span><\/strong><span>K\u00f6sz\u00f6nt\u0151t mond: <\/span><span>Dr. K\u00e1llai M\u00e1ria orsz\u00e1ggy\u0171l\u00e9si k\u00e9pvisel\u0151<\/span><span>, Szalay Ferenc Szolnoki Megyei Jog\u00fa V\u00e1ros polg\u00e1rmestere, Pog\u00e1ny G\u00e1bor Ben\u0151 a Szolnoki M\u0171v\u00e9szeti Egyes\u00fclet eln\u00f6ke, Verebes Gy\u00f6rgy a Szolnoki M\u0171v\u00e9sztelep m\u0171v\u00e9szeti vezet\u0151je<\/span><strong><span><br \/>\n<\/span><\/strong><span><\/span><\/p>\n<p><span><strong>13.30 EML\u00c9KEZEM A J\u00d6V\u0150BE \u2013 Kerekasztal besz\u00e9lget\u00e9s az eml\u00e9kezetkult\u00fara jelent\u0151s\u00e9g\u00e9r\u0151l \u00e9s perspekt\u00edv\u00e1ir\u00f3l<\/strong><br \/>\nR\u00e9sztvev\u0151k: B\u00e1n J\u00e1nos, Dr. Kert\u00e9sz R\u00f3bert, Verebes Gy\u00f6rgy, Verebes Ern\u0151, Dr. H\u00f3v\u00e1ri J\u00e1nos<\/span><br \/>\n<span><\/span><\/p>\n<p>&nbsp;<\/p>\n<p><strong><span>15.00 B\u00c1N M\u00d3R: ANGYAL A KAPUK FELETT \u2013 A Hunyadi-sorozat leg\u00fajabb k\u00f6tet\u00e9nek bemutat\u00f3ja<br \/>\n<\/span><\/strong><span><\/span>Vend\u00e9g\u00fcnk: B\u00e1n J\u00e1nos \u00edr\u00f3<br \/>\nEzern\u00e9gysz\u00e1z\u00f6tvenegy. Vil\u00e1grenget\u0151 esem\u00e9nyek k\u00e9sz\u00fclnek mind\u00f6r\u00f6kre megv\u00e1ltoztatni Eur\u00f3pa sors\u00e1t. Az ifj\u00fa Mohamed szult\u00e1n elt\u00f6k\u00e9lten k\u00e9sz\u00edti fel sereg\u00e9t az addig legy\u0151zhetetlennek hitt Konstantin\u00e1poly elleni t\u00e1mad\u00e1sra. A v\u00e1rost tal\u00e1n meg lehetne menteni, de ehhez a Nyugat nemzeteinek \u00f6sszefog\u00e1s\u00e1ra lenne sz\u00fcks\u00e9g. Csakhogy kir\u00e1lyai, fejedelmei \u00fcgyet sem vetnek a fenyeget\u0151 veszedelemre, \u00e9s pillanatnyi \u00e9rdekeiknek megfelel\u0151en ink\u00e1bb sors\u00e1ra hagyj\u00e1k a l\u00e9t\u00e9\u00e9rt k\u00fczd\u0151, valaha hatalmas birodalom marad\u00e9k\u00e1t.<br \/>\nEgyetlen katonai er\u0151 marad, amely a szorongatott Konstantin\u00e1poly felment\u00e9s\u00e9re siethetne, \u00e1m a bels\u0151 sz\u00e9th\u00faz\u00e1s \u00e9s a hat\u00e1rokon t\u00falr\u00f3l sz\u0151tt \u00e1rm\u00e1ny megakad\u00e1lyozza, hogy Magyarorsz\u00e1g korm\u00e1nyz\u00f3ja hadj\u00e1ratot ind\u00edthasson a T\u00f6r\u00f6k Birodalom ellen. S\u0151t Hunyadi J\u00e1nosnak \u00e9lete egyik legnehezebb d\u00f6nt\u00e9s\u00e9t is meg kell hoznia ezekben a h\u00f3napokban: tartja mag\u00e1t esk\u00fcj\u00e9hez \u00e9s harcba indul a gyermek V. L\u00e1szl\u00f3 kiszabad\u00edt\u00e1s\u00e1\u00e9rt, amivel lemondana korm\u00e1nyz\u00f3i posztj\u00e1r\u00f3l, vagy elkezdi ki\u00e9p\u00edteni a Hunyadi-h\u00e1z elj\u00f6vend\u0151 kir\u00e1lyi hatalm\u00e1t.<\/p>\n<p>&nbsp;<\/p>\n<p><span><strong>16.00 HEGED\u0170S A H\u00c1ZTET\u0150N \u2013 a Szolnoki Szimfonikusok koncertje<br \/>\n<\/strong><\/span><span><\/span>A \u201eHeged\u0171s a h\u00e1ztet\u0151n\u201d a Szolnoki Szimfonikusok nagy siker\u0171 produkci\u00f3ja, melyet el\u0151sz\u00f6r 2023 janu\u00e1rj\u00e1ban mutatott be szolnoki k\u00f6z\u00f6ns\u00e9g\u00e9nek. A koncert els\u0151 m\u0171sorsz\u00e1ma Jerry Bock vil\u00e1gh\u00edr\u0171 musical\u00e9nek zenei egyvelege, melyet f\u00fav\u00f3s zenekari hangszerel\u00e9sben hallhat a k\u00f6z\u00f6ns\u00e9g. Ezt k\u00f6veti Eric Cook Bolivar c\u00edm\u0171 k\u00e9pr\u00e1zatos, latinos hangulat\u00fa harsonasz\u00f3l\u00f3ja Mester \u00c1d\u00e1m tolm\u00e1csol\u00e1s\u00e1ban. A hangverseny utols\u00f3 m\u0171sorsz\u00e1ma pedig Alfred Reed: El Camino Real c. latin fant\u00e1zi\u00e1ja. Vez\u00e9nyel: Kanai Toshifumi.<\/p>\n<p>&nbsp;<\/p>\n<p><span><strong>17.00 A T\u00c1NC IDEJE \u2013 a klasszikust\u00f3l a modernig \u2013 Szitt Melinda MTE mesteroktat\u00f3ja n\u00f6vend\u00e9kei el\u0151ad\u00e1sa<\/strong><\/span><br \/>\n<span><\/span><\/p>\n<p>&nbsp;<\/p>\n<p><strong><span>17.30 FAZEKAS MIH\u00c1LY: L\u00daDAS MATYI\u00a0 \u2013 Moln\u00e1r L\u00e1szl\u00f3 \u00e9s Zelei G\u00e1bor a szolnoki Szigligeti Sz\u00ednh\u00e1t sz\u00ednm\u0171v\u00e9szeinek el\u0151ad\u00e1sa<\/span><\/strong><span><\/span><\/p>\n<p>&nbsp;<\/p>\n<p><span><strong>19.00 THE SUNSEEKERS koncert<br \/>\n<\/strong><\/span><span><\/span><span>2023-ban alakult szolnoki surf rock zenekar, Duan Eddy, Link Wray, \u00e9s a Messer Chups nyomdokain.<\/span><\/p>\n<p>&nbsp;<\/p>\n<p><strong><span>20.30 ORBIS ZENEM\u0170HELY koncert<\/span><\/strong><br \/>\n<span><\/span><\/p>\n<p>&nbsp;<\/p>\n<p><span><strong>22.00 KORAI ELECTRIC koncert<br \/>\n<\/strong><\/span><span>Az imm\u00e1r 33 \u00e9ves Korai \u00d6r\u00f6m tagjaib\u00f3l \u00e1ll\u00f3 form\u00e1ci\u00f3 k\u00f6veti trad\u00edci\u00f3it. <\/span><span>A folyamatzen\u00e9ben a g\u00e9pies dob \u00e9s basszus mellet a doromb, a fuyara \u00e9s a kh\u00f6\u00f6mei dif\u00f3nikus \u00e9nek \u00e1zsiai \u00e9s egzotikus t\u00e1jakra rep\u00edt, melyet a szintetiz\u00e1torok hangz\u00e1sa b\u0151v\u00edt kozmikuss\u00e1 \u00e9s tesz m\u00e9g var\u00e1zslatosabb\u00e1.<\/span><\/p>\n<div><\/div>\n<p><span>A zenekar tagjai:<br \/>\n<\/span><span>Cs\u00e1nyi Viktor \u2013 dobg\u00e9p, szintetiz\u00e1tor<br \/>\n<\/span><span>Kili\u00e1n Zolt\u00e1n \u2013 basszusgit\u00e1r<br \/>\n<\/span><span>Mo\u00f3r P\u00e9ter \u2013 szintetiz\u00e1tor<br \/>\n<\/span><span>Paizs Mikl\u00f3s \u2013 doromb, fuyara, kh\u00f6\u00f6mei \u00e9nek<\/span><\/p>\n<div><\/div>\n<p><strong><span>23.30 MEGLEPET\u00c9S KONCERT!<\/span><\/strong><\/p>\n<p><span>Az ARTj\u00e1r\u00f3 ideje alatt a Damjanich J\u00e1nos M\u00fazeumban a K\u00e9pt\u00e1r valamint Szab\u00f3 Gy\u00f6rgy ki\u00e1ll\u00edt\u00e1sa, a Szolnoki Gal\u00e9ri\u00e1ban Fazekas Magdolna t\u00e1rlata ingyenesen l\u00e1togathat\u00f3.<\/span><\/p>\n<p>&nbsp;<\/p>\n<p>A bel\u00e9p\u00e9s ingyenes!<br \/>\nA programv\u00e1ltoz\u00e1s jog\u00e1t fenntartjuk!<\/p>\n<p><a href=\"http:\/\/www.facebook.com\/szolnokimuvesztelep\">www.facebook.com\/szolnokimuvesztelep<\/a><br \/>\nwww.instagram.com\/szolnoki_muvesztelep<\/p>\n<p>&nbsp;<\/p>\n<p>A rendezv\u00e9ny plak\u00e1tja<\/p>\n<div data-carousel-extra='{\"blog_id\":1,\"permalink\":\"http:\\\/\\\/szolnokimuvesztelep.com\\\/en\\\/artjaro-2017\\\/\"}' id='gallery-1' class='gallery galleryid-348 gallery-columns-3 gallery-size-thumbnail'><figure class='gallery-item'>\n\t\t\t<div class='gallery-icon portrait'>\n\t\t\t\t<a href='http:\/\/szolnokimuvesztelep.com\/en\/2023\/06\/09\/artjaro-2023-i-osszmuveszeti-fesztival-i-szolnoki-muvesztelep\/a3_artjaro2023_program_plakat_w\/'><img width=\"150\" height=\"150\" src=\"https:\/\/i1.wp.com\/szolnokimuvesztelep.com\/wp-content\/uploads\/2023\/06\/A3_Artjaro2023_program_plakat_w.jpg?resize=150%2C150\" class=\"attachment-thumbnail size-thumbnail\" alt=\"\" loading=\"lazy\" srcset=\"https:\/\/i1.wp.com\/szolnokimuvesztelep.com\/wp-content\/uploads\/2023\/06\/A3_Artjaro2023_program_plakat_w.jpg?resize=150%2C150 150w, https:\/\/i1.wp.com\/szolnokimuvesztelep.com\/wp-content\/uploads\/2023\/06\/A3_Artjaro2023_program_plakat_w.jpg?zoom=2&amp;resize=150%2C150 300w, https:\/\/i1.wp.com\/szolnokimuvesztelep.com\/wp-content\/uploads\/2023\/06\/A3_Artjaro2023_program_plakat_w.jpg?zoom=3&amp;resize=150%2C150 450w\" sizes=\"(max-width: 150px) 100vw, 150px\" data-attachment-id=\"8247\" data-permalink=\"http:\/\/szolnokimuvesztelep.com\/en\/2023\/06\/09\/artjaro-2023-i-osszmuveszeti-fesztival-i-szolnoki-muvesztelep\/a3_artjaro2023_program_plakat_w\/\" data-orig-file=\"https:\/\/i1.wp.com\/szolnokimuvesztelep.com\/wp-content\/uploads\/2023\/06\/A3_Artjaro2023_program_plakat_w.jpg?fit=1123%2C1587\" data-orig-size=\"1123,1587\" data-comments-opened=\"1\" data-image-meta=\"{&quot;aperture&quot;:&quot;0&quot;,&quot;credit&quot;:&quot;&quot;,&quot;camera&quot;:&quot;&quot;,&quot;caption&quot;:&quot;&quot;,&quot;created_timestamp&quot;:&quot;0&quot;,&quot;copyright&quot;:&quot;&quot;,&quot;focal_length&quot;:&quot;0&quot;,&quot;iso&quot;:&quot;0&quot;,&quot;shutter_speed&quot;:&quot;0&quot;,&quot;title&quot;:&quot;&quot;,&quot;orientation&quot;:&quot;0&quot;}\" data-image-title=\"A3_Artjaro2023_program_plakat_w\" data-image-description=\"\" data-medium-file=\"https:\/\/i1.wp.com\/szolnokimuvesztelep.com\/wp-content\/uploads\/2023\/06\/A3_Artjaro2023_program_plakat_w.jpg?fit=212%2C300\" data-large-file=\"https:\/\/i1.wp.com\/szolnokimuvesztelep.com\/wp-content\/uploads\/2023\/06\/A3_Artjaro2023_program_plakat_w.jpg?fit=725%2C1024\" \/><\/a>\n\t\t\t<\/div><\/figure>\n\t\t<\/div>\n\n<p>&nbsp;<\/p>\n<p><span class=\"embed-youtube\" style=\"text-align:center; display: block;\"><iframe class='youtube-player' width='790' height='445' src='https:\/\/www.youtube.com\/embed\/IPPsy0ZKfDs?version=3&#038;rel=1&#038;fs=1&#038;autohide=2&#038;showsearch=0&#038;showinfo=1&#038;iv_load_policy=1&#038;wmode=transparent' allowfullscreen='true' style='border:0;'><\/iframe><\/span><\/p>\n<p>&nbsp;<\/p>\n<p style=\"text-align: justify;\">","protected":false},"excerpt":{"rendered":"","protected":false},"author":1,"featured_media":0,"parent":0,"menu_order":0,"comment_status":"closed","ping_status":"closed","template":"","meta":{"spay_email":""},"categories":[],"tags":[],"yst_prominent_words":[],"yoast_head":"<!-- This site is optimized with the Yoast SEO Premium plugin v14.1 - https:\/\/yoast.com\/wordpress\/plugins\/seo\/ -->\n<title>ARTj\u00e1r\u00f3 Fesztiv\u00e1l - SZOLNOKI M\u0170V\u00c9SZTELEP<\/title>\n<meta name=\"robots\" content=\"index, follow\" \/>\n<meta name=\"googlebot\" content=\"index, follow, max-snippet:-1, max-image-preview:large, max-video-preview:-1\" \/>\n<meta name=\"bingbot\" content=\"index, follow, max-snippet:-1, max-image-preview:large, max-video-preview:-1\" \/>\n<link rel=\"canonical\" href=\"http:\/\/szolnokimuvesztelep.com\/en\/artjaro-2017\/\" \/>\n<meta property=\"og:locale\" content=\"en_US\" \/>\n<meta property=\"og:type\" content=\"article\" \/>\n<meta property=\"og:title\" content=\"ARTj\u00e1r\u00f3 Fesztiv\u00e1l - SZOLNOKI M\u0170V\u00c9SZTELEP\" \/>\n<meta property=\"og:url\" content=\"http:\/\/szolnokimuvesztelep.com\/en\/artjaro-2017\/\" \/>\n<meta property=\"og:site_name\" content=\"SZOLNOKI M\u0170V\u00c9SZTELEP\" \/>\n<meta property=\"article:publisher\" content=\"https:\/\/www.facebook.com\/szolnokimuvesztelepofficial\/\" \/>\n<meta property=\"article:modified_time\" content=\"2023-06-20T10:31:11+00:00\" \/>\n<meta property=\"og:image\" content=\"http:\/\/szolnokimuvesztelep.com\/wp-content\/uploads\/2023\/06\/A3_Artjaro2023_program_plakat_w-150x150.jpg\" \/>\n<script type=\"application\/ld+json\" class=\"yoast-schema-graph\">{\"@context\":\"https:\/\/schema.org\",\"@graph\":[{\"@type\":\"Organization\",\"@id\":\"http:\/\/szolnokimuvesztelep.com\/en\/#organization\",\"name\":\"Szolnoki M\\u0171v\\u00e9sztelep\",\"url\":\"http:\/\/szolnokimuvesztelep.com\/en\/\",\"sameAs\":[\"https:\/\/www.facebook.com\/szolnokimuvesztelepofficial\/\",\"https:\/\/www.instagram.com\/szolnoki_muvesztelep\/\",\"https:\/\/www.youtube.com\/channel\/UCAYRF4A8FrslG3J__XEjEoA\",\"https:\/\/hu.wikipedia.org\/wiki\/Szolnoki_m\\u0171v\\u00e9sztelep\"],\"logo\":{\"@type\":\"ImageObject\",\"@id\":\"http:\/\/szolnokimuvesztelep.com\/en\/#logo\",\"inLanguage\":\"en-US\",\"url\":\"https:\/\/i0.wp.com\/szolnokimuvesztelep.com\/wp-content\/uploads\/2020\/05\/szmt_2019_szlogen_psz-01.png?fit=2242%2C863\",\"width\":2242,\"height\":863,\"caption\":\"Szolnoki M\\u0171v\\u00e9sztelep\"},\"image\":{\"@id\":\"http:\/\/szolnokimuvesztelep.com\/en\/#logo\"}},{\"@type\":\"WebSite\",\"@id\":\"http:\/\/szolnokimuvesztelep.com\/en\/#website\",\"url\":\"http:\/\/szolnokimuvesztelep.com\/en\/\",\"name\":\"SZOLNOKI M\\u0170V\\u00c9SZTELEP\",\"description\":\"Meg\\u00fajul\\u00f3 hagyom\\u00e1ny\",\"publisher\":{\"@id\":\"http:\/\/szolnokimuvesztelep.com\/en\/#organization\"},\"potentialAction\":[{\"@type\":\"SearchAction\",\"target\":\"http:\/\/szolnokimuvesztelep.com\/en\/?s={search_term_string}\",\"query-input\":\"required name=search_term_string\"}],\"inLanguage\":\"en-US\"},{\"@type\":\"ImageObject\",\"@id\":\"http:\/\/szolnokimuvesztelep.com\/artjaro-2017\/#primaryimage\",\"inLanguage\":\"en-US\",\"url\":\"https:\/\/i0.wp.com\/szolnokimuvesztelep.com\/wp-content\/uploads\/2023\/06\/Artjaro300x300.jpg?fit=300%2C300\",\"width\":300,\"height\":300},{\"@type\":\"WebPage\",\"@id\":\"http:\/\/szolnokimuvesztelep.com\/artjaro-2017\/#webpage\",\"url\":\"http:\/\/szolnokimuvesztelep.com\/artjaro-2017\/\",\"name\":\"ARTj\\u00e1r\\u00f3 Fesztiv\\u00e1l - SZOLNOKI M\\u0170V\\u00c9SZTELEP\",\"isPartOf\":{\"@id\":\"http:\/\/szolnokimuvesztelep.com\/en\/#website\"},\"primaryImageOfPage\":{\"@id\":\"http:\/\/szolnokimuvesztelep.com\/artjaro-2017\/#primaryimage\"},\"datePublished\":\"2017-11-27T21:20:19+00:00\",\"dateModified\":\"2023-06-20T10:31:11+00:00\",\"inLanguage\":\"en-US\",\"potentialAction\":[{\"@type\":\"ReadAction\",\"target\":[\"http:\/\/szolnokimuvesztelep.com\/artjaro-2017\/\"]}]}]}<\/script>\n<!-- \/ Yoast SEO Premium plugin. -->","jetpack_sharing_enabled":true,"jetpack_shortlink":"https:\/\/wp.me\/P9tpmR-5C","jetpack_likes_enabled":true,"jetpack-related-posts":[],"_links":{"self":[{"href":"http:\/\/szolnokimuvesztelep.com\/en\/wp-json\/wp\/v2\/pages\/348"}],"collection":[{"href":"http:\/\/szolnokimuvesztelep.com\/en\/wp-json\/wp\/v2\/pages"}],"about":[{"href":"http:\/\/szolnokimuvesztelep.com\/en\/wp-json\/wp\/v2\/types\/page"}],"author":[{"embeddable":true,"href":"http:\/\/szolnokimuvesztelep.com\/en\/wp-json\/wp\/v2\/users\/1"}],"replies":[{"embeddable":true,"href":"http:\/\/szolnokimuvesztelep.com\/en\/wp-json\/wp\/v2\/comments?post=348"}],"version-history":[{"count":14,"href":"http:\/\/szolnokimuvesztelep.com\/en\/wp-json\/wp\/v2\/pages\/348\/revisions"}],"predecessor-version":[{"id":8256,"href":"http:\/\/szolnokimuvesztelep.com\/en\/wp-json\/wp\/v2\/pages\/348\/revisions\/8256"}],"wp:attachment":[{"href":"http:\/\/szolnokimuvesztelep.com\/en\/wp-json\/wp\/v2\/media?parent=348"}],"wp:term":[{"taxonomy":"category","embeddable":true,"href":"http:\/\/szolnokimuvesztelep.com\/en\/wp-json\/wp\/v2\/categories?post=348"},{"taxonomy":"post_tag","embeddable":true,"href":"http:\/\/szolnokimuvesztelep.com\/en\/wp-json\/wp\/v2\/tags?post=348"},{"taxonomy":"yst_prominent_words","embeddable":true,"href":"http:\/\/szolnokimuvesztelep.com\/en\/wp-json\/wp\/v2\/yst_prominent_words?post=348"}],"curies":[{"name":"wp","href":"https:\/\/api.w.org\/{rel}","templated":true}]}}