{"id":3174,"date":"2018-01-29T20:32:26","date_gmt":"2018-01-29T20:32:26","guid":{"rendered":"http:\/\/szolnokimuvesztelep.com\/?page_id=3174"},"modified":"2019-03-18T09:48:29","modified_gmt":"2019-03-18T09:48:29","slug":"pogany-gabor-beno-szobraszmuvesz","status":"publish","type":"page","link":"http:\/\/szolnokimuvesztelep.com\/en\/pogany-gabor-beno-szobraszmuvesz\/","title":{"rendered":"Pog\u00e1ny G\u00e1bor Ben\u0151 szobr\u00e1szm\u0171v\u00e9sz"},"content":{"rendered":"<p>Mi a m\u0171v\u00e9szet? \u00dczenetk\u00f6zvet\u00edt\u0151! A teremt\u00e9s csod\u00e1j\u00e1t kell visszhangozza minden sz\u00f3, mit k\u00f6lt\u0151 vagy \u00edr\u00f3 le\u00edr, ha grafikus rajzol, fest\u0151 ecsetet fog, szobr\u00e1sz farag vagy mint\u00e1z, t\u00e1ncos, ha megmozdul, zen\u00e9sz, ha j\u00e1tszik&#8230;\u00a0 El\u0151sz\u00f6r is a k\u00f6zvetlen mellett\u00fcnk \u00e9l\u0151knek kell, hogy sz\u00f3ljon. Meg kell er\u0151s\u00edtenie a m\u00e1sikban az \u00f6sszetartoz\u00e1s \u00e9rz\u00e9s\u00e9t, ahogy \u00e9rtem az anyanyelvemen besz\u00e9l\u0151ket, \u00edr\u00f3kat,<wbr \/>gondolkod\u00f3kat, alkot\u00f3kat. Ennek a befogad\u00e1snak a katarzisa tud univerz\u00e1liss\u00e1 emelkedni, mert a gy\u00f6kerekt\u0151l ered \u00e9s az \u00e9g fel\u00e9 t\u00f6r, mint a f\u00e1k.<\/p>","protected":false},"excerpt":{"rendered":"<p>Mi a m\u0171v\u00e9szet? \u00dczenetk\u00f6zvet\u00edt\u0151! A teremt\u00e9s csod\u00e1j\u00e1t kell visszhangozza minden sz\u00f3, mit k\u00f6lt\u0151 vagy \u00edr\u00f3 le\u00edr, ha grafikus rajzol, fest\u0151 ecsetet fog, szobr\u00e1sz farag vagy mint\u00e1z, t\u00e1ncos, ha megmozdul, zen\u00e9sz, ha j\u00e1tszik&#8230;\u00a0 El\u0151sz\u00f6r is a k\u00f6zvetlen mellett\u00fcnk \u00e9l\u0151knek kell, hogy sz\u00f3ljon. Meg kell er\u0151s\u00edtenie a m\u00e1sikban az \u00f6sszetartoz\u00e1s \u00e9rz\u00e9s\u00e9t, ahogy&hellip; <\/p>","protected":false},"author":2,"featured_media":4358,"parent":0,"menu_order":0,"comment_status":"closed","ping_status":"closed","template":"","meta":{"spay_email":""},"categories":[],"tags":[],"yst_prominent_words":[],"yoast_head":"<!-- This site is optimized with the Yoast SEO Premium plugin v14.1 - https:\/\/yoast.com\/wordpress\/plugins\/seo\/ -->\n<title>Pog\u00e1ny G\u00e1bor Ben\u0151 szobr\u00e1szm\u0171v\u00e9sz - SZOLNOKI M\u0170V\u00c9SZTELEP<\/title>\n<meta name=\"robots\" content=\"index, follow\" \/>\n<meta name=\"googlebot\" content=\"index, follow, max-snippet:-1, max-image-preview:large, max-video-preview:-1\" \/>\n<meta name=\"bingbot\" content=\"index, follow, max-snippet:-1, max-image-preview:large, max-video-preview:-1\" \/>\n<link rel=\"canonical\" href=\"http:\/\/szolnokimuvesztelep.com\/en\/pogany-gabor-beno-szobraszmuvesz\/\" \/>\n<meta property=\"og:locale\" content=\"en_US\" \/>\n<meta property=\"og:type\" content=\"article\" \/>\n<meta property=\"og:title\" content=\"Pog\u00e1ny G\u00e1bor Ben\u0151 szobr\u00e1szm\u0171v\u00e9sz - SZOLNOKI M\u0170V\u00c9SZTELEP\" \/>\n<meta property=\"og:description\" content=\"Mi a m\u0171v\u00e9szet? \u00dczenetk\u00f6zvet\u00edt\u0151! A teremt\u00e9s csod\u00e1j\u00e1t kell visszhangozza minden sz\u00f3, mit k\u00f6lt\u0151 vagy \u00edr\u00f3 le\u00edr, ha grafikus rajzol, fest\u0151 ecsetet fog, szobr\u00e1sz farag vagy mint\u00e1z, t\u00e1ncos, ha megmozdul, zen\u00e9sz, ha j\u00e1tszik&#8230;\u00a0 El\u0151sz\u00f6r is a k\u00f6zvetlen mellett\u00fcnk \u00e9l\u0151knek kell, hogy sz\u00f3ljon. Meg kell er\u0151s\u00edtenie a m\u00e1sikban az \u00f6sszetartoz\u00e1s \u00e9rz\u00e9s\u00e9t, ahogy&hellip;\" \/>\n<meta property=\"og:url\" content=\"http:\/\/szolnokimuvesztelep.com\/en\/pogany-gabor-beno-szobraszmuvesz\/\" \/>\n<meta property=\"og:site_name\" content=\"SZOLNOKI M\u0170V\u00c9SZTELEP\" \/>\n<meta property=\"article:publisher\" content=\"https:\/\/www.facebook.com\/szolnokimuvesztelepofficial\/\" \/>\n<meta property=\"article:modified_time\" content=\"2019-03-18T09:48:29+00:00\" \/>\n<meta property=\"og:image\" content=\"https:\/\/i0.wp.com\/szolnokimuvesztelep.com\/wp-content\/uploads\/2018\/11\/Portr\u00e9_Pog\u00e1ny-G\u00e1bor-Ben\u0151_j\u00f3-1024x1024.jpg?fit=1024%2C1024\" \/>\n\t<meta property=\"og:image:width\" content=\"1024\" \/>\n\t<meta property=\"og:image:height\" content=\"1024\" \/>\n<script type=\"application\/ld+json\" class=\"yoast-schema-graph\">{\"@context\":\"https:\/\/schema.org\",\"@graph\":[{\"@type\":\"Organization\",\"@id\":\"http:\/\/szolnokimuvesztelep.com\/en\/#organization\",\"name\":\"Szolnoki M\\u0171v\\u00e9sztelep\",\"url\":\"http:\/\/szolnokimuvesztelep.com\/en\/\",\"sameAs\":[\"https:\/\/www.facebook.com\/szolnokimuvesztelepofficial\/\",\"https:\/\/www.instagram.com\/szolnoki_muvesztelep\/\",\"https:\/\/www.youtube.com\/channel\/UCAYRF4A8FrslG3J__XEjEoA\",\"https:\/\/hu.wikipedia.org\/wiki\/Szolnoki_m\\u0171v\\u00e9sztelep\"],\"logo\":{\"@type\":\"ImageObject\",\"@id\":\"http:\/\/szolnokimuvesztelep.com\/en\/#logo\",\"inLanguage\":\"en-US\",\"url\":\"https:\/\/i0.wp.com\/szolnokimuvesztelep.com\/wp-content\/uploads\/2020\/05\/szmt_2019_szlogen_psz-01.png?fit=2242%2C863\",\"width\":2242,\"height\":863,\"caption\":\"Szolnoki M\\u0171v\\u00e9sztelep\"},\"image\":{\"@id\":\"http:\/\/szolnokimuvesztelep.com\/en\/#logo\"}},{\"@type\":\"WebSite\",\"@id\":\"http:\/\/szolnokimuvesztelep.com\/en\/#website\",\"url\":\"http:\/\/szolnokimuvesztelep.com\/en\/\",\"name\":\"SZOLNOKI M\\u0170V\\u00c9SZTELEP\",\"description\":\"Meg\\u00fajul\\u00f3 hagyom\\u00e1ny\",\"publisher\":{\"@id\":\"http:\/\/szolnokimuvesztelep.com\/en\/#organization\"},\"potentialAction\":[{\"@type\":\"SearchAction\",\"target\":\"http:\/\/szolnokimuvesztelep.com\/en\/?s={search_term_string}\",\"query-input\":\"required name=search_term_string\"}],\"inLanguage\":\"en-US\"},{\"@type\":\"ImageObject\",\"@id\":\"http:\/\/szolnokimuvesztelep.com\/pogany-gabor-beno-szobraszmuvesz\/#primaryimage\",\"inLanguage\":\"en-US\",\"url\":\"https:\/\/i0.wp.com\/szolnokimuvesztelep.com\/wp-content\/uploads\/2018\/11\/Portr\\u00e9_Pog\\u00e1ny-G\\u00e1bor-Ben\\u0151_j\\u00f3-1024x1024.jpg?fit=1024%2C1024\",\"width\":1024,\"height\":1024},{\"@type\":\"WebPage\",\"@id\":\"http:\/\/szolnokimuvesztelep.com\/pogany-gabor-beno-szobraszmuvesz\/#webpage\",\"url\":\"http:\/\/szolnokimuvesztelep.com\/pogany-gabor-beno-szobraszmuvesz\/\",\"name\":\"Pog\\u00e1ny G\\u00e1bor Ben\\u0151 szobr\\u00e1szm\\u0171v\\u00e9sz - SZOLNOKI M\\u0170V\\u00c9SZTELEP\",\"isPartOf\":{\"@id\":\"http:\/\/szolnokimuvesztelep.com\/en\/#website\"},\"primaryImageOfPage\":{\"@id\":\"http:\/\/szolnokimuvesztelep.com\/pogany-gabor-beno-szobraszmuvesz\/#primaryimage\"},\"datePublished\":\"2018-01-29T20:32:26+00:00\",\"dateModified\":\"2019-03-18T09:48:29+00:00\",\"inLanguage\":\"en-US\",\"potentialAction\":[{\"@type\":\"ReadAction\",\"target\":[\"http:\/\/szolnokimuvesztelep.com\/pogany-gabor-beno-szobraszmuvesz\/\"]}]}]}<\/script>\n<!-- \/ Yoast SEO Premium plugin. -->","jetpack_sharing_enabled":true,"jetpack_shortlink":"https:\/\/wp.me\/P9tpmR-Pc","jetpack_likes_enabled":true,"jetpack-related-posts":[],"_links":{"self":[{"href":"http:\/\/szolnokimuvesztelep.com\/en\/wp-json\/wp\/v2\/pages\/3174"}],"collection":[{"href":"http:\/\/szolnokimuvesztelep.com\/en\/wp-json\/wp\/v2\/pages"}],"about":[{"href":"http:\/\/szolnokimuvesztelep.com\/en\/wp-json\/wp\/v2\/types\/page"}],"author":[{"embeddable":true,"href":"http:\/\/szolnokimuvesztelep.com\/en\/wp-json\/wp\/v2\/users\/2"}],"replies":[{"embeddable":true,"href":"http:\/\/szolnokimuvesztelep.com\/en\/wp-json\/wp\/v2\/comments?post=3174"}],"version-history":[{"count":1,"href":"http:\/\/szolnokimuvesztelep.com\/en\/wp-json\/wp\/v2\/pages\/3174\/revisions"}],"predecessor-version":[{"id":5048,"href":"http:\/\/szolnokimuvesztelep.com\/en\/wp-json\/wp\/v2\/pages\/3174\/revisions\/5048"}],"wp:featuredmedia":[{"embeddable":true,"href":"http:\/\/szolnokimuvesztelep.com\/en\/wp-json\/wp\/v2\/media\/4358"}],"wp:attachment":[{"href":"http:\/\/szolnokimuvesztelep.com\/en\/wp-json\/wp\/v2\/media?parent=3174"}],"wp:term":[{"taxonomy":"category","embeddable":true,"href":"http:\/\/szolnokimuvesztelep.com\/en\/wp-json\/wp\/v2\/categories?post=3174"},{"taxonomy":"post_tag","embeddable":true,"href":"http:\/\/szolnokimuvesztelep.com\/en\/wp-json\/wp\/v2\/tags?post=3174"},{"taxonomy":"yst_prominent_words","embeddable":true,"href":"http:\/\/szolnokimuvesztelep.com\/en\/wp-json\/wp\/v2\/yst_prominent_words?post=3174"}],"curies":[{"name":"wp","href":"https:\/\/api.w.org\/{rel}","templated":true}]}}