{"id":1834,"date":"2017-12-07T09:09:19","date_gmt":"2017-12-07T09:09:19","guid":{"rendered":"http:\/\/szolnokimuvesztelep.com\/?page_id=1834"},"modified":"2024-05-31T09:43:48","modified_gmt":"2024-05-31T09:43:48","slug":"szakkorok","status":"publish","type":"page","link":"http:\/\/szolnokimuvesztelep.com\/en\/szakkorok\/","title":{"rendered":"Grafikai szimp\u00f3zium"},"content":{"rendered":"<p><img data-attachment-id=\"1838\" data-permalink=\"http:\/\/szolnokimuvesztelep.com\/en\/szakkorok\/rajz\/\" data-orig-file=\"https:\/\/i2.wp.com\/szolnokimuvesztelep.com\/wp-content\/uploads\/2017\/12\/rajz.jpg?fit=870%2C870\" data-orig-size=\"870,870\" data-comments-opened=\"1\" data-image-meta=\"{&quot;aperture&quot;:&quot;0&quot;,&quot;credit&quot;:&quot;&quot;,&quot;camera&quot;:&quot;&quot;,&quot;caption&quot;:&quot;&quot;,&quot;created_timestamp&quot;:&quot;0&quot;,&quot;copyright&quot;:&quot;&quot;,&quot;focal_length&quot;:&quot;0&quot;,&quot;iso&quot;:&quot;0&quot;,&quot;shutter_speed&quot;:&quot;0&quot;,&quot;title&quot;:&quot;&quot;,&quot;orientation&quot;:&quot;1&quot;}\" data-image-title=\"rajz\" data-image-description=\"\" data-medium-file=\"https:\/\/i2.wp.com\/szolnokimuvesztelep.com\/wp-content\/uploads\/2017\/12\/rajz.jpg?fit=300%2C300\" data-large-file=\"https:\/\/i2.wp.com\/szolnokimuvesztelep.com\/wp-content\/uploads\/2017\/12\/rajz.jpg?fit=790%2C790\" loading=\"lazy\" class=\"alignnone size-medium wp-image-1838\" src=\"https:\/\/i2.wp.com\/szolnokimuvesztelep.com\/wp-content\/uploads\/2017\/12\/rajz.jpg?resize=300%2C300\" alt=\"\" width=\"300\" height=\"300\" srcset=\"https:\/\/i2.wp.com\/szolnokimuvesztelep.com\/wp-content\/uploads\/2017\/12\/rajz.jpg?resize=300%2C300 300w, https:\/\/i2.wp.com\/szolnokimuvesztelep.com\/wp-content\/uploads\/2017\/12\/rajz.jpg?resize=150%2C150 150w, https:\/\/i2.wp.com\/szolnokimuvesztelep.com\/wp-content\/uploads\/2017\/12\/rajz.jpg?resize=768%2C768 768w, https:\/\/i2.wp.com\/szolnokimuvesztelep.com\/wp-content\/uploads\/2017\/12\/rajz.jpg?resize=180%2C180 180w, https:\/\/i2.wp.com\/szolnokimuvesztelep.com\/wp-content\/uploads\/2017\/12\/rajz.jpg?resize=600%2C600 600w, https:\/\/i2.wp.com\/szolnokimuvesztelep.com\/wp-content\/uploads\/2017\/12\/rajz.jpg?w=870 870w\" sizes=\"(max-width: 300px) 100vw, 300px\" data-recalc-dims=\"1\" \/><\/p>\n<h3>Szolnoki Grafikai Szimp\u00f3zium<\/h3>\n<p>Szolnok v\u00e1ros k\u00e9pz\u0151m\u0171v\u00e9szeti hagyom\u00e1ny\u00e1t \u00e9s magas sz\u00ednvonal\u00fa szakmai rangj\u00e1t fenntartva \u00e9s j\u00f6v\u0151j\u00e9t biztos\u00edtva a szimp\u00f3ziumok \u00e9s workshopok h\u00e1zigazd\u00e1jak\u00e9nt kiv\u00e1l\u00f3 m\u0171v\u00e9szeket \u00e9s m\u00e1s t\u00e1rsm\u0171fajb\u00f3l \u00e9rkez\u0151 szakembereket l\u00e1t vend\u00e9g\u00fcl \u00e9vre-\u00e9vre a M\u0171v\u00e9sztelep. A tavaszi, ny\u00e1ri \u00e9s \u0151szi szezonban a szakmai t\u00e1borok \u00e9s szimp\u00f3ziumok alkalm\u00e1val k\u00e9thetente 15-25 megh\u00edvott k\u00e9pz\u0151m\u0171v\u00e9sz k\u00f6lt\u00f6zik a m\u0171v\u00e9sztelep alkot\u00f3i k\u00f6z\u00f6ss\u00e9g\u00e9be.<\/p>","protected":false},"excerpt":{"rendered":"<p>Szolnoki Grafikai Szimp\u00f3zium Szolnok v\u00e1ros k\u00e9pz\u0151m\u0171v\u00e9szeti hagyom\u00e1ny\u00e1t \u00e9s magas sz\u00ednvonal\u00fa szakmai rangj\u00e1t fenntartva \u00e9s j\u00f6v\u0151j\u00e9t biztos\u00edtva a szimp\u00f3ziumok \u00e9s workshopok h\u00e1zigazd\u00e1jak\u00e9nt kiv\u00e1l\u00f3 m\u0171v\u00e9szeket \u00e9s m\u00e1s t\u00e1rsm\u0171fajb\u00f3l \u00e9rkez\u0151 szakembereket l\u00e1t vend\u00e9g\u00fcl \u00e9vre-\u00e9vre a M\u0171v\u00e9sztelep. A tavaszi, ny\u00e1ri \u00e9s \u0151szi szezonban a szakmai t\u00e1borok \u00e9s szimp\u00f3ziumok alkalm\u00e1val k\u00e9thetente 15-25 megh\u00edvott k\u00e9pz\u0151m\u0171v\u00e9sz k\u00f6lt\u00f6zik&hellip; <\/p>","protected":false},"author":2,"featured_media":0,"parent":0,"menu_order":0,"comment_status":"closed","ping_status":"closed","template":"","meta":{"spay_email":""},"categories":[],"tags":[],"yst_prominent_words":[],"yoast_head":"<!-- This site is optimized with the Yoast SEO Premium plugin v14.1 - https:\/\/yoast.com\/wordpress\/plugins\/seo\/ -->\n<title>Grafikai szimp\u00f3zium - SZOLNOKI M\u0170V\u00c9SZTELEP<\/title>\n<meta name=\"robots\" content=\"index, follow\" \/>\n<meta name=\"googlebot\" content=\"index, follow, max-snippet:-1, max-image-preview:large, max-video-preview:-1\" \/>\n<meta name=\"bingbot\" content=\"index, follow, max-snippet:-1, max-image-preview:large, max-video-preview:-1\" \/>\n<link rel=\"canonical\" href=\"http:\/\/szolnokimuvesztelep.com\/en\/szakkorok\/\" \/>\n<meta property=\"og:locale\" content=\"en_US\" \/>\n<meta property=\"og:type\" content=\"article\" \/>\n<meta property=\"og:title\" content=\"Grafikai szimp\u00f3zium - SZOLNOKI M\u0170V\u00c9SZTELEP\" \/>\n<meta property=\"og:description\" content=\"Szolnoki Grafikai Szimp\u00f3zium Szolnok v\u00e1ros k\u00e9pz\u0151m\u0171v\u00e9szeti hagyom\u00e1ny\u00e1t \u00e9s magas sz\u00ednvonal\u00fa szakmai rangj\u00e1t fenntartva \u00e9s j\u00f6v\u0151j\u00e9t biztos\u00edtva a szimp\u00f3ziumok \u00e9s workshopok h\u00e1zigazd\u00e1jak\u00e9nt kiv\u00e1l\u00f3 m\u0171v\u00e9szeket \u00e9s m\u00e1s t\u00e1rsm\u0171fajb\u00f3l \u00e9rkez\u0151 szakembereket l\u00e1t vend\u00e9g\u00fcl \u00e9vre-\u00e9vre a M\u0171v\u00e9sztelep. A tavaszi, ny\u00e1ri \u00e9s \u0151szi szezonban a szakmai t\u00e1borok \u00e9s szimp\u00f3ziumok alkalm\u00e1val k\u00e9thetente 15-25 megh\u00edvott k\u00e9pz\u0151m\u0171v\u00e9sz k\u00f6lt\u00f6zik&hellip;\" \/>\n<meta property=\"og:url\" content=\"http:\/\/szolnokimuvesztelep.com\/en\/szakkorok\/\" \/>\n<meta property=\"og:site_name\" content=\"SZOLNOKI M\u0170V\u00c9SZTELEP\" \/>\n<meta property=\"article:publisher\" content=\"https:\/\/www.facebook.com\/szolnokimuvesztelepofficial\/\" \/>\n<meta property=\"article:modified_time\" content=\"2024-05-31T09:43:48+00:00\" \/>\n<meta property=\"og:image\" content=\"http:\/\/szolnokimuvesztelep.com\/wp-content\/uploads\/2017\/12\/rajz-300x300.jpg\" \/>\n<script type=\"application\/ld+json\" class=\"yoast-schema-graph\">{\"@context\":\"https:\/\/schema.org\",\"@graph\":[{\"@type\":\"Organization\",\"@id\":\"http:\/\/szolnokimuvesztelep.com\/en\/#organization\",\"name\":\"Szolnoki M\\u0171v\\u00e9sztelep\",\"url\":\"http:\/\/szolnokimuvesztelep.com\/en\/\",\"sameAs\":[\"https:\/\/www.facebook.com\/szolnokimuvesztelepofficial\/\",\"https:\/\/www.instagram.com\/szolnoki_muvesztelep\/\",\"https:\/\/www.youtube.com\/channel\/UCAYRF4A8FrslG3J__XEjEoA\",\"https:\/\/hu.wikipedia.org\/wiki\/Szolnoki_m\\u0171v\\u00e9sztelep\"],\"logo\":{\"@type\":\"ImageObject\",\"@id\":\"http:\/\/szolnokimuvesztelep.com\/en\/#logo\",\"inLanguage\":\"en-US\",\"url\":\"https:\/\/i0.wp.com\/szolnokimuvesztelep.com\/wp-content\/uploads\/2020\/05\/szmt_2019_szlogen_psz-01.png?fit=2242%2C863\",\"width\":2242,\"height\":863,\"caption\":\"Szolnoki M\\u0171v\\u00e9sztelep\"},\"image\":{\"@id\":\"http:\/\/szolnokimuvesztelep.com\/en\/#logo\"}},{\"@type\":\"WebSite\",\"@id\":\"http:\/\/szolnokimuvesztelep.com\/en\/#website\",\"url\":\"http:\/\/szolnokimuvesztelep.com\/en\/\",\"name\":\"SZOLNOKI M\\u0170V\\u00c9SZTELEP\",\"description\":\"Meg\\u00fajul\\u00f3 hagyom\\u00e1ny\",\"publisher\":{\"@id\":\"http:\/\/szolnokimuvesztelep.com\/en\/#organization\"},\"potentialAction\":[{\"@type\":\"SearchAction\",\"target\":\"http:\/\/szolnokimuvesztelep.com\/en\/?s={search_term_string}\",\"query-input\":\"required name=search_term_string\"}],\"inLanguage\":\"en-US\"},{\"@type\":\"ImageObject\",\"@id\":\"http:\/\/szolnokimuvesztelep.com\/szakkorok\/#primaryimage\",\"inLanguage\":\"en-US\",\"url\":\"https:\/\/i2.wp.com\/szolnokimuvesztelep.com\/wp-content\/uploads\/2017\/12\/rajz.jpg?fit=870%2C870\",\"width\":870,\"height\":870},{\"@type\":\"WebPage\",\"@id\":\"http:\/\/szolnokimuvesztelep.com\/szakkorok\/#webpage\",\"url\":\"http:\/\/szolnokimuvesztelep.com\/szakkorok\/\",\"name\":\"Grafikai szimp\\u00f3zium - SZOLNOKI M\\u0170V\\u00c9SZTELEP\",\"isPartOf\":{\"@id\":\"http:\/\/szolnokimuvesztelep.com\/en\/#website\"},\"primaryImageOfPage\":{\"@id\":\"http:\/\/szolnokimuvesztelep.com\/szakkorok\/#primaryimage\"},\"datePublished\":\"2017-12-07T09:09:19+00:00\",\"dateModified\":\"2024-05-31T09:43:48+00:00\",\"inLanguage\":\"en-US\",\"potentialAction\":[{\"@type\":\"ReadAction\",\"target\":[\"http:\/\/szolnokimuvesztelep.com\/szakkorok\/\"]}]}]}<\/script>\n<!-- \/ Yoast SEO Premium plugin. -->","jetpack_sharing_enabled":true,"jetpack_shortlink":"https:\/\/wp.me\/P9tpmR-tA","jetpack_likes_enabled":true,"jetpack-related-posts":[],"_links":{"self":[{"href":"http:\/\/szolnokimuvesztelep.com\/en\/wp-json\/wp\/v2\/pages\/1834"}],"collection":[{"href":"http:\/\/szolnokimuvesztelep.com\/en\/wp-json\/wp\/v2\/pages"}],"about":[{"href":"http:\/\/szolnokimuvesztelep.com\/en\/wp-json\/wp\/v2\/types\/page"}],"author":[{"embeddable":true,"href":"http:\/\/szolnokimuvesztelep.com\/en\/wp-json\/wp\/v2\/users\/2"}],"replies":[{"embeddable":true,"href":"http:\/\/szolnokimuvesztelep.com\/en\/wp-json\/wp\/v2\/comments?post=1834"}],"version-history":[{"count":6,"href":"http:\/\/szolnokimuvesztelep.com\/en\/wp-json\/wp\/v2\/pages\/1834\/revisions"}],"predecessor-version":[{"id":8612,"href":"http:\/\/szolnokimuvesztelep.com\/en\/wp-json\/wp\/v2\/pages\/1834\/revisions\/8612"}],"wp:attachment":[{"href":"http:\/\/szolnokimuvesztelep.com\/en\/wp-json\/wp\/v2\/media?parent=1834"}],"wp:term":[{"taxonomy":"category","embeddable":true,"href":"http:\/\/szolnokimuvesztelep.com\/en\/wp-json\/wp\/v2\/categories?post=1834"},{"taxonomy":"post_tag","embeddable":true,"href":"http:\/\/szolnokimuvesztelep.com\/en\/wp-json\/wp\/v2\/tags?post=1834"},{"taxonomy":"yst_prominent_words","embeddable":true,"href":"http:\/\/szolnokimuvesztelep.com\/en\/wp-json\/wp\/v2\/yst_prominent_words?post=1834"}],"curies":[{"name":"wp","href":"https:\/\/api.w.org\/{rel}","templated":true}]}}