{"id":1832,"date":"2017-12-07T09:08:53","date_gmt":"2017-12-07T09:08:53","guid":{"rendered":"http:\/\/szolnokimuvesztelep.com\/?page_id=1832"},"modified":"2021-01-26T13:13:44","modified_gmt":"2021-01-26T13:13:44","slug":"a-kepzomuveszet-unnepe","status":"publish","type":"page","link":"http:\/\/szolnokimuvesztelep.com\/en\/a-kepzomuveszet-unnepe\/","title":{"rendered":"A K\u00e9pz\u0151m\u0171v\u00e9szet \u00fcnnepe"},"content":{"rendered":"<p><strong> <img data-attachment-id=\"6501\" data-permalink=\"http:\/\/szolnokimuvesztelep.com\/en\/a-kepzomuveszet-unnepe\/kosa-2\/\" data-orig-file=\"https:\/\/i0.wp.com\/szolnokimuvesztelep.com\/wp-content\/uploads\/2021\/01\/kosa.jpg?fit=297%2C300\" data-orig-size=\"297,300\" data-comments-opened=\"1\" data-image-meta=\"{&quot;aperture&quot;:&quot;0&quot;,&quot;credit&quot;:&quot;&quot;,&quot;camera&quot;:&quot;&quot;,&quot;caption&quot;:&quot;&quot;,&quot;created_timestamp&quot;:&quot;0&quot;,&quot;copyright&quot;:&quot;&quot;,&quot;focal_length&quot;:&quot;0&quot;,&quot;iso&quot;:&quot;0&quot;,&quot;shutter_speed&quot;:&quot;0&quot;,&quot;title&quot;:&quot;&quot;,&quot;orientation&quot;:&quot;0&quot;}\" data-image-title=\"kosa\" data-image-description=\"\" data-medium-file=\"https:\/\/i0.wp.com\/szolnokimuvesztelep.com\/wp-content\/uploads\/2021\/01\/kosa.jpg?fit=297%2C300\" data-large-file=\"https:\/\/i0.wp.com\/szolnokimuvesztelep.com\/wp-content\/uploads\/2021\/01\/kosa.jpg?fit=297%2C300\" loading=\"lazy\" class=\"wp-image-6501 size-full aligncenter\" src=\"https:\/\/i0.wp.com\/szolnokimuvesztelep.com\/wp-content\/uploads\/2021\/01\/kosa.jpg?resize=297%2C300\" alt=\"\" width=\"297\" height=\"300\" data-recalc-dims=\"1\" \/><\/strong><\/p>\n<p><strong>A K\u00e9pz\u0151m\u0171v\u00e9szet \u00dcnnepe Szolnokon <\/strong><strong>a Magyar Fest\u00e9szet Napja alkalm\u00e1b\u00f3l <\/strong><\/p>\n<p><strong>\u00a02018. <\/strong><strong>okt\u00f3ber 18.<\/strong> <strong>17.00-20.00<br \/>\n<\/strong><strong>F\u00e9szek II. &#8211; <\/strong><strong>Nagy Katalin Matild grafikusm\u0171v\u00e9sz \u00e9s Nagy D\u00e9nes fest\u0151m\u0171v\u00e9sz ki\u00e1ll\u00edt\u00e1sa<br \/>\n<\/strong>Helye: Lak\u00e1sgal\u00e9ria (5000 Szolnok, Liget \u00fat 31.)<br \/>\nMegtekinthet\u0151: 2018. okt\u00f3ber 18. 17.00-20.00<\/p>\n<p><strong>\u00a02018. <\/strong><strong>okt\u00f3ber 19. 17.00<\/strong><strong><br \/>\n<\/strong><strong>Holdf\u00e9nygy\u0171jt\u0151\u00a0 &#8211; Szab\u00f3 Gy\u00f6rgy Munk\u00e1csy-<\/strong><strong>d\u00edjas szobr\u00e1szm\u0171v\u00e9sz ki\u00e1ll\u00edt\u00e1sa<br \/>\n<\/strong>Helye: Szoboszlai Gal\u00e9ria (5000 Szolnok, J\u00f3kai u. 1.<br \/>\nMegtekinthet\u0151: 2018. november 30-ig (H-P:10.00-17.00)<\/p>\n<p><strong>2018. okt\u00f3ber 20. szombat<\/strong><\/p>\n<p><strong>14.00<br \/>\nSink\u00f3 Istv\u00e1n grafikusm\u0171v\u00e9sz ki\u00e1ll\u00edt\u00e1sa<\/strong><br \/>\nHelye: Verseghy Ferenc K\u00f6nyvt\u00e1r \u00e9s K\u00f6zm\u0171vel\u0151d\u00e9si Int\u00e9zm\u00e9ny M\u0171v\u00e9szeti Szalon (5000 Szolnok, Kossuth t\u00e9r 2.)<br \/>\nMegtekinthet\u0151: 2018. november 20-ig (A h\u00e1z nyitvatart\u00e1si idej\u00e9ben)<\/p>\n<p><strong>14.30<br \/>\nSzab\u00f3 Tam\u00e1s Munk\u00e1csy-d\u00edjas k\u00e9pz\u0151m\u0171v\u00e9sz ki\u00e1ll\u00edt\u00e1sa<\/strong><br \/>\nHelye: Verseghy Ferenc K\u00f6nyvt\u00e1r \u00e9s K\u00f6zm\u0171vel\u0151d\u00e9si Int\u00e9zm\u00e9ny Verseghy Terem (5000 Szolnok, Kossuth t\u00e9r\u00a0 2.)<br \/>\nMegtekinthet\u0151: 2018. november 20-ig (A h\u00e1z nyitvatart\u00e1si idej\u00e9ben)<\/p>\n<p><strong>15.30 <\/strong><strong><br \/>\n<\/strong><strong>\u201eFesteb<\/strong><strong>\u00e9<\/strong><strong>d\u201d<\/strong> A Verseghy Ferenc K\u00f6nyvt\u00e1r bels\u0151 udvar\u00e1n<\/p>\n<p><strong>1<\/strong><strong>6.30<br \/>\nV. Szolnoki Bronzszobr\u00e1szati\u00a0Szimp\u00f3zium ki\u00e1ll\u00edt\u00e1sa<\/strong><br \/>\nHelye: Aba-Nov\u00e1k Ag\u00f3ra Gal\u00e9ria, k\u00fcls\u0151 terem (5000 Szolnok, Hild J. t\u00e9r 1.)<br \/>\nMegtekinthet\u0151: 2018. december 16-ig (H-P: 10.00-19.00 \u00e9s Sz-V: 10.00-16.00 k\u00f6z\u00f6tt)<strong>\u00a0<\/strong><\/p>\n<p><strong>17.00 <\/strong><strong><br \/>\nR\u00c9SZ \u00e9s EG\u00c9SZ &#8211; a Szolnoki K\u00e9pz\u0151m\u0171v\u00e9szeti T\u00e1rsas\u00e1g ki\u00e1ll\u00edt\u00e1sa 2018<br \/>\n<\/strong>Helye: Aba-Nov\u00e1k Ag\u00f3ra Gal\u00e9ria (5000 Szolnok, Hild J. t\u00e9r 1.)<br \/>\nMegtekinthet\u0151: 2018. december 16-ig (H-P: 10.00-19.00 \u00e9s Sz-V: 10.00-16.00 k\u00f6z\u00f6tt)<\/p>\n<p><strong>17.30<br \/>\n<\/strong><strong>MAIL ART, FESTETT \u00dcZENETEK &#8211; A Magiszter F\u00e9nyes Adolf M\u0171v\u00e9szeti Szakgimn\u00e1ziuma \u00e9s Alapfok\u00fa M\u0171v\u00e9szeti Iskol\u00e1ja k\u00e9pz\u0151m\u0171v\u00e9szeti- \u00e9s dr\u00e1matagozatos di\u00e1kjai<br \/>\n<\/strong>Helye: Szolnoki Gal\u00e9ria el\u0151tt (5000 Szolnok, Templom \u00fat 2.)<\/p>\n<p><strong>18.00<\/strong><br \/>\n<strong>R\u00c9SZ \u00e9s EG\u00c9SZ &#8211; a Szolnoki K\u00e9pz\u0151m\u0171v\u00e9szeti T\u00e1rsas\u00e1g ki\u00e1ll\u00edt\u00e1sa \u00e9s d\u00edj\u00e1tad\u00f3 g\u00e1l\u00e1ja<br \/>\n<\/strong>Helye: Szolnoki Gal\u00e9ria (5000 Szolnok, Templom \u00fat 2.)<br \/>\nMegtekinthet\u0151: 2018. december 16-ig (K-V: 9.00-17.00)<\/p>\n<p>A rendezv\u00e9ny az Alexandre Trauner Art\/Film Fesztiv\u00e1l t\u00e1rsrendezv\u00e9nye.<\/p>\n<p><a href=\"http:\/\/szolnokimuvesztelep.com\/en\/\">http:\/\/szolnokimuvesztelep.com<\/a><\/p>\n<p><a href=\"http:\/\/festeszetnapja.hu\/\">http:\/\/festeszetnapja.hu\/<\/a><\/p>","protected":false},"excerpt":{"rendered":"<p>A K\u00e9pz\u0151m\u0171v\u00e9szet \u00dcnnepe Szolnokon a Magyar Fest\u00e9szet Napja alkalm\u00e1b\u00f3l \u00a02018. okt\u00f3ber 18. 17.00-20.00 F\u00e9szek II. &#8211; Nagy Katalin Matild grafikusm\u0171v\u00e9sz \u00e9s Nagy D\u00e9nes fest\u0151m\u0171v\u00e9sz ki\u00e1ll\u00edt\u00e1sa Helye: Lak\u00e1sgal\u00e9ria (5000 Szolnok, Liget \u00fat 31.) Megtekinthet\u0151: 2018. okt\u00f3ber 18. 17.00-20.00 \u00a02018. okt\u00f3ber 19. 17.00 Holdf\u00e9nygy\u0171jt\u0151\u00a0 &#8211; Szab\u00f3 Gy\u00f6rgy Munk\u00e1csy-d\u00edjas szobr\u00e1szm\u0171v\u00e9sz ki\u00e1ll\u00edt\u00e1sa Helye: Szoboszlai&hellip; <\/p>","protected":false},"author":2,"featured_media":0,"parent":0,"menu_order":0,"comment_status":"closed","ping_status":"closed","template":"","meta":{"spay_email":""},"categories":[],"tags":[],"yst_prominent_words":[],"yoast_head":"<!-- This site is optimized with the Yoast SEO Premium plugin v14.1 - https:\/\/yoast.com\/wordpress\/plugins\/seo\/ -->\n<title>A K\u00e9pz\u0151m\u0171v\u00e9szet \u00fcnnepe - SZOLNOKI M\u0170V\u00c9SZTELEP<\/title>\n<meta name=\"robots\" content=\"index, follow\" \/>\n<meta name=\"googlebot\" content=\"index, follow, max-snippet:-1, max-image-preview:large, max-video-preview:-1\" \/>\n<meta name=\"bingbot\" content=\"index, follow, max-snippet:-1, max-image-preview:large, max-video-preview:-1\" \/>\n<link rel=\"canonical\" href=\"http:\/\/szolnokimuvesztelep.com\/en\/a-kepzomuveszet-unnepe\/\" \/>\n<meta property=\"og:locale\" content=\"en_US\" \/>\n<meta property=\"og:type\" content=\"article\" \/>\n<meta property=\"og:title\" content=\"A K\u00e9pz\u0151m\u0171v\u00e9szet \u00fcnnepe - SZOLNOKI M\u0170V\u00c9SZTELEP\" \/>\n<meta property=\"og:description\" content=\"A K\u00e9pz\u0151m\u0171v\u00e9szet \u00dcnnepe Szolnokon a Magyar Fest\u00e9szet Napja alkalm\u00e1b\u00f3l \u00a02018. okt\u00f3ber 18. 17.00-20.00 F\u00e9szek II. &#8211; Nagy Katalin Matild grafikusm\u0171v\u00e9sz \u00e9s Nagy D\u00e9nes fest\u0151m\u0171v\u00e9sz ki\u00e1ll\u00edt\u00e1sa Helye: Lak\u00e1sgal\u00e9ria (5000 Szolnok, Liget \u00fat 31.) Megtekinthet\u0151: 2018. okt\u00f3ber 18. 17.00-20.00 \u00a02018. okt\u00f3ber 19. 17.00 Holdf\u00e9nygy\u0171jt\u0151\u00a0 &#8211; Szab\u00f3 Gy\u00f6rgy Munk\u00e1csy-d\u00edjas szobr\u00e1szm\u0171v\u00e9sz ki\u00e1ll\u00edt\u00e1sa Helye: Szoboszlai&hellip;\" \/>\n<meta property=\"og:url\" content=\"http:\/\/szolnokimuvesztelep.com\/en\/a-kepzomuveszet-unnepe\/\" \/>\n<meta property=\"og:site_name\" content=\"SZOLNOKI M\u0170V\u00c9SZTELEP\" \/>\n<meta property=\"article:publisher\" content=\"https:\/\/www.facebook.com\/szolnokimuvesztelepofficial\/\" \/>\n<meta property=\"article:modified_time\" content=\"2021-01-26T13:13:44+00:00\" \/>\n<meta property=\"og:image\" content=\"http:\/\/szolnokimuvesztelep.com\/wp-content\/uploads\/2021\/01\/kosa.jpg\" \/>\n<script type=\"application\/ld+json\" class=\"yoast-schema-graph\">{\"@context\":\"https:\/\/schema.org\",\"@graph\":[{\"@type\":\"Organization\",\"@id\":\"http:\/\/szolnokimuvesztelep.com\/en\/#organization\",\"name\":\"Szolnoki M\\u0171v\\u00e9sztelep\",\"url\":\"http:\/\/szolnokimuvesztelep.com\/en\/\",\"sameAs\":[\"https:\/\/www.facebook.com\/szolnokimuvesztelepofficial\/\",\"https:\/\/www.instagram.com\/szolnoki_muvesztelep\/\",\"https:\/\/www.youtube.com\/channel\/UCAYRF4A8FrslG3J__XEjEoA\",\"https:\/\/hu.wikipedia.org\/wiki\/Szolnoki_m\\u0171v\\u00e9sztelep\"],\"logo\":{\"@type\":\"ImageObject\",\"@id\":\"http:\/\/szolnokimuvesztelep.com\/en\/#logo\",\"inLanguage\":\"en-US\",\"url\":\"https:\/\/i0.wp.com\/szolnokimuvesztelep.com\/wp-content\/uploads\/2020\/05\/szmt_2019_szlogen_psz-01.png?fit=2242%2C863\",\"width\":2242,\"height\":863,\"caption\":\"Szolnoki M\\u0171v\\u00e9sztelep\"},\"image\":{\"@id\":\"http:\/\/szolnokimuvesztelep.com\/en\/#logo\"}},{\"@type\":\"WebSite\",\"@id\":\"http:\/\/szolnokimuvesztelep.com\/en\/#website\",\"url\":\"http:\/\/szolnokimuvesztelep.com\/en\/\",\"name\":\"SZOLNOKI M\\u0170V\\u00c9SZTELEP\",\"description\":\"Meg\\u00fajul\\u00f3 hagyom\\u00e1ny\",\"publisher\":{\"@id\":\"http:\/\/szolnokimuvesztelep.com\/en\/#organization\"},\"potentialAction\":[{\"@type\":\"SearchAction\",\"target\":\"http:\/\/szolnokimuvesztelep.com\/en\/?s={search_term_string}\",\"query-input\":\"required name=search_term_string\"}],\"inLanguage\":\"en-US\"},{\"@type\":\"ImageObject\",\"@id\":\"http:\/\/szolnokimuvesztelep.com\/a-kepzomuveszet-unnepe\/#primaryimage\",\"inLanguage\":\"en-US\",\"url\":\"https:\/\/i0.wp.com\/szolnokimuvesztelep.com\/wp-content\/uploads\/2021\/01\/kosa.jpg?fit=297%2C300\",\"width\":297,\"height\":300},{\"@type\":\"WebPage\",\"@id\":\"http:\/\/szolnokimuvesztelep.com\/a-kepzomuveszet-unnepe\/#webpage\",\"url\":\"http:\/\/szolnokimuvesztelep.com\/a-kepzomuveszet-unnepe\/\",\"name\":\"A K\\u00e9pz\\u0151m\\u0171v\\u00e9szet \\u00fcnnepe - SZOLNOKI M\\u0170V\\u00c9SZTELEP\",\"isPartOf\":{\"@id\":\"http:\/\/szolnokimuvesztelep.com\/en\/#website\"},\"primaryImageOfPage\":{\"@id\":\"http:\/\/szolnokimuvesztelep.com\/a-kepzomuveszet-unnepe\/#primaryimage\"},\"datePublished\":\"2017-12-07T09:08:53+00:00\",\"dateModified\":\"2021-01-26T13:13:44+00:00\",\"inLanguage\":\"en-US\",\"potentialAction\":[{\"@type\":\"ReadAction\",\"target\":[\"http:\/\/szolnokimuvesztelep.com\/a-kepzomuveszet-unnepe\/\"]}]}]}<\/script>\n<!-- \/ Yoast SEO Premium plugin. -->","jetpack_sharing_enabled":true,"jetpack_shortlink":"https:\/\/wp.me\/P9tpmR-ty","jetpack_likes_enabled":true,"jetpack-related-posts":[],"_links":{"self":[{"href":"http:\/\/szolnokimuvesztelep.com\/en\/wp-json\/wp\/v2\/pages\/1832"}],"collection":[{"href":"http:\/\/szolnokimuvesztelep.com\/en\/wp-json\/wp\/v2\/pages"}],"about":[{"href":"http:\/\/szolnokimuvesztelep.com\/en\/wp-json\/wp\/v2\/types\/page"}],"author":[{"embeddable":true,"href":"http:\/\/szolnokimuvesztelep.com\/en\/wp-json\/wp\/v2\/users\/2"}],"replies":[{"embeddable":true,"href":"http:\/\/szolnokimuvesztelep.com\/en\/wp-json\/wp\/v2\/comments?post=1832"}],"version-history":[{"count":5,"href":"http:\/\/szolnokimuvesztelep.com\/en\/wp-json\/wp\/v2\/pages\/1832\/revisions"}],"predecessor-version":[{"id":6503,"href":"http:\/\/szolnokimuvesztelep.com\/en\/wp-json\/wp\/v2\/pages\/1832\/revisions\/6503"}],"wp:attachment":[{"href":"http:\/\/szolnokimuvesztelep.com\/en\/wp-json\/wp\/v2\/media?parent=1832"}],"wp:term":[{"taxonomy":"category","embeddable":true,"href":"http:\/\/szolnokimuvesztelep.com\/en\/wp-json\/wp\/v2\/categories?post=1832"},{"taxonomy":"post_tag","embeddable":true,"href":"http:\/\/szolnokimuvesztelep.com\/en\/wp-json\/wp\/v2\/tags?post=1832"},{"taxonomy":"yst_prominent_words","embeddable":true,"href":"http:\/\/szolnokimuvesztelep.com\/en\/wp-json\/wp\/v2\/yst_prominent_words?post=1832"}],"curies":[{"name":"wp","href":"https:\/\/api.w.org\/{rel}","templated":true}]}}