{"id":1829,"date":"2017-12-07T09:08:14","date_gmt":"2017-12-07T09:08:14","guid":{"rendered":"http:\/\/szolnokimuvesztelep.com\/?page_id=1829"},"modified":"2019-08-22T20:10:55","modified_gmt":"2019-08-22T20:10:55","slug":"szolnoki-bronzszobraszati-szimpozium","status":"publish","type":"page","link":"http:\/\/szolnokimuvesztelep.com\/en\/szolnoki-bronzszobraszati-szimpozium\/","title":{"rendered":"Bronz szimp\u00f3zium"},"content":{"rendered":"<p><img loading=\"lazy\" src=\"https:\/\/i2.wp.com\/szolnokimuvesztelep.com\/wp-content\/uploads\/2017\/12\/21.jpg?resize=300%2C300\" alt=\"\" width=\"300\" height=\"300\" data-recalc-dims=\"1\" \/><\/p>\n<p><!--more--><\/p>\n<h3>Szolnoki Bronzszobr\u00e1szati Szimp\u00f3zium<\/h3>\n<p>A szimp\u00f3ziumot 2014-ben l\u00e9treh\u00edv\u00f3, elind\u00edt\u00f3 ok a r\u00e9sztvev\u0151 alkot\u00f3k azon t\u00f6rekv\u00e9se, v\u00e1gya, hogy egy id\u0151re f\u00fcggetlen\u00edtve magukat a megrendel\u0151i ig\u00e9nyekt\u0151l, vagy a monument\u00e1lis k\u00f6zt\u00e9ri szobr\u00e1szat formai \u00e9s tartalmi kereteit\u0151l \u00f6n\u00e1ll\u00f3, saj\u00e1t bels\u0151 szobr\u00e1szi, formai invenci\u00f3ikat megval\u00f3s\u00edt\u00f3 m\u0171veket hozzanak l\u00e9tre. Ezen kezdem\u00e9nyez\u00e9snek adott teret a Szolnoki M\u0171v\u00e9szeti Egyes\u00fclet a m\u0171v\u00e9sztelep kertj\u00e9ben, \u00e9p\u00fcleteiben. Az alkot\u00f3t\u00e1bor m\u0171v\u00e9szei a Szolnoki K\u00e9pz\u0151m\u0171v\u00e9szeti T\u00e1rsas\u00e1g tags\u00e1g\u00e1b\u00f3l ker\u00fcltek ki, er\u0151s\u00edtve ezzel annak mind szakmai, mind emberi \u00e9rt\u00e9keket meg\u0151rizni \u00e9s felmutatni k\u00edv\u00e1n\u00f3 alapgondolat\u00e1t. Ezzel egy\u00fctt a rendezv\u00e9ny r\u00e9sztvev\u0151it tekintve orsz\u00e1gos mer\u00edt\u00e9s\u0171, hisz a m\u0171v\u00e9sztelepen \u00e9s Szolnokon tev\u00e9kenyked\u0151 szobr\u00e1szokon k\u00edv\u00fcl \u00e9rkeztek alkot\u00f3k Budapestr\u0151l, Baj\u00e1r\u00f3l, P\u00e9csr\u0151l \u00e9s Kisoroszib\u00f3l. A bar\u00e1ti hangulatban v\u00e9gzett k\u00f6z\u00f6s munka \u00e9s egy\u00fctt gondolkod\u00e1s eredm\u00e9nye a kezdetekt\u0151l az Aba-Nov\u00e1k Ag\u00f3ra Gal\u00e9ri\u00e1ban megrendezett, egy\u00e9ni hangokban b\u0151velked\u0151, m\u00e9gis egys\u00e9gesen magas szakmai sz\u00ednvonalat mutat\u00f3 ki\u00e1ll\u00edt\u00e1sok voltak. Tov\u00e1bb\u00e1 az az elhat\u00e1roz\u00e1s, hogy a szimp\u00f3zium a k\u00f6vetkez\u0151 \u00e9vekben is ker\u00fclj\u00f6n megrendez\u00e9sre \u00e9s l\u00e9pjen a Szolnoki M\u0171v\u00e9sztelep rendszeres programjainak sor\u00e1ba.<\/p>\n<p>&nbsp;<\/p>\n<figure class=\"gallery-item\"><\/figure>\n<figure class=\"gallery-item\"><\/figure>\n<figure class=\"gallery-item\"><\/figure>\n<figure class=\"gallery-item\"><\/figure>\n<figure class=\"gallery-item\"><\/figure>\n<figure class=\"gallery-item\"><\/figure>\n<figure class=\"gallery-item\"><\/figure>\n<figure class=\"gallery-item\"><\/figure>\n<figure class=\"gallery-item\"><\/figure>\n<figure class=\"gallery-item\"><\/figure>\n<figure class=\"gallery-item\"><\/figure>\n<figure class=\"gallery-item\"><\/figure>\n<figure class=\"gallery-item\"><\/figure>\n<figure class=\"gallery-item\"><\/figure>\n<figure class=\"gallery-item\"><\/figure>\n<figure class=\"gallery-item\"><\/figure>\n<figure class=\"gallery-item\"><\/figure>","protected":false},"excerpt":{"rendered":"","protected":false},"author":2,"featured_media":0,"parent":0,"menu_order":0,"comment_status":"closed","ping_status":"closed","template":"","meta":{"spay_email":""},"categories":[],"tags":[],"yst_prominent_words":[],"yoast_head":"<!-- This site is optimized with the Yoast SEO Premium plugin v14.1 - https:\/\/yoast.com\/wordpress\/plugins\/seo\/ -->\n<title>Bronz szimp\u00f3zium - SZOLNOKI M\u0170V\u00c9SZTELEP<\/title>\n<meta name=\"robots\" content=\"index, follow\" \/>\n<meta name=\"googlebot\" content=\"index, follow, max-snippet:-1, max-image-preview:large, max-video-preview:-1\" \/>\n<meta name=\"bingbot\" content=\"index, follow, max-snippet:-1, max-image-preview:large, max-video-preview:-1\" \/>\n<link rel=\"canonical\" href=\"http:\/\/szolnokimuvesztelep.com\/en\/szolnoki-bronzszobraszati-szimpozium\/\" \/>\n<meta property=\"og:locale\" content=\"en_US\" \/>\n<meta property=\"og:type\" content=\"article\" \/>\n<meta property=\"og:title\" content=\"Bronz szimp\u00f3zium - SZOLNOKI M\u0170V\u00c9SZTELEP\" \/>\n<meta property=\"og:url\" content=\"http:\/\/szolnokimuvesztelep.com\/en\/szolnoki-bronzszobraszati-szimpozium\/\" \/>\n<meta property=\"og:site_name\" content=\"SZOLNOKI M\u0170V\u00c9SZTELEP\" \/>\n<meta property=\"article:publisher\" content=\"https:\/\/www.facebook.com\/szolnokimuvesztelepofficial\/\" \/>\n<meta property=\"article:modified_time\" content=\"2019-08-22T20:10:55+00:00\" \/>\n<meta property=\"og:image\" content=\"http:\/\/szolnokimuvesztelep.com\/wp-content\/uploads\/2017\/12\/21-300x300.jpg\" \/>\n<script type=\"application\/ld+json\" class=\"yoast-schema-graph\">{\"@context\":\"https:\/\/schema.org\",\"@graph\":[{\"@type\":\"Organization\",\"@id\":\"http:\/\/szolnokimuvesztelep.com\/en\/#organization\",\"name\":\"Szolnoki M\\u0171v\\u00e9sztelep\",\"url\":\"http:\/\/szolnokimuvesztelep.com\/en\/\",\"sameAs\":[\"https:\/\/www.facebook.com\/szolnokimuvesztelepofficial\/\",\"https:\/\/www.instagram.com\/szolnoki_muvesztelep\/\",\"https:\/\/www.youtube.com\/channel\/UCAYRF4A8FrslG3J__XEjEoA\",\"https:\/\/hu.wikipedia.org\/wiki\/Szolnoki_m\\u0171v\\u00e9sztelep\"],\"logo\":{\"@type\":\"ImageObject\",\"@id\":\"http:\/\/szolnokimuvesztelep.com\/en\/#logo\",\"inLanguage\":\"en-US\",\"url\":\"https:\/\/i0.wp.com\/szolnokimuvesztelep.com\/wp-content\/uploads\/2020\/05\/szmt_2019_szlogen_psz-01.png?fit=2242%2C863\",\"width\":2242,\"height\":863,\"caption\":\"Szolnoki M\\u0171v\\u00e9sztelep\"},\"image\":{\"@id\":\"http:\/\/szolnokimuvesztelep.com\/en\/#logo\"}},{\"@type\":\"WebSite\",\"@id\":\"http:\/\/szolnokimuvesztelep.com\/en\/#website\",\"url\":\"http:\/\/szolnokimuvesztelep.com\/en\/\",\"name\":\"SZOLNOKI M\\u0170V\\u00c9SZTELEP\",\"description\":\"Meg\\u00fajul\\u00f3 hagyom\\u00e1ny\",\"publisher\":{\"@id\":\"http:\/\/szolnokimuvesztelep.com\/en\/#organization\"},\"potentialAction\":[{\"@type\":\"SearchAction\",\"target\":\"http:\/\/szolnokimuvesztelep.com\/en\/?s={search_term_string}\",\"query-input\":\"required name=search_term_string\"}],\"inLanguage\":\"en-US\"},{\"@type\":\"ImageObject\",\"@id\":\"http:\/\/szolnokimuvesztelep.com\/szolnoki-bronzszobraszati-szimpozium\/#primaryimage\",\"inLanguage\":\"en-US\",\"url\":\"https:\/\/i2.wp.com\/szolnokimuvesztelep.com\/wp-content\/uploads\/2017\/12\/21.jpg?fit=4008%2C4000\",\"width\":4008,\"height\":4000},{\"@type\":\"WebPage\",\"@id\":\"http:\/\/szolnokimuvesztelep.com\/szolnoki-bronzszobraszati-szimpozium\/#webpage\",\"url\":\"http:\/\/szolnokimuvesztelep.com\/szolnoki-bronzszobraszati-szimpozium\/\",\"name\":\"Bronz szimp\\u00f3zium - SZOLNOKI M\\u0170V\\u00c9SZTELEP\",\"isPartOf\":{\"@id\":\"http:\/\/szolnokimuvesztelep.com\/en\/#website\"},\"primaryImageOfPage\":{\"@id\":\"http:\/\/szolnokimuvesztelep.com\/szolnoki-bronzszobraszati-szimpozium\/#primaryimage\"},\"datePublished\":\"2017-12-07T09:08:14+00:00\",\"dateModified\":\"2019-08-22T20:10:55+00:00\",\"inLanguage\":\"en-US\",\"potentialAction\":[{\"@type\":\"ReadAction\",\"target\":[\"http:\/\/szolnokimuvesztelep.com\/szolnoki-bronzszobraszati-szimpozium\/\"]}]}]}<\/script>\n<!-- \/ Yoast SEO Premium plugin. -->","jetpack_sharing_enabled":true,"jetpack_shortlink":"https:\/\/wp.me\/P9tpmR-tv","jetpack_likes_enabled":true,"jetpack-related-posts":[],"_links":{"self":[{"href":"http:\/\/szolnokimuvesztelep.com\/en\/wp-json\/wp\/v2\/pages\/1829"}],"collection":[{"href":"http:\/\/szolnokimuvesztelep.com\/en\/wp-json\/wp\/v2\/pages"}],"about":[{"href":"http:\/\/szolnokimuvesztelep.com\/en\/wp-json\/wp\/v2\/types\/page"}],"author":[{"embeddable":true,"href":"http:\/\/szolnokimuvesztelep.com\/en\/wp-json\/wp\/v2\/users\/2"}],"replies":[{"embeddable":true,"href":"http:\/\/szolnokimuvesztelep.com\/en\/wp-json\/wp\/v2\/comments?post=1829"}],"version-history":[{"count":5,"href":"http:\/\/szolnokimuvesztelep.com\/en\/wp-json\/wp\/v2\/pages\/1829\/revisions"}],"predecessor-version":[{"id":5328,"href":"http:\/\/szolnokimuvesztelep.com\/en\/wp-json\/wp\/v2\/pages\/1829\/revisions\/5328"}],"wp:attachment":[{"href":"http:\/\/szolnokimuvesztelep.com\/en\/wp-json\/wp\/v2\/media?parent=1829"}],"wp:term":[{"taxonomy":"category","embeddable":true,"href":"http:\/\/szolnokimuvesztelep.com\/en\/wp-json\/wp\/v2\/categories?post=1829"},{"taxonomy":"post_tag","embeddable":true,"href":"http:\/\/szolnokimuvesztelep.com\/en\/wp-json\/wp\/v2\/tags?post=1829"},{"taxonomy":"yst_prominent_words","embeddable":true,"href":"http:\/\/szolnokimuvesztelep.com\/en\/wp-json\/wp\/v2\/yst_prominent_words?post=1829"}],"curies":[{"name":"wp","href":"https:\/\/api.w.org\/{rel}","templated":true}]}}