{"id":1521,"date":"2017-12-05T10:12:27","date_gmt":"2017-12-05T10:12:27","guid":{"rendered":"http:\/\/szolnokimuvesztelep.com\/?page_id=1521"},"modified":"2017-12-11T12:12:53","modified_gmt":"2017-12-11T12:12:53","slug":"2002-2013","status":"publish","type":"page","link":"http:\/\/szolnokimuvesztelep.com\/en\/2002-2013\/","title":{"rendered":"2002-2013"},"content":{"rendered":"<div data-elementor-type=\"wp-post\" data-elementor-id=\"1521\" class=\"elementor elementor-1521 elementor-bc-flex-widget\" data-elementor-settings=\"[]\">\n\t\t\t<div class=\"elementor-inner\">\n\t\t\t\t<div class=\"elementor-section-wrap\">\n\t\t\t\t\t\t\t<section class=\"elementor-element elementor-element-7ec49372 elementor-section-boxed elementor-section-height-default elementor-section-height-default elementor-section elementor-top-section\" data-id=\"7ec49372\" data-element_type=\"section\">\n\t\t\t\t\t\t<div class=\"elementor-container elementor-column-gap-default\">\n\t\t\t\t<div class=\"elementor-row\">\n\t\t\t\t<div class=\"elementor-element elementor-element-2b031bac elementor-column elementor-col-100 elementor-top-column\" data-id=\"2b031bac\" data-element_type=\"column\">\n\t\t\t<div class=\"elementor-column-wrap  elementor-element-populated\">\n\t\t\t\t\t<div class=\"elementor-widget-wrap\">\n\t\t\t\t<div class=\"elementor-element elementor-element-4ebd8421 elementor-widget elementor-widget-text-editor\" data-id=\"4ebd8421\" data-element_type=\"widget\" data-widget_type=\"text-editor.default\">\n\t\t\t\t<div class=\"elementor-widget-container\">\n\t\t\t\t\t<div class=\"elementor-text-editor elementor-clearfix\"><h3>A Szolnoki M\u0171v\u00e9sztelep &#8211; Kert Gal\u00e9ria ki\u00e1ll\u00edt\u00e1sai 2002-2013 k\u00f6z\u00f6tt<\/h3><p style=\"text-align: left;\"><strong>Bik\u00e1csi Daniela Munk\u00e1csy-d\u00edjas fest\u0151m\u0171v\u00e9sz ki\u00e1ll\u00edt\u00e1sa <\/strong>2013. okt\u00f3ber 19- 2013. november 18.<\/p><p style=\"text-align: left;\"><strong>Bar\u00e1th F\u00e1bi\u00e1n szobr\u00e1szm\u0171v\u00e9sz ki\u00e1ll\u00edt\u00e1sa <\/strong>2013. augusztus 24- 2013. szeptember 15.<\/p><p style=\"text-align: left;\"><strong>XII. ARTJ\u00e1r\u00f3 \u00d6sszm\u0171v\u00e9szeti Fesztiv\u00e1l <\/strong>2013. j\u00fanius 28-29.<\/p><p style=\"text-align: left;\"><strong>T\u00e1jhangok &#8211; Nagy G\u00e1bor Munk\u00e1csy-d\u00edjas fest\u0151m\u0171v\u00e9sz &#8211; N\u00e1das Alexandra grafikusm\u0171v\u00e9sz ki\u00e1ll\u00edt\u00e1sa<\/strong> 2013. m\u00e1jus 17- 2013. j\u00fanius 16.<\/p><p style=\"text-align: left;\"><strong>Fazekas Magdolna fest\u0151m\u0171v\u00e9sz ki\u00e1ll\u00edt\u00e1sa<\/strong> 2013. m\u00e1rcius 16- 2013. \u00e1prilis 14.<\/p><p style=\"text-align: left;\"><strong>R\u00f6pk\u00e9pes? &#8211; Tanka P\u00e9ter fest\u0151m\u0171v\u00e9sz ki\u00e1ll\u00edt\u00e1sa<\/strong> 2013. febru\u00e1r 9 &#8211; 2013. m\u00e1rcius 10.<\/p><p style=\"text-align: left;\"><strong>Ber\u00e9nyi Ferenc Munk\u00e1csy-d\u00edjas fest\u0151m\u0171v\u00e9sz 85. \u00e9vfordul\u00f3j\u00e1ra rendezett eml\u00e9kki\u00e1ll\u00edt\u00e1s <\/strong>2012. december 20 &#8211; 2013. janu\u00e1r 20.<\/p><p style=\"text-align: left;\"><strong>Kapcsol\u00f3d\u00e1sok &#8211; L\u00f3r\u00e1nt J\u00e1nos Demeter Munk\u00e1csy d\u00edjas, \u00e9rdemes fest\u0151m\u0171v\u00e9sz &#8211; Lous Stuijfzand szobr\u00e1szm\u0171v\u00e9sz ki\u00e1ll\u00edt\u00e1sa\u00a0<\/strong> 2012. okt\u00f3ber 12- 2012. november 11.<\/p><p style=\"text-align: left;\"><strong>Cs\u00f6nd darabok &#8211; Szab\u00f3 Vir\u00e1g szobr\u00e1szm\u0171v\u00e9sz ki\u00e1ll\u00edt\u00e1sa<\/strong> 2012. szeptember 14- 2012. okt\u00f3ber 7.<\/p><p style=\"text-align: left;\"><strong>Shields &#8211; Florina Leinss fest\u0151m\u0171v\u00e9sz ki\u00e1ll\u00edt\u00e1sa<\/strong> 2012.augusztus 3- 2012. augusztus 31.<\/p><p style=\"text-align: left;\"><strong>\u00a0<\/strong><strong>T\u00edz \u00e9v &#8211; Szolnoki M\u0171v\u00e9sztelep<\/strong> 2012. j\u00falius 13- 2012. j\u00falius 24.<\/p><p style=\"text-align: left;\"><strong>XI. ARTJ\u00e1r\u00f3 \u00d6sszm\u0171v\u00e9szeti Fesztiv\u00e1l <\/strong>2012. j\u00fanius 29-30.<\/p><p style=\"text-align: left;\"><strong>Mira Milicev fot\u00f3m\u0171v\u00e9sz- Miodrag Milicev fot\u00f3m\u0171v\u00e9sz ki\u00e1ll\u00edt\u00e1sa<\/strong> 2012. m\u00e1jus 19- 2012. j\u00fanius 24.<\/p><p style=\"text-align: left;\"><strong>Kov\u00e1cs Keve \u00fcvegm\u0171v\u00e9sz ki\u00e1ll\u00edt\u00e1sa <\/strong>2012. \u00e1prilis 14- 2012. m\u00e1jus 14.<\/p><p style=\"text-align: left;\"><strong>Zs\u00e1ki Istv\u00e1n fest\u0151m\u0171v\u00e9sz ki\u00e1ll\u00edt\u00e1sa <\/strong>2012. febru\u00e1r 24- 2012. m\u00e1rcius 30.<\/p><p style=\"text-align: left;\"><strong>\u00dcnnep 2011 <\/strong>2011. december 9- 2012. janu\u00e1r 25.<\/p><p style=\"text-align: left;\"><strong>Krajcsovics \u00c9va Munk\u00e1csy-d\u00edjas fest\u0151m\u0171v\u00e9sz ki\u00e1ll\u00edt\u00e1sa<\/strong> 2011. okt\u00f3ber 13- 2011. december 1.<\/p><p style=\"text-align: left;\"><strong>Rajcs\u00f3k Attila szobr\u00e1szm\u0171v\u00e9sz ki\u00e1ll\u00edt\u00e1sa <\/strong>2011. szeptember 23- 2011. okt\u00f3ber 8.<\/p><p style=\"text-align: left;\"><strong>IV. pARTicum Bienn\u00e1l\u00e9 Szabadt\u00e9ri Szoborki\u00e1ll\u00edt\u00e1s <\/strong>2011. szeptember 23.<\/p><p style=\"text-align: left;\"><strong>X. ARTJ\u00e1r\u00f3 \u00d6sszm\u0171v\u00e9szti Fesztiv\u00e1l <\/strong>2011. j\u00fanius 24-25.<\/p><p style=\"text-align: left;\"><strong>\u00c1rny\u00e9kok &#8211; Szab\u00f3 Gy\u00f6rgy fest\u0151m\u0171v\u00e9sz ki\u00e1ll\u00edt\u00e1sa <\/strong>2011. m\u00e1jus 18- 2011. j\u00falius 24.<\/p><p style=\"text-align: left;\"><strong>Herczeg Istv\u00e1n grafikusm\u0171v\u00e9sz &#8211; Szente-Szab\u00f3 \u00c1kos fest\u0151m\u0171v\u00e9sz ki\u00e1ll\u00edt\u00e1sa <\/strong>2011. m\u00e1rcius 12- 2011. m\u00e1jus 5.<\/p><p style=\"text-align: left;\"><strong>\u00dcnnep 2010 <\/strong>2010. december 18- 2011. janu\u00e1r 13.<\/p><p style=\"text-align: left;\"><strong>C_O &#8211; K\u00e1cser L\u00e1szl\u00f3 k\u00e9pz\u0151m\u0171v\u00e9sz ki\u00e1ll\u00edt\u00e1sa <\/strong>2010. november 20- 2010. december 13.<\/p><p style=\"text-align: left;\"><strong>Tenk L\u00e1szl\u00f3 Munk\u00e1csy-d\u00edjas fest\u0151m\u0171v\u00e9sz ki\u00e1ll\u00edt\u00e1sa<\/strong> 2010. okt\u00f3ber 19- 2010. november 14.<\/p><p style=\"text-align: left;\"><strong>D\u00f3r\u00f3 S\u00e1ndor k\u00e9pz\u0151m\u0171v\u00e9sz ki\u00e1ll\u00edt\u00e1sa <\/strong>2010. szeptember 17- 2010. okt\u00f3ber 13.<\/p><p style=\"text-align: left;\"><strong>&#8220;walking drunk in high shoes&#8221; &#8211; Anahita Razmi k\u00e9pz\u0151m\u0171v\u00e9sz ki\u00e1ll\u00edt\u00e1sa<\/strong> 2010. augusztus 7- 2010. augusztus 29.<\/p><p style=\"text-align: left;\"><strong>IX. ARTJ\u00e1r\u00f3 \u00d6sszem\u0171v\u00e9szeti Fesztiv\u00e1l <\/strong>2010. j\u00fanius 25-26.<\/p><p style=\"text-align: left;\"><strong>Szab\u00f3 \u00c1gnes fest\u0151m\u0171v\u00e9sz ki\u00e1ll\u00edt\u00e1sa <\/strong>2010. m\u00e1jus 29- 2010. j\u00fanius 20.<\/p><p style=\"text-align: left;\"><strong>Heinrich Schorno szobr\u00e1szm\u0171v\u00e9sz ki\u00e1ll\u00edt\u00e1sa <\/strong>2010. \u00e1prilis 24- 2010. m\u00e1jus 23.<\/p><p style=\"text-align: left;\"><strong>Basa Anik\u00f3 fest\u0151m\u0171v\u00e9sz ki\u00e1ll\u00edt\u00e1sa <\/strong>2010. m\u00e1rcius 20- 2010. \u00e1prilis 18.<\/p><p style=\"text-align: left;\"><strong>Resk\u00f3 Gy\u00f6rgy fest\u0151m\u0171v\u00e9sz &#8211; Vik\u00e1r P. Istv\u00e1n grafikusm\u0171v\u00e9sz ki\u00e1ll\u00edt\u00e1sa <\/strong>2010. febru\u00e1r 13- 2010. m\u00e1rcius 15.<\/p><p style=\"text-align: left;\"><strong>Szolnok M\u0171v\u00e9sztelep \u00dcnnepi Ki\u00e1ll\u00edt\u00e1s <\/strong>2009. december 19- 2010. janu\u00e1r 20.<\/p><p style=\"text-align: left;\"><strong>Szabad \u00e9g alatt &#8211; Palk\u00f3 Tibor fest\u0151m\u0171v\u00e9sz &#8211; Csurgai Ferenc szobr\u00e1szm\u0171v\u00e9sz ki\u00e1ll\u00edt\u00e1sa <\/strong>2009. november 13- 2009. december 9.<\/p><p style=\"text-align: left;\"><strong>Bar\u00e1th F\u00e1bi\u00e1n szobr\u00e1szm\u0171v\u00e9sz ki\u00e1ll\u00edt\u00e1sa <\/strong>2009. szeptember 21- 2009. okt\u00f3ber 20.<\/p><p style=\"text-align: left;\"><strong>III. pARTicum Bienn\u00e1l\u00e9 <\/strong>2009. szeptember 21- 2009. okt\u00f3ber 15.<\/p><p style=\"text-align: left;\"><strong>VII. ARTJ\u00e1r\u00f3 \u00d6sszm\u0171v\u00e9szeti Fesztiv\u00e1l <\/strong>2009. j\u00fanius 26-27.<\/p><p style=\"text-align: left;\"><strong>Varga Patr\u00edcia Minerva fest\u0151m\u0171v\u00e9sz ki\u00e1ll\u00edt\u00e1sa <\/strong>2009. j\u00fanius 4- 2009. j\u00fanius 29.<\/p><p style=\"text-align: left;\"><strong>Tizenk\u00e9tszemk\u00f6zt &#8211; R\u00f6g csoport <\/strong>2009. m\u00e1jus 2- 2009. m\u00e1jus 31.<\/p><p style=\"text-align: left;\"><strong>Munk\u00e1k 2001-2009. &#8211; Szalai Attila fest\u0151m\u0171v\u00e9sz ki\u00e1ll\u00edt\u00e1sa <\/strong>2009. m\u00e1rcius 14- 2009. \u00e1prilis 19.<\/p><p style=\"text-align: left;\"><strong>Szolnok Herbarium &#8211; Uta Krau\u00df <\/strong>2009. febru\u00e1r 13- 2009. m\u00e1rcius 1.<\/p><p style=\"text-align: left;\"><strong>\u201eMomentumok, helyzetek, mind sz\u00ednesen. Besz\u00e9lnek hozz\u00e1m, \u00e9n csak v\u00e1laszolok.&#8221; &#8211; Leeman Pascal fest\u0151m\u0171v\u00e9sz ki\u00e1ll\u00edt\u00e1sa <\/strong>2009. janu\u00e1r 24- 2009. febru\u00e1r 8.<\/p><p style=\"text-align: left;\"><strong>Urb\u00e1n Katalin, reutlingeni \u00f6szt\u00f6nd\u00edjas ki\u00e1ll\u00edt\u00e1sa <\/strong>2008. december 20- 2009. janu\u00e1r 20.<\/p><p style=\"text-align: left;\"><strong>V\u00e1logat\u00e1s tanulm\u00e1nyokb\u00f3l &#8211; Fazekas Magdolna fest\u0151m\u0171v\u00e9sz ki\u00e1ll\u00edt\u00e1sa<\/strong> 2008. november 14- 2008. december 10.<\/p><p style=\"text-align: left;\"><strong>ARTicum 2008. <\/strong>Aba-Nov\u00e1k Gal\u00e9ria 2008. okt\u00f3ber 15- 2008. november 15.<\/p><p style=\"text-align: left;\"><strong>Sulyok Gabriella Munk\u00e1csy d\u00edjas grafikusm\u0171v\u00e9sz <\/strong>2008. okt\u00f3ber 11- 2008. november 9.<\/p><p style=\"text-align: left;\"><strong>K\u00c9KZ\u00d6LD18. Art Camp M\u0171v\u00e9szeti Szimp\u00f3zium ki\u00e1ll\u00edt\u00e1sa <\/strong>2008. szeptember 27- 2008. okt\u00f3ber 5.<\/p><p style=\"text-align: left;\"><strong>\u00c1rv\u00e1csk\u00e1k itten nincsenek &#8211; M\u00f3zer Zolt\u00e1n fot\u00f3m\u0171v\u00e9sz ki\u00e1ll\u00edt\u00e1sa <\/strong>2008. augusztus 23- 2008. szeptember 15.<\/p><p style=\"text-align: left;\"><strong>K\u00f6ld\u00f6k\u00f6k konstell\u00e1ci\u00f3ja &#8211; Gr\u00e1nicz Tam\u00e1s fest\u0151m\u0171v\u00e9sz ki\u00e1ll\u00edt\u00e1sa <\/strong>2008. augusztus 5- 2008. augusztus 21.<\/p><p style=\"text-align: left;\"><strong>VII. ARTJ\u00e1r\u00f3 \u00d6sszm\u0171v\u00e9szeti Fesztiv\u00e1l <\/strong>2008. j\u00fanius 27-28.<\/p><p style=\"text-align: left;\"><strong>Kerekes Elek fest\u0151m\u0171v\u00e9sz ki\u00e1ll\u00edt\u00e1sa <\/strong>2008. j\u00fanius 6- 2008. j\u00fanius 25.<\/p><p style=\"text-align: left;\"><strong>R\u00e9kassy Eszter grafikusm\u0171v\u00e9sz ki\u00e1ll\u00edt\u00e1sa <\/strong>2008. \u00e1prilis 11- 2008. m\u00e1jus 7.<\/p><p style=\"text-align: left;\"><strong>Interim &#8211; Benjamin Thaler fest\u0151m\u0171v\u00e9sz ki\u00e1ll\u00edt\u00e1sa <\/strong>2008. febru\u00e1r 29- 2008. m\u00e1rcius 28.<\/p><p style=\"text-align: left;\"><strong>Szepessy B\u00e9la grafikusm\u0171v\u00e9sz &#8211; Luk\u00e1cs G\u00e1bor fest\u0151m\u0171v\u00e9sz ki\u00e1ll\u00edt\u00e1sa <\/strong>2008. febru\u00e1r 8- 2008. febru\u00e1r 26.<\/p><p style=\"text-align: left;\"><strong>\u201eA f\u00e9ny\u201d arcai &#8211; R\u00e9vi Norbert szobr\u00e1szm\u0171v\u00e9sz ki\u00e1ll\u00edt\u00e1sa <\/strong>2007. december 21- 2008. janu\u00e1r 20.<\/p><p style=\"text-align: left;\"><strong>Zsemlye Ildik\u00f3 Munk\u00e1csy-d\u00edjas szobr\u00e1szm\u0171v\u00e9sz ki\u00e1ll\u00edt\u00e1sa <\/strong>2007. november 28- 2007. december 9.<\/p><p style=\"text-align: left;\"><strong>L\u00e1t\u00f3hat\u00e1r &#8211; Balogh Zs\u00f3fia szobr\u00e1szm\u0171v\u00e9sz &#8211; L\u00e1szl\u00f3 D\u00e1niel fest\u0151m\u0171v\u00e9sz ki\u00e1ll\u00edt\u00e1sa <\/strong>2007. okt\u00f3ber 12- 2007. november 4.<\/p><p style=\"text-align: left;\"><strong>II. pARTicum Bienn\u00e1l\u00e9 <\/strong>2007. szeptember 22 &#8211; okt\u00f3ber 13.<\/p><p style=\"text-align: left;\"><strong>Tisza &#8211; Csikai M\u00e1rta Munk\u00e1csy-d\u00edjas szobr\u00e1szm\u0171v\u00e9sz ki\u00e1ll\u00edt\u00e1sa <\/strong>2007. szeptember 7- 2007. okt\u00f3ber 7.<\/p><p style=\"text-align: left;\"><strong>ART CAMP 2007 XVII. Nemzetk\u00f6zi M\u0171v\u00e9szeti Szimp\u00f3zium \u00e9s Ki\u00e1ll\u00edt\u00e1s <\/strong>2007. augusztus 27- 2007. szeptember 2.<\/p><p style=\"text-align: left;\"><strong>\u201eAmit elvesztett\u00fcnk&#8230;\u201d &#8211; Zsenia Bozukova fest\u0151m\u0171v\u00e9sz ki\u00e1ll\u00edt\u00e1sa <\/strong>2007. j\u00falius 6- 2007. augusztus 5.<\/p><p style=\"text-align: left;\"><strong>VI. ARTJ\u00e1r\u00f3 \u00d6sszm\u0171v\u00e9szeti Fesztiv\u00e1l <\/strong>2007. j\u00fanius 29-30.<\/p><p style=\"text-align: left;\"><strong>Br\u00e1da Tibor Munk\u00e1csy-d\u00edjas fest\u0151m\u0171v\u00e9sz <\/strong>2007. j\u00fanius 14- 2007. j\u00falius 4.<\/p><p style=\"text-align: left;\"><strong>Ars Nova &#8211; GEORGIVS SOOSVR fest\u0151m\u0171v\u00e9sz ki\u00e1ll\u00edt\u00e1sa <\/strong>2007. m\u00e1jus 4- 2007. j\u00fanius 1.<\/p><p><strong>\u00dar \u00e9s kutya &#8211; Nagy Andrea fest\u0151m\u0171v\u00e9sz ki\u00e1ll\u00edt\u00e1sa <\/strong>2007. \u00e1prilis 5- 2007. \u00e1prilis 25.<\/p><p><strong>\u00dar \u00e9s kutya &#8211; Magyari M\u00e1rton fest\u0151m\u0171v\u00e9sz ki\u00e1ll\u00edt\u00e1sa <\/strong>2007. m\u00e1rcius 9- 2007. \u00e1prilis 1.<\/p><p><strong>\u201e&#8230; N\u00e9zem, amit&#8230;\u201d &#8211; Tak\u00e1cs Andrea fot\u00f3m\u0171v\u00e9sz ki\u00e1ll\u00edt\u00e1sa <\/strong>2007. febru\u00e1r 9- 2007. m\u00e1rcius 4.<\/p><p><strong>Szimb\u00e1d v\u00e1ltozatok &#8211; Szab\u00f3 Gy\u00f6rgy fest\u0151m\u0171v\u00e9sz ki\u00e1ll\u00edt\u00e1sa <\/strong>2006.december 8- 2007. janu\u00e1r 7.<\/p><p><strong>Monom\u00e1nia &#8211; M\u00e1t\u00e9 Gy\u00f6rgy szobr\u00e1szm\u0171v\u00e9sz ki\u00e1ll\u00edt\u00e1sa <\/strong>2006. november 10- 2006. december 3.<\/p><p><strong>Az \u00e1ldozat szabads\u00e1ga, Eml\u00e9kez\u00e9s az 1956-os szabads\u00e1gharc 50. \u00e9vfordul\u00f3ja alkalm\u00e1b\u00f3l <\/strong>2006. okt\u00f3ber 23- 2006. november 5.<\/p><p><strong>II. ARTicum Bienn\u00e1l\u00e9, Bart\u00f3k: K\u00e9kszak\u00e1ll\u00fa herceg v\u00e1ra <\/strong>2006. szeptember 30- 2006. november 12.<\/p><p><strong>K\u00e9preg\u00e9k &#8211; Danka Attila grafikusm\u0171v\u00e9sz ki\u00e1ll\u00edt\u00e1sa <\/strong>2006. szeptember 15- 2006. okt\u00f3ber 15.<\/p><p><strong>V. ARTJ\u00e1r\u00f3 \u00d6sszm\u0171v\u00e9szeti Fesztiv\u00e1l &#8211; Torony\u0151rz\u0151k <\/strong>2006. j\u00fanius 23-24.<\/p><p><strong>K\u00e9pek &#8211; Szalai Kata\u00a0fest\u0151m\u0171v\u00e9sz ki\u00e1ll\u00edt\u00e1sa <\/strong>2006. j\u00fanius 10- 2006. j\u00falius 9.<\/p><p><strong>Varga Patr\u00edcia Minerva\u00a0fest\u0151m\u0171v\u00e9sz ki\u00e1ll\u00edt\u00e1sa <\/strong>2006. \u00e1prilis 5- 2006. \u00e1prilis 30.<\/p><p><strong>&#8220;\u00d6tven \u00e9ve szobr\u00e1sz&#8221; &#8211; Simon Ferenc\u00a0szobr\u00e1szm\u0171v\u00e9sz ki\u00e1ll\u00edt\u00e1sa <\/strong>2006. m\u00e1rcius 4- 2006.m\u00e1rcius 26.<\/p><p><strong>Katona Zolt\u00e1n\u00a0fest\u0151m\u0171v\u00e9sz ki\u00e1ll\u00edt\u00e1sa <\/strong>2005. december 3- 2005. december 17.<\/p><p><strong>Rejt\u0151z\u0151 &#8211; Csurgai Ferenc szobr\u00e1szm\u0171v\u00e9sz ki\u00e1ll\u00edt\u00e1sa <\/strong>2005. november 8- 2005. november 27.<\/p><p><strong>IV. ARTJ\u00e1r\u00f3 \u00d6sszm\u0171v\u00e9szeti Fesztiv\u00e1l &#8211; GIGAntik &#8211; m\u00e9ret id\u0151ben \u00e9s t\u00e9rben <\/strong>2005. j\u00fanius 10-12.<\/p><p><strong>Eml\u00e9kki\u00e1ll\u00edt\u00e1s &#8211; M\u00e9sz\u00e1ros Lajos\u00a0fest\u0151m\u0171v\u00e9sz ki\u00e1ll\u00edt\u00e1sa <\/strong>2005. december 21- 2006. janu\u00e1r 15.<\/p><p><strong>Katona Zolt\u00e1n\u00a0fest\u0151m\u0171v\u00e9sz ki\u00e1ll\u00edt\u00e1sa <\/strong>2005. december 3- 2005. december 17.<\/p><p><strong>Graffiti &#8211; Nagy Andrea \u00a0fest\u0151m\u0171v\u00e9sz ki\u00e1ll\u00edt\u00e1sa <\/strong>2005. m\u00e1jus 10- 2005. j\u00fanius 2.<\/p><p><strong>Eml\u00e9kki\u00e1ll\u00edt\u00e1s &#8211; Meggyes L\u00e1szl\u00f3 fest\u0151m\u0171v\u00e9sz ki\u00e1ll\u00edt\u00e1sa <\/strong>2005. janu\u00e1r 20- 2005. febru\u00e1r 20.<\/p><p><strong>Ir\u00e1ny a kozmosz &#8211; D\u00f6m\u00e9ny Boriska\u00a0fest\u0151m\u0171v\u00e9sz ki\u00e1ll\u00edt\u00e1sa <\/strong>2004. janu\u00e1r 13.<\/p><p><strong>III. ARTJ\u00e1r\u00f3 &#8211; \u00d6sszm\u0171v\u00e9szeti Fesztiv\u00e1l &#8211; Sv\u00e1by Lajos fest\u0151m\u0171v\u00e9sz ki\u00e1ll\u00edt\u00e1sa <\/strong>2004. j\u00fanius 25-26.<\/p><p><strong>\u201eRajzok Szentendr\u00e9r\u0151l&#8221; &#8211; \u00a0Szentendrei m\u0171v\u00e9szek ki\u00e1ll\u00edt\u00e1sa <\/strong>2004. m\u00e1jus 14- 2004. j\u00fanius 14.<\/p><p><strong>S\u00e9ta a leveg\u0151n &#8211; Palk\u00f3 Tibor fest\u0151m\u0171v\u00e9sz ki\u00e1ll\u00edt\u00e1sa <\/strong>2004. \u00e1prilis 9- 2004. m\u00e1jus 9.<\/p><p><strong>Fazekas Magdolna fest\u0151m\u0171v\u00e9sz ki\u00e1ll\u00edt\u00e1sa <\/strong>2004. janu\u00e1r 21- 2004. febru\u00e1r 29.<\/p><p><strong>Art Camp 2003 <\/strong>2003. okt\u00f3ber 4. &#8211; okt\u00f3ber 31.<\/p><p><strong>Visszatekint\u00e9s &#8211; Kiss Zolt\u00e1n L\u00e1szl\u00f3 fest\u0151m\u0171v\u00e9sz ki\u00e1ll\u00edt\u00e1sa <\/strong>2003. j\u00falius 19- 2003. augusztus 31.<\/p><p><strong>&#8220;hell\u00f3 Szolnok \u00e9s hell\u00f3 Szolnok&#8221; &#8211; Nagy Kriszta x-T k\u00e9pz\u0151m\u0171v\u00e9sz ki\u00e1ll\u00edt\u00e1sa <\/strong>2003. j\u00fanius 12- 2003. j\u00fanius 28.<\/p><p><strong>F\u00f6ld \u00e9s V\u00edz &#8211; D\u00f6m\u00e9ny Boriska fest\u0151m\u0171v\u00e9sz \u00a0ki\u00e1ll\u00edt\u00e1sa <\/strong>2003. m\u00e1jus 7- 2003. j\u00fanius 2.<\/p><p><strong>Gr\u00e1nicz Tam\u00e1s fest\u0151m\u0171v\u00e9sz ki\u00e1ll\u00edt\u00e1sa <\/strong>2003. m\u00e1rcius 5 \u2013 2003. m\u00e1rcius 28.<\/p><p style=\"text-align: left;\"><strong>\u00a0<\/strong><\/p><\/div>\n\t\t\t\t<\/div>\n\t\t\t\t<\/div>\n\t\t\t\t\t\t<\/div>\n\t\t\t<\/div>\n\t\t<\/div>\n\t\t\t\t\t\t<\/div>\n\t\t\t<\/div>\n\t\t<\/section>\n\t\t\t\t\t\t<\/div>\n\t\t\t<\/div>\n\t\t<\/div>","protected":false},"excerpt":{"rendered":"<p>A Szolnoki M\u0171v\u00e9sztelep &#8211; Kert Gal\u00e9ria ki\u00e1ll\u00edt\u00e1sai 2002-2013 k\u00f6z\u00f6tt Bik\u00e1csi Daniela Munk\u00e1csy-d\u00edjas fest\u0151m\u0171v\u00e9sz ki\u00e1ll\u00edt\u00e1sa 2013. okt\u00f3ber 19- 2013. november 18. Bar\u00e1th F\u00e1bi\u00e1n szobr\u00e1szm\u0171v\u00e9sz ki\u00e1ll\u00edt\u00e1sa 2013. augusztus 24- 2013. szeptember 15. XII. ARTJ\u00e1r\u00f3 \u00d6sszm\u0171v\u00e9szeti Fesztiv\u00e1l 2013. j\u00fanius 28-29. T\u00e1jhangok &#8211; Nagy G\u00e1bor Munk\u00e1csy-d\u00edjas fest\u0151m\u0171v\u00e9sz &#8211; N\u00e1das Alexandra grafikusm\u0171v\u00e9sz ki\u00e1ll\u00edt\u00e1sa 2013. m\u00e1jus&hellip; <\/p>","protected":false},"author":2,"featured_media":0,"parent":0,"menu_order":0,"comment_status":"closed","ping_status":"closed","template":"","meta":{"spay_email":""},"categories":[],"tags":[],"yst_prominent_words":[],"yoast_head":"<!-- This site is optimized with the Yoast SEO Premium plugin v14.1 - https:\/\/yoast.com\/wordpress\/plugins\/seo\/ -->\n<title>2002-2013 - SZOLNOKI M\u0170V\u00c9SZTELEP<\/title>\n<meta name=\"robots\" content=\"index, follow\" \/>\n<meta name=\"googlebot\" content=\"index, follow, max-snippet:-1, max-image-preview:large, max-video-preview:-1\" \/>\n<meta name=\"bingbot\" content=\"index, follow, max-snippet:-1, max-image-preview:large, max-video-preview:-1\" \/>\n<link rel=\"canonical\" href=\"http:\/\/szolnokimuvesztelep.com\/en\/2002-2013\/\" \/>\n<meta property=\"og:locale\" content=\"en_US\" \/>\n<meta property=\"og:type\" content=\"article\" \/>\n<meta property=\"og:title\" content=\"2002-2013 - SZOLNOKI M\u0170V\u00c9SZTELEP\" \/>\n<meta property=\"og:description\" content=\"A Szolnoki M\u0171v\u00e9sztelep &#8211; Kert Gal\u00e9ria ki\u00e1ll\u00edt\u00e1sai 2002-2013 k\u00f6z\u00f6tt Bik\u00e1csi Daniela Munk\u00e1csy-d\u00edjas fest\u0151m\u0171v\u00e9sz ki\u00e1ll\u00edt\u00e1sa 2013. okt\u00f3ber 19- 2013. november 18. Bar\u00e1th F\u00e1bi\u00e1n szobr\u00e1szm\u0171v\u00e9sz ki\u00e1ll\u00edt\u00e1sa 2013. augusztus 24- 2013. szeptember 15. XII. ARTJ\u00e1r\u00f3 \u00d6sszm\u0171v\u00e9szeti Fesztiv\u00e1l 2013. j\u00fanius 28-29. T\u00e1jhangok &#8211; Nagy G\u00e1bor Munk\u00e1csy-d\u00edjas fest\u0151m\u0171v\u00e9sz &#8211; N\u00e1das Alexandra grafikusm\u0171v\u00e9sz ki\u00e1ll\u00edt\u00e1sa 2013. m\u00e1jus&hellip;\" \/>\n<meta property=\"og:url\" content=\"http:\/\/szolnokimuvesztelep.com\/en\/2002-2013\/\" \/>\n<meta property=\"og:site_name\" content=\"SZOLNOKI M\u0170V\u00c9SZTELEP\" \/>\n<meta property=\"article:publisher\" content=\"https:\/\/www.facebook.com\/szolnokimuvesztelepofficial\/\" \/>\n<meta property=\"article:modified_time\" content=\"2017-12-11T12:12:53+00:00\" \/>\n<script type=\"application\/ld+json\" class=\"yoast-schema-graph\">{\"@context\":\"https:\/\/schema.org\",\"@graph\":[{\"@type\":\"Organization\",\"@id\":\"http:\/\/szolnokimuvesztelep.com\/en\/#organization\",\"name\":\"Szolnoki M\\u0171v\\u00e9sztelep\",\"url\":\"http:\/\/szolnokimuvesztelep.com\/en\/\",\"sameAs\":[\"https:\/\/www.facebook.com\/szolnokimuvesztelepofficial\/\",\"https:\/\/www.instagram.com\/szolnoki_muvesztelep\/\",\"https:\/\/www.youtube.com\/channel\/UCAYRF4A8FrslG3J__XEjEoA\",\"https:\/\/hu.wikipedia.org\/wiki\/Szolnoki_m\\u0171v\\u00e9sztelep\"],\"logo\":{\"@type\":\"ImageObject\",\"@id\":\"http:\/\/szolnokimuvesztelep.com\/en\/#logo\",\"inLanguage\":\"en-US\",\"url\":\"https:\/\/i0.wp.com\/szolnokimuvesztelep.com\/wp-content\/uploads\/2020\/05\/szmt_2019_szlogen_psz-01.png?fit=2242%2C863\",\"width\":2242,\"height\":863,\"caption\":\"Szolnoki M\\u0171v\\u00e9sztelep\"},\"image\":{\"@id\":\"http:\/\/szolnokimuvesztelep.com\/en\/#logo\"}},{\"@type\":\"WebSite\",\"@id\":\"http:\/\/szolnokimuvesztelep.com\/en\/#website\",\"url\":\"http:\/\/szolnokimuvesztelep.com\/en\/\",\"name\":\"SZOLNOKI M\\u0170V\\u00c9SZTELEP\",\"description\":\"Meg\\u00fajul\\u00f3 hagyom\\u00e1ny\",\"publisher\":{\"@id\":\"http:\/\/szolnokimuvesztelep.com\/en\/#organization\"},\"potentialAction\":[{\"@type\":\"SearchAction\",\"target\":\"http:\/\/szolnokimuvesztelep.com\/en\/?s={search_term_string}\",\"query-input\":\"required name=search_term_string\"}],\"inLanguage\":\"en-US\"},{\"@type\":\"WebPage\",\"@id\":\"http:\/\/szolnokimuvesztelep.com\/2002-2013\/#webpage\",\"url\":\"http:\/\/szolnokimuvesztelep.com\/2002-2013\/\",\"name\":\"2002-2013 - SZOLNOKI M\\u0170V\\u00c9SZTELEP\",\"isPartOf\":{\"@id\":\"http:\/\/szolnokimuvesztelep.com\/en\/#website\"},\"datePublished\":\"2017-12-05T10:12:27+00:00\",\"dateModified\":\"2017-12-11T12:12:53+00:00\",\"inLanguage\":\"en-US\",\"potentialAction\":[{\"@type\":\"ReadAction\",\"target\":[\"http:\/\/szolnokimuvesztelep.com\/2002-2013\/\"]}]}]}<\/script>\n<!-- \/ Yoast SEO Premium plugin. -->","jetpack_sharing_enabled":true,"jetpack_shortlink":"https:\/\/wp.me\/P9tpmR-ox","jetpack_likes_enabled":true,"jetpack-related-posts":[],"_links":{"self":[{"href":"http:\/\/szolnokimuvesztelep.com\/en\/wp-json\/wp\/v2\/pages\/1521"}],"collection":[{"href":"http:\/\/szolnokimuvesztelep.com\/en\/wp-json\/wp\/v2\/pages"}],"about":[{"href":"http:\/\/szolnokimuvesztelep.com\/en\/wp-json\/wp\/v2\/types\/page"}],"author":[{"embeddable":true,"href":"http:\/\/szolnokimuvesztelep.com\/en\/wp-json\/wp\/v2\/users\/2"}],"replies":[{"embeddable":true,"href":"http:\/\/szolnokimuvesztelep.com\/en\/wp-json\/wp\/v2\/comments?post=1521"}],"version-history":[{"count":0,"href":"http:\/\/szolnokimuvesztelep.com\/en\/wp-json\/wp\/v2\/pages\/1521\/revisions"}],"wp:attachment":[{"href":"http:\/\/szolnokimuvesztelep.com\/en\/wp-json\/wp\/v2\/media?parent=1521"}],"wp:term":[{"taxonomy":"category","embeddable":true,"href":"http:\/\/szolnokimuvesztelep.com\/en\/wp-json\/wp\/v2\/categories?post=1521"},{"taxonomy":"post_tag","embeddable":true,"href":"http:\/\/szolnokimuvesztelep.com\/en\/wp-json\/wp\/v2\/tags?post=1521"},{"taxonomy":"yst_prominent_words","embeddable":true,"href":"http:\/\/szolnokimuvesztelep.com\/en\/wp-json\/wp\/v2\/yst_prominent_words?post=1521"}],"curies":[{"name":"wp","href":"https:\/\/api.w.org\/{rel}","templated":true}]}}